{"id":3146,"date":"2017-05-23T13:10:32","date_gmt":"2017-05-23T11:10:32","guid":{"rendered":"http:\/\/algra.it\/?page_id=3146\/"},"modified":"2025-07-01T15:42:40","modified_gmt":"2025-07-01T13:42:40","slug":"zubehoer-fuer-drehmaschinen","status":"publish","type":"page","link":"https:\/\/algra.it\/de\/zubehoer-fuer-drehmaschinen\/","title":{"rendered":"Zubeh\u00f6r f\u00fcr Drehmaschinen"},"content":{"rendered":"<p>[vc_row full_width=&#8220;stretch_row&#8220; css=&#8220;.vc_custom_1476929544406{margin-top: 0px !important;padding-top: 40px !important;padding-bottom: 40px !important;}&#8220;][vc_column][vc_custom_heading text=&#8220;Zubeh\u00f6r f\u00fcr Drehmaschinen&#8220; font_container=&#8220;tag:h2|font_size:45px|text_align:center|line_height:60px&#8220; use_theme_fonts=&#8220;yes&#8220; el_class=&#8220;base_font_color&#8220; css=&#8220;.vc_custom_1495718390822{margin-bottom: 28px !important;}&#8220;][\/vc_column][\/vc_row][vc_row full_width=&#8220;stretch_row&#8220; css=&#8220;.vc_custom_1476929544406{margin-top: 0px !important;padding-top: 40px !important;padding-bottom: 40px !important;}&#8220;][vc_column][vc_row_inner css=&#8220;.vc_custom_1480094503200{margin-bottom: 20px !important;}&#8220;][vc_column_inner width=&#8220;1\/3&#8243;][vc_images_carousel images=&#8220;6630,6636,6635,6632,6634,6633,6631,2246,2259,2248,3343,2249&#8243; img_size=&#8220;full&#8220;][\/vc_column_inner][vc_column_inner width=&#8220;2\/3&#8243;][vc_column_text]<\/p>\n<h4>Werkzeughatter f\u00fcr angetriebene Werkzeuge<\/h4>\n<p>Design und Herstellung von Werkzeughaltern f\u00fcr angetriebene Werkzeuge f\u00fcr f\u00fchrende Hersteller von I CNC Drehmaschinen: Accuway, Biglia, CMZ, DMG MORI, Ecoca, Doosan, Emag, EMCO, Famar, Focus CNC, Force One, Gildemeister, Goodway, Haas, Hardinge, HURCO, Hwacheon, Hyundai WIA, Jyoti, LEADWELL, Mazak, Miyano, Nakamura-Tome, Okuma, ROMI, Samsung (SMEC), Spinner, Tsugami, Victor, YCM.[\/vc_column_text][\/vc_column_inner][\/vc_row_inner][\/vc_column][\/vc_row][vc_row full_width=&#8220;stretch_row&#8220; css=&#8220;.vc_custom_1484612467009{margin-top: 0px !important;padding-top: 40px !important;padding-bottom: 40px !important;background-color: #f1f1f1 !important;}&#8220;][vc_column][vc_row_inner css=&#8220;.vc_custom_1480094509308{margin-bottom: 20px !important;}&#8220;][vc_column_inner width=&#8220;2\/3&#8243;][vc_column_text]<\/p>\n<h4>Statische Werkzeughalter<\/h4>\n<p>Wir f\u00fchren ein umfangreiches Sortiment von Werkzeughaltern mit VDI oder BMT Kupplung in div. Gr\u00f6\u00dfen.<br \/>\nNeben den Standartmodellen produzieren wie auch Werkzeughalter mit Gapto, HSK und KM Aufnahmen.<br \/>\nUnser Programm umfasst weiterhin auch Werkzeughalter nach DIN 69881 ( VDI 3425 Bl.3 ) &#8211; ALGRA Serie 736.[\/vc_column_text][\/vc_column_inner][vc_column_inner width=&#8220;1\/3&#8243;][vc_images_carousel images=&#8220;6641,6640,6639,6638&#8243; img_size=&#8220;full&#8220;][\/vc_column_inner][\/vc_row_inner][\/vc_column][\/vc_row][vc_row full_width=&#8220;stretch_row&#8220; css=&#8220;.vc_custom_1476929544406{margin-top: 0px !important;padding-top: 40px !important;padding-bottom: 40px !important;}&#8220;][vc_column][vc_row_inner css=&#8220;.vc_custom_1480094516283{margin-bottom: 20px !important;}&#8220;][vc_column_inner width=&#8220;1\/3&#8243;][vc_images_carousel images=&#8220;2225&#8243; img_size=&#8220;full&#8220;][\/vc_column_inner][vc_column_inner width=&#8220;2\/3&#8243;][vc_column_text]<\/p>\n<h4>Zubeh\u00f6r f\u00fcr traditionelle Drehmaschinen<\/h4>\n<p>Herstellung von manuellen Werkzeugschnellwechselsystemen (ALGRA Serie 500), manuellen Werkzeugrevolvern f\u00fcr 24 Positionen (ALGRA Serie 1000) sowie dem MULTIFIX System (ALGRA Serie 700) und dazugeh\u00f6rigem Zubeh\u00f6r.[\/vc_column_text][\/vc_column_inner][\/vc_row_inner][\/vc_column][\/vc_row][vc_row full_width=&#8220;stretch_row&#8220; el_class=&#8220;third_bg_color&#8220; css=&#8220;.vc_custom_1484920004930{margin-bottom: 0px !important;padding-top: 12px !important;padding-bottom: 12px !important;}&#8220;][vc_column][vc_cta h2=&#8220;Entdecken Sie unser Zubeh\u00f6r f\u00fcr Werkzeugmaschinen.&#8220; h2_font_container=&#8220;font_size:20px|color:%23000000|line_height:24px&#8220; h2_use_theme_fonts=&#8220;yes&#8220; shape=&#8220;square&#8220; style=&#8220;flat&#8220; add_button=&#8220;right&#8220; btn_title=&#8220;Entdecke den Katalog&#8220; btn_style=&#8220;flat&#8220; btn_color=&#8220;theme_style_2&#8243; btn_align=&#8220;right&#8220; btn_i_align=&#8220;right&#8220; btn_i_icon_fontawesome=&#8220;fa fa-chevron-right&#8220; btn_css_animation=&#8220;right-to-left&#8220; use_custom_fonts_h2=&#8220;true&#8220; btn_button_block=&#8220;true&#8220; btn_add_icon=&#8220;true&#8220; el_class=&#8220;third_bg_color&#8220; css=&#8220;.vc_custom_1740144421110{margin-bottom: 0px !important;}&#8220; btn_link=&#8220;url:https%3A%2F%2Ftc.algra.it%2F|||&#8220;][\/vc_cta][\/vc_column][\/vc_row][vc_row full_width=&#8220;stretch_row&#8220; el_class=&#8220;overlay fixed_bg&#8220; css=&#8220;.vc_custom_1484609857625{margin-bottom: 0px !important;padding-top: 110px !important;padding-bottom: 81px !important;background-image: url(http:\/\/algra.it\/wp-content\/uploads\/algra-machine-tool-accessories.jpg?id=2117) !important;background-position: center !important;background-repeat: no-repeat !important;background-size: cover !important;}&#8220;][vc_column][vc_row_inner][vc_column_inner][vc_custom_heading icon=&#8220;stm-check&#8220; icon_size=&#8220;67&#8243; text=&#8220;<mark>Ein vollst\u00e4ndiger und umfassender<\/mark><br \/>\nProduktekatalog&#8220; font_container=&#8220;tag:h4|font_size:45px|text_align:left|color:%23ffffff|line_height:45px&#8220; google_fonts=&#8220;font_family:Poppins%3A300%2Cregular%2C500%2C600%2C700|font_style:700%20bold%3A700%3Anormal&#8220; custom_icon=&#8220;stm-check&#8220; css=&#8220;.vc_custom_1495718328823{margin-bottom: 61px !important;}&#8220; el_class=&#8220;no_stripe&#8220;][\/vc_column_inner][\/vc_row_inner][vc_row_inner][vc_column_inner width=&#8220;1\/6&#8243;][\/vc_column_inner][vc_column_inner width=&#8220;1\/6&#8243;][stm_stats_counter counter_value=&#8220;75&#8243; title=&#8220;Maschinenhersteller&#8220;][\/vc_column_inner][vc_column_inner width=&#8220;1\/6&#8243;][stm_stats_counter counter_value=&#8220;500&#8243; title=&#8220;Maschinenmodelle&#8220;][\/vc_column_inner][vc_column_inner width=&#8220;1\/6&#8243;][stm_stats_counter counter_value=&#8220;80&#8243; title=&#8220;Verf\u00fcgbare Kupplungen&#8220;][\/vc_column_inner][vc_column_inner width=&#8220;1\/6&#8243;][stm_stats_counter counter_value=&#8220;100&#8243; counter_value_suf=&#8220;%&#8220; title=&#8220;Qualit\u00e4t&#8220;][\/vc_column_inner][vc_column_inner width=&#8220;1\/6&#8243;][\/vc_column_inner][\/vc_row_inner][vc_empty_space height=&#8220;80px&#8220;][vc_btn title=&#8220;Durchbl\u00e4ttern Sie den Produktekatalog&#8220; align=&#8220;center&#8220; link=&#8220;url:https%3A%2F%2Ftc.algra.it%2F|||&#8220;][\/vc_column][\/vc_row]<\/p>\n","protected":false},"excerpt":{"rendered":"<p>[vc_row full_width=&#8220;stretch_row&#8220; css=&#8220;.vc_custom_1476929544406{margin-top: 0px !important;padding-top: 40px !important;padding-bottom: 40px !important;}&#8220;][vc_column][vc_custom_heading text=&#8220;Zubeh\u00f6r f\u00fcr Drehmaschinen&#8220; font_container=&#8220;tag:h2|font_size:45px|text_align:center|line_height:60px&#8220; use_theme_fonts=&#8220;yes&#8220; el_class=&#8220;base_font_color&#8220; css=&#8220;.vc_custom_1495718390822{margin-bottom: 28px !important;}&#8220;][\/vc_column][\/vc_row][vc_row full_width=&#8220;stretch_row&#8220; css=&#8220;.vc_custom_1476929544406{margin-top: 0px !important;padding-top: 40px !important;padding-bottom: 40px !important;}&#8220;][vc_column][vc_row_inner css=&#8220;.vc_custom_1480094503200{margin-bottom: 20px !important;}&#8220;][vc_column_inner width=&#8220;1\/3&#8243;][vc_images_carousel images=&#8220;6630,6636,6635,6632,6634,6633,6631,2246,2259,2248,3343,2249&#8243; img_size=&#8220;full&#8220;][\/vc_column_inner][vc_column_inner width=&#8220;2\/3&#8243;][vc_column_text] Werkzeughatter f\u00fcr angetriebene Werkzeuge Design und Herstellung von Werkzeughaltern f\u00fcr angetriebene Werkzeuge f\u00fcr f\u00fchrende Hersteller von I CNC Drehmaschinen: Accuway, Biglia, CMZ,<\/p>\n","protected":false},"author":1,"featured_media":0,"parent":0,"menu_order":32,"comment_status":"closed","ping_status":"closed","template":"","meta":[],"yoast_head":"<!-- This site is optimized with the Yoast SEO plugin v16.6.1 - https:\/\/yoast.com\/wordpress\/plugins\/seo\/ -->\n<title>Zubeh\u00f6r f\u00fcr Drehmaschinen - Feinmechanik | Algra<\/title>\n<meta name=\"robots\" content=\"index, follow, max-snippet:-1, max-image-preview:large, max-video-preview:-1\" \/>\n<link rel=\"canonical\" href=\"https:\/\/algra.it\/de\/zubehoer-fuer-drehmaschinen\/\" \/>\n<meta property=\"og:locale\" content=\"de_DE\" \/>\n<meta property=\"og:type\" content=\"article\" \/>\n<meta property=\"og:title\" content=\"Zubeh\u00f6r f\u00fcr Drehmaschinen - Feinmechanik | Algra\" \/>\n<meta property=\"og:description\" content=\"[vc_row full_width=&#8220;stretch_row&#8220; css=&#8220;.vc_custom_1476929544406{margin-top: 0px !important;padding-top: 40px !important;padding-bottom: 40px !important;}&#8220;][vc_column][vc_custom_heading text=&#8220;Zubeh\u00f6r f\u00fcr Drehmaschinen&#8220; font_container=&#8220;tag:h2|font_size:45px|text_align:center|line_height:60px&#8220; use_theme_fonts=&#8220;yes&#8220; el_class=&#8220;base_font_color&#8220; css=&#8220;.vc_custom_1495718390822{margin-bottom: 28px !important;}&#8220;][\/vc_column][\/vc_row][vc_row full_width=&#8220;stretch_row&#8220; css=&#8220;.vc_custom_1476929544406{margin-top: 0px !important;padding-top: 40px !important;padding-bottom: 40px !important;}&#8220;][vc_column][vc_row_inner css=&#8220;.vc_custom_1480094503200{margin-bottom: 20px !important;}&#8220;][vc_column_inner width=&#8220;1\/3&#8243;][vc_images_carousel images=&#8220;6630,6636,6635,6632,6634,6633,6631,2246,2259,2248,3343,2249&#8243; img_size=&#8220;full&#8220;][\/vc_column_inner][vc_column_inner width=&#8220;2\/3&#8243;][vc_column_text] Werkzeughatter f\u00fcr angetriebene Werkzeuge Design und Herstellung von Werkzeughaltern f\u00fcr angetriebene Werkzeuge f\u00fcr f\u00fchrende Hersteller von I CNC Drehmaschinen: Accuway, Biglia, CMZ,\" \/>\n<meta property=\"og:url\" content=\"https:\/\/algra.it\/de\/zubehoer-fuer-drehmaschinen\/\" \/>\n<meta property=\"og:site_name\" content=\"Feinmechanik | Algra\" \/>\n<meta property=\"article:modified_time\" content=\"2025-07-01T13:42:40+00:00\" \/>\n<meta name=\"twitter:card\" content=\"summary\" \/>\n<meta name=\"twitter:label1\" content=\"Gesch\u00e4tzte Lesezeit\" \/>\n\t<meta name=\"twitter:data1\" content=\"2\u00a0Minuten\" \/>\n<script type=\"application\/ld+json\" class=\"yoast-schema-graph\">{\"@context\":\"https:\/\/schema.org\",\"@graph\":[{\"@type\":\"WebSite\",\"@id\":\"https:\/\/algra.it\/#website\",\"url\":\"https:\/\/algra.it\/\",\"name\":\"Feinmechanik | Algra\",\"description\":\"Lavorazioni meccaniche di precisione, accessori per torni, portautensili speciali, alberi mandrino\",\"potentialAction\":[{\"@type\":\"SearchAction\",\"target\":{\"@type\":\"EntryPoint\",\"urlTemplate\":\"https:\/\/algra.it\/?s={search_term_string}\"},\"query-input\":\"required name=search_term_string\"}],\"inLanguage\":\"de\"},{\"@type\":\"WebPage\",\"@id\":\"https:\/\/algra.it\/de\/zubehoer-fuer-drehmaschinen\/#webpage\",\"url\":\"https:\/\/algra.it\/de\/zubehoer-fuer-drehmaschinen\/\",\"name\":\"Zubeh\\u00f6r f\\u00fcr Drehmaschinen - Feinmechanik | Algra\",\"isPartOf\":{\"@id\":\"https:\/\/algra.it\/#website\"},\"datePublished\":\"2017-05-23T11:10:32+00:00\",\"dateModified\":\"2025-07-01T13:42:40+00:00\",\"breadcrumb\":{\"@id\":\"https:\/\/algra.it\/de\/zubehoer-fuer-drehmaschinen\/#breadcrumb\"},\"inLanguage\":\"de\",\"potentialAction\":[{\"@type\":\"ReadAction\",\"target\":[\"https:\/\/algra.it\/de\/zubehoer-fuer-drehmaschinen\/\"]}]},{\"@type\":\"BreadcrumbList\",\"@id\":\"https:\/\/algra.it\/de\/zubehoer-fuer-drehmaschinen\/#breadcrumb\",\"itemListElement\":[{\"@type\":\"ListItem\",\"position\":1,\"name\":\"Home\",\"item\":\"https:\/\/algra.it\/de\/\"},{\"@type\":\"ListItem\",\"position\":2,\"name\":\"Zubeh\\u00f6r f\\u00fcr Drehmaschinen\"}]}]}<\/script>\n<!-- \/ Yoast SEO plugin. -->","_links":{"self":[{"href":"https:\/\/algra.it\/de\/wp-json\/wp\/v2\/pages\/3146"}],"collection":[{"href":"https:\/\/algra.it\/de\/wp-json\/wp\/v2\/pages"}],"about":[{"href":"https:\/\/algra.it\/de\/wp-json\/wp\/v2\/types\/page"}],"author":[{"embeddable":true,"href":"https:\/\/algra.it\/de\/wp-json\/wp\/v2\/users\/1"}],"replies":[{"embeddable":true,"href":"https:\/\/algra.it\/de\/wp-json\/wp\/v2\/comments?post=3146"}],"version-history":[{"count":13,"href":"https:\/\/algra.it\/de\/wp-json\/wp\/v2\/pages\/3146\/revisions"}],"predecessor-version":[{"id":19817,"href":"https:\/\/algra.it\/de\/wp-json\/wp\/v2\/pages\/3146\/revisions\/19817"}],"wp:attachment":[{"href":"https:\/\/algra.it\/de\/wp-json\/wp\/v2\/media?parent=3146"}],"curies":[{"name":"wp","href":"https:\/\/api.w.org\/{rel}","templated":true}]}}