{"id":3174,"date":"2017-05-23T13:57:22","date_gmt":"2017-05-23T11:57:22","guid":{"rendered":"http:\/\/algra.it\/?page_id=3174\/"},"modified":"2025-09-02T15:43:49","modified_gmt":"2025-09-02T13:43:49","slug":"qualitaet","status":"publish","type":"page","link":"https:\/\/algra.it\/de\/qualitaet\/","title":{"rendered":"Qualit\u00e4t"},"content":{"rendered":"<p>[vc_row full_width=&#8220;stretch_row_content_no_spaces&#8220; parallax=&#8220;content-moving&#8220; css=&#8220;.vc_custom_1476927093140{margin-bottom: 0px !important;}&#8220;][vc_column offset=&#8220;vc_hidden-xs&#8220;][vc_single_image image=&#8220;19758&#8243; img_size=&#8220;full&#8220; alignment=&#8220;center&#8220;][\/vc_column][\/vc_row][vc_row full_width=&#8220;stretch_row&#8220; css=&#8220;.vc_custom_1476928430910{margin-top: 0px !important;padding-top: 40px !important;padding-bottom: 70px !important;}&#8220;][vc_column][vc_custom_heading text=&#8220;Zertifizierte Qualit\u00e4t&#8220; font_container=&#8220;tag:h2|font_size:45px|text_align:center|line_height:60px&#8220; use_theme_fonts=&#8220;yes&#8220; el_class=&#8220;base_font_color&#8220; css=&#8220;.vc_custom_1495717239336{margin-bottom: 28px !important;}&#8220;][vc_column_text]Um den Wert des Unternehmens, der Produkte und der Dienstleistungen sowie der Personalqualifikation stetig zu steigern, werden die fortschrittlichsten Technologien in Ubereinstimmung mit den Normen UNI EN ISO 9001 : 2015 und ISO 14001 :2015 angewandt.<\/p>\n<p>Das eigene Qualit\u00e4tssystem ist seit 1993 und aktuell in Ubereinstimmung mit der UNI EN ISO 9001 : 2015 zertifiziert. Das Umweltmanagementsystem ist nach ISO 14001 : 2015<br \/>\nzertifiziert.<\/p>\n<p>Dar\u00fcber hinaus ist ALGRA Inhaber der Lizenz TULPS (Gesetzestext f\u00fcr \u00f6ffentliche Sicherheit) ex ART.28 zur Herstellung von Material f\u00fcr die Ausr\u00fcstung der Streitkr\u00e4fte und der Polizei.<\/p>\n<p>ALGRA ist auch Mitglied des LAC (Lombardia Aerospace Cluster), ein integriertes System von Unternehmen, Universit\u00e4ten und Forschungszentren mit technologischem Know-how und hochmodernen wissenschaftlichen F\u00e4higkeiten.[\/vc_column_text][vc_column_text css=&#8220;.vc_custom_1751292325568{margin-bottom: 34px !important;}&#8220;]<\/p>\n<blockquote><p>Eine hohe Sensibilit\u00e4t f\u00fcr die Einhaltung der Sicherheits- und Umweltvorschriften ist seit Anfang an Bestandteil und Verpflichtung der Unternehmenskultur.<\/p><\/blockquote>\n<p>[\/vc_column_text][vc_separator css=&#8220;.vc_custom_1476927619221{margin-top: 20px !important;margin-bottom: 40px !important;}&#8220;][vc_row_inner][vc_column_inner width=&#8220;1\/4&#8243;][vc_single_image image=&#8220;13584&#8243; img_size=&#8220;full&#8220; alignment=&#8220;center&#8220; style=&#8220;vc_box_shadow&#8220; onclick=&#8220;link_image&#8220;][\/vc_column_inner][vc_column_inner width=&#8220;1\/4&#8243;][vc_single_image image=&#8220;8470&#8243; img_size=&#8220;full&#8220; alignment=&#8220;center&#8220; style=&#8220;vc_box_shadow&#8220; onclick=&#8220;link_image&#8220;][\/vc_column_inner][vc_column_inner width=&#8220;1\/4&#8243;][vc_single_image image=&#8220;18015&#8243; img_size=&#8220;full&#8220; alignment=&#8220;center&#8220; style=&#8220;vc_box_shadow&#8220; onclick=&#8220;link_image&#8220;][\/vc_column_inner][vc_column_inner width=&#8220;1\/4&#8243;][vc_single_image image=&#8220;14448&#8243; img_size=&#8220;full&#8220; alignment=&#8220;center&#8220; style=&#8220;vc_box_shadow&#8220; onclick=&#8220;link_image&#8220;][\/vc_column_inner][\/vc_row_inner][vc_empty_space height=&#8220;30px&#8220;][vc_row_inner][vc_column_inner width=&#8220;1\/4&#8243;][vc_single_image image=&#8220;16889&#8243; img_size=&#8220;full&#8220; alignment=&#8220;center&#8220; style=&#8220;vc_box_shadow&#8220; onclick=&#8220;link_image&#8220;][\/vc_column_inner][vc_column_inner width=&#8220;1\/4&#8243;][\/vc_column_inner][vc_column_inner width=&#8220;1\/4&#8243;][\/vc_column_inner][vc_column_inner width=&#8220;1\/4&#8243;][\/vc_column_inner][\/vc_row_inner][\/vc_column][\/vc_row][vc_row full_width=&#8220;stretch_row&#8220; el_class=&#8220;third_bg_color&#8220; css=&#8220;.vc_custom_1484919957331{margin-bottom: 0px !important;padding-top: 12px !important;padding-bottom: 12px !important;}&#8220;][vc_column][vc_cta h2=&#8220;Kontaktieren Sie uns f\u00fcr weitere Informationen \u00fcber unseren Produkten.&#8220; h2_font_container=&#8220;font_size:20px|color:%23000000|line_height:24px&#8220; h2_use_theme_fonts=&#8220;yes&#8220; shape=&#8220;square&#8220; style=&#8220;flat&#8220; add_button=&#8220;right&#8220; btn_title=&#8220;KONTAKTIERE UNS&#8220; btn_style=&#8220;flat&#8220; btn_color=&#8220;theme_style_2&#8243; btn_align=&#8220;right&#8220; btn_i_align=&#8220;right&#8220; btn_i_icon_fontawesome=&#8220;fa fa-chevron-right&#8220; btn_css_animation=&#8220;right-to-left&#8220; use_custom_fonts_h2=&#8220;true&#8220; btn_button_block=&#8220;true&#8220; btn_add_icon=&#8220;true&#8220; el_class=&#8220;third_bg_color&#8220; css=&#8220;.vc_custom_1495717305956{margin-bottom: 0px !important;}&#8220; btn_link=&#8220;url:%2Fde%2Fkontakte%2F|||&#8220;][\/vc_cta][\/vc_column][\/vc_row]<\/p>\n","protected":false},"excerpt":{"rendered":"<p>[vc_row full_width=&#8220;stretch_row_content_no_spaces&#8220; parallax=&#8220;content-moving&#8220; css=&#8220;.vc_custom_1476927093140{margin-bottom: 0px !important;}&#8220;][vc_column offset=&#8220;vc_hidden-xs&#8220;][vc_single_image image=&#8220;19758&#8243; img_size=&#8220;full&#8220; alignment=&#8220;center&#8220;][\/vc_column][\/vc_row][vc_row full_width=&#8220;stretch_row&#8220; css=&#8220;.vc_custom_1476928430910{margin-top: 0px !important;padding-top: 40px !important;padding-bottom: 70px !important;}&#8220;][vc_column][vc_custom_heading text=&#8220;Zertifizierte Qualit\u00e4t&#8220; font_container=&#8220;tag:h2|font_size:45px|text_align:center|line_height:60px&#8220; use_theme_fonts=&#8220;yes&#8220; el_class=&#8220;base_font_color&#8220; css=&#8220;.vc_custom_1495717239336{margin-bottom: 28px !important;}&#8220;][vc_column_text]Um den Wert des Unternehmens, der Produkte und der Dienstleistungen sowie der Personalqualifikation stetig zu steigern, werden die fortschrittlichsten Technologien in Ubereinstimmung mit den Normen UNI EN ISO 9001 :<\/p>\n","protected":false},"author":1,"featured_media":0,"parent":0,"menu_order":14,"comment_status":"closed","ping_status":"closed","template":"","meta":[],"yoast_head":"<!-- This site is optimized with the Yoast SEO plugin v16.6.1 - https:\/\/yoast.com\/wordpress\/plugins\/seo\/ -->\n<title>Qualit\u00e4t - Feinmechanik | Algra<\/title>\n<meta name=\"robots\" content=\"index, follow, max-snippet:-1, max-image-preview:large, max-video-preview:-1\" \/>\n<link rel=\"canonical\" href=\"https:\/\/algra.it\/de\/qualitaet\/\" \/>\n<meta property=\"og:locale\" content=\"de_DE\" \/>\n<meta property=\"og:type\" content=\"article\" \/>\n<meta property=\"og:title\" content=\"Qualit\u00e4t - Feinmechanik | Algra\" \/>\n<meta property=\"og:description\" content=\"[vc_row full_width=&#8220;stretch_row_content_no_spaces&#8220; parallax=&#8220;content-moving&#8220; css=&#8220;.vc_custom_1476927093140{margin-bottom: 0px !important;}&#8220;][vc_column offset=&#8220;vc_hidden-xs&#8220;][vc_single_image image=&#8220;19758&#8243; img_size=&#8220;full&#8220; alignment=&#8220;center&#8220;][\/vc_column][\/vc_row][vc_row full_width=&#8220;stretch_row&#8220; css=&#8220;.vc_custom_1476928430910{margin-top: 0px !important;padding-top: 40px !important;padding-bottom: 70px !important;}&#8220;][vc_column][vc_custom_heading text=&#8220;Zertifizierte Qualit\u00e4t&#8220; font_container=&#8220;tag:h2|font_size:45px|text_align:center|line_height:60px&#8220; use_theme_fonts=&#8220;yes&#8220; el_class=&#8220;base_font_color&#8220; css=&#8220;.vc_custom_1495717239336{margin-bottom: 28px !important;}&#8220;][vc_column_text]Um den Wert des Unternehmens, der Produkte und der Dienstleistungen sowie der Personalqualifikation stetig zu steigern, werden die fortschrittlichsten Technologien in Ubereinstimmung mit den Normen UNI EN ISO 9001 :\" \/>\n<meta property=\"og:url\" content=\"https:\/\/algra.it\/de\/qualitaet\/\" \/>\n<meta property=\"og:site_name\" content=\"Feinmechanik | Algra\" \/>\n<meta property=\"article:modified_time\" content=\"2025-09-02T13:43:49+00:00\" \/>\n<meta name=\"twitter:card\" content=\"summary\" \/>\n<meta name=\"twitter:label1\" content=\"Gesch\u00e4tzte Lesezeit\" \/>\n\t<meta name=\"twitter:data1\" content=\"2\u00a0Minuten\" \/>\n<script type=\"application\/ld+json\" class=\"yoast-schema-graph\">{\"@context\":\"https:\/\/schema.org\",\"@graph\":[{\"@type\":\"WebSite\",\"@id\":\"https:\/\/algra.it\/#website\",\"url\":\"https:\/\/algra.it\/\",\"name\":\"Feinmechanik | Algra\",\"description\":\"Lavorazioni meccaniche di precisione, accessori per torni, portautensili speciali, alberi mandrino\",\"potentialAction\":[{\"@type\":\"SearchAction\",\"target\":{\"@type\":\"EntryPoint\",\"urlTemplate\":\"https:\/\/algra.it\/?s={search_term_string}\"},\"query-input\":\"required name=search_term_string\"}],\"inLanguage\":\"de\"},{\"@type\":\"WebPage\",\"@id\":\"https:\/\/algra.it\/de\/qualitaet\/#webpage\",\"url\":\"https:\/\/algra.it\/de\/qualitaet\/\",\"name\":\"Qualit\\u00e4t - Feinmechanik | Algra\",\"isPartOf\":{\"@id\":\"https:\/\/algra.it\/#website\"},\"datePublished\":\"2017-05-23T11:57:22+00:00\",\"dateModified\":\"2025-09-02T13:43:49+00:00\",\"breadcrumb\":{\"@id\":\"https:\/\/algra.it\/de\/qualitaet\/#breadcrumb\"},\"inLanguage\":\"de\",\"potentialAction\":[{\"@type\":\"ReadAction\",\"target\":[\"https:\/\/algra.it\/de\/qualitaet\/\"]}]},{\"@type\":\"BreadcrumbList\",\"@id\":\"https:\/\/algra.it\/de\/qualitaet\/#breadcrumb\",\"itemListElement\":[{\"@type\":\"ListItem\",\"position\":1,\"name\":\"Home\",\"item\":\"https:\/\/algra.it\/de\/\"},{\"@type\":\"ListItem\",\"position\":2,\"name\":\"Qualit\\u00e4t\"}]}]}<\/script>\n<!-- \/ Yoast SEO plugin. -->","_links":{"self":[{"href":"https:\/\/algra.it\/de\/wp-json\/wp\/v2\/pages\/3174"}],"collection":[{"href":"https:\/\/algra.it\/de\/wp-json\/wp\/v2\/pages"}],"about":[{"href":"https:\/\/algra.it\/de\/wp-json\/wp\/v2\/types\/page"}],"author":[{"embeddable":true,"href":"https:\/\/algra.it\/de\/wp-json\/wp\/v2\/users\/1"}],"replies":[{"embeddable":true,"href":"https:\/\/algra.it\/de\/wp-json\/wp\/v2\/comments?post=3174"}],"version-history":[{"count":17,"href":"https:\/\/algra.it\/de\/wp-json\/wp\/v2\/pages\/3174\/revisions"}],"predecessor-version":[{"id":20090,"href":"https:\/\/algra.it\/de\/wp-json\/wp\/v2\/pages\/3174\/revisions\/20090"}],"wp:attachment":[{"href":"https:\/\/algra.it\/de\/wp-json\/wp\/v2\/media?parent=3174"}],"curies":[{"name":"wp","href":"https:\/\/api.w.org\/{rel}","templated":true}]}}