{"id":3180,"date":"2017-05-23T14:08:26","date_gmt":"2017-05-23T12:08:26","guid":{"rendered":"http:\/\/algra.it\/?page_id=3180\/"},"modified":"2025-06-30T13:38:20","modified_gmt":"2025-06-30T11:38:20","slug":"produktion","status":"publish","type":"page","link":"https:\/\/algra.it\/de\/produktion\/","title":{"rendered":"Produktion"},"content":{"rendered":"<p>[vc_row full_width=&#8220;stretch_row_content_no_spaces&#8220; parallax=&#8220;content-moving&#8220; css=&#8220;.vc_custom_1476927093140{margin-bottom: 0px !important;}&#8220;][vc_column offset=&#8220;vc_hidden-xs&#8220;][vc_single_image image=&#8220;1281&#8243; img_size=&#8220;full&#8220; alignment=&#8220;center&#8220;][\/vc_column][\/vc_row][vc_row full_width=&#8220;stretch_row&#8220; css=&#8220;.vc_custom_1476927317136{margin-top: 0px !important;padding-top: 40px !important;padding-bottom: 70px !important;background-color: #f2f2f2 !important;}&#8220;][vc_column][vc_custom_heading text=&#8220;Produktion: Technologie, Innovation und Pr\u00e4zision&#8220; font_container=&#8220;tag:h2|font_size:45px|text_align:center|line_height:60px&#8220; use_theme_fonts=&#8220;yes&#8220; el_class=&#8220;base_font_color&#8220; css=&#8220;.vc_custom_1495716796907{margin-bottom: 28px !important;}&#8220;][vc_column_text]Komponenten erfolgt im Werk Almenno s.S. Gefertigt wird unter Anwendung neuester Technologien 24 Stunden am Tag auf st\u00e4ndig Aktualisierten Anlagen und CNC Maschinen.<br \/>\nEine sorgf\u00e4ltigen und effiziente Qualit\u00e4tskontrolle \u00fcberpr\u00fcft die Produkte mit hochmodernen CNC Messmaschinen.<\/p>\n<p>Das Werk in Val Brembilla wird f\u00fcr Montagearbeiten sowie Montage und Test von kompletten Baugruppen genutzt.[\/vc_column_text][vc_separator css=&#8220;.vc_custom_1476927619221{margin-top: 20px !important;margin-bottom: 40px !important;}&#8220;][vc_row_inner css=&#8220;.vc_custom_1455871593995{margin-bottom: 30px !important;}&#8220;][vc_column_inner width=&#8220;1\/3&#8243;][stm_icon_box hide_title_line=&#8220;hide_title_line&#8220; enable_hexagon=&#8220;enable&#8220; enable_hexagon_animation=&#8220;enable&#8220; icon=&#8220;stm-stm14_country&#8220; style=&#8220;icon_left&#8220; icon_size=&#8220;15&#8243; icon_width=&#8220;78&#8243; title=&#8220;Horizontales und<br \/>\nVertikales&#8220;]Horizontales Drehen<br \/>\n&#8211; Max. Drehdurchmesser \u00fcber Bett : 820mm<br \/>\n&#8211; Max. Drehdurchmesser \u00fcber Schlitten : 560mm<br \/>\n&#8211; Max. Drehl\u00e4nge :2500mm<\/p>\n<p>Vertikaldrehen:<br \/>\n&#8211; Max. Drehdurchmesser : 1400mm<br \/>\n&#8211; Max. Drehl\u00e4nge: 1000mm[\/stm_icon_box][\/vc_column_inner][vc_column_inner width=&#8220;1\/3&#8243;][stm_icon_box hide_title_line=&#8220;hide_title_line&#8220; enable_hexagon=&#8220;enable&#8220; enable_hexagon_animation=&#8220;enable&#8220; icon=&#8220;stm-stm14_country&#8220; style=&#8220;icon_left&#8220; icon_size=&#8220;15&#8243; icon_width=&#8220;78&#8243; title=&#8220;Fr\u00e4sen&#8220;]5 Achsen Universalfr\u00e4smschinen<br \/>\n&#8211; X max. : 1800mm<br \/>\n&#8211; Y max. : 2100mm<br \/>\n&#8211; Zmax.:1250mm[\/stm_icon_box][\/vc_column_inner][vc_column_inner width=&#8220;1\/3&#8243;][stm_icon_box hide_title_line=&#8220;hide_title_line&#8220; enable_hexagon=&#8220;enable&#8220; enable_hexagon_animation=&#8220;enable&#8220; icon=&#8220;stm-stm14_country&#8220; style=&#8220;icon_left&#8220; icon_size=&#8220;15&#8243; icon_width=&#8220;78&#8243; title=&#8220;Fr\u00e4sen und Drehen&#8220;]- Max. Drehdurchmesser : 1400mm<br \/>\n&#8211; Max. L\u00e4nge: 1000mm[\/stm_icon_box][\/vc_column_inner][\/vc_row_inner][vc_row_inner][vc_column_inner width=&#8220;1\/3&#8243;][stm_icon_box hide_title_line=&#8220;hide_title_line&#8220; enable_hexagon=&#8220;enable&#8220; enable_hexagon_animation=&#8220;enable&#8220; icon=&#8220;stm-stm14_country&#8220; style=&#8220;icon_left&#8220; icon_size=&#8220;15&#8243; icon_width=&#8220;78&#8243; title=&#8220;L\u00e4ppen&#8220;]- Flach bis 1000mm Durchmesser<br \/>\n&#8211; Rund bis 350mm lnnendurchmesser[\/stm_icon_box][\/vc_column_inner][vc_column_inner width=&#8220;1\/3&#8243;][stm_icon_box hide_title_line=&#8220;hide_title_line&#8220; enable_hexagon=&#8220;enable&#8220; enable_hexagon_animation=&#8220;enable&#8220; icon=&#8220;stm-stm14_country&#8220; style=&#8220;icon_left&#8220; icon_size=&#8220;15&#8243; icon_width=&#8220;78&#8243; title=&#8220;Rundschleifen&#8220;]- Max. L\u00e4nge zwischen den Spitzen : 1600mm<br \/>\n&#8211; Max. Spitzenh\u00f6he : 250mm[\/stm_icon_box][\/vc_column_inner][vc_column_inner width=&#8220;1\/3&#8243;][stm_icon_box hide_title_line=&#8220;hide_title_line&#8220; enable_hexagon=&#8220;enable&#8220; enable_hexagon_animation=&#8220;enable&#8220; icon=&#8220;stm-stm14_country&#8220; style=&#8220;icon_left&#8220; icon_size=&#8220;15&#8243; icon_width=&#8220;78&#8243; title=&#8220;Flachschleifen&#8220;]- Max. L\u00e4nge: 1600mm<br \/>\n&#8211; Max Breite : 700mm<br \/>\n&#8211; Max Durchmesser auf Rundtisch : 1200mm[\/stm_icon_box][\/vc_column_inner][\/vc_row_inner][vc_empty_space height=&#8220;80px&#8220;][vc_row_inner][vc_column_inner width=&#8220;1\/4&#8243;][\/vc_column_inner][vc_column_inner width=&#8220;1\/4&#8243;][vc_btn title=&#8220;Mechanischen Bearbeitungen &#8220; color=&#8220;black&#8220; align=&#8220;center&#8220; link=&#8220;url:%2Fde%2Fmechanische-bearbeitung%2F|||&#8220;][\/vc_column_inner][vc_column_inner width=&#8220;1\/4&#8243;][vc_btn title=&#8220;Zubeh\u00f6re f\u00fcr Drehmaschinen&#8220; color=&#8220;black&#8220; align=&#8220;center&#8220; link=&#8220;url:%2Fde%2Fzubehoer-fuer-drehmaschinen%2F|||&#8220;][\/vc_column_inner][vc_column_inner width=&#8220;1\/4&#8243;][\/vc_column_inner][\/vc_row_inner][\/vc_column][\/vc_row][vc_row full_width=&#8220;stretch_row&#8220; el_class=&#8220;third_bg_color&#8220; css=&#8220;.vc_custom_1484919941367{margin-bottom: 0px !important;padding-top: 12px !important;padding-bottom: 12px !important;}&#8220;][vc_column][vc_cta h2=&#8220;Kontaktieren Sie uns f\u00fcr weitere Informationen \u00fcber unsere Produkte.&#8220; h2_font_container=&#8220;font_size:20px|color:%23000000|line_height:24px&#8220; h2_use_theme_fonts=&#8220;yes&#8220; shape=&#8220;square&#8220; style=&#8220;flat&#8220; add_button=&#8220;right&#8220; btn_title=&#8220;KONTAKTIERE UNS&#8220; btn_style=&#8220;flat&#8220; btn_color=&#8220;theme_style_2&#8243; btn_align=&#8220;right&#8220; btn_i_align=&#8220;right&#8220; btn_i_icon_fontawesome=&#8220;fa fa-chevron-right&#8220; btn_css_animation=&#8220;right-to-left&#8220; use_custom_fonts_h2=&#8220;true&#8220; btn_button_block=&#8220;true&#8220; btn_add_icon=&#8220;true&#8220; el_class=&#8220;third_bg_color&#8220; css=&#8220;.vc_custom_1495541119427{margin-bottom: 0px !important;}&#8220; btn_link=&#8220;url:%2Fde%2Fkontakte%2F|||&#8220;][\/vc_cta][\/vc_column][\/vc_row][vc_row full_width=&#8220;stretch_row&#8220; el_class=&#8220;overlay fixed_bg&#8220; css=&#8220;.vc_custom_1484609729527{margin-bottom: 0px !important;padding-top: 110px !important;padding-bottom: 81px !important;background-image: url(http:\/\/algra.it\/wp-content\/uploads\/algra-machine-tool-accessories.jpg?id=2117) !important;background-position: center !important;background-repeat: no-repeat !important;background-size: cover !important;}&#8220;][vc_column][vc_row_inner][vc_column_inner][vc_custom_heading icon=&#8220;stm-check&#8220; icon_size=&#8220;67&#8243; text=&#8220;<mark>Ein vollst\u00e4ndiger und umfassender<\/mark><br \/>\nProduktekatalog&#8220; font_container=&#8220;tag:h4|font_size:45px|text_align:left|color:%23ffffff|line_height:45px&#8220; google_fonts=&#8220;font_family:Poppins%3A300%2Cregular%2C500%2C600%2C700|font_style:700%20bold%3A700%3Anormal&#8220; custom_icon=&#8220;stm-check&#8220; css=&#8220;.vc_custom_1495717101095{margin-bottom: 61px !important;}&#8220; el_class=&#8220;no_stripe&#8220;][\/vc_column_inner][\/vc_row_inner][vc_row_inner][vc_column_inner width=&#8220;1\/6&#8243;][\/vc_column_inner][vc_column_inner width=&#8220;1\/6&#8243;][stm_stats_counter counter_value=&#8220;32&#8243; title=&#8220;Maschinenhersteller&#8220;][\/vc_column_inner][vc_column_inner width=&#8220;1\/6&#8243;][stm_stats_counter counter_value=&#8220;211&#8243; title=&#8220;Maschinenmodelle&#8220;][\/vc_column_inner][vc_column_inner width=&#8220;1\/6&#8243;][stm_stats_counter counter_value=&#8220;58&#8243; title=&#8220;Verf\u00fcgbare Kupplungen&#8220;][\/vc_column_inner][vc_column_inner width=&#8220;1\/6&#8243;][stm_stats_counter counter_value=&#8220;100&#8243; counter_value_suf=&#8220;%&#8220; title=&#8220;Qualit\u00e4t&#8220;][\/vc_column_inner][vc_column_inner width=&#8220;1\/6&#8243;][\/vc_column_inner][\/vc_row_inner][vc_empty_space height=&#8220;80px&#8220;][vc_btn title=&#8220;Durchbl\u00e4ttern Sie den Produktekatalog&#8220; align=&#8220;center&#8220; link=&#8220;url:https%3A%2F%2Ftc.algra.it%2F|||&#8220;][\/vc_column][\/vc_row]<\/p>\n","protected":false},"excerpt":{"rendered":"<p>[vc_row full_width=&#8220;stretch_row_content_no_spaces&#8220; parallax=&#8220;content-moving&#8220; css=&#8220;.vc_custom_1476927093140{margin-bottom: 0px !important;}&#8220;][vc_column offset=&#8220;vc_hidden-xs&#8220;][vc_single_image image=&#8220;1281&#8243; img_size=&#8220;full&#8220; alignment=&#8220;center&#8220;][\/vc_column][\/vc_row][vc_row full_width=&#8220;stretch_row&#8220; css=&#8220;.vc_custom_1476927317136{margin-top: 0px !important;padding-top: 40px !important;padding-bottom: 70px !important;background-color: #f2f2f2 !important;}&#8220;][vc_column][vc_custom_heading text=&#8220;Produktion: Technologie, Innovation und Pr\u00e4zision&#8220; font_container=&#8220;tag:h2|font_size:45px|text_align:center|line_height:60px&#8220; use_theme_fonts=&#8220;yes&#8220; el_class=&#8220;base_font_color&#8220; css=&#8220;.vc_custom_1495716796907{margin-bottom: 28px !important;}&#8220;][vc_column_text]Komponenten erfolgt im Werk Almenno s.S. Gefertigt wird unter Anwendung neuester Technologien 24 Stunden am Tag auf st\u00e4ndig Aktualisierten Anlagen und CNC Maschinen. Eine sorgf\u00e4ltigen<\/p>\n","protected":false},"author":1,"featured_media":0,"parent":0,"menu_order":12,"comment_status":"closed","ping_status":"closed","template":"","meta":[],"yoast_head":"<!-- This site is optimized with the Yoast SEO plugin v16.6.1 - https:\/\/yoast.com\/wordpress\/plugins\/seo\/ -->\n<title>Produktion - Feinmechanik | Algra<\/title>\n<meta name=\"robots\" content=\"index, follow, max-snippet:-1, max-image-preview:large, max-video-preview:-1\" \/>\n<link rel=\"canonical\" href=\"https:\/\/algra.it\/de\/produktion\/\" \/>\n<meta property=\"og:locale\" content=\"de_DE\" \/>\n<meta property=\"og:type\" content=\"article\" \/>\n<meta property=\"og:title\" content=\"Produktion - Feinmechanik | Algra\" \/>\n<meta property=\"og:description\" content=\"[vc_row full_width=&#8220;stretch_row_content_no_spaces&#8220; parallax=&#8220;content-moving&#8220; css=&#8220;.vc_custom_1476927093140{margin-bottom: 0px !important;}&#8220;][vc_column offset=&#8220;vc_hidden-xs&#8220;][vc_single_image image=&#8220;1281&#8243; img_size=&#8220;full&#8220; alignment=&#8220;center&#8220;][\/vc_column][\/vc_row][vc_row full_width=&#8220;stretch_row&#8220; css=&#8220;.vc_custom_1476927317136{margin-top: 0px !important;padding-top: 40px !important;padding-bottom: 70px !important;background-color: #f2f2f2 !important;}&#8220;][vc_column][vc_custom_heading text=&#8220;Produktion: Technologie, Innovation und Pr\u00e4zision&#8220; font_container=&#8220;tag:h2|font_size:45px|text_align:center|line_height:60px&#8220; use_theme_fonts=&#8220;yes&#8220; el_class=&#8220;base_font_color&#8220; css=&#8220;.vc_custom_1495716796907{margin-bottom: 28px !important;}&#8220;][vc_column_text]Komponenten erfolgt im Werk Almenno s.S. Gefertigt wird unter Anwendung neuester Technologien 24 Stunden am Tag auf st\u00e4ndig Aktualisierten Anlagen und CNC Maschinen. Eine sorgf\u00e4ltigen\" \/>\n<meta property=\"og:url\" content=\"https:\/\/algra.it\/de\/produktion\/\" \/>\n<meta property=\"og:site_name\" content=\"Feinmechanik | Algra\" \/>\n<meta property=\"article:modified_time\" content=\"2025-06-30T11:38:20+00:00\" \/>\n<meta name=\"twitter:card\" content=\"summary\" \/>\n<meta name=\"twitter:label1\" content=\"Gesch\u00e4tzte Lesezeit\" \/>\n\t<meta name=\"twitter:data1\" content=\"2\u00a0Minuten\" \/>\n<script type=\"application\/ld+json\" class=\"yoast-schema-graph\">{\"@context\":\"https:\/\/schema.org\",\"@graph\":[{\"@type\":\"WebSite\",\"@id\":\"https:\/\/algra.it\/#website\",\"url\":\"https:\/\/algra.it\/\",\"name\":\"Feinmechanik | Algra\",\"description\":\"Lavorazioni meccaniche di precisione, accessori per torni, portautensili speciali, alberi mandrino\",\"potentialAction\":[{\"@type\":\"SearchAction\",\"target\":{\"@type\":\"EntryPoint\",\"urlTemplate\":\"https:\/\/algra.it\/?s={search_term_string}\"},\"query-input\":\"required name=search_term_string\"}],\"inLanguage\":\"de\"},{\"@type\":\"WebPage\",\"@id\":\"https:\/\/algra.it\/de\/produktion\/#webpage\",\"url\":\"https:\/\/algra.it\/de\/produktion\/\",\"name\":\"Produktion - Feinmechanik | Algra\",\"isPartOf\":{\"@id\":\"https:\/\/algra.it\/#website\"},\"datePublished\":\"2017-05-23T12:08:26+00:00\",\"dateModified\":\"2025-06-30T11:38:20+00:00\",\"breadcrumb\":{\"@id\":\"https:\/\/algra.it\/de\/produktion\/#breadcrumb\"},\"inLanguage\":\"de\",\"potentialAction\":[{\"@type\":\"ReadAction\",\"target\":[\"https:\/\/algra.it\/de\/produktion\/\"]}]},{\"@type\":\"BreadcrumbList\",\"@id\":\"https:\/\/algra.it\/de\/produktion\/#breadcrumb\",\"itemListElement\":[{\"@type\":\"ListItem\",\"position\":1,\"name\":\"Home\",\"item\":\"https:\/\/algra.it\/de\/\"},{\"@type\":\"ListItem\",\"position\":2,\"name\":\"Produktion\"}]}]}<\/script>\n<!-- \/ Yoast SEO plugin. -->","_links":{"self":[{"href":"https:\/\/algra.it\/de\/wp-json\/wp\/v2\/pages\/3180"}],"collection":[{"href":"https:\/\/algra.it\/de\/wp-json\/wp\/v2\/pages"}],"about":[{"href":"https:\/\/algra.it\/de\/wp-json\/wp\/v2\/types\/page"}],"author":[{"embeddable":true,"href":"https:\/\/algra.it\/de\/wp-json\/wp\/v2\/users\/1"}],"replies":[{"embeddable":true,"href":"https:\/\/algra.it\/de\/wp-json\/wp\/v2\/comments?post=3180"}],"version-history":[{"count":10,"href":"https:\/\/algra.it\/de\/wp-json\/wp\/v2\/pages\/3180\/revisions"}],"predecessor-version":[{"id":19798,"href":"https:\/\/algra.it\/de\/wp-json\/wp\/v2\/pages\/3180\/revisions\/19798"}],"wp:attachment":[{"href":"https:\/\/algra.it\/de\/wp-json\/wp\/v2\/media?parent=3180"}],"curies":[{"name":"wp","href":"https:\/\/api.w.org\/{rel}","templated":true}]}}