{"id":3186,"date":"2017-05-23T14:31:23","date_gmt":"2017-05-23T12:31:23","guid":{"rendered":"http:\/\/algra.it\/?page_id=3186\/"},"modified":"2025-06-30T10:55:46","modified_gmt":"2025-06-30T08:55:46","slug":"ueber-uns","status":"publish","type":"page","link":"https:\/\/algra.it\/de\/ueber-uns\/","title":{"rendered":"\u00dcber uns"},"content":{"rendered":"<p>[vc_row full_width=&#8220;stretch_row_content_no_spaces&#8220; parallax=&#8220;content-moving&#8220; css=&#8220;.vc_custom_1476927093140{margin-bottom: 0px !important;}&#8220;][vc_column offset=&#8220;vc_hidden-xs&#8220;][vc_single_image image=&#8220;17729&#8243; img_size=&#8220;full&#8220; alignment=&#8220;center&#8220;][\/vc_column][\/vc_row][vc_row full_width=&#8220;stretch_row&#8220; css=&#8220;.vc_custom_1476929544406{margin-top: 0px !important;padding-top: 40px !important;padding-bottom: 40px !important;}&#8220;][vc_column][vc_custom_heading text=&#8220;Ein kompetenter und zuverl\u00e4ssiger Partner&#8220; font_container=&#8220;tag:h2|font_size:45px|text_align:center|line_height:60px&#8220; use_theme_fonts=&#8220;yes&#8220; el_class=&#8220;base_font_color&#8220; css=&#8220;.vc_custom_1751029025276{margin-bottom: 28px !important;}&#8220;][vc_column_text]<strong>ALGRA SpA<\/strong> hat sich in den f\u00fcnfzig Jahren seines Bestehens eine herausragende Position im Bereich der mechanischen Pr\u00e4zisionsbearbeitung erarbeitet .<br \/>\nWeltweit f\u00fchrende Unternehmen in den Bereichen Energie, lnstrumentenbau und Werkzeugmaschinen geh\u00f6ren zu unseren Kunden.<\/p>\n<p>Das Unternehmen hat sich dank seiner F\u00e4higkeit innovative, ma\u00dfgeschneiderte und leistungsstarke L\u00f6sungen anzubieten und sich schnell auf die Anforderungen eines sich st\u00e4ndig weiterentwickel nden Marktes zu reagieren, einen hervorragenden Ruf erworben.<\/p>\n<p>ALGRA Spa ist ein solides, gut organisiertes Unternehmen mit einem Jahresumsatz von 25 Millionen Euro.<br \/>\nDas Unternehmen <strong>besch\u00e4ftigt ein hochqualifiziertes Team<\/strong> von etwa 100 Spezialisten, die auf einer Produktions- und B\u00fcrofl\u00e4che von 18.000 mq arbeiten.[\/vc_column_text][vc_column_text]<\/p>\n<blockquote><p>ALGRA SpA wurde 1974 von Alberto Pesenti, dem derzeitigigen Pr\u00e4sidenten und CEO gegr\u00fcndet, und entwickelt sich kontinuierlich unter der Leitung eines erfahrenen Teams weiter.<\/p><\/blockquote>\n<p>[\/vc_column_text][vc_gallery images=&#8220;17701,17656&#8243; img_size=&#8220;full&#8220;][\/vc_column][\/vc_row][vc_row full_width=&#8220;stretch_row&#8220; el_class=&#8220;third_bg_color&#8220; css=&#8220;.vc_custom_1484919913185{margin-bottom: 0px !important;padding-top: 12px !important;padding-bottom: 12px !important;}&#8220;][vc_column][vc_cta h2=&#8220;Kontaktieren Sie uns f\u00fcr weitere Informationen \u00fcber unseren Produkten.&#8220; h2_font_container=&#8220;font_size:20px|color:%23000000|line_height:24px&#8220; h2_use_theme_fonts=&#8220;yes&#8220; shape=&#8220;square&#8220; style=&#8220;flat&#8220; add_button=&#8220;right&#8220; btn_title=&#8220;KONTAKTIERE UNS&#8220; btn_style=&#8220;flat&#8220; btn_color=&#8220;theme_style_2&#8243; btn_align=&#8220;right&#8220; btn_i_align=&#8220;right&#8220; btn_i_icon_fontawesome=&#8220;fa fa-chevron-right&#8220; btn_css_animation=&#8220;right-to-left&#8220; use_custom_fonts_h2=&#8220;true&#8220; btn_button_block=&#8220;true&#8220; btn_add_icon=&#8220;true&#8220; el_class=&#8220;third_bg_color&#8220; css=&#8220;.vc_custom_1495716545934{margin-bottom: 0px !important;}&#8220; btn_link=&#8220;url:%2Fde%2Fkontakte%2F|||&#8220;][\/vc_cta][\/vc_column][\/vc_row][vc_row full_width=&#8220;stretch_row&#8220; css=&#8220;.vc_custom_1476929544406{margin-top: 0px !important;padding-top: 40px !important;padding-bottom: 40px !important;}&#8220;][vc_column][vc_custom_heading text=&#8220;&#8230; ein Blick auf die Urspr\u00fcnge&#8220; font_container=&#8220;tag:h2|font_size:45px|text_align:center|line_height:60px&#8220; use_theme_fonts=&#8220;yes&#8220; el_class=&#8220;base_font_color&#8220; css=&#8220;.vc_custom_1495717203955{margin-bottom: 28px !important;}&#8220;][stm_company_history][stm_company_history_item year=&#8220;1974&#8243; title=&#8220;Alberto Pesenti beginnt selbst\u00e4ndig zu arbeiten&#8220; description=&#8220;Mit einer gebrauchten Drehmaschine in der Garage seines Hauses in Brembilla, einem kleinen Dorf nahe Bergamo, macht sich Alberto Pesenti selbst\u00e4ndig.<br \/>\nEin kleiner Handwerksbetrieb, wie viele andere im Val Brembilla.&#8220;][stm_company_history_item year=&#8220;1976&#8243; title=&#8220;AL.GRA &#8211; eine Abk\u00fcrzung der Vornamen der Br\u00fcder Pesenti &#8211; wird gegr\u00fcndet.&#8220; description=&#8220;Ein kleines Familienunternehmen mit 2 Mitarbeitern.<br \/>\nAlberto Pesenti dr\u00fcckt dem Unternehmen sofort einen industriellen Stempel auf: H\u00f6chste Qualit\u00e4tsstandards und Fertigung von Teilen f\u00fcr Maschinenbauunternehmen.&#8220;][stm_company_history_item year=&#8220;Die 80er&#8220; title=&#8220;Kauf der ersten Fabrik in Val Brembilla&#8220; description=&#8220;ALGRA w\u00e4chst stetig weiter.<br \/>\nZielstrebigkeit, Fachkompetenz und Zuverl\u00e4ssigkeit sind die Grundlagen des Wachstums.<br \/>\nDie ersten Fabrikr\u00e4ume mit 500m, werden bezogen, die kurze Zeit sp\u00e4ter auf 2000mq erweitert werden.<br \/>\n1984 wird ALGRA in eine Aktiengesellschaft, die ALGRA Spa, umgewandelt.&#8220;][stm_company_history_item year=&#8220;Die 90er&#8220; title=&#8220;Die Marke ALGRA und das Werk in Almenno&#8220; description=&#8220;Die st\u00e4ndige Erweiterung des Gesch\u00e4fts auf nationaler und internationaler Ebene und die Notwendigkeit, schnell auf die Herausforderungen der M\u00e4rkte zu reagieren, erfordern eine Neustrukturierung des nternehmens.<br \/>\nZus\u00e4tzlich zu der Produktion f\u00fcr Dritte wurde die Produktion von Drehmaschinenzubeh\u00f6r und Werkzeughaltern der Marke ALGRA aufgenommen.<br \/>\nDas stetige Wachstum erfordert eine erneute Vergr\u00f6\u00dferung der Fertigungskapazit\u00e4t um zus\u00e4tzliche 12.000mq.<br \/>\nDas neue Werk in Almenno San Salvatore, vor den Toren Bergamos, wurde zum Hauptproduktions- und B\u00fcrostandort.<br \/>\nDas Stammwerk in Val Brembilla wird nunmehr f\u00fcr Montageaufgaben und als Testzentrum genutzt.&#8220;][stm_company_history_item year=&#8220;Jahre 2018-2019&#8243; title=&#8220;Entwicklung moderner Produktionsmodelle und des neuen Standorts von Presezzo&#8220; description=&#8220;Um den gestiegenen Anforderungen des Marktes gerecht zu werden, wird der Maschinenpark durch Maschinen mit modernster Technologie ersetzt bzw. erg\u00e4nzt.<br \/>\nlm verkehrsg\u00fcnstig gelegenen lndustriegebiet von Mapello &#8211; Presezzo entsteht der dritte ALGRA Standort, der f\u00fcr die gesamte Logistk zust\u00e4ndig ist.<br \/>\nHier befindet sich auch das moderne, vollautomatische Hochregallager.&#8220;][stm_company_history_item year=&#8220;Heute&#8220; title=&#8220;lnnovation und kontinuierliches Wachstum&#8220; description=&#8220;Aus dem Garagenbetrieb in Val Brembilla ist kontinuierlich ein in seiner Branche bedeutendes und innovatives<br \/>\nUnternehmen geworden.<br \/>\nDie mechanische Fertigung im Werk Almenno s.S. auf nunmehr 13.000m&#8216; , wird erg\u00e4nzt durch die Standorte in<br \/>\nVal Brembilla und Mapello &#8211; Presezzo.<br \/>\nMehr als 100 Mitarbeiter setzen sich mit Ihren F\u00e4higkeiten, ihrem Potenzial und EinsaE f\u00fcr die Erreichung der<br \/>\ngemeinsamen Ziele und Werte ein: Fortschritt, Qualit\u00e4t, Sicherheit und Nachhaltigkeit.&#8220;][\/stm_company_history][\/vc_column][\/vc_row][vc_row full_width=&#8220;stretch_row&#8220; el_class=&#8220;overlay fixed_bg&#8220; css=&#8220;.vc_custom_1484609646893{margin-bottom: 0px !important;padding-top: 110px !important;padding-bottom: 81px !important;background-image: url(http:\/\/algra.it\/wp-content\/uploads\/algra-machine-tool-accessories.jpg?id=2117) !important;background-position: center !important;background-repeat: no-repeat !important;background-size: cover !important;}&#8220;][vc_column][vc_row_inner][vc_column_inner][vc_custom_heading icon=&#8220;stm-check&#8220; icon_size=&#8220;67&#8243; text=&#8220;<mark>Ein vollst\u00e4ndiger und umfassender<\/mark><br \/>\nProduktekatalog&#8220; font_container=&#8220;tag:h4|font_size:45px|text_align:left|color:%23ffffff|line_height:45px&#8220; google_fonts=&#8220;font_family:Poppins%3A300%2Cregular%2C500%2C600%2C700|font_style:700%20bold%3A700%3Anormal&#8220; custom_icon=&#8220;stm-check&#8220; css=&#8220;.vc_custom_1495716717110{margin-bottom: 61px !important;}&#8220; el_class=&#8220;no_stripe&#8220;][\/vc_column_inner][\/vc_row_inner][vc_row_inner][vc_column_inner width=&#8220;1\/6&#8243;][\/vc_column_inner][vc_column_inner width=&#8220;1\/6&#8243;][stm_stats_counter counter_value=&#8220;75&#8243; title=&#8220;Maschinenhersteller&#8220;][\/vc_column_inner][vc_column_inner width=&#8220;1\/6&#8243;][stm_stats_counter counter_value=&#8220;400&#8243; title=&#8220;Maschinenmodelle&#8220;][\/vc_column_inner][vc_column_inner width=&#8220;1\/6&#8243;][stm_stats_counter counter_value=&#8220;60&#8243; title=&#8220;Verf\u00fcgbare Kupplungen&#8220;][\/vc_column_inner][vc_column_inner width=&#8220;1\/6&#8243;][stm_stats_counter counter_value=&#8220;100&#8243; counter_value_suf=&#8220;%&#8220; title=&#8220;Qualit\u00e4t&#8220;][\/vc_column_inner][vc_column_inner width=&#8220;1\/6&#8243;][\/vc_column_inner][\/vc_row_inner][vc_empty_space height=&#8220;80px&#8220;][vc_btn title=&#8220;Durchbl\u00e4ttern Sie den Produktekatalog&#8220; align=&#8220;center&#8220; link=&#8220;url:https%3A%2F%2Ftc.algra.it%2F|||&#8220;][\/vc_column][\/vc_row]<\/p>\n","protected":false},"excerpt":{"rendered":"<p>[vc_row full_width=&#8220;stretch_row_content_no_spaces&#8220; parallax=&#8220;content-moving&#8220; css=&#8220;.vc_custom_1476927093140{margin-bottom: 0px !important;}&#8220;][vc_column offset=&#8220;vc_hidden-xs&#8220;][vc_single_image image=&#8220;17729&#8243; img_size=&#8220;full&#8220; alignment=&#8220;center&#8220;][\/vc_column][\/vc_row][vc_row full_width=&#8220;stretch_row&#8220; css=&#8220;.vc_custom_1476929544406{margin-top: 0px !important;padding-top: 40px !important;padding-bottom: 40px !important;}&#8220;][vc_column][vc_custom_heading text=&#8220;Ein kompetenter und zuverl\u00e4ssiger Partner&#8220; font_container=&#8220;tag:h2|font_size:45px|text_align:center|line_height:60px&#8220; use_theme_fonts=&#8220;yes&#8220; el_class=&#8220;base_font_color&#8220; css=&#8220;.vc_custom_1751029025276{margin-bottom: 28px !important;}&#8220;][vc_column_text]ALGRA SpA hat sich in den f\u00fcnfzig Jahren seines Bestehens eine herausragende Position im Bereich der mechanischen Pr\u00e4zisionsbearbeitung erarbeitet . Weltweit f\u00fchrende Unternehmen in den Bereichen Energie,<\/p>\n","protected":false},"author":1,"featured_media":0,"parent":0,"menu_order":10,"comment_status":"closed","ping_status":"closed","template":"","meta":[],"yoast_head":"<!-- This site is optimized with the Yoast SEO plugin v16.6.1 - https:\/\/yoast.com\/wordpress\/plugins\/seo\/ -->\n<title>\u00dcber uns - Feinmechanik | Algra<\/title>\n<meta name=\"robots\" content=\"index, follow, max-snippet:-1, max-image-preview:large, max-video-preview:-1\" \/>\n<link rel=\"canonical\" href=\"https:\/\/algra.it\/de\/ueber-uns\/\" \/>\n<meta property=\"og:locale\" content=\"de_DE\" \/>\n<meta property=\"og:type\" content=\"article\" \/>\n<meta property=\"og:title\" content=\"\u00dcber uns - Feinmechanik | Algra\" \/>\n<meta property=\"og:description\" content=\"[vc_row full_width=&#8220;stretch_row_content_no_spaces&#8220; parallax=&#8220;content-moving&#8220; css=&#8220;.vc_custom_1476927093140{margin-bottom: 0px !important;}&#8220;][vc_column offset=&#8220;vc_hidden-xs&#8220;][vc_single_image image=&#8220;17729&#8243; img_size=&#8220;full&#8220; alignment=&#8220;center&#8220;][\/vc_column][\/vc_row][vc_row full_width=&#8220;stretch_row&#8220; css=&#8220;.vc_custom_1476929544406{margin-top: 0px !important;padding-top: 40px !important;padding-bottom: 40px !important;}&#8220;][vc_column][vc_custom_heading text=&#8220;Ein kompetenter und zuverl\u00e4ssiger Partner&#8220; font_container=&#8220;tag:h2|font_size:45px|text_align:center|line_height:60px&#8220; use_theme_fonts=&#8220;yes&#8220; el_class=&#8220;base_font_color&#8220; css=&#8220;.vc_custom_1751029025276{margin-bottom: 28px !important;}&#8220;][vc_column_text]ALGRA SpA hat sich in den f\u00fcnfzig Jahren seines Bestehens eine herausragende Position im Bereich der mechanischen Pr\u00e4zisionsbearbeitung erarbeitet . Weltweit f\u00fchrende Unternehmen in den Bereichen Energie,\" \/>\n<meta property=\"og:url\" content=\"https:\/\/algra.it\/de\/ueber-uns\/\" \/>\n<meta property=\"og:site_name\" content=\"Feinmechanik | Algra\" \/>\n<meta property=\"article:modified_time\" content=\"2025-06-30T08:55:46+00:00\" \/>\n<meta name=\"twitter:card\" content=\"summary\" \/>\n<meta name=\"twitter:label1\" content=\"Gesch\u00e4tzte Lesezeit\" \/>\n\t<meta name=\"twitter:data1\" content=\"3\u00a0Minuten\" \/>\n<script type=\"application\/ld+json\" class=\"yoast-schema-graph\">{\"@context\":\"https:\/\/schema.org\",\"@graph\":[{\"@type\":\"WebSite\",\"@id\":\"https:\/\/algra.it\/#website\",\"url\":\"https:\/\/algra.it\/\",\"name\":\"Feinmechanik | Algra\",\"description\":\"Lavorazioni meccaniche di precisione, accessori per torni, portautensili speciali, alberi mandrino\",\"potentialAction\":[{\"@type\":\"SearchAction\",\"target\":{\"@type\":\"EntryPoint\",\"urlTemplate\":\"https:\/\/algra.it\/?s={search_term_string}\"},\"query-input\":\"required name=search_term_string\"}],\"inLanguage\":\"de\"},{\"@type\":\"WebPage\",\"@id\":\"https:\/\/algra.it\/de\/ueber-uns\/#webpage\",\"url\":\"https:\/\/algra.it\/de\/ueber-uns\/\",\"name\":\"\\u00dcber uns - Feinmechanik | Algra\",\"isPartOf\":{\"@id\":\"https:\/\/algra.it\/#website\"},\"datePublished\":\"2017-05-23T12:31:23+00:00\",\"dateModified\":\"2025-06-30T08:55:46+00:00\",\"breadcrumb\":{\"@id\":\"https:\/\/algra.it\/de\/ueber-uns\/#breadcrumb\"},\"inLanguage\":\"de\",\"potentialAction\":[{\"@type\":\"ReadAction\",\"target\":[\"https:\/\/algra.it\/de\/ueber-uns\/\"]}]},{\"@type\":\"BreadcrumbList\",\"@id\":\"https:\/\/algra.it\/de\/ueber-uns\/#breadcrumb\",\"itemListElement\":[{\"@type\":\"ListItem\",\"position\":1,\"name\":\"Home\",\"item\":\"https:\/\/algra.it\/de\/\"},{\"@type\":\"ListItem\",\"position\":2,\"name\":\"\\u00dcber uns\"}]}]}<\/script>\n<!-- \/ Yoast SEO plugin. -->","_links":{"self":[{"href":"https:\/\/algra.it\/de\/wp-json\/wp\/v2\/pages\/3186"}],"collection":[{"href":"https:\/\/algra.it\/de\/wp-json\/wp\/v2\/pages"}],"about":[{"href":"https:\/\/algra.it\/de\/wp-json\/wp\/v2\/types\/page"}],"author":[{"embeddable":true,"href":"https:\/\/algra.it\/de\/wp-json\/wp\/v2\/users\/1"}],"replies":[{"embeddable":true,"href":"https:\/\/algra.it\/de\/wp-json\/wp\/v2\/comments?post=3186"}],"version-history":[{"count":25,"href":"https:\/\/algra.it\/de\/wp-json\/wp\/v2\/pages\/3186\/revisions"}],"predecessor-version":[{"id":19791,"href":"https:\/\/algra.it\/de\/wp-json\/wp\/v2\/pages\/3186\/revisions\/19791"}],"wp:attachment":[{"href":"https:\/\/algra.it\/de\/wp-json\/wp\/v2\/media?parent=3186"}],"curies":[{"name":"wp","href":"https:\/\/api.w.org\/{rel}","templated":true}]}}