{"id":2732,"date":"2017-03-06T14:24:47","date_gmt":"2017-03-06T13:24:47","guid":{"rendered":"http:\/\/algra.it\/?page_id=2732\/"},"modified":"2025-02-05T09:41:44","modified_gmt":"2025-02-05T08:41:44","slug":"engineering-production","status":"publish","type":"page","link":"https:\/\/algra.it\/en\/engineering-production\/","title":{"rendered":"Production"},"content":{"rendered":"<p>[vc_row full_width=&#8221;stretch_row_content_no_spaces&#8221; parallax=&#8221;content-moving&#8221; css=&#8221;.vc_custom_1476927093140{margin-bottom: 0px !important;}&#8221;][vc_column offset=&#8221;vc_hidden-xs&#8221;][vc_single_image image=&#8221;1281&#8243; img_size=&#8221;full&#8221; alignment=&#8221;center&#8221;][\/vc_column][\/vc_row][vc_row full_width=&#8221;stretch_row&#8221; css=&#8221;.vc_custom_1476927317136{margin-top: 0px !important;padding-top: 40px !important;padding-bottom: 70px !important;background-color: #f2f2f2 !important;}&#8221;][vc_column][vc_custom_heading text=&#8221;Production: technology, innovation and precision&#8221; font_container=&#8221;tag:h2|font_size:45px|text_align:center|line_height:60px&#8221; use_theme_fonts=&#8221;yes&#8221; el_class=&#8221;base_font_color&#8221; css=&#8221;.vc_custom_1489742148052{margin-bottom: 28px !important;}&#8221;][vc_column_text]The production is developed in the modern structure of Almenno San Salvatore, while in the factories of Val Brembilla (Bergamo) the assembly works of complete units are done.<\/p>\n<p>The production takes place on 24 hours cycle with the use of plants and constantly updated CNC machinery to new technologies and being able to develop the most complex machining.<br \/>\nThe meticulous and efficient quality control constantly checks the production cycle with the most modern CNC measuring machines and sophisticated instrumentation. Dimensional production capacity is up to 2.100mm.[\/vc_column_text][vc_separator css=&#8221;.vc_custom_1476927619221{margin-top: 20px !important;margin-bottom: 40px !important;}&#8221;][vc_row_inner css=&#8221;.vc_custom_1455871593995{margin-bottom: 30px !important;}&#8221;][vc_column_inner width=&#8221;1\/3&#8243;][stm_icon_box hide_title_line=&#8221;hide_title_line&#8221; enable_hexagon=&#8221;enable&#8221; enable_hexagon_animation=&#8221;enable&#8221; icon=&#8221;stm-stm14_country&#8221; style=&#8221;icon_left&#8221; icon_size=&#8221;15&#8243; icon_width=&#8221;78&#8243; title=&#8221;Horizontal and<br \/>\nVertical turning&#8221;]horizontal turning: swing over \u00d8820 bench, rotating diameter on the cross slide 560, turning length 2500 Vertical turning: \u00d81400 \u00d7 1000[\/stm_icon_box][\/vc_column_inner][vc_column_inner width=&#8221;1\/3&#8243;][stm_icon_box hide_title_line=&#8221;hide_title_line&#8221; enable_hexagon=&#8221;enable&#8221; enable_hexagon_animation=&#8221;enable&#8221; icon=&#8221;stm-stm14_country&#8221; style=&#8221;icon_left&#8221; icon_size=&#8221;15&#8243; icon_width=&#8221;78&#8243; title=&#8221;Universal 5-axis<br \/>\nmilling&#8221;]Rides available up to X = 1800; Y = 2100; Z = 1250.[\/stm_icon_box][\/vc_column_inner][vc_column_inner width=&#8221;1\/3&#8243;][stm_icon_box hide_title_line=&#8221;hide_title_line&#8221; enable_hexagon=&#8221;enable&#8221; enable_hexagon_animation=&#8221;enable&#8221; icon=&#8221;stm-stm14_country&#8221; style=&#8221;icon_left&#8221; icon_size=&#8221;15&#8243; icon_width=&#8221;78&#8243; title=&#8221;Milling and<br \/>\nTurning&#8221;]Rides available up to \u00d81400 \u00d7 1000.[\/stm_icon_box][\/vc_column_inner][\/vc_row_inner][vc_row_inner][vc_column_inner width=&#8221;1\/3&#8243;][stm_icon_box hide_title_line=&#8221;hide_title_line&#8221; enable_hexagon=&#8221;enable&#8221; enable_hexagon_animation=&#8221;enable&#8221; icon=&#8221;stm-stm14_country&#8221; style=&#8221;icon_left&#8221; icon_size=&#8221;15&#8243; icon_width=&#8221;78&#8243; title=&#8221;Lapping for holes<br \/>\nand floors&#8221;]Lapping machine for flat (piano \u00d81000) and lapping machine for holes up to \u00d8350.[\/stm_icon_box][\/vc_column_inner][vc_column_inner width=&#8221;1\/3&#8243;][stm_icon_box hide_title_line=&#8221;hide_title_line&#8221; enable_hexagon=&#8221;enable&#8221; enable_hexagon_animation=&#8221;enable&#8221; icon=&#8221;stm-stm14_country&#8221; style=&#8221;icon_left&#8221; icon_size=&#8221;15&#8243; icon_width=&#8221;78&#8243; title=&#8221;Cylindrical grinding inside<br \/>\nand outside&#8221;]Center height 250 max length between centers 1600.[\/stm_icon_box][\/vc_column_inner][vc_column_inner width=&#8221;1\/3&#8243;][stm_icon_box hide_title_line=&#8221;hide_title_line&#8221; enable_hexagon=&#8221;enable&#8221; enable_hexagon_animation=&#8221;enable&#8221; icon=&#8221;stm-stm14_country&#8221; style=&#8221;icon_left&#8221; icon_size=&#8221;15&#8243; icon_width=&#8221;78&#8243; title=&#8221;Adjustment<br \/>\nring&#8221;]Travel up to 700 \u00d7 1600 and \u00d81200 turntable.[\/stm_icon_box][\/vc_column_inner][\/vc_row_inner][vc_empty_space height=&#8221;80px&#8221;][vc_row_inner][vc_column_inner width=&#8221;1\/4&#8243;][\/vc_column_inner][vc_column_inner width=&#8221;1\/4&#8243;][vc_btn title=&#8221;Mechanical processings&#8221; color=&#8221;black&#8221; align=&#8221;center&#8221; link=&#8221;url:%2Fen%2Fmechanical-processing|||&#8221;][\/vc_column_inner][vc_column_inner width=&#8221;1\/4&#8243;][vc_btn title=&#8221;Accessories for lathes&#8221; color=&#8221;black&#8221; align=&#8221;center&#8221; link=&#8221;url:%2Fen%2Fmachine-tool-accessories-lathes%2F|||&#8221;][\/vc_column_inner][vc_column_inner width=&#8221;1\/4&#8243;][\/vc_column_inner][\/vc_row_inner][\/vc_column][\/vc_row][vc_row full_width=&#8221;stretch_row&#8221; el_class=&#8221;third_bg_color&#8221; css=&#8221;.vc_custom_1484919941367{margin-bottom: 0px !important;padding-top: 12px !important;padding-bottom: 12px !important;}&#8221;][vc_column][vc_cta h2=&#8221;Contact us for more information about our products.&#8221; h2_font_container=&#8221;font_size:20px|color:%23000000|line_height:24px&#8221; h2_use_theme_fonts=&#8221;yes&#8221; shape=&#8221;square&#8221; style=&#8221;flat&#8221; add_button=&#8221;right&#8221; btn_title=&#8221;CONTACT US&#8221; btn_style=&#8221;flat&#8221; btn_color=&#8221;theme_style_2&#8243; btn_align=&#8221;right&#8221; btn_i_align=&#8221;right&#8221; btn_i_icon_fontawesome=&#8221;fa fa-chevron-right&#8221; btn_css_animation=&#8221;right-to-left&#8221; use_custom_fonts_h2=&#8221;true&#8221; btn_button_block=&#8221;true&#8221; btn_add_icon=&#8221;true&#8221; el_class=&#8221;third_bg_color&#8221; css=&#8221;.vc_custom_1489742458653{margin-bottom: 0px !important;}&#8221; btn_link=&#8221;url:%2Fen%2Fcontacts|||&#8221;][\/vc_cta][\/vc_column][\/vc_row][vc_row full_width=&#8221;stretch_row&#8221; el_class=&#8221;overlay fixed_bg&#8221; css=&#8221;.vc_custom_1484609729527{margin-bottom: 0px !important;padding-top: 110px !important;padding-bottom: 81px !important;background-image: url(http:\/\/algra.it\/wp-content\/uploads\/algra-machine-tool-accessories.jpg?id=2117) !important;background-position: center !important;background-repeat: no-repeat !important;background-size: cover !important;}&#8221;][vc_column][vc_row_inner][vc_column_inner][vc_custom_heading icon=&#8221;stm-check&#8221; icon_size=&#8221;67&#8243; text=&#8221;<mark>A complete and comprehensive<\/mark><br \/>\nproduct catalog.&#8221; font_container=&#8221;tag:h4|font_size:45px|text_align:left|color:%23ffffff|line_height:45px&#8221; google_fonts=&#8221;font_family:Poppins%3A300%2Cregular%2C500%2C600%2C700|font_style:700%20bold%3A700%3Anormal&#8221; custom_icon=&#8221;stm-check&#8221; css=&#8221;.vc_custom_1489742485486{margin-bottom: 61px !important;}&#8221; el_class=&#8221;no_stripe&#8221;][\/vc_column_inner][\/vc_row_inner][vc_row_inner][vc_column_inner width=&#8221;1\/6&#8243;][\/vc_column_inner][vc_column_inner width=&#8221;1\/6&#8243;][stm_stats_counter counter_value=&#8221;32&#8243; title=&#8221;Machine builders&#8221;][\/vc_column_inner][vc_column_inner width=&#8221;1\/6&#8243;][stm_stats_counter counter_value=&#8221;211&#8243; title=&#8221;Machines models&#8221;][\/vc_column_inner][vc_column_inner width=&#8221;1\/6&#8243;][stm_stats_counter counter_value=&#8221;58&#8243; title=&#8221;Available couplings&#8221;][\/vc_column_inner][vc_column_inner width=&#8221;1\/6&#8243;][stm_stats_counter counter_value=&#8221;100&#8243; counter_value_suf=&#8221;%&#8221; title=&#8221;Quality&#8221;][\/vc_column_inner][vc_column_inner width=&#8221;1\/6&#8243;][\/vc_column_inner][\/vc_row_inner][vc_empty_space height=&#8221;80px&#8221;][vc_btn title=&#8221;Leaf through the products catalog&#8221; align=&#8221;center&#8221; link=&#8221;url:https%3A%2F%2Ftc.algra.it%2F|||&#8221;][\/vc_column][\/vc_row]<\/p>\n","protected":false},"excerpt":{"rendered":"<p>[vc_row full_width=&#8221;stretch_row_content_no_spaces&#8221; parallax=&#8221;content-moving&#8221; css=&#8221;.vc_custom_1476927093140{margin-bottom: 0px !important;}&#8221;][vc_column offset=&#8221;vc_hidden-xs&#8221;][vc_single_image image=&#8221;1281&#8243; img_size=&#8221;full&#8221; alignment=&#8221;center&#8221;][\/vc_column][\/vc_row][vc_row full_width=&#8221;stretch_row&#8221; css=&#8221;.vc_custom_1476927317136{margin-top: 0px !important;padding-top: 40px !important;padding-bottom: 70px !important;background-color: #f2f2f2 !important;}&#8221;][vc_column][vc_custom_heading text=&#8221;Production: technology, innovation and precision&#8221; font_container=&#8221;tag:h2|font_size:45px|text_align:center|line_height:60px&#8221; use_theme_fonts=&#8221;yes&#8221; el_class=&#8221;base_font_color&#8221; css=&#8221;.vc_custom_1489742148052{margin-bottom: 28px !important;}&#8221;][vc_column_text]The production is developed in the modern structure of Almenno San Salvatore, while in the factories of Val Brembilla (Bergamo) the assembly works of complete<\/p>\n","protected":false},"author":1,"featured_media":0,"parent":0,"menu_order":12,"comment_status":"closed","ping_status":"closed","template":"","meta":[],"yoast_head":"<!-- This site is optimized with the Yoast SEO plugin v16.6.1 - https:\/\/yoast.com\/wordpress\/plugins\/seo\/ -->\n<title>Production - Precision mechanics | Algra<\/title>\n<meta name=\"robots\" content=\"index, follow, max-snippet:-1, max-image-preview:large, max-video-preview:-1\" \/>\n<link rel=\"canonical\" href=\"https:\/\/algra.it\/en\/engineering-production\/\" \/>\n<meta property=\"og:locale\" content=\"en_US\" \/>\n<meta property=\"og:type\" content=\"article\" \/>\n<meta property=\"og:title\" content=\"Production - Precision mechanics | Algra\" \/>\n<meta property=\"og:description\" content=\"[vc_row full_width=&#8221;stretch_row_content_no_spaces&#8221; parallax=&#8221;content-moving&#8221; css=&#8221;.vc_custom_1476927093140{margin-bottom: 0px !important;}&#8221;][vc_column offset=&#8221;vc_hidden-xs&#8221;][vc_single_image image=&#8221;1281&#8243; img_size=&#8221;full&#8221; alignment=&#8221;center&#8221;][\/vc_column][\/vc_row][vc_row full_width=&#8221;stretch_row&#8221; css=&#8221;.vc_custom_1476927317136{margin-top: 0px !important;padding-top: 40px !important;padding-bottom: 70px !important;background-color: #f2f2f2 !important;}&#8221;][vc_column][vc_custom_heading text=&#8221;Production: technology, innovation and precision&#8221; font_container=&#8221;tag:h2|font_size:45px|text_align:center|line_height:60px&#8221; use_theme_fonts=&#8221;yes&#8221; el_class=&#8221;base_font_color&#8221; css=&#8221;.vc_custom_1489742148052{margin-bottom: 28px !important;}&#8221;][vc_column_text]The production is developed in the modern structure of Almenno San Salvatore, while in the factories of Val Brembilla (Bergamo) the assembly works of complete\" \/>\n<meta property=\"og:url\" content=\"https:\/\/algra.it\/en\/engineering-production\/\" \/>\n<meta property=\"og:site_name\" content=\"Precision mechanics | Algra\" \/>\n<meta property=\"article:modified_time\" content=\"2025-02-05T08:41:44+00:00\" \/>\n<meta name=\"twitter:card\" content=\"summary\" \/>\n<meta name=\"twitter:label1\" content=\"Est. reading time\" \/>\n\t<meta name=\"twitter:data1\" content=\"2 minutes\" \/>\n<script type=\"application\/ld+json\" class=\"yoast-schema-graph\">{\"@context\":\"https:\/\/schema.org\",\"@graph\":[{\"@type\":\"WebSite\",\"@id\":\"https:\/\/algra.it\/#website\",\"url\":\"https:\/\/algra.it\/\",\"name\":\"Precision mechanics | Algra\",\"description\":\"Lavorazioni meccaniche di precisione, accessori per torni, portautensili speciali, alberi mandrino\",\"potentialAction\":[{\"@type\":\"SearchAction\",\"target\":{\"@type\":\"EntryPoint\",\"urlTemplate\":\"https:\/\/algra.it\/?s={search_term_string}\"},\"query-input\":\"required name=search_term_string\"}],\"inLanguage\":\"en-US\"},{\"@type\":\"WebPage\",\"@id\":\"https:\/\/algra.it\/en\/engineering-production\/#webpage\",\"url\":\"https:\/\/algra.it\/en\/engineering-production\/\",\"name\":\"Production - Precision mechanics | Algra\",\"isPartOf\":{\"@id\":\"https:\/\/algra.it\/#website\"},\"datePublished\":\"2017-03-06T13:24:47+00:00\",\"dateModified\":\"2025-02-05T08:41:44+00:00\",\"breadcrumb\":{\"@id\":\"https:\/\/algra.it\/en\/engineering-production\/#breadcrumb\"},\"inLanguage\":\"en-US\",\"potentialAction\":[{\"@type\":\"ReadAction\",\"target\":[\"https:\/\/algra.it\/en\/engineering-production\/\"]}]},{\"@type\":\"BreadcrumbList\",\"@id\":\"https:\/\/algra.it\/en\/engineering-production\/#breadcrumb\",\"itemListElement\":[{\"@type\":\"ListItem\",\"position\":1,\"name\":\"Home\",\"item\":\"https:\/\/algra.it\/en\/\"},{\"@type\":\"ListItem\",\"position\":2,\"name\":\"Production\"}]}]}<\/script>\n<!-- \/ Yoast SEO plugin. -->","_links":{"self":[{"href":"https:\/\/algra.it\/en\/wp-json\/wp\/v2\/pages\/2732"}],"collection":[{"href":"https:\/\/algra.it\/en\/wp-json\/wp\/v2\/pages"}],"about":[{"href":"https:\/\/algra.it\/en\/wp-json\/wp\/v2\/types\/page"}],"author":[{"embeddable":true,"href":"https:\/\/algra.it\/en\/wp-json\/wp\/v2\/users\/1"}],"replies":[{"embeddable":true,"href":"https:\/\/algra.it\/en\/wp-json\/wp\/v2\/comments?post=2732"}],"version-history":[{"count":5,"href":"https:\/\/algra.it\/en\/wp-json\/wp\/v2\/pages\/2732\/revisions"}],"predecessor-version":[{"id":18200,"href":"https:\/\/algra.it\/en\/wp-json\/wp\/v2\/pages\/2732\/revisions\/18200"}],"wp:attachment":[{"href":"https:\/\/algra.it\/en\/wp-json\/wp\/v2\/media?parent=2732"}],"curies":[{"name":"wp","href":"https:\/\/api.w.org\/{rel}","templated":true}]}}