{"id":2893,"date":"2017-03-28T15:05:38","date_gmt":"2017-03-28T13:05:38","guid":{"rendered":"http:\/\/algra.it\/?page_id=2893\/"},"modified":"2025-02-05T09:36:32","modified_gmt":"2025-02-05T08:36:32","slug":"home","status":"publish","type":"page","link":"https:\/\/algra.it\/es\/","title":{"rendered":"Home"},"content":{"rendered":"<p>[vc_row css=\u00bb.vc_custom_1450677977665{margin-bottom: 0px !important;}\u00bb][vc_column offset=\u00bbvc_hidden-xs\u00bb][rev_slider_vc alias=\u00bbhome-es\u00bb][\/vc_column][\/vc_row][vc_row full_width=\u00bbstretch_row\u00bb el_class=\u00bbthird_bg_color\u00bb css=\u00bb.vc_custom_1484919746119{margin-bottom: 0px !important;padding-top: 12px !important;padding-bottom: 12px !important;}\u00bb][vc_column][vc_cta h2=\u00bbCont\u00e1ctanos para recibir m\u00e1s informaci\u00f3n sobre nuestros productos.\u00bb h2_font_container=\u00bbfont_size:20px|color:%23000000|line_height:24px\u00bb h2_use_theme_fonts=\u00bbyes\u00bb shape=\u00bbsquare\u00bb style=\u00bbflat\u00bb add_button=\u00bbright\u00bb btn_title=\u00bbCONT\u00c1CTENOS\u00bb btn_style=\u00bbflat\u00bb btn_color=\u00bbtheme_style_2&#8243; btn_align=\u00bbright\u00bb btn_i_align=\u00bbright\u00bb btn_i_icon_fontawesome=\u00bbfa fa-chevron-right\u00bb btn_css_animation=\u00bbright-to-left\u00bb use_custom_fonts_h2=\u00bbtrue\u00bb btn_button_block=\u00bbtrue\u00bb btn_add_icon=\u00bbtrue\u00bb el_class=\u00bbthird_bg_color\u00bb css=\u00bb.vc_custom_1490709955412{margin-bottom: 0px !important;}\u00bb btn_link=\u00bburl:%2Fes%2Fcontactos%2F|||\u00bb]<br \/>\n[\/vc_cta][\/vc_column][\/vc_row][vc_row full_width=\u00bbstretch_row\u00bb css=\u00bb.vc_custom_1484919464329{margin-top: 0px !important;padding-top: 25px !important;padding-bottom: 70px !important;background-color: #f2f2f2 !important;}\u00bb][vc_column][vc_custom_heading text=\u00bbT\u00e9cnica, innovaci\u00f3n, calidad y fiabilidad\u00bb font_container=\u00bbtag:h2|font_size:45px|text_align:center|line_height:60px\u00bb use_theme_fonts=\u00bbyes\u00bb el_class=\u00bbbase_font_color\u00bb css=\u00bb.vc_custom_1490710000207{margin-bottom: 28px !important;}\u00bb subtitle=\u00bbLas elaboraciones mec\u00e1nicas que nos hacen estar a la vanguardia\u00bb][vc_row_inner css=\u00bb.vc_custom_1455871593995{margin-bottom: 30px !important;}\u00bb][vc_column_inner][vc_single_image image=\u00bb6660&#8243; img_size=\u00bbfull\u00bb alignment=\u00bbcenter\u00bb][\/vc_column_inner][\/vc_row_inner][vc_empty_space height=\u00bb20px\u00bb][vc_row_inner][vc_column_inner width=\u00bb1\/4&#8243;][\/vc_column_inner][vc_column_inner width=\u00bb1\/4&#8243;][vc_btn title=\u00bbElaboraciones mec\u00e1nicas\u00bb color=\u00bbblack\u00bb align=\u00bbcenter\u00bb link=\u00bburl:%2Fes%2Felaboraciones-mecanicas%2F|||\u00bb][\/vc_column_inner][vc_column_inner width=\u00bb1\/4&#8243;][vc_btn title=\u00bbAccesorios para tornos\u00bb color=\u00bbblack\u00bb align=\u00bbcenter\u00bb link=\u00bburl:%2Fes%2Faccesorios-para-tornos%2F|||\u00bb][\/vc_column_inner][vc_column_inner width=\u00bb1\/4&#8243;][\/vc_column_inner][\/vc_row_inner][\/vc_column][\/vc_row][vc_row full_width=\u00bbstretch_row\u00bb el_class=\u00bboverlay fixed_bg\u00bb css=\u00bb.vc_custom_1484590182520{margin-bottom: 0px !important;padding-top: 110px !important;padding-bottom: 81px !important;background-image: url(http:\/\/algra.it\/wp-content\/uploads\/algra-machine-tool-accessories.jpg?id=2117) !important;background-position: center !important;background-repeat: no-repeat !important;background-size: cover !important;}\u00bb][vc_column][vc_row_inner][vc_column_inner][vc_custom_heading icon=\u00bbstm-check\u00bb icon_size=\u00bb67&#8243; text=\u00bb<mark>Cat\u00e1logo de productos<\/mark><br \/>\ncompleto y exaustivo.\u00bb font_container=\u00bbtag:h4|font_size:45px|text_align:left|color:%23ffffff|line_height:45px\u00bb google_fonts=\u00bbfont_family:Poppins%3A300%2Cregular%2C500%2C600%2C700|font_style:700%20bold%3A700%3Anormal\u00bb custom_icon=\u00bbstm-check\u00bb css=\u00bb.vc_custom_1490710081062{margin-bottom: 61px !important;}\u00bb el_class=\u00bbno_stripe\u00bb][\/vc_column_inner][\/vc_row_inner][vc_row_inner][vc_column_inner width=\u00bb1\/6&#8243;][\/vc_column_inner][vc_column_inner width=\u00bb1\/6&#8243;][stm_stats_counter counter_value=\u00bb75&#8243; title=\u00bbConstructores de m\u00e1quinas\u00bb][\/vc_column_inner][vc_column_inner width=\u00bb1\/6&#8243;][stm_stats_counter counter_value=\u00bb400&#8243; title=\u00bbModelos de m\u00e1quinas\u00bb][\/vc_column_inner][vc_column_inner width=\u00bb1\/6&#8243;][stm_stats_counter counter_value=\u00bb60&#8243; title=\u00bbAcoplamientos disponibles\u00bb][\/vc_column_inner][vc_column_inner width=\u00bb1\/6&#8243;][stm_stats_counter counter_value=\u00bb100&#8243; counter_value_suf=\u00bb%\u00bb title=\u00bbCalidad\u00bb][\/vc_column_inner][vc_column_inner width=\u00bb1\/6&#8243;][\/vc_column_inner][\/vc_row_inner][vc_empty_space height=\u00bb80px\u00bb][vc_btn title=\u00bbExplora nuestro cat\u00e1logo de productos\u00bb align=\u00bbcenter\u00bb link=\u00bburl:https%3A%2F%2Ftc.algra.it%2F|||\u00bb][\/vc_column][\/vc_row][vc_row full_width=\u00bbstretch_row\u00bb el_class=\u00bbthird_bg_color\u00bb css=\u00bb.vc_custom_1484919757032{margin-bottom: 53px !important;padding-top: 12px !important;padding-bottom: 12px !important;}\u00bb][vc_column][vc_cta h2=\u00bbCont\u00e1ctanos para recibir m\u00e1s informaci\u00f3n sobre nuestros productos.\u00bb h2_font_container=\u00bbfont_size:20px|color:%23000000|line_height:24px\u00bb h2_use_theme_fonts=\u00bbyes\u00bb shape=\u00bbsquare\u00bb style=\u00bbflat\u00bb add_button=\u00bbright\u00bb btn_title=\u00bbCONT\u00c1CTENOS\u00bb btn_style=\u00bbflat\u00bb btn_color=\u00bbtheme_style_2&#8243; btn_align=\u00bbright\u00bb btn_i_align=\u00bbright\u00bb btn_i_icon_fontawesome=\u00bbfa fa-chevron-right\u00bb btn_css_animation=\u00bbright-to-left\u00bb use_custom_fonts_h2=\u00bbtrue\u00bb btn_button_block=\u00bbtrue\u00bb btn_add_icon=\u00bbtrue\u00bb el_class=\u00bbthird_bg_color\u00bb css=\u00bb.vc_custom_1490710222898{margin-bottom: 0px !important;}\u00bb btn_link=\u00bburl:%2Fes%2Fcontactos%2F|||\u00bb][\/vc_cta][\/vc_column][\/vc_row][vc_row css=\u00bb.vc_custom_1451479401686{margin-bottom: 31px !important;}\u00bb][vc_column][vc_custom_heading text=\u00bbEventos\u00bb font_container=\u00bbtag:h2|font_size:45px|text_align:center\u00bb use_theme_fonts=\u00bbyes\u00bb][stm_news posts_per_row=\u00bb4&#8243;][vc_empty_space height=\u00bb20px\u00bb][vc_row_inner][vc_column_inner width=\u00bb1\/4&#8243;][\/vc_column_inner][vc_column_inner width=\u00bb1\/4&#8243;][vc_btn title=\u00bbPr\u00f3ximos eventos\u00bb style=\u00bbflat\u00bb color=\u00bbblack\u00bb align=\u00bbcenter\u00bb i_icon_fontawesome=\u00bbstm-stm14_calendar\u00bb add_icon=\u00bbtrue\u00bb link=\u00bburl:%2Fes%2Fproximos-eventos%2F|||\u00bb][\/vc_column_inner][vc_column_inner width=\u00bb1\/4&#8243;][vc_btn title=\u00bbPresencia en los eventos\u00bb style=\u00bboutline-custom\u00bb outline_custom_color=\u00bb#333333&#8243; outline_custom_hover_background=\u00bb#333333&#8243; outline_custom_hover_text=\u00bb#ffffff\u00bb align=\u00bbcenter\u00bb link=\u00bburl:%2Fes%2Fpresencia-en-los-eventos%2F|||\u00bb][\/vc_column_inner][vc_column_inner width=\u00bb1\/4&#8243;][\/vc_column_inner][\/vc_row_inner][\/vc_column][\/vc_row]<\/p>\n","protected":false},"excerpt":{"rendered":"<p>[vc_row css=\u00bb.vc_custom_1450677977665{margin-bottom: 0px !important;}\u00bb][vc_column offset=\u00bbvc_hidden-xs\u00bb][rev_slider_vc alias=\u00bbhome-es\u00bb][\/vc_column][\/vc_row][vc_row full_width=\u00bbstretch_row\u00bb el_class=\u00bbthird_bg_color\u00bb css=\u00bb.vc_custom_1484919746119{margin-bottom: 0px !important;padding-top: 12px !important;padding-bottom: 12px !important;}\u00bb][vc_column][vc_cta h2=\u00bbCont\u00e1ctanos para recibir m\u00e1s informaci\u00f3n sobre nuestros productos.\u00bb h2_font_container=\u00bbfont_size:20px|color:%23000000|line_height:24px\u00bb h2_use_theme_fonts=\u00bbyes\u00bb shape=\u00bbsquare\u00bb style=\u00bbflat\u00bb add_button=\u00bbright\u00bb btn_title=\u00bbCONT\u00c1CTENOS\u00bb btn_style=\u00bbflat\u00bb btn_color=\u00bbtheme_style_2&#8243; btn_align=\u00bbright\u00bb btn_i_align=\u00bbright\u00bb btn_i_icon_fontawesome=\u00bbfa fa-chevron-right\u00bb btn_css_animation=\u00bbright-to-left\u00bb use_custom_fonts_h2=\u00bbtrue\u00bb btn_button_block=\u00bbtrue\u00bb btn_add_icon=\u00bbtrue\u00bb el_class=\u00bbthird_bg_color\u00bb css=\u00bb.vc_custom_1490709955412{margin-bottom: 0px !important;}\u00bb btn_link=\u00bburl:%2Fes%2Fcontactos%2F|||\u00bb] [\/vc_cta][\/vc_column][\/vc_row][vc_row full_width=\u00bbstretch_row\u00bb css=\u00bb.vc_custom_1484919464329{margin-top: 0px !important;padding-top: 25px !important;padding-bottom: 70px !important;background-color: #f2f2f2 !important;}\u00bb][vc_column][vc_custom_heading<\/p>\n","protected":false},"author":1,"featured_media":0,"parent":0,"menu_order":0,"comment_status":"closed","ping_status":"closed","template":"","meta":[],"yoast_head":"<!-- This site is optimized with the Yoast SEO plugin v16.6.1 - https:\/\/yoast.com\/wordpress\/plugins\/seo\/ -->\n<title>Home - Mec\u00e1nica de precisi\u00f3n | Algra<\/title>\n<meta name=\"robots\" content=\"index, follow, max-snippet:-1, max-image-preview:large, max-video-preview:-1\" \/>\n<link rel=\"canonical\" href=\"https:\/\/algra.it\/es\/\" \/>\n<meta property=\"og:locale\" content=\"es_ES\" \/>\n<meta property=\"og:type\" content=\"article\" \/>\n<meta property=\"og:title\" content=\"Home - Mec\u00e1nica de precisi\u00f3n | Algra\" \/>\n<meta property=\"og:description\" content=\"[vc_row css=\u00bb.vc_custom_1450677977665{margin-bottom: 0px !important;}\u00bb][vc_column offset=\u00bbvc_hidden-xs\u00bb][rev_slider_vc alias=\u00bbhome-es\u00bb][\/vc_column][\/vc_row][vc_row full_width=\u00bbstretch_row\u00bb el_class=\u00bbthird_bg_color\u00bb css=\u00bb.vc_custom_1484919746119{margin-bottom: 0px !important;padding-top: 12px !important;padding-bottom: 12px !important;}\u00bb][vc_column][vc_cta h2=\u00bbCont\u00e1ctanos para recibir m\u00e1s informaci\u00f3n sobre nuestros productos.\u00bb h2_font_container=\u00bbfont_size:20px|color:%23000000|line_height:24px\u00bb h2_use_theme_fonts=\u00bbyes\u00bb shape=\u00bbsquare\u00bb style=\u00bbflat\u00bb add_button=\u00bbright\u00bb btn_title=\u00bbCONT\u00c1CTENOS\u00bb btn_style=\u00bbflat\u00bb btn_color=\u00bbtheme_style_2&#8243; btn_align=\u00bbright\u00bb btn_i_align=\u00bbright\u00bb btn_i_icon_fontawesome=\u00bbfa fa-chevron-right\u00bb btn_css_animation=\u00bbright-to-left\u00bb use_custom_fonts_h2=\u00bbtrue\u00bb btn_button_block=\u00bbtrue\u00bb btn_add_icon=\u00bbtrue\u00bb el_class=\u00bbthird_bg_color\u00bb css=\u00bb.vc_custom_1490709955412{margin-bottom: 0px !important;}\u00bb btn_link=\u00bburl:%2Fes%2Fcontactos%2F|||\u00bb] [\/vc_cta][\/vc_column][\/vc_row][vc_row full_width=\u00bbstretch_row\u00bb css=\u00bb.vc_custom_1484919464329{margin-top: 0px !important;padding-top: 25px !important;padding-bottom: 70px !important;background-color: #f2f2f2 !important;}\u00bb][vc_column][vc_custom_heading\" \/>\n<meta property=\"og:url\" content=\"https:\/\/algra.it\/es\/\" \/>\n<meta property=\"og:site_name\" content=\"Mec\u00e1nica de precisi\u00f3n | Algra\" \/>\n<meta property=\"article:modified_time\" content=\"2025-02-05T08:36:32+00:00\" \/>\n<meta name=\"twitter:card\" content=\"summary\" \/>\n<meta name=\"twitter:label1\" content=\"Tiempo de lectura\" \/>\n\t<meta name=\"twitter:data1\" content=\"1 minuto\" \/>\n<script type=\"application\/ld+json\" class=\"yoast-schema-graph\">{\"@context\":\"https:\/\/schema.org\",\"@graph\":[{\"@type\":\"WebSite\",\"@id\":\"https:\/\/algra.it\/#website\",\"url\":\"https:\/\/algra.it\/\",\"name\":\"Mec\\u00e1nica de precisi\\u00f3n | Algra\",\"description\":\"Lavorazioni meccaniche di precisione, accessori per torni, portautensili speciali, alberi mandrino\",\"potentialAction\":[{\"@type\":\"SearchAction\",\"target\":{\"@type\":\"EntryPoint\",\"urlTemplate\":\"https:\/\/algra.it\/?s={search_term_string}\"},\"query-input\":\"required name=search_term_string\"}],\"inLanguage\":\"es\"},{\"@type\":\"WebPage\",\"@id\":\"https:\/\/algra.it\/es\/#webpage\",\"url\":\"https:\/\/algra.it\/es\/\",\"name\":\"Home - Mec\\u00e1nica de precisi\\u00f3n | Algra\",\"isPartOf\":{\"@id\":\"https:\/\/algra.it\/#website\"},\"datePublished\":\"2017-03-28T13:05:38+00:00\",\"dateModified\":\"2025-02-05T08:36:32+00:00\",\"breadcrumb\":{\"@id\":\"https:\/\/algra.it\/es\/#breadcrumb\"},\"inLanguage\":\"es\",\"potentialAction\":[{\"@type\":\"ReadAction\",\"target\":[\"https:\/\/algra.it\/es\/\"]}]},{\"@type\":\"BreadcrumbList\",\"@id\":\"https:\/\/algra.it\/es\/#breadcrumb\",\"itemListElement\":[{\"@type\":\"ListItem\",\"position\":1,\"name\":\"Home\",\"item\":\"https:\/\/algra.it\/es\/\"},{\"@type\":\"ListItem\",\"position\":2,\"name\":\"Home\"}]}]}<\/script>\n<!-- \/ Yoast SEO plugin. -->","_links":{"self":[{"href":"https:\/\/algra.it\/es\/wp-json\/wp\/v2\/pages\/2893"}],"collection":[{"href":"https:\/\/algra.it\/es\/wp-json\/wp\/v2\/pages"}],"about":[{"href":"https:\/\/algra.it\/es\/wp-json\/wp\/v2\/types\/page"}],"author":[{"embeddable":true,"href":"https:\/\/algra.it\/es\/wp-json\/wp\/v2\/users\/1"}],"replies":[{"embeddable":true,"href":"https:\/\/algra.it\/es\/wp-json\/wp\/v2\/comments?post=2893"}],"version-history":[{"count":11,"href":"https:\/\/algra.it\/es\/wp-json\/wp\/v2\/pages\/2893\/revisions"}],"predecessor-version":[{"id":18193,"href":"https:\/\/algra.it\/es\/wp-json\/wp\/v2\/pages\/2893\/revisions\/18193"}],"wp:attachment":[{"href":"https:\/\/algra.it\/es\/wp-json\/wp\/v2\/media?parent=2893"}],"curies":[{"name":"wp","href":"https:\/\/api.w.org\/{rel}","templated":true}]}}