{"id":2894,"date":"2017-03-28T15:09:45","date_gmt":"2017-03-28T13:09:45","guid":{"rendered":"http:\/\/algra.it\/?page_id=2894\/"},"modified":"2024-12-11T11:50:30","modified_gmt":"2024-12-11T10:50:30","slug":"quienes-somos","status":"publish","type":"page","link":"https:\/\/algra.it\/es\/quienes-somos\/","title":{"rendered":"Qui\u00e9nes somos"},"content":{"rendered":"<p>[vc_row full_width=\u00bbstretch_row_content_no_spaces\u00bb parallax=\u00bbcontent-moving\u00bb css=\u00bb.vc_custom_1476927093140{margin-bottom: 0px !important;}\u00bb][vc_column offset=\u00bbvc_hidden-xs\u00bb][vc_single_image image=\u00bb17732&#8243; img_size=\u00bbfull\u00bb alignment=\u00bbcenter\u00bb][\/vc_column][\/vc_row][vc_row full_width=\u00bbstretch_row\u00bb css=\u00bb.vc_custom_1476929544406{margin-top: 0px !important;padding-top: 40px !important;padding-bottom: 40px !important;}\u00bb][vc_column][vc_custom_heading text=\u00bbUn suministrador experto y preciso\u00bb font_container=\u00bbtag:h2|font_size:45px|text_align:center|line_height:60px\u00bb use_theme_fonts=\u00bbyes\u00bb el_class=\u00bbbase_font_color\u00bb css=\u00bb.vc_custom_1490710343820{margin-bottom: 28px !important;}\u00bb][vc_column_text]<strong>ALGRA S.p.A.<\/strong>, en cincuenta a\u00f1os de actividad, ha adquirido posiciones destacadas en el mecanizado mec\u00e1nico de precisi\u00f3n, colaborando en calidad de socio con las principales empresas mundiales de los sectores de la energ\u00eda, la instrumentaci\u00f3n y la m\u00e1quina herramienta.<\/p>\n<p>La empresa se ha forjado una<strong> excelente reputaci\u00f3n internacional<\/strong>, gracias a su capacidad para ofrecer soluciones innovadoras, personalizadas y de alto rendimiento, respondiendo con prontitud a las necesidades de un mercado en constante evoluci\u00f3n.<\/p>\n<p>ALGRA S.p.A. es una empresa s\u00f3lida y bien organizada, con una facturaci\u00f3n anual superior a los 25 millones de euros. La empresa emplea a un <strong>equipo altamente cualificado<\/strong> de unos 100 profesionales, que trabajan en un \u00e1rea de producci\u00f3n y oficinas que ocupa una superficie de 18.000 metros cuadrados.[\/vc_column_text][vc_column_text]<\/p>\n<blockquote><p>Fundada por Alberto Pesenti, que actualmente ocupa el cargo de Presidente y Consejero Delegado, ALGRA S.p.A. sigue creciendo bajo la direcci\u00f3n de un liderazgo experimentado y estrat\u00e9gico.<\/p><\/blockquote>\n<p>[\/vc_column_text][vc_gallery images=\u00bb17860,17832&#8243; img_size=\u00bbfull\u00bb][\/vc_column][\/vc_row][vc_row full_width=\u00bbstretch_row\u00bb el_class=\u00bbthird_bg_color\u00bb css=\u00bb.vc_custom_1484919913185{margin-bottom: 0px !important;padding-top: 12px !important;padding-bottom: 12px !important;}\u00bb][vc_column][vc_cta h2=\u00bbCont\u00e1ctanos para recibir m\u00e1s informaci\u00f3n sobre nuestros productos.\u00bb h2_font_container=\u00bbfont_size:20px|color:%23000000|line_height:24px\u00bb h2_use_theme_fonts=\u00bbyes\u00bb shape=\u00bbsquare\u00bb style=\u00bbflat\u00bb add_button=\u00bbright\u00bb btn_title=\u00bbCONT\u00c1CTENOS \u00bb btn_style=\u00bbflat\u00bb btn_color=\u00bbtheme_style_2&#8243; btn_align=\u00bbright\u00bb btn_i_align=\u00bbright\u00bb btn_i_icon_fontawesome=\u00bbfa fa-chevron-right\u00bb btn_css_animation=\u00bbright-to-left\u00bb use_custom_fonts_h2=\u00bbtrue\u00bb btn_button_block=\u00bbtrue\u00bb btn_add_icon=\u00bbtrue\u00bb el_class=\u00bbthird_bg_color\u00bb css=\u00bb.vc_custom_1490710477344{margin-bottom: 0px !important;}\u00bb btn_link=\u00bburl:%2Fes%2Fcontactos%2F|||\u00bb][\/vc_cta][\/vc_column][\/vc_row][vc_row full_width=\u00bbstretch_row\u00bb css=\u00bb.vc_custom_1476929544406{margin-top: 0px !important;padding-top: 40px !important;padding-bottom: 40px !important;}\u00bb][vc_column][vc_custom_heading text=\u00bbUn vistazo a los or\u00edgenes\u00bb font_container=\u00bbtag:h2|font_size:45px|text_align:center|line_height:60px\u00bb use_theme_fonts=\u00bbyes\u00bb el_class=\u00bbbase_font_color\u00bb css=\u00bb.vc_custom_1490710494842{margin-bottom: 28px !important;}\u00bb][stm_company_history][stm_company_history_item year=\u00bb1974&#8243; title=\u00bbAlberto Pesenti empieza su negocio como aut\u00f3nomo\u00bb description=\u00bbCon un torno de segunda mano, en el garaje de su casa en el pueblecito de Brembilla, situado a 20 kil\u00f3metros de Bergamo.<br \/>\nEs el inicio de una historia, com\u00fan a muchas peque\u00f1as empresas artesanales de la valle.\u00bb][stm_company_history_item year=\u00bb1976&#8243; title=\u00bb- Se constituye la S.n.c. AL.GRA, acr\u00f3nimo de los nombres de los hermanos Pesenti\u00bb description=\u00bbEs una sociedad familiar, con dos dependientes.Alberto Pesenti quiere dar una impronta industrial desde el principio: trabajar para el crecimiento en calidad, en el mundo de la mecanizaci\u00f3n por cuenta ajena.\u00bb][stm_company_history_item year=\u00bbA\u00f1os &#8217;80\u00bb title=\u00bbCompra de el primero establecimiento en Val Brembilla\u00bb description=\u00bbLa empresa sigue creciendo y empieza a perfilar su propia impronta, hecha de competencias, determinaci\u00f3n para alcanzar los objetivos, retos y cultura empresarial.<br \/>\nLa primera f\u00e1brica se estableci\u00f3 en Val Brembilla: una estructura funcional de 500 metros cuadrados, ampliada posteriormente a una superficie de 2000 metros cuadrados.<br \/>\nPoco m\u00e1s de diez a\u00f1os despu\u00e9s de su fundaci\u00f3n, el peque\u00f1o taller artesanal transform\u00f3 su forma societaria en una sociedad an\u00f3nima, ALGRA S.p.a.\u00bb][stm_company_history_item year=\u00bbA\u00f1os &#8217;90\u00bb title=\u00bbLa producci\u00f3n de la marca ALGRA y la planta en Almenno\u00bb description=\u00bbLa expansi\u00f3n del negocio en diferentes \u00e1reas a nivel internacional y la necesidad de responder r\u00e1pidamente a los retos y la competencia de los mercados llevaron a la empresa a estructurarse diferenciando la producci\u00f3n de productos para terceros con la producci\u00f3n de accesorios y portaherramientas de cat\u00e1logo de la marca ALGRA.<br \/>\nLa nueva planta de Almenno San Salvatore (a pocos kil\u00f3metros de B\u00e9rgamo), una instalaci\u00f3n moderna y bien organizada, es la principal sede de producci\u00f3n y oficinas y supuso un paso importante para la empresa.<br \/>\nCon una superficie de 1.000 metros cuadrados, adyacente a la sede ya operativa de Val Brembilla, ha permitido ampliar las actividades de montaje, con el objetivo de optimizar la organizaci\u00f3n de la producci\u00f3n y hacerla m\u00e1s moderna y tecnol\u00f3gicamente avanzada.\u00bb][stm_company_history_item year=\u00bbA\u00f1os 2018-2019&#8243; title=\u00bbDesarrollo de modelos de producci\u00f3n punteros y de la nueva planta de Presezzo\u00bb description=\u00bbLos avanzados sistemas de producci\u00f3n del parque de maquinaria se incrementan con nuevas m\u00e1quinas con vistas a desarrollar modelos de producci\u00f3n de tecnolog\u00eda avanzada.<br \/>\nDurante estos a\u00f1os, se adquiere una nueva f\u00e1brica en la gran zona industrial de Mapello-Presezzo, con el objetivo de mejorar la eficacia de la gesti\u00f3n y optimizar la cadena de suministro. Las nuevas instalaciones est\u00e1n situadas:<br \/>\no 15 min de la salida de la autopista de B\u00e9rgamo,<br \/>\no 10 min de la salida de la autopista Dalmine<br \/>\no 15 minutos del aeropuerto de Orio al Serio (BGY)<br \/>\no Conectado directamente a la autopista.\u00bb][stm_company_history_item year=\u00bbHoy\u00bb title=\u00bbCrecimiento e innovaci\u00f3n continuos\u00bb description=\u00bbLas actividades se llevan a cabo en la planta de Almenno San Salvatore, que cuenta con una superficie ampliada y renovada de unos 13.000 metros cuadrados y da empleo a m\u00e1s de 100 personas. Las f\u00e1bricas de Val Brembilla y Presezzo prestan un valioso apoyo a la log\u00edstica de producci\u00f3n.<\/p>\n<p>Muchos peque\u00f1os hitos han construido una empresa importante y puntera para su sector, en la que toda la plantilla se compromete con sus competencias, su potencial y su participaci\u00f3n en la consecuci\u00f3n de objetivos y valores compartidos: progreso, calidad, seguridad y sostenibilidad.\u00bb][\/stm_company_history][\/vc_column][\/vc_row][vc_row full_width=\u00bbstretch_row\u00bb el_class=\u00bboverlay fixed_bg\u00bb css=\u00bb.vc_custom_1484609646893{margin-bottom: 0px !important;padding-top: 110px !important;padding-bottom: 81px !important;background-image: url(http:\/\/algra.it\/wp-content\/uploads\/algra-machine-tool-accessories.jpg?id=2117) !important;background-position: center !important;background-repeat: no-repeat !important;background-size: cover !important;}\u00bb][vc_column][vc_row_inner][vc_column_inner][vc_custom_heading icon=\u00bbstm-check\u00bb icon_size=\u00bb67&#8243; text=\u00bb<mark>Cat\u00e1logo de productos<\/mark><br \/>\ncompleto y exaustivo.\u00bb font_container=\u00bbtag:h4|font_size:45px|text_align:left|color:%23ffffff|line_height:45px\u00bb google_fonts=\u00bbfont_family:Poppins%3A300%2Cregular%2C500%2C600%2C700|font_style:700%20bold%3A700%3Anormal\u00bb custom_icon=\u00bbstm-check\u00bb css=\u00bb.vc_custom_1490710696621{margin-bottom: 61px !important;}\u00bb el_class=\u00bbno_stripe\u00bb][\/vc_column_inner][\/vc_row_inner][vc_row_inner][vc_column_inner width=\u00bb1\/6&#8243;][\/vc_column_inner][vc_column_inner width=\u00bb1\/6&#8243;][stm_stats_counter counter_value=\u00bb75&#8243; title=\u00bbConstructores de m\u00e1quinas\u00bb][\/vc_column_inner][vc_column_inner width=\u00bb1\/6&#8243;][stm_stats_counter counter_value=\u00bb400&#8243; title=\u00bbModelos de m\u00e1quinas\u00bb][\/vc_column_inner][vc_column_inner width=\u00bb1\/6&#8243;][stm_stats_counter counter_value=\u00bb60&#8243; title=\u00bbAcoplamientos disponibles\u00bb][\/vc_column_inner][vc_column_inner width=\u00bb1\/6&#8243;][stm_stats_counter counter_value=\u00bb100&#8243; counter_value_suf=\u00bb%\u00bb title=\u00bbCalidad\u00bb][\/vc_column_inner][vc_column_inner width=\u00bb1\/6&#8243;][\/vc_column_inner][\/vc_row_inner][vc_empty_space height=\u00bb80px\u00bb][vc_btn title=\u00bbExplora nuestro cat\u00e1logo de productos\u00bb align=\u00bbcenter\u00bb link=\u00bburl:https%3A%2F%2Ftc.algra.it%2F|||\u00bb][\/vc_column][\/vc_row]<\/p>\n","protected":false},"excerpt":{"rendered":"<p>[vc_row full_width=\u00bbstretch_row_content_no_spaces\u00bb parallax=\u00bbcontent-moving\u00bb css=\u00bb.vc_custom_1476927093140{margin-bottom: 0px !important;}\u00bb][vc_column offset=\u00bbvc_hidden-xs\u00bb][vc_single_image image=\u00bb17732&#8243; img_size=\u00bbfull\u00bb alignment=\u00bbcenter\u00bb][\/vc_column][\/vc_row][vc_row full_width=\u00bbstretch_row\u00bb css=\u00bb.vc_custom_1476929544406{margin-top: 0px !important;padding-top: 40px !important;padding-bottom: 40px !important;}\u00bb][vc_column][vc_custom_heading text=\u00bbUn suministrador experto y preciso\u00bb font_container=\u00bbtag:h2|font_size:45px|text_align:center|line_height:60px\u00bb use_theme_fonts=\u00bbyes\u00bb el_class=\u00bbbase_font_color\u00bb css=\u00bb.vc_custom_1490710343820{margin-bottom: 28px !important;}\u00bb][vc_column_text]ALGRA S.p.A., en cincuenta a\u00f1os de actividad, ha adquirido posiciones destacadas en el mecanizado mec\u00e1nico de precisi\u00f3n, colaborando en calidad de socio con las principales empresas mundiales<\/p>\n","protected":false},"author":1,"featured_media":0,"parent":0,"menu_order":10,"comment_status":"closed","ping_status":"closed","template":"","meta":[],"yoast_head":"<!-- This site is optimized with the Yoast SEO plugin v16.6.1 - https:\/\/yoast.com\/wordpress\/plugins\/seo\/ -->\n<title>Qui\u00e9nes somos - Mec\u00e1nica de precisi\u00f3n | Algra<\/title>\n<meta name=\"robots\" content=\"index, follow, max-snippet:-1, max-image-preview:large, max-video-preview:-1\" \/>\n<link rel=\"canonical\" href=\"https:\/\/algra.it\/es\/quienes-somos\/\" \/>\n<meta property=\"og:locale\" content=\"es_ES\" \/>\n<meta property=\"og:type\" content=\"article\" \/>\n<meta property=\"og:title\" content=\"Qui\u00e9nes somos - Mec\u00e1nica de precisi\u00f3n | Algra\" \/>\n<meta property=\"og:description\" content=\"[vc_row full_width=\u00bbstretch_row_content_no_spaces\u00bb parallax=\u00bbcontent-moving\u00bb css=\u00bb.vc_custom_1476927093140{margin-bottom: 0px !important;}\u00bb][vc_column offset=\u00bbvc_hidden-xs\u00bb][vc_single_image image=\u00bb17732&#8243; img_size=\u00bbfull\u00bb alignment=\u00bbcenter\u00bb][\/vc_column][\/vc_row][vc_row full_width=\u00bbstretch_row\u00bb css=\u00bb.vc_custom_1476929544406{margin-top: 0px !important;padding-top: 40px !important;padding-bottom: 40px !important;}\u00bb][vc_column][vc_custom_heading text=\u00bbUn suministrador experto y preciso\u00bb font_container=\u00bbtag:h2|font_size:45px|text_align:center|line_height:60px\u00bb use_theme_fonts=\u00bbyes\u00bb el_class=\u00bbbase_font_color\u00bb css=\u00bb.vc_custom_1490710343820{margin-bottom: 28px !important;}\u00bb][vc_column_text]ALGRA S.p.A., en cincuenta a\u00f1os de actividad, ha adquirido posiciones destacadas en el mecanizado mec\u00e1nico de precisi\u00f3n, colaborando en calidad de socio con las principales empresas mundiales\" \/>\n<meta property=\"og:url\" content=\"https:\/\/algra.it\/es\/quienes-somos\/\" \/>\n<meta property=\"og:site_name\" content=\"Mec\u00e1nica de precisi\u00f3n | Algra\" \/>\n<meta property=\"article:modified_time\" content=\"2024-12-11T10:50:30+00:00\" \/>\n<meta name=\"twitter:card\" content=\"summary\" \/>\n<meta name=\"twitter:label1\" content=\"Tiempo de lectura\" \/>\n\t<meta name=\"twitter:data1\" content=\"4 minutos\" \/>\n<script type=\"application\/ld+json\" class=\"yoast-schema-graph\">{\"@context\":\"https:\/\/schema.org\",\"@graph\":[{\"@type\":\"WebSite\",\"@id\":\"https:\/\/algra.it\/#website\",\"url\":\"https:\/\/algra.it\/\",\"name\":\"Mec\\u00e1nica de precisi\\u00f3n | Algra\",\"description\":\"Lavorazioni meccaniche di precisione, accessori per torni, portautensili speciali, alberi mandrino\",\"potentialAction\":[{\"@type\":\"SearchAction\",\"target\":{\"@type\":\"EntryPoint\",\"urlTemplate\":\"https:\/\/algra.it\/?s={search_term_string}\"},\"query-input\":\"required name=search_term_string\"}],\"inLanguage\":\"es\"},{\"@type\":\"WebPage\",\"@id\":\"https:\/\/algra.it\/es\/quienes-somos\/#webpage\",\"url\":\"https:\/\/algra.it\/es\/quienes-somos\/\",\"name\":\"Qui\\u00e9nes somos - Mec\\u00e1nica de precisi\\u00f3n | Algra\",\"isPartOf\":{\"@id\":\"https:\/\/algra.it\/#website\"},\"datePublished\":\"2017-03-28T13:09:45+00:00\",\"dateModified\":\"2024-12-11T10:50:30+00:00\",\"breadcrumb\":{\"@id\":\"https:\/\/algra.it\/es\/quienes-somos\/#breadcrumb\"},\"inLanguage\":\"es\",\"potentialAction\":[{\"@type\":\"ReadAction\",\"target\":[\"https:\/\/algra.it\/es\/quienes-somos\/\"]}]},{\"@type\":\"BreadcrumbList\",\"@id\":\"https:\/\/algra.it\/es\/quienes-somos\/#breadcrumb\",\"itemListElement\":[{\"@type\":\"ListItem\",\"position\":1,\"name\":\"Home\",\"item\":\"https:\/\/algra.it\/es\/\"},{\"@type\":\"ListItem\",\"position\":2,\"name\":\"Qui\\u00e9nes somos\"}]}]}<\/script>\n<!-- \/ Yoast SEO plugin. -->","_links":{"self":[{"href":"https:\/\/algra.it\/es\/wp-json\/wp\/v2\/pages\/2894"}],"collection":[{"href":"https:\/\/algra.it\/es\/wp-json\/wp\/v2\/pages"}],"about":[{"href":"https:\/\/algra.it\/es\/wp-json\/wp\/v2\/types\/page"}],"author":[{"embeddable":true,"href":"https:\/\/algra.it\/es\/wp-json\/wp\/v2\/users\/1"}],"replies":[{"embeddable":true,"href":"https:\/\/algra.it\/es\/wp-json\/wp\/v2\/comments?post=2894"}],"version-history":[{"count":16,"href":"https:\/\/algra.it\/es\/wp-json\/wp\/v2\/pages\/2894\/revisions"}],"predecessor-version":[{"id":17862,"href":"https:\/\/algra.it\/es\/wp-json\/wp\/v2\/pages\/2894\/revisions\/17862"}],"wp:attachment":[{"href":"https:\/\/algra.it\/es\/wp-json\/wp\/v2\/media?parent=2894"}],"curies":[{"name":"wp","href":"https:\/\/api.w.org\/{rel}","templated":true}]}}