{"id":2895,"date":"2017-03-28T15:11:38","date_gmt":"2017-03-28T13:11:38","guid":{"rendered":"http:\/\/algra.it\/?page_id=2895\/"},"modified":"2025-02-05T09:39:58","modified_gmt":"2025-02-05T08:39:58","slug":"la-produccion-mecanica-de-precision","status":"publish","type":"page","link":"https:\/\/algra.it\/es\/la-produccion-mecanica-de-precision\/","title":{"rendered":"Producci\u00f3n"},"content":{"rendered":"<p>[vc_row full_width=\u00bbstretch_row_content_no_spaces\u00bb parallax=\u00bbcontent-moving\u00bb css=\u00bb.vc_custom_1476927093140{margin-bottom: 0px !important;}\u00bb][vc_column offset=\u00bbvc_hidden-xs\u00bb][vc_single_image image=\u00bb1281&#8243; img_size=\u00bbfull\u00bb alignment=\u00bbcenter\u00bb][\/vc_column][\/vc_row][vc_row full_width=\u00bbstretch_row\u00bb css=\u00bb.vc_custom_1476927317136{margin-top: 0px !important;padding-top: 40px !important;padding-bottom: 70px !important;background-color: #f2f2f2 !important;}\u00bb][vc_column][vc_custom_heading text=\u00bbProducci\u00f3n: t\u00e9cnica, innovaci\u00f3n y precisi\u00f3n\u00bb font_container=\u00bbtag:h2|font_size:45px|text_align:center|line_height:60px\u00bb use_theme_fonts=\u00bbyes\u00bb el_class=\u00bbbase_font_color\u00bb css=\u00bb.vc_custom_1490710939186{margin-bottom: 28px !important;}\u00bb][vc_column_text]La producci\u00f3n tiene lugar en la moderna planta de Almenno San Salvatore, mientras que en las f\u00e1bricas de Val Brembilla (Bg) se realiza el montaje de los grupos completos.<\/p>\n<p>La actividad productiva se realiza 24h\/d\u00eda con la maquinaria CNC m\u00e1s avanzada del mercado, para as\u00ed poder realizar los trabajos m\u00e1s complejos.<br \/>\nEl meticuloso y eficiente control de calidad tiene constantemente supervisado el ciclo productivo con la m\u00e1quinas m\u00e1s modernas en cuanto a medici\u00f3n se refiere.<br \/>\nLa capacidad productiva dimensional tiene un m\u00e1ximo de 2.100 mm.[\/vc_column_text][vc_separator css=\u00bb.vc_custom_1476927619221{margin-top: 20px !important;margin-bottom: 40px !important;}\u00bb][vc_row_inner css=\u00bb.vc_custom_1455871593995{margin-bottom: 30px !important;}\u00bb][vc_column_inner width=\u00bb1\/3&#8243;][stm_icon_box hide_title_line=\u00bbhide_title_line\u00bb enable_hexagon=\u00bbenable\u00bb enable_hexagon_animation=\u00bbenable\u00bb icon=\u00bbstm-stm14_country\u00bb style=\u00bbicon_left\u00bb icon_size=\u00bb15&#8243; icon_width=\u00bb78&#8243; title=\u00bbTorneado horizontal<br \/>\ny vertical\u00bb]Torneado horizontal: di\u00e1metro rotante en el banco 820, di\u00e1metro rotante en el carro transversal 560, largura de torneado 2500. Torneado vertical: \u00d81400\u00d71000[\/stm_icon_box][\/vc_column_inner][vc_column_inner width=\u00bb1\/3&#8243;][stm_icon_box hide_title_line=\u00bbhide_title_line\u00bb enable_hexagon=\u00bbenable\u00bb enable_hexagon_animation=\u00bbenable\u00bb icon=\u00bbstm-stm14_country\u00bb style=\u00bbicon_left\u00bb icon_size=\u00bb15&#8243; icon_width=\u00bb78&#8243; title=\u00bbFresado universal<br \/>\na 5 ejes\u00bb]Carreras disponibles hasta X = 1800; Y = 2100; Z = 1250.[\/stm_icon_box][\/vc_column_inner][vc_column_inner width=\u00bb1\/3&#8243;][stm_icon_box hide_title_line=\u00bbhide_title_line\u00bb enable_hexagon=\u00bbenable\u00bb enable_hexagon_animation=\u00bbenable\u00bb icon=\u00bbstm-stm14_country\u00bb style=\u00bbicon_left\u00bb icon_size=\u00bb15&#8243; icon_width=\u00bb78&#8243; title=\u00bbFresado y<br \/>\ntorneado\u00bb]Carreras disponibles\u00a0 hasta \u00d81400 \u00d7 1000.[\/stm_icon_box][\/vc_column_inner][\/vc_row_inner][vc_row_inner][vc_column_inner width=\u00bb1\/3&#8243;][stm_icon_box hide_title_line=\u00bbhide_title_line\u00bb enable_hexagon=\u00bbenable\u00bb enable_hexagon_animation=\u00bbenable\u00bb icon=\u00bbstm-stm14_country\u00bb style=\u00bbicon_left\u00bb icon_size=\u00bb15&#8243; icon_width=\u00bb78&#8243; title=\u00bbLapeado para agujeros<br \/>\ny planos\u00bb]Lapeado para planos (plano \u00d81000) y lapeado de agujeros hasta \u00d8350.[\/stm_icon_box][\/vc_column_inner][vc_column_inner width=\u00bb1\/3&#8243;][stm_icon_box hide_title_line=\u00bbhide_title_line\u00bb enable_hexagon=\u00bbenable\u00bb enable_hexagon_animation=\u00bbenable\u00bb icon=\u00bbstm-stm14_country\u00bb style=\u00bbicon_left\u00bb icon_size=\u00bb15&#8243; icon_width=\u00bb78&#8243; title=\u00bbRectificado en redondo<br \/>\ninterior y exterior\u00bb]Altura de las puntas 250, largura max. entre puntas 1600.[\/stm_icon_box][\/vc_column_inner][vc_column_inner width=\u00bb1\/3&#8243;][stm_icon_box hide_title_line=\u00bbhide_title_line\u00bb enable_hexagon=\u00bbenable\u00bb enable_hexagon_animation=\u00bbenable\u00bb icon=\u00bbstm-stm14_country\u00bb style=\u00bbicon_left\u00bb icon_size=\u00bb15&#8243; icon_width=\u00bb78&#8243; title=\u00bbRectificado en<br \/>\ntangenzial\u00bb]Carrera hasta 700 \u00d7 1600 y en mesa giratoria \u00d81200.[\/stm_icon_box][\/vc_column_inner][\/vc_row_inner][vc_empty_space height=\u00bb80px\u00bb][vc_row_inner][vc_column_inner width=\u00bb1\/4&#8243;][\/vc_column_inner][vc_column_inner width=\u00bb1\/4&#8243;][vc_btn title=\u00bbElaboraciones mec\u00e1nicas\u00bb color=\u00bbblack\u00bb align=\u00bbcenter\u00bb link=\u00bburl:%2Fes%2Felaboraciones-mecanicas%2F|||\u00bb][\/vc_column_inner][vc_column_inner width=\u00bb1\/4&#8243;][vc_btn title=\u00bbAccesorios para tornos\u00bb color=\u00bbblack\u00bb align=\u00bbcenter\u00bb link=\u00bburl:%2Fes%2Faccesorios-para-tornos%2F|||\u00bb][\/vc_column_inner][vc_column_inner width=\u00bb1\/4&#8243;][\/vc_column_inner][\/vc_row_inner][\/vc_column][\/vc_row][vc_row full_width=\u00bbstretch_row\u00bb el_class=\u00bbthird_bg_color\u00bb css=\u00bb.vc_custom_1484919941367{margin-bottom: 0px !important;padding-top: 12px !important;padding-bottom: 12px !important;}\u00bb][vc_column][vc_cta h2=\u00bbCont\u00e1ctanos para recibir m\u00e1s informaci\u00f3n sobre nuestros productos.\u00bb h2_font_container=\u00bbfont_size:20px|color:%23000000|line_height:24px\u00bb h2_use_theme_fonts=\u00bbyes\u00bb shape=\u00bbsquare\u00bb style=\u00bbflat\u00bb add_button=\u00bbright\u00bb btn_title=\u00bbCONT\u00c1CTENOS\u00bb btn_style=\u00bbflat\u00bb btn_color=\u00bbtheme_style_2&#8243; btn_align=\u00bbright\u00bb btn_i_align=\u00bbright\u00bb btn_i_icon_fontawesome=\u00bbfa fa-chevron-right\u00bb btn_css_animation=\u00bbright-to-left\u00bb use_custom_fonts_h2=\u00bbtrue\u00bb btn_button_block=\u00bbtrue\u00bb btn_add_icon=\u00bbtrue\u00bb el_class=\u00bbthird_bg_color\u00bb css=\u00bb.vc_custom_1490711234541{margin-bottom: 0px !important;}\u00bb btn_link=\u00bburl:%2Fes%2Fcontactos%2F|||\u00bb][\/vc_cta][\/vc_column][\/vc_row][vc_row full_width=\u00bbstretch_row\u00bb el_class=\u00bboverlay fixed_bg\u00bb css=\u00bb.vc_custom_1484609729527{margin-bottom: 0px !important;padding-top: 110px !important;padding-bottom: 81px !important;background-image: url(http:\/\/algra.it\/wp-content\/uploads\/algra-machine-tool-accessories.jpg?id=2117) !important;background-position: center !important;background-repeat: no-repeat !important;background-size: cover !important;}\u00bb][vc_column][vc_row_inner][vc_column_inner][vc_custom_heading icon=\u00bbstm-check\u00bb icon_size=\u00bb67&#8243; text=\u00bb<mark>Cat\u00e1logo de productos<\/mark><br \/>\ncompleto y exaustivo.\u00bb font_container=\u00bbtag:h4|font_size:45px|text_align:left|color:%23ffffff|line_height:45px\u00bb google_fonts=\u00bbfont_family:Poppins%3A300%2Cregular%2C500%2C600%2C700|font_style:700%20bold%3A700%3Anormal\u00bb custom_icon=\u00bbstm-check\u00bb css=\u00bb.vc_custom_1490711257519{margin-bottom: 61px !important;}\u00bb el_class=\u00bbno_stripe\u00bb][\/vc_column_inner][\/vc_row_inner][vc_row_inner][vc_column_inner width=\u00bb1\/6&#8243;][\/vc_column_inner][vc_column_inner width=\u00bb1\/6&#8243;][stm_stats_counter counter_value=\u00bb32&#8243; title=\u00bbConstructores de m\u00e1quinas\u00bb][\/vc_column_inner][vc_column_inner width=\u00bb1\/6&#8243;][stm_stats_counter counter_value=\u00bb211&#8243; title=\u00bbModelos de m\u00e1quinas\u00bb][\/vc_column_inner][vc_column_inner width=\u00bb1\/6&#8243;][stm_stats_counter counter_value=\u00bb58&#8243; title=\u00bbAcoplamientos disponibles\u00bb][\/vc_column_inner][vc_column_inner width=\u00bb1\/6&#8243;][stm_stats_counter counter_value=\u00bb100&#8243; counter_value_suf=\u00bb%\u00bb title=\u00bbCalidad\u00bb][\/vc_column_inner][vc_column_inner width=\u00bb1\/6&#8243;][\/vc_column_inner][\/vc_row_inner][vc_empty_space height=\u00bb80px\u00bb][vc_btn title=\u00bbExplora nuestro cat\u00e1logo de productos\u00bb align=\u00bbcenter\u00bb link=\u00bburl:https%3A%2F%2Ftc.algra.it%2F|||\u00bb][\/vc_column][\/vc_row]<\/p>\n","protected":false},"excerpt":{"rendered":"<p>[vc_row full_width=\u00bbstretch_row_content_no_spaces\u00bb parallax=\u00bbcontent-moving\u00bb css=\u00bb.vc_custom_1476927093140{margin-bottom: 0px !important;}\u00bb][vc_column offset=\u00bbvc_hidden-xs\u00bb][vc_single_image image=\u00bb1281&#8243; img_size=\u00bbfull\u00bb alignment=\u00bbcenter\u00bb][\/vc_column][\/vc_row][vc_row full_width=\u00bbstretch_row\u00bb css=\u00bb.vc_custom_1476927317136{margin-top: 0px !important;padding-top: 40px !important;padding-bottom: 70px !important;background-color: #f2f2f2 !important;}\u00bb][vc_column][vc_custom_heading text=\u00bbProducci\u00f3n: t\u00e9cnica, innovaci\u00f3n y precisi\u00f3n\u00bb font_container=\u00bbtag:h2|font_size:45px|text_align:center|line_height:60px\u00bb use_theme_fonts=\u00bbyes\u00bb el_class=\u00bbbase_font_color\u00bb css=\u00bb.vc_custom_1490710939186{margin-bottom: 28px !important;}\u00bb][vc_column_text]La producci\u00f3n tiene lugar en la moderna planta de Almenno San Salvatore, mientras que en las f\u00e1bricas de Val Brembilla (Bg) se realiza el montaje<\/p>\n","protected":false},"author":1,"featured_media":0,"parent":0,"menu_order":12,"comment_status":"closed","ping_status":"closed","template":"","meta":[],"yoast_head":"<!-- This site is optimized with the Yoast SEO plugin v16.6.1 - https:\/\/yoast.com\/wordpress\/plugins\/seo\/ -->\n<title>Producci\u00f3n - Mec\u00e1nica de precisi\u00f3n | Algra<\/title>\n<meta name=\"robots\" content=\"index, follow, max-snippet:-1, max-image-preview:large, max-video-preview:-1\" \/>\n<link rel=\"canonical\" href=\"https:\/\/algra.it\/es\/la-produccion-mecanica-de-precision\/\" \/>\n<meta property=\"og:locale\" content=\"es_ES\" \/>\n<meta property=\"og:type\" content=\"article\" \/>\n<meta property=\"og:title\" content=\"Producci\u00f3n - Mec\u00e1nica de precisi\u00f3n | Algra\" \/>\n<meta property=\"og:description\" content=\"[vc_row full_width=\u00bbstretch_row_content_no_spaces\u00bb parallax=\u00bbcontent-moving\u00bb css=\u00bb.vc_custom_1476927093140{margin-bottom: 0px !important;}\u00bb][vc_column offset=\u00bbvc_hidden-xs\u00bb][vc_single_image image=\u00bb1281&#8243; img_size=\u00bbfull\u00bb alignment=\u00bbcenter\u00bb][\/vc_column][\/vc_row][vc_row full_width=\u00bbstretch_row\u00bb css=\u00bb.vc_custom_1476927317136{margin-top: 0px !important;padding-top: 40px !important;padding-bottom: 70px !important;background-color: #f2f2f2 !important;}\u00bb][vc_column][vc_custom_heading text=\u00bbProducci\u00f3n: t\u00e9cnica, innovaci\u00f3n y precisi\u00f3n\u00bb font_container=\u00bbtag:h2|font_size:45px|text_align:center|line_height:60px\u00bb use_theme_fonts=\u00bbyes\u00bb el_class=\u00bbbase_font_color\u00bb css=\u00bb.vc_custom_1490710939186{margin-bottom: 28px !important;}\u00bb][vc_column_text]La producci\u00f3n tiene lugar en la moderna planta de Almenno San Salvatore, mientras que en las f\u00e1bricas de Val Brembilla (Bg) se realiza el montaje\" \/>\n<meta property=\"og:url\" content=\"https:\/\/algra.it\/es\/la-produccion-mecanica-de-precision\/\" \/>\n<meta property=\"og:site_name\" content=\"Mec\u00e1nica de precisi\u00f3n | Algra\" \/>\n<meta property=\"article:modified_time\" content=\"2025-02-05T08:39:58+00:00\" \/>\n<meta name=\"twitter:card\" content=\"summary\" \/>\n<meta name=\"twitter:label1\" content=\"Tiempo de lectura\" \/>\n\t<meta name=\"twitter:data1\" content=\"2 minutos\" \/>\n<script type=\"application\/ld+json\" class=\"yoast-schema-graph\">{\"@context\":\"https:\/\/schema.org\",\"@graph\":[{\"@type\":\"WebSite\",\"@id\":\"https:\/\/algra.it\/#website\",\"url\":\"https:\/\/algra.it\/\",\"name\":\"Mec\\u00e1nica de precisi\\u00f3n | Algra\",\"description\":\"Lavorazioni meccaniche di precisione, accessori per torni, portautensili speciali, alberi mandrino\",\"potentialAction\":[{\"@type\":\"SearchAction\",\"target\":{\"@type\":\"EntryPoint\",\"urlTemplate\":\"https:\/\/algra.it\/?s={search_term_string}\"},\"query-input\":\"required name=search_term_string\"}],\"inLanguage\":\"es\"},{\"@type\":\"WebPage\",\"@id\":\"https:\/\/algra.it\/es\/la-produccion-mecanica-de-precision\/#webpage\",\"url\":\"https:\/\/algra.it\/es\/la-produccion-mecanica-de-precision\/\",\"name\":\"Producci\\u00f3n - Mec\\u00e1nica de precisi\\u00f3n | Algra\",\"isPartOf\":{\"@id\":\"https:\/\/algra.it\/#website\"},\"datePublished\":\"2017-03-28T13:11:38+00:00\",\"dateModified\":\"2025-02-05T08:39:58+00:00\",\"breadcrumb\":{\"@id\":\"https:\/\/algra.it\/es\/la-produccion-mecanica-de-precision\/#breadcrumb\"},\"inLanguage\":\"es\",\"potentialAction\":[{\"@type\":\"ReadAction\",\"target\":[\"https:\/\/algra.it\/es\/la-produccion-mecanica-de-precision\/\"]}]},{\"@type\":\"BreadcrumbList\",\"@id\":\"https:\/\/algra.it\/es\/la-produccion-mecanica-de-precision\/#breadcrumb\",\"itemListElement\":[{\"@type\":\"ListItem\",\"position\":1,\"name\":\"Home\",\"item\":\"https:\/\/algra.it\/es\/\"},{\"@type\":\"ListItem\",\"position\":2,\"name\":\"Producci\\u00f3n\"}]}]}<\/script>\n<!-- \/ Yoast SEO plugin. -->","_links":{"self":[{"href":"https:\/\/algra.it\/es\/wp-json\/wp\/v2\/pages\/2895"}],"collection":[{"href":"https:\/\/algra.it\/es\/wp-json\/wp\/v2\/pages"}],"about":[{"href":"https:\/\/algra.it\/es\/wp-json\/wp\/v2\/types\/page"}],"author":[{"embeddable":true,"href":"https:\/\/algra.it\/es\/wp-json\/wp\/v2\/users\/1"}],"replies":[{"embeddable":true,"href":"https:\/\/algra.it\/es\/wp-json\/wp\/v2\/comments?post=2895"}],"version-history":[{"count":4,"href":"https:\/\/algra.it\/es\/wp-json\/wp\/v2\/pages\/2895\/revisions"}],"predecessor-version":[{"id":18196,"href":"https:\/\/algra.it\/es\/wp-json\/wp\/v2\/pages\/2895\/revisions\/18196"}],"wp:attachment":[{"href":"https:\/\/algra.it\/es\/wp-json\/wp\/v2\/media?parent=2895"}],"curies":[{"name":"wp","href":"https:\/\/api.w.org\/{rel}","templated":true}]}}