{"id":2896,"date":"2017-03-28T15:13:35","date_gmt":"2017-03-28T13:13:35","guid":{"rendered":"http:\/\/algra.it\/?page_id=2896\/"},"modified":"2025-09-02T15:57:17","modified_gmt":"2025-09-02T13:57:17","slug":"calidad-y-precision-mecanica","status":"publish","type":"page","link":"https:\/\/algra.it\/es\/calidad-y-precision-mecanica\/","title":{"rendered":"Calidad"},"content":{"rendered":"<p>[vc_row full_width=\u00bbstretch_row_content_no_spaces\u00bb parallax=\u00bbcontent-moving\u00bb css=\u00bb.vc_custom_1476927093140{margin-bottom: 0px !important;}\u00bb][vc_column offset=\u00bbvc_hidden-xs\u00bb][vc_single_image image=\u00bb19761&#8243; img_size=\u00bbfull\u00bb alignment=\u00bbcenter\u00bb][\/vc_column][\/vc_row][vc_row full_width=\u00bbstretch_row\u00bb css=\u00bb.vc_custom_1476928430910{margin-top: 0px !important;padding-top: 40px !important;padding-bottom: 70px !important;}\u00bb][vc_column][vc_custom_heading text=\u00bbUna calidad certificada\u00bb font_container=\u00bbtag:h2|font_size:45px|text_align:center|line_height:60px\u00bb use_theme_fonts=\u00bbyes\u00bb el_class=\u00bbbase_font_color\u00bb css=\u00bb.vc_custom_1490711370303{margin-bottom: 28px !important;}\u00bb][vc_column_text]La tecnolog\u00eda avanzada tiene un papel clave en el objetivo de incrementar nuestro valor, lo de nuestros productos, del servicio y e la capacidad del personal, trabajando en normas UNI EN ISO 9001:2015 e ISO 14001:2015.<\/p>\n<p>El propio Sistema de calidad est\u00e1 certificado, desde el ano 1993, en conformidad a las normas UNI EN ISO 9001:2015; el sistema de gesti\u00f3n ambiental est\u00e1 certificado conformemente a las normas ISO 14001:2015.<\/p>\n<p>Adem\u00e1s, ALGRA es titular de la licencia <strong>TULPS (Texto \u00danico de la ley de seguridad p\u00fablica)<\/strong> ex ART.28 para la fabricaci\u00f3n de material destinado al equipamiento de Fuerzas Armadas y de Polic\u00eda.<\/p>\n<p>ALGRA es tambi\u00e9n miembro del <strong>LAC (Lombardia Aerospace Cluster),<\/strong> un sistema integrado de empresas, universidades y centros de investigaci\u00f3n, dotado de competencias tecnol\u00f3gicas y capacidades cient\u00edficas de vanguardia.[\/vc_column_text][vc_column_text css=\u00bb.vc_custom_1490711400596{margin-bottom: 34px !important;}\u00bb]<\/p>\n<blockquote><p>El alto nivel de sensibilidad hacia el respeto de las reglas de seguridad y del ambiente presente se encuentra y advierte en cualquier rinc\u00f3n de la empresa.<\/p><\/blockquote>\n<p>[\/vc_column_text][vc_separator css=\u00bb.vc_custom_1476927619221{margin-top: 20px !important;margin-bottom: 40px !important;}\u00bb][vc_row_inner][vc_column_inner width=\u00bb1\/4&#8243;][vc_single_image image=\u00bb8474&#8243; img_size=\u00bbfull\u00bb alignment=\u00bbcenter\u00bb style=\u00bbvc_box_shadow\u00bb onclick=\u00bblink_image\u00bb][\/vc_column_inner][vc_column_inner width=\u00bb1\/4&#8243;][vc_single_image image=\u00bb13587&#8243; img_size=\u00bbfull\u00bb alignment=\u00bbcenter\u00bb style=\u00bbvc_box_shadow\u00bb onclick=\u00bblink_image\u00bb][\/vc_column_inner][vc_column_inner width=\u00bb1\/4&#8243;][vc_single_image image=\u00bb18018&#8243; img_size=\u00bbfull\u00bb alignment=\u00bbcenter\u00bb style=\u00bbvc_box_shadow\u00bb onclick=\u00bblink_image\u00bb][\/vc_column_inner][vc_column_inner width=\u00bb1\/4&#8243;][vc_single_image image=\u00bb14451&#8243; img_size=\u00bbfull\u00bb alignment=\u00bbcenter\u00bb style=\u00bbvc_box_shadow\u00bb onclick=\u00bblink_image\u00bb][\/vc_column_inner][\/vc_row_inner][vc_empty_space height=\u00bb30px\u00bb][vc_row_inner][vc_column_inner width=\u00bb1\/4&#8243;][vc_single_image image=\u00bb16893&#8243; img_size=\u00bbfull\u00bb alignment=\u00bbcenter\u00bb style=\u00bbvc_box_shadow\u00bb onclick=\u00bblink_image\u00bb][\/vc_column_inner][vc_column_inner width=\u00bb1\/4&#8243;][\/vc_column_inner][vc_column_inner width=\u00bb1\/4&#8243;][\/vc_column_inner][vc_column_inner width=\u00bb1\/4&#8243;][\/vc_column_inner][\/vc_row_inner][\/vc_column][\/vc_row][vc_row full_width=\u00bbstretch_row\u00bb el_class=\u00bbthird_bg_color\u00bb css=\u00bb.vc_custom_1484919957331{margin-bottom: 0px !important;padding-top: 12px !important;padding-bottom: 12px !important;}\u00bb][vc_column][vc_cta h2=\u00bbCont\u00e1ctanos para recibir m\u00e1s informaci\u00f3n.\u00bb h2_font_container=\u00bbfont_size:20px|color:%23000000|line_height:24px\u00bb h2_use_theme_fonts=\u00bbyes\u00bb shape=\u00bbsquare\u00bb style=\u00bbflat\u00bb add_button=\u00bbright\u00bb btn_title=\u00bbCONT\u00c1CTENOS\u00bb btn_style=\u00bbflat\u00bb btn_color=\u00bbtheme_style_2&#8243; btn_align=\u00bbright\u00bb btn_i_align=\u00bbright\u00bb btn_i_icon_fontawesome=\u00bbfa fa-chevron-right\u00bb btn_css_animation=\u00bbright-to-left\u00bb use_custom_fonts_h2=\u00bbtrue\u00bb btn_button_block=\u00bbtrue\u00bb btn_add_icon=\u00bbtrue\u00bb el_class=\u00bbthird_bg_color\u00bb css=\u00bb.vc_custom_1490711446148{margin-bottom: 0px !important;}\u00bb btn_link=\u00bburl:%2Fes%2Fcontactos%2F|||\u00bb]<br \/>\n[\/vc_cta][\/vc_column][\/vc_row]<\/p>\n","protected":false},"excerpt":{"rendered":"<p>[vc_row full_width=\u00bbstretch_row_content_no_spaces\u00bb parallax=\u00bbcontent-moving\u00bb css=\u00bb.vc_custom_1476927093140{margin-bottom: 0px !important;}\u00bb][vc_column offset=\u00bbvc_hidden-xs\u00bb][vc_single_image image=\u00bb19761&#8243; img_size=\u00bbfull\u00bb alignment=\u00bbcenter\u00bb][\/vc_column][\/vc_row][vc_row full_width=\u00bbstretch_row\u00bb css=\u00bb.vc_custom_1476928430910{margin-top: 0px !important;padding-top: 40px !important;padding-bottom: 70px !important;}\u00bb][vc_column][vc_custom_heading text=\u00bbUna calidad certificada\u00bb font_container=\u00bbtag:h2|font_size:45px|text_align:center|line_height:60px\u00bb use_theme_fonts=\u00bbyes\u00bb el_class=\u00bbbase_font_color\u00bb css=\u00bb.vc_custom_1490711370303{margin-bottom: 28px !important;}\u00bb][vc_column_text]La tecnolog\u00eda avanzada tiene un papel clave en el objetivo de incrementar nuestro valor, lo de nuestros productos, del servicio y e la capacidad del personal, trabajando en normas<\/p>\n","protected":false},"author":1,"featured_media":0,"parent":0,"menu_order":14,"comment_status":"closed","ping_status":"closed","template":"","meta":[],"yoast_head":"<!-- This site is optimized with the Yoast SEO plugin v16.6.1 - https:\/\/yoast.com\/wordpress\/plugins\/seo\/ -->\n<title>Calidad - Mec\u00e1nica de precisi\u00f3n | Algra<\/title>\n<meta name=\"robots\" content=\"index, follow, max-snippet:-1, max-image-preview:large, max-video-preview:-1\" \/>\n<link rel=\"canonical\" href=\"https:\/\/algra.it\/es\/calidad-y-precision-mecanica\/\" \/>\n<meta property=\"og:locale\" content=\"es_ES\" \/>\n<meta property=\"og:type\" content=\"article\" \/>\n<meta property=\"og:title\" content=\"Calidad - Mec\u00e1nica de precisi\u00f3n | Algra\" \/>\n<meta property=\"og:description\" content=\"[vc_row full_width=\u00bbstretch_row_content_no_spaces\u00bb parallax=\u00bbcontent-moving\u00bb css=\u00bb.vc_custom_1476927093140{margin-bottom: 0px !important;}\u00bb][vc_column offset=\u00bbvc_hidden-xs\u00bb][vc_single_image image=\u00bb19761&#8243; img_size=\u00bbfull\u00bb alignment=\u00bbcenter\u00bb][\/vc_column][\/vc_row][vc_row full_width=\u00bbstretch_row\u00bb css=\u00bb.vc_custom_1476928430910{margin-top: 0px !important;padding-top: 40px !important;padding-bottom: 70px !important;}\u00bb][vc_column][vc_custom_heading text=\u00bbUna calidad certificada\u00bb font_container=\u00bbtag:h2|font_size:45px|text_align:center|line_height:60px\u00bb use_theme_fonts=\u00bbyes\u00bb el_class=\u00bbbase_font_color\u00bb css=\u00bb.vc_custom_1490711370303{margin-bottom: 28px !important;}\u00bb][vc_column_text]La tecnolog\u00eda avanzada tiene un papel clave en el objetivo de incrementar nuestro valor, lo de nuestros productos, del servicio y e la capacidad del personal, trabajando en normas\" \/>\n<meta property=\"og:url\" content=\"https:\/\/algra.it\/es\/calidad-y-precision-mecanica\/\" \/>\n<meta property=\"og:site_name\" content=\"Mec\u00e1nica de precisi\u00f3n | Algra\" \/>\n<meta property=\"article:modified_time\" content=\"2025-09-02T13:57:17+00:00\" \/>\n<meta name=\"twitter:card\" content=\"summary\" \/>\n<meta name=\"twitter:label1\" content=\"Tiempo de lectura\" \/>\n\t<meta name=\"twitter:data1\" content=\"2 minutos\" \/>\n<script type=\"application\/ld+json\" class=\"yoast-schema-graph\">{\"@context\":\"https:\/\/schema.org\",\"@graph\":[{\"@type\":\"WebSite\",\"@id\":\"https:\/\/algra.it\/#website\",\"url\":\"https:\/\/algra.it\/\",\"name\":\"Mec\\u00e1nica de precisi\\u00f3n | Algra\",\"description\":\"Lavorazioni meccaniche di precisione, accessori per torni, portautensili speciali, alberi mandrino\",\"potentialAction\":[{\"@type\":\"SearchAction\",\"target\":{\"@type\":\"EntryPoint\",\"urlTemplate\":\"https:\/\/algra.it\/?s={search_term_string}\"},\"query-input\":\"required name=search_term_string\"}],\"inLanguage\":\"es\"},{\"@type\":\"WebPage\",\"@id\":\"https:\/\/algra.it\/es\/calidad-y-precision-mecanica\/#webpage\",\"url\":\"https:\/\/algra.it\/es\/calidad-y-precision-mecanica\/\",\"name\":\"Calidad - Mec\\u00e1nica de precisi\\u00f3n | Algra\",\"isPartOf\":{\"@id\":\"https:\/\/algra.it\/#website\"},\"datePublished\":\"2017-03-28T13:13:35+00:00\",\"dateModified\":\"2025-09-02T13:57:17+00:00\",\"breadcrumb\":{\"@id\":\"https:\/\/algra.it\/es\/calidad-y-precision-mecanica\/#breadcrumb\"},\"inLanguage\":\"es\",\"potentialAction\":[{\"@type\":\"ReadAction\",\"target\":[\"https:\/\/algra.it\/es\/calidad-y-precision-mecanica\/\"]}]},{\"@type\":\"BreadcrumbList\",\"@id\":\"https:\/\/algra.it\/es\/calidad-y-precision-mecanica\/#breadcrumb\",\"itemListElement\":[{\"@type\":\"ListItem\",\"position\":1,\"name\":\"Home\",\"item\":\"https:\/\/algra.it\/es\/\"},{\"@type\":\"ListItem\",\"position\":2,\"name\":\"Calidad\"}]}]}<\/script>\n<!-- \/ Yoast SEO plugin. -->","_links":{"self":[{"href":"https:\/\/algra.it\/es\/wp-json\/wp\/v2\/pages\/2896"}],"collection":[{"href":"https:\/\/algra.it\/es\/wp-json\/wp\/v2\/pages"}],"about":[{"href":"https:\/\/algra.it\/es\/wp-json\/wp\/v2\/types\/page"}],"author":[{"embeddable":true,"href":"https:\/\/algra.it\/es\/wp-json\/wp\/v2\/users\/1"}],"replies":[{"embeddable":true,"href":"https:\/\/algra.it\/es\/wp-json\/wp\/v2\/comments?post=2896"}],"version-history":[{"count":17,"href":"https:\/\/algra.it\/es\/wp-json\/wp\/v2\/pages\/2896\/revisions"}],"predecessor-version":[{"id":20095,"href":"https:\/\/algra.it\/es\/wp-json\/wp\/v2\/pages\/2896\/revisions\/20095"}],"wp:attachment":[{"href":"https:\/\/algra.it\/es\/wp-json\/wp\/v2\/media?parent=2896"}],"curies":[{"name":"wp","href":"https:\/\/api.w.org\/{rel}","templated":true}]}}