{"id":2898,"date":"2017-03-28T15:16:58","date_gmt":"2017-03-28T13:16:58","guid":{"rendered":"http:\/\/algra.it\/?page_id=2898\/"},"modified":"2017-03-28T16:36:03","modified_gmt":"2017-03-28T14:36:03","slug":"elaboraciones-mecanicas","status":"publish","type":"page","link":"https:\/\/algra.it\/es\/elaboraciones-mecanicas\/","title":{"rendered":"Elaboraciones mec\u00e1nicas"},"content":{"rendered":"<p>[vc_row full_width=\u00bbstretch_row\u00bb css=\u00bb.vc_custom_1476929544406{margin-top: 0px !important;padding-top: 40px !important;padding-bottom: 40px !important;}\u00bb][vc_column][vc_custom_heading text=\u00bbElaboraciones mec\u00e1nicas\u00bb font_container=\u00bbtag:h2|font_size:45px|text_align:center|line_height:60px\u00bb use_theme_fonts=\u00bbyes\u00bb el_class=\u00bbbase_font_color\u00bb css=\u00bb.vc_custom_1490711587350{margin-bottom: 28px !important;}\u00bb][\/vc_column][\/vc_row][vc_row full_width=\u00bbstretch_row\u00bb css=\u00bb.vc_custom_1476929544406{margin-top: 0px !important;padding-top: 40px !important;padding-bottom: 40px !important;}\u00bb][vc_column][vc_row_inner css=\u00bb.vc_custom_1480094199842{margin-bottom: 20px !important;}\u00bb][vc_column_inner width=\u00bb1\/3&#8243;][vc_images_carousel images=\u00bb1468,2227,2228,2229,2254,2255,2256&#8243; img_size=\u00bbfull\u00bb][\/vc_column_inner][vc_column_inner width=\u00bb2\/3&#8243;][vc_column_text]<\/p>\n<h4>Sector energ\u00e9tico<\/h4>\n<p>Producci\u00f3n y costrucci\u00f3n bajo pedido de componentes para turbinas. Con la gran cantidad de m\u00e1quinas disponibles en ALGRA, estamos en grado de fabricar piezas muy complejas, realizadas con materiales diferentes como aceros especiales, inconel, hierro, fundido, materiales pl\u00e1sticos y aleaciones ligeras.<\/p>\n<p>[\/vc_column_text][\/vc_column_inner][\/vc_row_inner][\/vc_column][\/vc_row][vc_row full_width=\u00bbstretch_row\u00bb css=\u00bb.vc_custom_1484612912130{margin-top: 0px !important;padding-top: 40px !important;padding-bottom: 40px !important;background-color: #f1f1f1 !important;}\u00bb][vc_column][vc_row_inner css=\u00bb.vc_custom_1480094446217{margin-bottom: 20px !important;}\u00bb][vc_column_inner width=\u00bb2\/3&#8243;][vc_column_text]<\/p>\n<h4>Sector instrumentaci\u00f3n<\/h4>\n<p>Producci\u00f3n y montaje de grupos y subgrupos de bombas de vac\u00edo.<\/p>\n<p>[\/vc_column_text][\/vc_column_inner][vc_column_inner width=\u00bb1\/3&#8243;][vc_images_carousel images=\u00bb2789,1480,1481,1482,1483&#8243; img_size=\u00bbfull\u00bb][\/vc_column_inner][\/vc_row_inner][\/vc_column][\/vc_row][vc_row full_width=\u00bbstretch_row\u00bb css=\u00bb.vc_custom_1476929544406{margin-top: 0px !important;padding-top: 40px !important;padding-bottom: 40px !important;}\u00bb][vc_column][vc_row_inner css=\u00bb.vc_custom_1480094459198{margin-bottom: 20px !important;}\u00bb][vc_column_inner width=\u00bb1\/3&#8243;][vc_images_carousel images=\u00bb1496,2230,2235&#8243; img_size=\u00bbfull\u00bb][\/vc_column_inner][vc_column_inner width=\u00bb2\/3&#8243;][vc_column_text]<\/p>\n<h4>Partes de m\u00e1quina herramienta<\/h4>\n<p>\u2022\u00a0Discos portaherramientas con diferentes tipos de amarres y blocueos: VDI, BMT, HSK, Capto, CDI, KM.<br \/>\n\u2022\u00a0Ejes mandrinos ISO, ASA, Camlock, HSK.<br \/>\n\u2022 Carros.<br \/>\n\u2022 Montantes.<br \/>\n\u2022 Grupos de cabezales y contracabezales.<\/p>\n<p>Todos los particulares se suministran con <strong>certificado de conformidad y su relativo report<\/strong>.[\/vc_column_text][\/vc_column_inner][\/vc_row_inner][\/vc_column][\/vc_row][vc_row full_width=\u00bbstretch_row\u00bb el_class=\u00bbthird_bg_color\u00bb css=\u00bb.vc_custom_1484919990964{margin-bottom: 0px !important;padding-top: 12px !important;padding-bottom: 12px !important;}\u00bb][vc_column][vc_cta h2=\u00bbCont\u00e1ctanos para recibir m\u00e1s informaci\u00f3n sobre nuestros productos.\u00bb h2_font_container=\u00bbfont_size:20px|color:%23000000|line_height:24px\u00bb h2_use_theme_fonts=\u00bbyes\u00bb shape=\u00bbsquare\u00bb style=\u00bbflat\u00bb add_button=\u00bbright\u00bb btn_title=\u00bbCONT\u00c1CTENOS\u00bb btn_style=\u00bbflat\u00bb btn_color=\u00bbtheme_style_2&#8243; btn_align=\u00bbright\u00bb btn_i_align=\u00bbright\u00bb btn_i_icon_fontawesome=\u00bbfa fa-chevron-right\u00bb btn_css_animation=\u00bbright-to-left\u00bb use_custom_fonts_h2=\u00bbtrue\u00bb btn_button_block=\u00bbtrue\u00bb btn_add_icon=\u00bbtrue\u00bb el_class=\u00bbthird_bg_color\u00bb css=\u00bb.vc_custom_1490711756257{margin-bottom: 0px !important;}\u00bb btn_link=\u00bburl:%2Fes%2Fcontactos%2F|||\u00bb][\/vc_cta][\/vc_column][\/vc_row]<\/p>\n","protected":false},"excerpt":{"rendered":"<p>[vc_row full_width=\u00bbstretch_row\u00bb css=\u00bb.vc_custom_1476929544406{margin-top: 0px !important;padding-top: 40px !important;padding-bottom: 40px !important;}\u00bb][vc_column][vc_custom_heading text=\u00bbElaboraciones mec\u00e1nicas\u00bb font_container=\u00bbtag:h2|font_size:45px|text_align:center|line_height:60px\u00bb use_theme_fonts=\u00bbyes\u00bb el_class=\u00bbbase_font_color\u00bb css=\u00bb.vc_custom_1490711587350{margin-bottom: 28px !important;}\u00bb][\/vc_column][\/vc_row][vc_row full_width=\u00bbstretch_row\u00bb css=\u00bb.vc_custom_1476929544406{margin-top: 0px !important;padding-top: 40px !important;padding-bottom: 40px !important;}\u00bb][vc_column][vc_row_inner css=\u00bb.vc_custom_1480094199842{margin-bottom: 20px !important;}\u00bb][vc_column_inner width=\u00bb1\/3&#8243;][vc_images_carousel images=\u00bb1468,2227,2228,2229,2254,2255,2256&#8243; img_size=\u00bbfull\u00bb][\/vc_column_inner][vc_column_inner width=\u00bb2\/3&#8243;][vc_column_text] Sector energ\u00e9tico Producci\u00f3n y costrucci\u00f3n bajo pedido de componentes para turbinas. Con la gran cantidad de m\u00e1quinas disponibles en ALGRA, estamos en grado<\/p>\n","protected":false},"author":1,"featured_media":0,"parent":0,"menu_order":30,"comment_status":"closed","ping_status":"closed","template":"","meta":[],"yoast_head":"<!-- This site is optimized with the Yoast SEO plugin v16.6.1 - https:\/\/yoast.com\/wordpress\/plugins\/seo\/ -->\n<title>Elaboraciones mec\u00e1nicas - Mec\u00e1nica de precisi\u00f3n | Algra<\/title>\n<meta name=\"robots\" content=\"index, follow, max-snippet:-1, max-image-preview:large, max-video-preview:-1\" \/>\n<link rel=\"canonical\" href=\"https:\/\/algra.it\/es\/elaboraciones-mecanicas\/\" \/>\n<meta property=\"og:locale\" content=\"es_ES\" \/>\n<meta property=\"og:type\" content=\"article\" \/>\n<meta property=\"og:title\" content=\"Elaboraciones mec\u00e1nicas - Mec\u00e1nica de precisi\u00f3n | Algra\" \/>\n<meta property=\"og:description\" content=\"[vc_row full_width=\u00bbstretch_row\u00bb css=\u00bb.vc_custom_1476929544406{margin-top: 0px !important;padding-top: 40px !important;padding-bottom: 40px !important;}\u00bb][vc_column][vc_custom_heading text=\u00bbElaboraciones mec\u00e1nicas\u00bb font_container=\u00bbtag:h2|font_size:45px|text_align:center|line_height:60px\u00bb use_theme_fonts=\u00bbyes\u00bb el_class=\u00bbbase_font_color\u00bb css=\u00bb.vc_custom_1490711587350{margin-bottom: 28px !important;}\u00bb][\/vc_column][\/vc_row][vc_row full_width=\u00bbstretch_row\u00bb css=\u00bb.vc_custom_1476929544406{margin-top: 0px !important;padding-top: 40px !important;padding-bottom: 40px !important;}\u00bb][vc_column][vc_row_inner css=\u00bb.vc_custom_1480094199842{margin-bottom: 20px !important;}\u00bb][vc_column_inner width=\u00bb1\/3&#8243;][vc_images_carousel images=\u00bb1468,2227,2228,2229,2254,2255,2256&#8243; img_size=\u00bbfull\u00bb][\/vc_column_inner][vc_column_inner width=\u00bb2\/3&#8243;][vc_column_text] Sector energ\u00e9tico Producci\u00f3n y costrucci\u00f3n bajo pedido de componentes para turbinas. Con la gran cantidad de m\u00e1quinas disponibles en ALGRA, estamos en grado\" \/>\n<meta property=\"og:url\" content=\"https:\/\/algra.it\/es\/elaboraciones-mecanicas\/\" \/>\n<meta property=\"og:site_name\" content=\"Mec\u00e1nica de precisi\u00f3n | Algra\" \/>\n<meta property=\"article:modified_time\" content=\"2017-03-28T14:36:03+00:00\" \/>\n<meta name=\"twitter:card\" content=\"summary\" \/>\n<meta name=\"twitter:label1\" content=\"Tiempo de lectura\" \/>\n\t<meta name=\"twitter:data1\" content=\"2 minutos\" \/>\n<script type=\"application\/ld+json\" class=\"yoast-schema-graph\">{\"@context\":\"https:\/\/schema.org\",\"@graph\":[{\"@type\":\"WebSite\",\"@id\":\"https:\/\/algra.it\/#website\",\"url\":\"https:\/\/algra.it\/\",\"name\":\"Mec\\u00e1nica de precisi\\u00f3n | Algra\",\"description\":\"Lavorazioni meccaniche di precisione, accessori per torni, portautensili speciali, alberi mandrino\",\"potentialAction\":[{\"@type\":\"SearchAction\",\"target\":{\"@type\":\"EntryPoint\",\"urlTemplate\":\"https:\/\/algra.it\/?s={search_term_string}\"},\"query-input\":\"required name=search_term_string\"}],\"inLanguage\":\"es\"},{\"@type\":\"WebPage\",\"@id\":\"https:\/\/algra.it\/es\/elaboraciones-mecanicas\/#webpage\",\"url\":\"https:\/\/algra.it\/es\/elaboraciones-mecanicas\/\",\"name\":\"Elaboraciones mec\\u00e1nicas - Mec\\u00e1nica de precisi\\u00f3n | Algra\",\"isPartOf\":{\"@id\":\"https:\/\/algra.it\/#website\"},\"datePublished\":\"2017-03-28T13:16:58+00:00\",\"dateModified\":\"2017-03-28T14:36:03+00:00\",\"breadcrumb\":{\"@id\":\"https:\/\/algra.it\/es\/elaboraciones-mecanicas\/#breadcrumb\"},\"inLanguage\":\"es\",\"potentialAction\":[{\"@type\":\"ReadAction\",\"target\":[\"https:\/\/algra.it\/es\/elaboraciones-mecanicas\/\"]}]},{\"@type\":\"BreadcrumbList\",\"@id\":\"https:\/\/algra.it\/es\/elaboraciones-mecanicas\/#breadcrumb\",\"itemListElement\":[{\"@type\":\"ListItem\",\"position\":1,\"name\":\"Home\",\"item\":\"https:\/\/algra.it\/es\/\"},{\"@type\":\"ListItem\",\"position\":2,\"name\":\"Elaboraciones mec\\u00e1nicas\"}]}]}<\/script>\n<!-- \/ Yoast SEO plugin. -->","_links":{"self":[{"href":"https:\/\/algra.it\/es\/wp-json\/wp\/v2\/pages\/2898"}],"collection":[{"href":"https:\/\/algra.it\/es\/wp-json\/wp\/v2\/pages"}],"about":[{"href":"https:\/\/algra.it\/es\/wp-json\/wp\/v2\/types\/page"}],"author":[{"embeddable":true,"href":"https:\/\/algra.it\/es\/wp-json\/wp\/v2\/users\/1"}],"replies":[{"embeddable":true,"href":"https:\/\/algra.it\/es\/wp-json\/wp\/v2\/comments?post=2898"}],"version-history":[{"count":3,"href":"https:\/\/algra.it\/es\/wp-json\/wp\/v2\/pages\/2898\/revisions"}],"predecessor-version":[{"id":2954,"href":"https:\/\/algra.it\/es\/wp-json\/wp\/v2\/pages\/2898\/revisions\/2954"}],"wp:attachment":[{"href":"https:\/\/algra.it\/es\/wp-json\/wp\/v2\/media?parent=2898"}],"curies":[{"name":"wp","href":"https:\/\/api.w.org\/{rel}","templated":true}]}}