{"id":2906,"date":"2017-03-28T15:34:00","date_gmt":"2017-03-28T13:34:00","guid":{"rendered":"http:\/\/algra.it\/?page_id=2906\/"},"modified":"2017-03-28T15:34:00","modified_gmt":"2017-03-28T13:34:00","slug":"politica-de-privacidad","status":"publish","type":"page","link":"https:\/\/algra.it\/es\/politica-de-privacidad\/","title":{"rendered":"Pol\u00edtica de privacidad"},"content":{"rendered":"<p>[vc_row][vc_column][vc_custom_heading source=\u00bbpost_title\u00bb font_container=\u00bbtag:h2|text_align:center\u00bb use_theme_fonts=\u00bbyes\u00bb][vc_separator color=\u00bbwhite\u00bb][\/vc_column][\/vc_row][vc_row][vc_column][vc_column_text]Al fine di rendere i propri servizi il pi\u00f9 possibile efficienti e semplici da utilizzare questo Sito fa uso di cookies. Pertanto, quando si visita il Sito, viene inserita una quantit\u00e0 minima di informazioni nel dispositivo dell\u2019Utente, come piccoli file di testo chiamati \u201ccookie\u201d, che vengono salvati nella directory del browser Web dell\u2019Utente. Esistono diversi tipi di cookie, ma sostanzialmente lo scopo principale di un cookie \u00e8 quello di far funzionare pi\u00f9 efficacemente il Sito e di abilitarne determinate funzionalit\u00e0.<\/p>\n<p>I cookie sono utilizzati per migliorare la navigazione globale dell\u2019Utente. In particolare:<\/p>\n<ul>\n<li>Consentono di navigare in modo efficiente da una pagina all\u2019altra del sito Web.<\/li>\n<li>Memorizzano il nome utente e le preferenze inserite.<\/li>\n<li>Consentono di evitare di inserire le stesse informazioni (come nome utente e password) pi\u00f9 volte durante la visita.<\/li>\n<li>Misurano l\u2019utilizzo dei servizi da parte degli Utenti, per ottimizzare l\u2019esperienza di navigazione e i servizi stessi.<\/li>\n<li>Presentano informazioni pubblicitarie mirate in funzione degli interessi e del comportamento manifestato dall\u2019Utente durante la navigazione.<\/li>\n<\/ul>\n<p><strong>Come posso evitare la memorizzazione di cookie sul mio computer?<\/strong><br \/>\n\u00c8 necessario impostare le preferenze per i cookie su ogni browser (Internet Explorer, Google Chrome, Mozilla Firefox o Safari). Esistono diversi modi per gestire i cookie, ad esempio: abilitare o disabilitare completamente i cookie; eliminare cookie specifici che sono gi\u00e0 stati memorizzati all\u2019interno del browser; bloccare la memorizzazione di cookie sul vostro computer da parte di siti Web specifici; oppure bloccare i cookie di terze parti (quando, mentre navigate su un sito Web, i cookie sono memorizzati sul vostro computer da un altro sito Web).<\/p>\n<p><strong>Come posso rimuovere\/gestire i cookie sul mio computer?<\/strong><br \/>\nNel caso in cui Lei abbia dubbi o preoccupazioni in merito all\u2019utilizzo dei cookie Le \u00e8 sempre possibile intervenire per impedirne l\u2019impostazione e la lettura, ad esempio modificando le impostazioni sulla privacy all\u2019interno del Suo browser al fine di bloccarne determinati tipi o utilizzando il tool che Le mettiamo a disposizione in questa Informativa.<br \/>\nPer rimuovere i cookie sul proprio pc vi invitiamo a consultare questi siti web:<\/p>\n<ul>\n<li><a title=\"Your Online Choices\" href=\"http:\/\/www.youronlinechoices.com\/\" target=\"blank\">Your Online Choices<\/a><\/li>\n<li><a title=\"www.cookiepedia.co.uk\" href=\"http:\/\/cookiepedia.co.uk\/how-to-manage-cookies\" target=\"blank\">www.cookiepedia.co.uk<\/a><\/li>\n<\/ul>\n<p><strong>Per la gestione dei cookie sui principali browser, visitate i seguenti link:<\/strong><\/p>\n<ul>\n<li><a title=\"Internet Explorer\" href=\"http:\/\/windows.microsoft.com\/it-IT\/windows7\/How-to-manage-cookies-in-Internet-Explorer-9\" target=\"blank\">Internet Explorer<\/a><\/li>\n<li><a title=\"Google Chrome\" href=\"https:\/\/support.google.com\/chrome\/answer\/95647?hl=it&amp;p=cpn_cookies\" target=\"blank\">Google Chrome<\/a><\/li>\n<li><a title=\"Firefox\" href=\"https:\/\/support.mozilla.org\/it\/kb\/Gestione%20dei%20cookie?redirectlocale=en-US&amp;redirectslug=Cookies\" target=\"blank\">Firefox<\/a><\/li>\n<li><a title=\"Safari\" href=\"http:\/\/www.apple.com\/support\/?path=Safari\/3.0\/en\/9277.html\" target=\"blank\">Safari<\/a><\/li>\n<\/ul>\n<p><strong>Titolare del trattamento dei dati<\/strong><br \/>\n<em>Algra S.p.A.<\/em><\/p>\n<p>Dal momento che l\u2019installazione di Cookie e di altri sistemi di tracciamento operata da terze parti tramite i servizi utilizzati all\u2019interno di questo spazio online non pu\u00f2 essere tecnicamente controllata dal Titolare, ogni riferimento specifico a Cookie e sistemi di tracciamento installati da terze parti \u00e8 da considerarsi indicativo. Per ottenere informazioni complete, consulta la privacy policy degli eventuali servizi terzi elencati in questo documento.<\/p>\n<p>Vista l\u2019oggettiva complessit\u00e0 legata all\u2019identificazione delle tecnologie basate sui Cookie ed alla loro integrazione molto stretta con il funzionamento del web, l\u2019Utente \u00e8 invitato a contattare il Titolare qualora volesse ricevere qualunque approfondimento relativo all\u2019utilizzo dei Cookie stessi e ad eventuali utilizzi degli stessi \u2013 ad esempio ad opera di terzi \u2013 effettuati tramite questo sito.<\/p>\n<p>Il presente documento si riferisce a tutti gli spazi online (siti, piattaforme, strumenti internet, etc) di propriet\u00e0 del Titolare. Per ottenere ulteriori informazioni in merito agli strumenti relativi ad uno specifico spazio, l\u2019Utente \u00e8 pregato di contattare il Titolare ai riferimenti forniti nel presente documento.<\/p>\n<p><strong>Tipologie di cookie<\/strong><br \/>\nEsistono vari tipi di cookie. Qui di seguito sono riportati i tipi cookie che possono essere utilizzati nel Sito con una descrizione della finalit\u00e0 legata all\u2019uso.<\/p>\n<p>Attenzione! L\u2019elenco potrebbe non essere completo a causa di modifiche ai servizi di terze parti. Fare riferimento alle relative Privacy Policy per maggiori dettagli.<\/p>\n<p><strong>Cookie tecnici<\/strong><br \/>\nI cookie di questo tipo sono necessari per il corretto funzionamento di alcune aree del sito. I cookie di questa categoria comprendono sia cookie persistenti che cookie di sessione. In assenza di tali cookie, il sito o alcune porzioni di esso potrebbero non funzionare correttamente. Pertanto, vengono sempre utilizzati, indipendentemente dalle preferenze dall\u2019utente. I cookie di questa categoria vengono sempre inviati dal nostro dominio.<\/p>\n<p><strong>Cookie analitici<\/strong><br \/>\nI cookie di questo tipo vengono utilizzati per raccogliere informazioni sull\u2019utilizzo del sito. Il Titolare usa tali informazioni per analisi statistiche, per migliorare il sito e semplificarne l\u2019utilizzo, oltre che per monitorarne il corretto funzionamento. Questo tipo di cookie raccoglie informazioni in FORMA ANONIMA sull\u2019attivit\u00e0 degli utenti nel sito e sul modo in cui sono arrivati al Sito e alle pagine visitate. I cookie di questa categoria vengono inviati dal Sito stesso o da domini di terze parti.<br \/>\n<em>Di seguito una lista dei servizi di terze parti attivati su questo sito:<\/em><\/p>\n<ul>\n<li><strong>Google Analytics (Google Inc.)<\/strong>\u00a0\u00c8 utilizzato per il conteggio delle visite sul nostro sito web e per statistiche sull\u2019utilizzo dello stesso. Serve per migliorare il servizio offerto.<br \/>\nIn questo Google Analytics \u00e8 stato impostato per\u00a0anonimizzare gli IP, quindi potremo vedere\u00a0solo informazioni aggregate\u00a0e non specifiche del tuo caso.\u00a0<a href=\"http:\/\/www.google.com\/intl\/en\/policies\/privacy\/\" target=\"_blank\">Privacy Policy<\/a>\u00a0\u2013\u00a0<a href=\"http:\/\/tools.google.com\/dlpage\/gaoptout?hl=it\" target=\"_blank\">Opt Out<\/a><\/li>\n<\/ul>\n<ul>\n<li><strong>Pulsante +1 e widget sociali di Google+ (Google Inc.)<\/strong>\u00a0<a href=\"http:\/\/www.google.com\/intl\/it\/policies\/privacy\/\" target=\"_blank\">Privacy Policy<\/a><\/li>\n<\/ul>\n<ul>\n<li><strong>Pulsante Mi Piace e widget sociali di Facebook (Facebook, Inc.)<\/strong>\u00a0<a href=\"http:\/\/www.facebook.com\/privacy\/explanation.php\" target=\"_blank\">Privacy Policy<\/a>\u00a0\u2013\u00a0<a href=\"https:\/\/it-it.facebook.com\/help\/cookies\/\" target=\"_blank\">Cookie Policy<\/a><\/li>\n<\/ul>\n<p>[\/vc_column_text][\/vc_column][\/vc_row]<\/p>\n","protected":false},"excerpt":{"rendered":"<p>[vc_row][vc_column][vc_custom_heading source=\u00bbpost_title\u00bb font_container=\u00bbtag:h2|text_align:center\u00bb use_theme_fonts=\u00bbyes\u00bb][vc_separator color=\u00bbwhite\u00bb][\/vc_column][\/vc_row][vc_row][vc_column][vc_column_text]Al fine di rendere i propri servizi il pi\u00f9 possibile efficienti e semplici da utilizzare questo Sito fa uso di cookies. Pertanto, quando si visita il Sito, viene inserita una quantit\u00e0 minima di informazioni nel dispositivo dell\u2019Utente, come piccoli file di testo chiamati \u201ccookie\u201d, che vengono salvati nella directory del browser<\/p>\n","protected":false},"author":1,"featured_media":0,"parent":0,"menu_order":99,"comment_status":"closed","ping_status":"closed","template":"","meta":[],"yoast_head":"<!-- This site is optimized with the Yoast SEO plugin v16.6.1 - https:\/\/yoast.com\/wordpress\/plugins\/seo\/ -->\n<title>Pol\u00edtica de privacidad - Mec\u00e1nica de precisi\u00f3n | Algra<\/title>\n<meta name=\"robots\" content=\"index, follow, max-snippet:-1, max-image-preview:large, max-video-preview:-1\" \/>\n<link rel=\"canonical\" href=\"https:\/\/algra.it\/es\/politica-de-privacidad\/\" \/>\n<meta property=\"og:locale\" content=\"es_ES\" \/>\n<meta property=\"og:type\" content=\"article\" \/>\n<meta property=\"og:title\" content=\"Pol\u00edtica de privacidad - Mec\u00e1nica de precisi\u00f3n | Algra\" \/>\n<meta property=\"og:description\" content=\"[vc_row][vc_column][vc_custom_heading source=\u00bbpost_title\u00bb font_container=\u00bbtag:h2|text_align:center\u00bb use_theme_fonts=\u00bbyes\u00bb][vc_separator color=\u00bbwhite\u00bb][\/vc_column][\/vc_row][vc_row][vc_column][vc_column_text]Al fine di rendere i propri servizi il pi\u00f9 possibile efficienti e semplici da utilizzare questo Sito fa uso di cookies. Pertanto, quando si visita il Sito, viene inserita una quantit\u00e0 minima di informazioni nel dispositivo dell\u2019Utente, come piccoli file di testo chiamati \u201ccookie\u201d, che vengono salvati nella directory del browser\" \/>\n<meta property=\"og:url\" content=\"https:\/\/algra.it\/es\/politica-de-privacidad\/\" \/>\n<meta property=\"og:site_name\" content=\"Mec\u00e1nica de precisi\u00f3n | Algra\" \/>\n<meta name=\"twitter:card\" content=\"summary\" \/>\n<meta name=\"twitter:label1\" content=\"Tiempo de lectura\" \/>\n\t<meta name=\"twitter:data1\" content=\"4 minutos\" \/>\n<script type=\"application\/ld+json\" class=\"yoast-schema-graph\">{\"@context\":\"https:\/\/schema.org\",\"@graph\":[{\"@type\":\"WebSite\",\"@id\":\"https:\/\/algra.it\/#website\",\"url\":\"https:\/\/algra.it\/\",\"name\":\"Mec\\u00e1nica de precisi\\u00f3n | Algra\",\"description\":\"Lavorazioni meccaniche di precisione, accessori per torni, portautensili speciali, alberi mandrino\",\"potentialAction\":[{\"@type\":\"SearchAction\",\"target\":{\"@type\":\"EntryPoint\",\"urlTemplate\":\"https:\/\/algra.it\/?s={search_term_string}\"},\"query-input\":\"required name=search_term_string\"}],\"inLanguage\":\"es\"},{\"@type\":\"WebPage\",\"@id\":\"https:\/\/algra.it\/es\/politica-de-privacidad\/#webpage\",\"url\":\"https:\/\/algra.it\/es\/politica-de-privacidad\/\",\"name\":\"Pol\\u00edtica de privacidad - Mec\\u00e1nica de precisi\\u00f3n | Algra\",\"isPartOf\":{\"@id\":\"https:\/\/algra.it\/#website\"},\"datePublished\":\"2017-03-28T13:34:00+00:00\",\"dateModified\":\"2017-03-28T13:34:00+00:00\",\"breadcrumb\":{\"@id\":\"https:\/\/algra.it\/es\/politica-de-privacidad\/#breadcrumb\"},\"inLanguage\":\"es\",\"potentialAction\":[{\"@type\":\"ReadAction\",\"target\":[\"https:\/\/algra.it\/es\/politica-de-privacidad\/\"]}]},{\"@type\":\"BreadcrumbList\",\"@id\":\"https:\/\/algra.it\/es\/politica-de-privacidad\/#breadcrumb\",\"itemListElement\":[{\"@type\":\"ListItem\",\"position\":1,\"name\":\"Home\",\"item\":\"https:\/\/algra.it\/es\/\"},{\"@type\":\"ListItem\",\"position\":2,\"name\":\"Pol\\u00edtica de privacidad\"}]}]}<\/script>\n<!-- \/ Yoast SEO plugin. -->","_links":{"self":[{"href":"https:\/\/algra.it\/es\/wp-json\/wp\/v2\/pages\/2906"}],"collection":[{"href":"https:\/\/algra.it\/es\/wp-json\/wp\/v2\/pages"}],"about":[{"href":"https:\/\/algra.it\/es\/wp-json\/wp\/v2\/types\/page"}],"author":[{"embeddable":true,"href":"https:\/\/algra.it\/es\/wp-json\/wp\/v2\/users\/1"}],"replies":[{"embeddable":true,"href":"https:\/\/algra.it\/es\/wp-json\/wp\/v2\/comments?post=2906"}],"version-history":[{"count":1,"href":"https:\/\/algra.it\/es\/wp-json\/wp\/v2\/pages\/2906\/revisions"}],"predecessor-version":[{"id":2921,"href":"https:\/\/algra.it\/es\/wp-json\/wp\/v2\/pages\/2906\/revisions\/2921"}],"wp:attachment":[{"href":"https:\/\/algra.it\/es\/wp-json\/wp\/v2\/media?parent=2906"}],"curies":[{"name":"wp","href":"https:\/\/api.w.org\/{rel}","templated":true}]}}