{"id":1023,"date":"2015-12-14T07:14:55","date_gmt":"2015-12-14T07:14:55","guid":{"rendered":"http:\/\/consulting.stylemixthemes.com\/demo\/?page_id=2"},"modified":"2025-02-05T09:33:53","modified_gmt":"2025-02-05T08:33:53","slug":"sample-page","status":"publish","type":"page","link":"https:\/\/algra.it\/fr\/","title":{"rendered":"Home"},"content":{"rendered":"<p>[vc_row css=\u00a0\u00bb.vc_custom_1450677977665{margin-bottom: 0px !important;}\u00a0\u00bb][vc_column offset=\u00a0\u00bbvc_hidden-xs\u00a0\u00bb][rev_slider_vc alias=\u00a0\u00bbhome-fr\u00a0\u00bb][\/vc_column][\/vc_row][vc_row full_width=\u00a0\u00bbstretch_row\u00a0\u00bb el_class=\u00a0\u00bbthird_bg_color\u00a0\u00bb css=\u00a0\u00bb.vc_custom_1484919746119{margin-bottom: 0px !important;padding-top: 12px !important;padding-bottom: 12px !important;}\u00a0\u00bb][vc_column][vc_cta h2=\u00a0\u00bbContactez-nous pour plus d&rsquo;informations sur nos produits.\u00a0\u00bb h2_font_container=\u00a0\u00bbfont_size:20px|color:%23000000|line_height:24px\u00a0\u00bb h2_use_theme_fonts=\u00a0\u00bbyes\u00a0\u00bb shape=\u00a0\u00bbsquare\u00a0\u00bb style=\u00a0\u00bbflat\u00a0\u00bb add_button=\u00a0\u00bbright\u00a0\u00bb btn_title=\u00a0\u00bbCONTACTEZ-NOUS\u00a0\u00bb btn_style=\u00a0\u00bbflat\u00a0\u00bb btn_color=\u00a0\u00bbtheme_style_2&Prime; btn_align=\u00a0\u00bbright\u00a0\u00bb btn_i_align=\u00a0\u00bbright\u00a0\u00bb btn_i_icon_fontawesome=\u00a0\u00bbfa fa-chevron-right\u00a0\u00bb btn_css_animation=\u00a0\u00bbright-to-left\u00a0\u00bb use_custom_fonts_h2=\u00a0\u00bbtrue\u00a0\u00bb btn_button_block=\u00a0\u00bbtrue\u00a0\u00bb btn_add_icon=\u00a0\u00bbtrue\u00a0\u00bb el_class=\u00a0\u00bbthird_bg_color\u00a0\u00bb css=\u00a0\u00bb.vc_custom_1488370473152{margin-bottom: 0px !important;}\u00a0\u00bb btn_link=\u00a0\u00bburl:%2Ffr%2Fcontacts%2F||\u00a0\u00bb][\/vc_cta][\/vc_column][\/vc_row][vc_row full_width=\u00a0\u00bbstretch_row\u00a0\u00bb css=\u00a0\u00bb.vc_custom_1484919464329{margin-top: 0px !important;padding-top: 25px !important;padding-bottom: 70px !important;background-color: #f2f2f2 !important;}\u00a0\u00bb][vc_column][vc_custom_heading text=\u00a0\u00bbTechnologie, innovation, qualit\u00e9 et fiabilit\u00e9\u00a0\u00bb font_container=\u00a0\u00bbtag:h2|font_size:45px|text_align:center|line_height:60px\u00a0\u00bb use_theme_fonts=\u00a0\u00bbyes\u00a0\u00bb el_class=\u00a0\u00bbbase_font_color\u00a0\u00bb css=\u00a0\u00bb.vc_custom_1487808361372{margin-bottom: 28px !important;}\u00a0\u00bb subtitle=\u00a0\u00bbLes travaux m\u00e9caniques qui nous distinguent\u00a0\u00bb][vc_row_inner css=\u00a0\u00bb.vc_custom_1455871593995{margin-bottom: 30px !important;}\u00a0\u00bb][vc_column_inner][vc_single_image image=\u00a0\u00bb6660&Prime; img_size=\u00a0\u00bbfull\u00a0\u00bb alignment=\u00a0\u00bbcenter\u00a0\u00bb][\/vc_column_inner][\/vc_row_inner][vc_empty_space height=\u00a0\u00bb20px\u00a0\u00bb][vc_row_inner][vc_column_inner width=\u00a0\u00bb1\/4&Prime;][\/vc_column_inner][vc_column_inner width=\u00a0\u00bb1\/4&Prime;][vc_btn title=\u00a0\u00bbTravaux m\u00e9caniques\u00a0\u00bb color=\u00a0\u00bbblack\u00a0\u00bb align=\u00a0\u00bbcenter\u00a0\u00bb link=\u00a0\u00bburl:%2Ffr%2Ftravaux-dusinage%2F||\u00a0\u00bb][\/vc_column_inner][vc_column_inner width=\u00a0\u00bb1\/4&Prime;][vc_btn title=\u00a0\u00bbAccessoires pour tours\u00a0\u00bb color=\u00a0\u00bbblack\u00a0\u00bb align=\u00a0\u00bbcenter\u00a0\u00bb link=\u00a0\u00bburl:%2Ffr%2Faccessoires-pour-tours%2F||\u00a0\u00bb][\/vc_column_inner][vc_column_inner width=\u00a0\u00bb1\/4&Prime;][\/vc_column_inner][\/vc_row_inner][\/vc_column][\/vc_row][vc_row full_width=\u00a0\u00bbstretch_row\u00a0\u00bb el_class=\u00a0\u00bboverlay fixed_bg\u00a0\u00bb css=\u00a0\u00bb.vc_custom_1484590182520{margin-bottom: 0px !important;padding-top: 110px !important;padding-bottom: 81px !important;background-image: url(http:\/\/algra.it\/wp-content\/uploads\/algra-machine-tool-accessories.jpg?id=2117) !important;background-position: center !important;background-repeat: no-repeat !important;background-size: cover !important;}\u00a0\u00bb][vc_column][vc_row_inner][vc_column_inner][vc_custom_heading icon=\u00a0\u00bbstm-check\u00a0\u00bb icon_size=\u00a0\u00bb67&Prime; text=\u00a0\u00bb<mark>Un catalogue produit<\/mark><br \/>\ncomplet et exhaustif.\u00a0\u00bb font_container=\u00a0\u00bbtag:h4|font_size:45px|text_align:left|color:%23ffffff|line_height:45px\u00a0\u00bb google_fonts=\u00a0\u00bbfont_family:Poppins%3A300%2Cregular%2C500%2C600%2C700|font_style:700%20bold%3A700%3Anormal\u00a0\u00bb custom_icon=\u00a0\u00bbstm-check\u00a0\u00bb css=\u00a0\u00bb.vc_custom_1488722670301{margin-bottom: 61px !important;}\u00a0\u00bb el_class=\u00a0\u00bbno_stripe\u00a0\u00bb subtitle_color=\u00a0\u00bb#ffffff\u00a0\u00bb][\/vc_column_inner][\/vc_row_inner][vc_row_inner][vc_column_inner width=\u00a0\u00bb1\/6&Prime;][\/vc_column_inner][vc_column_inner width=\u00a0\u00bb1\/6&Prime;][stm_stats_counter counter_value=\u00a0\u00bb75&Prime; title=\u00a0\u00bbConstructeur de machine\u00a0\u00bb][\/vc_column_inner][vc_column_inner width=\u00a0\u00bb1\/6&Prime;][stm_stats_counter counter_value=\u00a0\u00bb400&Prime; title=\u00a0\u00bbMod\u00e8le de machine\u00a0\u00bb][\/vc_column_inner][vc_column_inner width=\u00a0\u00bb1\/6&Prime;][stm_stats_counter counter_value=\u00a0\u00bb60&Prime; title=\u00a0\u00bbAccouplements disponibles\u00a0\u00bb][\/vc_column_inner][vc_column_inner width=\u00a0\u00bb1\/6&Prime;][stm_stats_counter counter_value=\u00a0\u00bb100&Prime; counter_value_suf=\u00a0\u00bb%\u00a0\u00bb title=\u00a0\u00bbQualit\u00e9\u00a0\u00bb][\/vc_column_inner][vc_column_inner width=\u00a0\u00bb1\/6&Prime;][\/vc_column_inner][\/vc_row_inner][vc_empty_space height=\u00a0\u00bb80px\u00a0\u00bb][vc_btn title=\u00a0\u00bbRegardez notre catalogue\u00a0\u00bb align=\u00a0\u00bbcenter\u00a0\u00bb link=\u00a0\u00bburl:https%3A%2F%2Ftc.algra.it%2F|||\u00a0\u00bb][\/vc_column][\/vc_row][vc_row full_width=\u00a0\u00bbstretch_row\u00a0\u00bb el_class=\u00a0\u00bbthird_bg_color\u00a0\u00bb css=\u00a0\u00bb.vc_custom_1484919757032{margin-bottom: 53px !important;padding-top: 12px !important;padding-bottom: 12px !important;}\u00a0\u00bb][vc_column][vc_cta h2=\u00a0\u00bbContactez-nous pour plus d&rsquo;informations sur nos produits.\u00a0\u00bb h2_font_container=\u00a0\u00bbfont_size:20px|color:%23000000|line_height:24px\u00a0\u00bb h2_use_theme_fonts=\u00a0\u00bbyes\u00a0\u00bb shape=\u00a0\u00bbsquare\u00a0\u00bb style=\u00a0\u00bbflat\u00a0\u00bb add_button=\u00a0\u00bbright\u00a0\u00bb btn_title=\u00a0\u00bbCONTACTEZ-NOUS\u00a0\u00bb btn_style=\u00a0\u00bbflat\u00a0\u00bb btn_color=\u00a0\u00bbtheme_style_2&Prime; btn_align=\u00a0\u00bbright\u00a0\u00bb btn_i_align=\u00a0\u00bbright\u00a0\u00bb btn_i_icon_fontawesome=\u00a0\u00bbfa fa-chevron-right\u00a0\u00bb btn_css_animation=\u00a0\u00bbright-to-left\u00a0\u00bb use_custom_fonts_h2=\u00a0\u00bbtrue\u00a0\u00bb btn_button_block=\u00a0\u00bbtrue\u00a0\u00bb btn_add_icon=\u00a0\u00bbtrue\u00a0\u00bb el_class=\u00a0\u00bbthird_bg_color\u00a0\u00bb css=\u00a0\u00bb.vc_custom_1488370574564{margin-bottom: 0px !important;}\u00a0\u00bb btn_link=\u00a0\u00bburl:%2Ffr%2Fcontacts%2F||\u00a0\u00bb][\/vc_cta][\/vc_column][\/vc_row][vc_row css=\u00a0\u00bb.vc_custom_1451479401686{margin-bottom: 31px !important;}\u00a0\u00bb][vc_column][vc_custom_heading text=\u00a0\u00bbRendez-vous et \u00e9v\u00e9nements\u00a0\u00bb font_container=\u00a0\u00bbtag:h2|font_size:45px|text_align:center\u00a0\u00bb use_theme_fonts=\u00a0\u00bbyes\u00a0\u00bb][stm_news posts_per_row=\u00a0\u00bb4&Prime;][vc_empty_space height=\u00a0\u00bb20px\u00a0\u00bb][vc_row_inner][vc_column_inner width=\u00a0\u00bb1\/4&Prime;][\/vc_column_inner][vc_column_inner width=\u00a0\u00bb1\/4&Prime;][vc_btn title=\u00a0\u00bbLes prochains \u00e9v\u00e9nements\u00a0\u00bb style=\u00a0\u00bbflat\u00a0\u00bb color=\u00a0\u00bbblack\u00a0\u00bb align=\u00a0\u00bbcenter\u00a0\u00bb i_icon_fontawesome=\u00a0\u00bbstm-stm14_calendar\u00a0\u00bb add_icon=\u00a0\u00bbtrue\u00a0\u00bb link=\u00a0\u00bburl:%2Ffr%2Fles-prochains-evenements%2F||\u00a0\u00bb][\/vc_column_inner][vc_column_inner width=\u00a0\u00bb1\/4&Prime;][vc_btn title=\u00a0\u00bbPr\u00e9sence aux \u00e9v\u00e9nements\u00a0\u00bb style=\u00a0\u00bboutline-custom\u00a0\u00bb outline_custom_color=\u00a0\u00bb#333333&Prime; outline_custom_hover_background=\u00a0\u00bb#333333&Prime; outline_custom_hover_text=\u00a0\u00bb#ffffff\u00a0\u00bb align=\u00a0\u00bbcenter\u00a0\u00bb link=\u00a0\u00bburl:%2Ffr%2Fpresence-evenements%2F||\u00a0\u00bb][\/vc_column_inner][vc_column_inner width=\u00a0\u00bb1\/4&Prime;][\/vc_column_inner][\/vc_row_inner][\/vc_column][\/vc_row]<\/p>\n","protected":false},"excerpt":{"rendered":"<p>[vc_row css=\u00a0\u00bb.vc_custom_1450677977665{margin-bottom: 0px !important;}\u00a0\u00bb][vc_column offset=\u00a0\u00bbvc_hidden-xs\u00a0\u00bb][rev_slider_vc alias=\u00a0\u00bbhome-fr\u00a0\u00bb][\/vc_column][\/vc_row][vc_row full_width=\u00a0\u00bbstretch_row\u00a0\u00bb el_class=\u00a0\u00bbthird_bg_color\u00a0\u00bb css=\u00a0\u00bb.vc_custom_1484919746119{margin-bottom: 0px !important;padding-top: 12px !important;padding-bottom: 12px !important;}\u00a0\u00bb][vc_column][vc_cta h2=\u00a0\u00bbContactez-nous pour plus d&rsquo;informations sur nos produits.\u00a0\u00bb h2_font_container=\u00a0\u00bbfont_size:20px|color:%23000000|line_height:24px\u00a0\u00bb h2_use_theme_fonts=\u00a0\u00bbyes\u00a0\u00bb shape=\u00a0\u00bbsquare\u00a0\u00bb style=\u00a0\u00bbflat\u00a0\u00bb add_button=\u00a0\u00bbright\u00a0\u00bb btn_title=\u00a0\u00bbCONTACTEZ-NOUS\u00a0\u00bb btn_style=\u00a0\u00bbflat\u00a0\u00bb btn_color=\u00a0\u00bbtheme_style_2&Prime; btn_align=\u00a0\u00bbright\u00a0\u00bb btn_i_align=\u00a0\u00bbright\u00a0\u00bb btn_i_icon_fontawesome=\u00a0\u00bbfa fa-chevron-right\u00a0\u00bb btn_css_animation=\u00a0\u00bbright-to-left\u00a0\u00bb use_custom_fonts_h2=\u00a0\u00bbtrue\u00a0\u00bb btn_button_block=\u00a0\u00bbtrue\u00a0\u00bb btn_add_icon=\u00a0\u00bbtrue\u00a0\u00bb el_class=\u00a0\u00bbthird_bg_color\u00a0\u00bb css=\u00a0\u00bb.vc_custom_1488370473152{margin-bottom: 0px !important;}\u00a0\u00bb btn_link=\u00a0\u00bburl:%2Ffr%2Fcontacts%2F||\u00a0\u00bb][\/vc_cta][\/vc_column][\/vc_row][vc_row full_width=\u00a0\u00bbstretch_row\u00a0\u00bb css=\u00a0\u00bb.vc_custom_1484919464329{margin-top: 0px !important;padding-top: 25px !important;padding-bottom: 70px !important;background-color: #f2f2f2 !important;}\u00a0\u00bb][vc_column][vc_custom_heading text=\u00a0\u00bbTechnologie, innovation,<\/p>\n","protected":false},"author":1,"featured_media":0,"parent":0,"menu_order":0,"comment_status":"closed","ping_status":"closed","template":"","meta":[],"yoast_head":"<!-- This site is optimized with the Yoast SEO plugin v16.6.1 - https:\/\/yoast.com\/wordpress\/plugins\/seo\/ -->\n<title>Home - M\u00e9canique de pr\u00e9cision | Algra<\/title>\n<meta name=\"robots\" content=\"index, follow, max-snippet:-1, max-image-preview:large, max-video-preview:-1\" \/>\n<link rel=\"canonical\" href=\"https:\/\/algra.it\/fr\/\" \/>\n<meta property=\"og:locale\" content=\"fr_FR\" \/>\n<meta property=\"og:type\" content=\"article\" \/>\n<meta property=\"og:title\" content=\"Home - M\u00e9canique de pr\u00e9cision | Algra\" \/>\n<meta property=\"og:description\" content=\"[vc_row css=\u00a0\u00bb.vc_custom_1450677977665{margin-bottom: 0px !important;}\u00a0\u00bb][vc_column offset=\u00a0\u00bbvc_hidden-xs\u00a0\u00bb][rev_slider_vc alias=\u00a0\u00bbhome-fr\u00a0\u00bb][\/vc_column][\/vc_row][vc_row full_width=\u00a0\u00bbstretch_row\u00a0\u00bb el_class=\u00a0\u00bbthird_bg_color\u00a0\u00bb css=\u00a0\u00bb.vc_custom_1484919746119{margin-bottom: 0px !important;padding-top: 12px !important;padding-bottom: 12px !important;}\u00a0\u00bb][vc_column][vc_cta h2=\u00a0\u00bbContactez-nous pour plus d&rsquo;informations sur nos produits.\u00a0\u00bb h2_font_container=\u00a0\u00bbfont_size:20px|color:%23000000|line_height:24px\u00a0\u00bb h2_use_theme_fonts=\u00a0\u00bbyes\u00a0\u00bb shape=\u00a0\u00bbsquare\u00a0\u00bb style=\u00a0\u00bbflat\u00a0\u00bb add_button=\u00a0\u00bbright\u00a0\u00bb btn_title=\u00a0\u00bbCONTACTEZ-NOUS\u00a0\u00bb btn_style=\u00a0\u00bbflat\u00a0\u00bb btn_color=\u00a0\u00bbtheme_style_2&Prime; btn_align=\u00a0\u00bbright\u00a0\u00bb btn_i_align=\u00a0\u00bbright\u00a0\u00bb btn_i_icon_fontawesome=\u00a0\u00bbfa fa-chevron-right\u00a0\u00bb btn_css_animation=\u00a0\u00bbright-to-left\u00a0\u00bb use_custom_fonts_h2=\u00a0\u00bbtrue\u00a0\u00bb btn_button_block=\u00a0\u00bbtrue\u00a0\u00bb btn_add_icon=\u00a0\u00bbtrue\u00a0\u00bb el_class=\u00a0\u00bbthird_bg_color\u00a0\u00bb css=\u00a0\u00bb.vc_custom_1488370473152{margin-bottom: 0px !important;}\u00a0\u00bb btn_link=\u00a0\u00bburl:%2Ffr%2Fcontacts%2F||\u00a0\u00bb][\/vc_cta][\/vc_column][\/vc_row][vc_row full_width=\u00a0\u00bbstretch_row\u00a0\u00bb css=\u00a0\u00bb.vc_custom_1484919464329{margin-top: 0px !important;padding-top: 25px !important;padding-bottom: 70px !important;background-color: #f2f2f2 !important;}\u00a0\u00bb][vc_column][vc_custom_heading text=\u00a0\u00bbTechnologie, innovation,\" \/>\n<meta property=\"og:url\" content=\"https:\/\/algra.it\/fr\/\" \/>\n<meta property=\"og:site_name\" content=\"M\u00e9canique de pr\u00e9cision | Algra\" \/>\n<meta property=\"article:modified_time\" content=\"2025-02-05T08:33:53+00:00\" \/>\n<meta name=\"twitter:card\" content=\"summary\" \/>\n<meta name=\"twitter:label1\" content=\"Dur\u00e9e de lecture est.\" \/>\n\t<meta name=\"twitter:data1\" content=\"1 minute\" \/>\n<script type=\"application\/ld+json\" class=\"yoast-schema-graph\">{\"@context\":\"https:\/\/schema.org\",\"@graph\":[{\"@type\":\"WebSite\",\"@id\":\"https:\/\/algra.it\/#website\",\"url\":\"https:\/\/algra.it\/\",\"name\":\"M\\u00e9canique de pr\\u00e9cision | Algra\",\"description\":\"Lavorazioni meccaniche di precisione, accessori per torni, portautensili speciali, alberi mandrino\",\"potentialAction\":[{\"@type\":\"SearchAction\",\"target\":{\"@type\":\"EntryPoint\",\"urlTemplate\":\"https:\/\/algra.it\/?s={search_term_string}\"},\"query-input\":\"required name=search_term_string\"}],\"inLanguage\":\"fr-FR\"},{\"@type\":\"WebPage\",\"@id\":\"https:\/\/algra.it\/fr\/#webpage\",\"url\":\"https:\/\/algra.it\/fr\/\",\"name\":\"Home - M\\u00e9canique de pr\\u00e9cision | Algra\",\"isPartOf\":{\"@id\":\"https:\/\/algra.it\/#website\"},\"datePublished\":\"2015-12-14T07:14:55+00:00\",\"dateModified\":\"2025-02-05T08:33:53+00:00\",\"breadcrumb\":{\"@id\":\"https:\/\/algra.it\/fr\/#breadcrumb\"},\"inLanguage\":\"fr-FR\",\"potentialAction\":[{\"@type\":\"ReadAction\",\"target\":[\"https:\/\/algra.it\/fr\/\"]}]},{\"@type\":\"BreadcrumbList\",\"@id\":\"https:\/\/algra.it\/fr\/#breadcrumb\",\"itemListElement\":[{\"@type\":\"ListItem\",\"position\":1,\"name\":\"Home\",\"item\":\"https:\/\/algra.it\/fr\/\"},{\"@type\":\"ListItem\",\"position\":2,\"name\":\"Home\"}]}]}<\/script>\n<!-- \/ Yoast SEO plugin. -->","_links":{"self":[{"href":"https:\/\/algra.it\/fr\/wp-json\/wp\/v2\/pages\/1023"}],"collection":[{"href":"https:\/\/algra.it\/fr\/wp-json\/wp\/v2\/pages"}],"about":[{"href":"https:\/\/algra.it\/fr\/wp-json\/wp\/v2\/types\/page"}],"author":[{"embeddable":true,"href":"https:\/\/algra.it\/fr\/wp-json\/wp\/v2\/users\/1"}],"replies":[{"embeddable":true,"href":"https:\/\/algra.it\/fr\/wp-json\/wp\/v2\/comments?post=1023"}],"version-history":[{"count":109,"href":"https:\/\/algra.it\/fr\/wp-json\/wp\/v2\/pages\/1023\/revisions"}],"predecessor-version":[{"id":18191,"href":"https:\/\/algra.it\/fr\/wp-json\/wp\/v2\/pages\/1023\/revisions\/18191"}],"wp:attachment":[{"href":"https:\/\/algra.it\/fr\/wp-json\/wp\/v2\/media?parent=1023"}],"curies":[{"name":"wp","href":"https:\/\/api.w.org\/{rel}","templated":true}]}}