{"id":2506,"date":"2017-02-23T01:54:15","date_gmt":"2017-02-23T00:54:15","guid":{"rendered":"http:\/\/algra.it\/?page_id=2506\/"},"modified":"2024-12-04T17:03:17","modified_gmt":"2024-12-04T16:03:17","slug":"notre-entreprise","status":"publish","type":"page","link":"https:\/\/algra.it\/fr\/notre-entreprise\/","title":{"rendered":"Notre Entreprise"},"content":{"rendered":"<p>[vc_row full_width=\u00a0\u00bbstretch_row_content_no_spaces\u00a0\u00bb parallax=\u00a0\u00bbcontent-moving\u00a0\u00bb css=\u00a0\u00bb.vc_custom_1476927093140{margin-bottom: 0px !important;}\u00a0\u00bb][vc_column offset=\u00a0\u00bbvc_hidden-xs\u00a0\u00bb][vc_single_image image=\u00a0\u00bb17728&Prime; img_size=\u00a0\u00bbfull\u00a0\u00bb alignment=\u00a0\u00bbcenter\u00a0\u00bb][\/vc_column][\/vc_row][vc_row full_width=\u00a0\u00bbstretch_row\u00a0\u00bb css=\u00a0\u00bb.vc_custom_1476929544406{margin-top: 0px !important;padding-top: 40px !important;padding-bottom: 40px !important;}\u00a0\u00bb][vc_column][vc_custom_heading text=\u00a0\u00bbUn partenaire Exp\u00e9rt et Pr\u00e9cis\u00a0\u00bb font_container=\u00a0\u00bbtag:h2|font_size:45px|text_align:center|line_height:60px\u00a0\u00bb use_theme_fonts=\u00a0\u00bbyes\u00a0\u00bb el_class=\u00a0\u00bbbase_font_color\u00a0\u00bb css=\u00a0\u00bb.vc_custom_1487864991639{margin-bottom: 28px !important;}\u00a0\u00bb][vc_column_text]<strong>ALGRA S.p.A.<\/strong>, en cinquante ans d\u2019activit\u00e9, rejoint des positions de leader dans l\u2019usinage de precision, travaillant en partenariat avec les leaders mondiaux les plus importants dans les secteurs de l\u2019energie, de l\u2019instrumentation et de la machine outils.<\/p>\n<p>L&rsquo;entreprise s&rsquo;est forg\u00e9 une <strong>excellente r\u00e9putation internationale<\/strong>, gr\u00e2ce \u00e0 sa capacit\u00e9 \u00e0 proposer des solutions innovantes, personnalis\u00e9es et performantes, r\u00e9pondant rapidement aux besoins d&rsquo;un march\u00e9 en constante \u00e9volution.<\/p>\n<p>ALGRA S.p.A. est une entreprise solide et bien organis\u00e9e dont le chiffre d&rsquo;affaires annuel d\u00e9passe les 25 millions d&rsquo;euros. L&rsquo;entreprise emploie une <strong>\u00e9quipe hautement qualifi\u00e9e<\/strong> d&rsquo;environ 100 professionnels, qui travaillent dans une zone de production et de bureaux d&rsquo;une superficie de 18 000 m2.[\/vc_column_text][vc_column_text]<\/p>\n<blockquote><p><em>Fond\u00e9e par <strong>Alberto<\/strong> <strong>Pesenti<\/strong>, qui en est actuellement le Pr\u00e9sident-Directeur G\u00e9n\u00e9ral, ALGRA S.p.A. poursuit sa croissance sous l&rsquo;\u00e9gide d&rsquo;une direction exp\u00e9riment\u00e9e et strat\u00e9gique.<\/em><\/p><\/blockquote>\n<p>[\/vc_column_text][vc_gallery images=\u00a0\u00bb17700,17655&Prime; img_size=\u00a0\u00bbfull\u00a0\u00bb][\/vc_column][\/vc_row][vc_row full_width=\u00a0\u00bbstretch_row\u00a0\u00bb el_class=\u00a0\u00bbthird_bg_color\u00a0\u00bb css=\u00a0\u00bb.vc_custom_1484919913185{margin-bottom: 0px !important;padding-top: 12px !important;padding-bottom: 12px !important;}\u00a0\u00bb][vc_column][vc_cta h2=\u00a0\u00bbContactez-nous pour plus d&rsquo;informations sur nos produits.\u00a0\u00bb h2_font_container=\u00a0\u00bbfont_size:20px|color:%23000000|line_height:24px\u00a0\u00bb h2_use_theme_fonts=\u00a0\u00bbyes\u00a0\u00bb shape=\u00a0\u00bbsquare\u00a0\u00bb style=\u00a0\u00bbflat\u00a0\u00bb add_button=\u00a0\u00bbright\u00a0\u00bb btn_title=\u00a0\u00bbCONTACTEZ-NOUS\u00a0\u00bb btn_style=\u00a0\u00bbflat\u00a0\u00bb btn_color=\u00a0\u00bbtheme_style_2&Prime; btn_align=\u00a0\u00bbright\u00a0\u00bb btn_i_align=\u00a0\u00bbright\u00a0\u00bb btn_i_icon_fontawesome=\u00a0\u00bbfa fa-chevron-right\u00a0\u00bb btn_css_animation=\u00a0\u00bbright-to-left\u00a0\u00bb use_custom_fonts_h2=\u00a0\u00bbtrue\u00a0\u00bb btn_button_block=\u00a0\u00bbtrue\u00a0\u00bb btn_add_icon=\u00a0\u00bbtrue\u00a0\u00bb el_class=\u00a0\u00bbthird_bg_color\u00a0\u00bb css=\u00a0\u00bb.vc_custom_1488370383711{margin-bottom: 0px !important;}\u00a0\u00bb btn_link=\u00a0\u00bburl:%2Ffr%2Fcontacts%2F||\u00a0\u00bb][\/vc_cta][\/vc_column][\/vc_row][vc_row full_width=\u00a0\u00bbstretch_row\u00a0\u00bb css=\u00a0\u00bb.vc_custom_1476929544406{margin-top: 0px !important;padding-top: 40px !important;padding-bottom: 40px !important;}\u00a0\u00bb][vc_column][vc_custom_heading text=\u00a0\u00bbHistoire: un regard sur les origines\u00a0\u00bb font_container=\u00a0\u00bbtag:h2|font_size:45px|text_align:center|line_height:60px\u00a0\u00bb use_theme_fonts=\u00a0\u00bbyes\u00a0\u00bb el_class=\u00a0\u00bbbase_font_color\u00a0\u00bb css=\u00a0\u00bb.vc_custom_1488369880178{margin-bottom: 28px !important;}\u00a0\u00bb][stm_company_history][stm_company_history_item year=\u00a0\u00bb1974&Prime; title=\u00a0\u00bbAlberto Pesenti commence son activit\u00e9\u00a0\u00bb description=\u00a0\u00bbAvec un tour d&rsquo;occasion dans le garage de sa maison \u00e0 Brembilla, un petit village \u00e0 20 kilom\u00e8tres de Bergamo en Italie. Un d\u00e9but d\u2019histoire commune \u00e0 de nombreuses petites entreprises artisanales de cette vall\u00e9e.\u00a0\u00bb][stm_company_history_item year=\u00a0\u00bb1976&Prime; title=\u00a0\u00bbCr\u00e9ation d&rsquo;AL.GRA S.n.c, acronyme des noms des fr\u00e8res Pesenti\u00a0\u00bb description=\u00a0\u00bbD\u00e8s le d\u00e9part, il souhaite donner \u00e0 son entreprise un caract\u00e8re industriel : travailler pour la croissance en qualit\u00e9 dans le monde de la sous-traitance de l\u2019usinage m\u00e9canique de pr\u00e9cision.\u00a0\u00bb][stm_company_history_item year=\u00a0\u00bb&rsquo;80\u00a0\u00bb title=\u00a0\u00bbAchat de la premi\u00e8re usine de Val Brembilla\u00a0\u00bb description=\u00a0\u00bbL&rsquo;entreprise continue de cro\u00eetre et commence \u00e0 dessiner sa propre empreinte, faite de comp\u00e9tences, de d\u00e9termination \u00e0 atteindre les objectifs, de d\u00e9fis et de culture d&rsquo;entreprise.<br \/>\nLa premi\u00e8re usine voit le jour dans le Val Brembilla : une structure fonctionnelle de 500 m2, \u00e9tendue par la suite \u00e0 une surface de 2000 m2.<br \/>\nUn peu plus de dix ans apr\u00e8s sa fondation, le petit atelier artisanal se transforme en une soci\u00e9t\u00e9 anonyme, ALGRA S.p.a.\u00a0\u00bb][stm_company_history_item year=\u00a0\u00bb&rsquo;90\u00a0\u00bb title=\u00a0\u00bbLa production de la marque ALGRA et l&rsquo;usine d&rsquo;Almenno\u00a0\u00bb description=\u00a0\u00bbL&rsquo;expansion de l&rsquo;activit\u00e9 dans diff\u00e9rents domaines au niveau international et la n\u00e9cessit\u00e9 de r\u00e9pondre rapidement aux d\u00e9fis et \u00e0 la concurrence des march\u00e9s ont conduit l&rsquo;entreprise \u00e0 se structurer en diff\u00e9renciant la production de produits pour des tiers avec la production d&rsquo;accessoires et de porte-outils de la marque ALGRA dans le catalogue.<br \/>\nLa nouvelle usine d&rsquo;Almenno San Salvatore (\u00e0 quelques kilom\u00e8tres de Bergame), \u00e0 la pointe de la technologie et bien organis\u00e9e, est le principal site de production et de bureaux et marque une \u00e9tape importante pour l&rsquo;entreprise.<br \/>\nD&rsquo;une superficie de 1 000 m2, adjacente au si\u00e8ge d\u00e9j\u00e0 op\u00e9rationnel de Val Brembilla, elle a permis d&rsquo;\u00e9tendre les activit\u00e9s d&rsquo;assemblage, dans le but d&rsquo;optimiser l&rsquo;organisation de la production et de la rendre plus moderne et technologiquement avanc\u00e9e.\u00a0\u00bb][stm_company_history_item year=\u00a0\u00bbAnn\u00e9es 2018-2019 \u00a0\u00bb title=\u00a0\u00bbD\u00e9veloppement de mod\u00e8les de production de pointe et du nouveau site de Presezzo\u00a0\u00bb description=\u00a0\u00bbLes syst\u00e8mes de production avanc\u00e9s du parc de machines sont compl\u00e9t\u00e9s par de nouvelles machines en vue de d\u00e9velopper des mod\u00e8les de production de technologie avanc\u00e9e.<br \/>\nAu cours de ces ann\u00e9es, une nouvelle usine est achet\u00e9e dans la grande zone industrielle de Mapello-Presezzo, dans le but d&rsquo;am\u00e9liorer l&rsquo;efficacit\u00e9 de la gestion et d&rsquo;optimiser la cha\u00eene d&rsquo;approvisionnement.<br \/>\nL&rsquo;usine est situ\u00e9e \u00e0:<br \/>\n\u2022 15 min de la sortie d&rsquo;autoroute Bergame,<br \/>\n\u2022 \u00e0 10 min de la sortie d&rsquo;autoroute Dalmine<br \/>\n\u2022 \u00e0 15 minutes de l&rsquo;a\u00e9roport d&rsquo;Orio al Serio (BGY)<br \/>\n\u2022 Directement connect\u00e9 \u00e0 l&rsquo;autoroute.<br \/>\n\u00ab\u00a0][stm_company_history_item year=\u00a0\u00bbAujourd&rsquo;hui\u00a0\u00bb title=\u00a0\u00bbCroissance continue et innovation\u00a0\u00bb description=\u00a0\u00bbLes activit\u00e9s sont men\u00e9es dans l&rsquo;usine d&rsquo;Almenno San Salvatore, qui dispose d&rsquo;une surface agrandie et r\u00e9nov\u00e9e d&rsquo;environ 13 000 m\u00e8tres carr\u00e9s et emploie plus de 100 personnes. Les usines de Val Brembilla et de Presezzo apportent un soutien pr\u00e9cieux \u00e0 la logistique de production.<\/p>\n<p>De nombreuses petites \u00e9tapes ont permis de construire une entreprise importante et \u00e0 l&rsquo;avant-garde dans son secteur, o\u00f9 l&rsquo;ensemble du personnel s&rsquo;engage, par ses comp\u00e9tences, son potentiel et sa participation, \u00e0 atteindre des objectifs et des valeurs partag\u00e9s : progr\u00e8s, qualit\u00e9, s\u00e9curit\u00e9 et durabilit\u00e9.\u00a0\u00bb][\/stm_company_history][\/vc_column][\/vc_row][vc_row full_width=\u00a0\u00bbstretch_row\u00a0\u00bb el_class=\u00a0\u00bboverlay fixed_bg\u00a0\u00bb css=\u00a0\u00bb.vc_custom_1487865586099{padding-top: 110px !important;padding-bottom: 81px !important;background-image: url(http:\/\/algra.it\/wp-content\/uploads\/algra-machine-tool-accessories.jpg?id=2117) !important;background-position: center !important;background-repeat: no-repeat !important;background-size: cover !important;}\u00a0\u00bb][vc_column][vc_custom_heading icon=\u00a0\u00bbstm-check\u00a0\u00bb icon_size=\u00a0\u00bb67&Prime; text=\u00a0\u00bb<mark>Un catalogue produit<\/mark><br \/>\ncomplet et exhaustif.\u00a0\u00bb font_container=\u00a0\u00bbtag:h2|font_size:45px|text_align:left|color:%23ffffff|line_height:45px\u00a0\u00bb google_fonts=\u00a0\u00bbfont_family:Poppins%3A300%2Cregular%2C500%2C600%2C700|font_style:400%20regular%3A400%3Anormal\u00a0\u00bb el_class=\u00a0\u00bbno_stripe\u00a0\u00bb subtitle_color=\u00a0\u00bb#ffffff\u00a0\u00bb][vc_row_inner][vc_column_inner width=\u00a0\u00bb1\/6&Prime;][\/vc_column_inner][vc_column_inner width=\u00a0\u00bb1\/6&Prime;][stm_stats_counter counter_value=\u00a0\u00bb75&Prime; title=\u00a0\u00bbConstructeur de machine\u00a0\u00bb][\/vc_column_inner][vc_column_inner width=\u00a0\u00bb1\/6&Prime;][stm_stats_counter counter_value=\u00a0\u00bb400&Prime; title=\u00a0\u00bbMod\u00e8le de machine\u00a0\u00bb][\/vc_column_inner][vc_column_inner width=\u00a0\u00bb1\/6&Prime;][stm_stats_counter counter_value=\u00a0\u00bb60&Prime; title=\u00a0\u00bbAccouplements disponibles\u00a0\u00bb][\/vc_column_inner][vc_column_inner width=\u00a0\u00bb1\/6&Prime;][stm_stats_counter counter_value=\u00a0\u00bb100&Prime; counter_value_suf=\u00a0\u00bb%\u00a0\u00bb title=\u00a0\u00bbQualit\u00e9\u00a0\u00bb][\/vc_column_inner][vc_column_inner width=\u00a0\u00bb1\/6&Prime;][\/vc_column_inner][\/vc_row_inner][vc_empty_space height=\u00a0\u00bb80px\u00a0\u00bb][vc_btn title=\u00a0\u00bbRegardez notre catalogue\u00a0\u00bb align=\u00a0\u00bbcenter\u00a0\u00bb link=\u00a0\u00bburl:https%3A%2F%2Ftc.algra.it%2F|||\u00a0\u00bb][\/vc_column][\/vc_row]<\/p>\n","protected":false},"excerpt":{"rendered":"<p>[vc_row full_width=\u00a0\u00bbstretch_row_content_no_spaces\u00a0\u00bb parallax=\u00a0\u00bbcontent-moving\u00a0\u00bb css=\u00a0\u00bb.vc_custom_1476927093140{margin-bottom: 0px !important;}\u00a0\u00bb][vc_column offset=\u00a0\u00bbvc_hidden-xs\u00a0\u00bb][vc_single_image image=\u00a0\u00bb17728&Prime; img_size=\u00a0\u00bbfull\u00a0\u00bb alignment=\u00a0\u00bbcenter\u00a0\u00bb][\/vc_column][\/vc_row][vc_row full_width=\u00a0\u00bbstretch_row\u00a0\u00bb css=\u00a0\u00bb.vc_custom_1476929544406{margin-top: 0px !important;padding-top: 40px !important;padding-bottom: 40px !important;}\u00a0\u00bb][vc_column][vc_custom_heading text=\u00a0\u00bbUn partenaire Exp\u00e9rt et Pr\u00e9cis\u00a0\u00bb font_container=\u00a0\u00bbtag:h2|font_size:45px|text_align:center|line_height:60px\u00a0\u00bb use_theme_fonts=\u00a0\u00bbyes\u00a0\u00bb el_class=\u00a0\u00bbbase_font_color\u00a0\u00bb css=\u00a0\u00bb.vc_custom_1487864991639{margin-bottom: 28px !important;}\u00a0\u00bb][vc_column_text]ALGRA S.p.A., en cinquante ans d\u2019activit\u00e9, rejoint des positions de leader dans l\u2019usinage de precision, travaillant en partenariat avec les leaders mondiaux les plus importants dans les<\/p>\n","protected":false},"author":1,"featured_media":0,"parent":0,"menu_order":10,"comment_status":"closed","ping_status":"closed","template":"","meta":[],"yoast_head":"<!-- This site is optimized with the Yoast SEO plugin v16.6.1 - https:\/\/yoast.com\/wordpress\/plugins\/seo\/ -->\n<title>Notre Entreprise - M\u00e9canique de pr\u00e9cision | Algra<\/title>\n<meta name=\"robots\" content=\"index, follow, max-snippet:-1, max-image-preview:large, max-video-preview:-1\" \/>\n<link rel=\"canonical\" href=\"https:\/\/algra.it\/fr\/notre-entreprise\/\" \/>\n<meta property=\"og:locale\" content=\"fr_FR\" \/>\n<meta property=\"og:type\" content=\"article\" \/>\n<meta property=\"og:title\" content=\"Notre Entreprise - M\u00e9canique de pr\u00e9cision | Algra\" \/>\n<meta property=\"og:description\" content=\"[vc_row full_width=\u00a0\u00bbstretch_row_content_no_spaces\u00a0\u00bb parallax=\u00a0\u00bbcontent-moving\u00a0\u00bb css=\u00a0\u00bb.vc_custom_1476927093140{margin-bottom: 0px !important;}\u00a0\u00bb][vc_column offset=\u00a0\u00bbvc_hidden-xs\u00a0\u00bb][vc_single_image image=\u00a0\u00bb17728&Prime; img_size=\u00a0\u00bbfull\u00a0\u00bb alignment=\u00a0\u00bbcenter\u00a0\u00bb][\/vc_column][\/vc_row][vc_row full_width=\u00a0\u00bbstretch_row\u00a0\u00bb css=\u00a0\u00bb.vc_custom_1476929544406{margin-top: 0px !important;padding-top: 40px !important;padding-bottom: 40px !important;}\u00a0\u00bb][vc_column][vc_custom_heading text=\u00a0\u00bbUn partenaire Exp\u00e9rt et Pr\u00e9cis\u00a0\u00bb font_container=\u00a0\u00bbtag:h2|font_size:45px|text_align:center|line_height:60px\u00a0\u00bb use_theme_fonts=\u00a0\u00bbyes\u00a0\u00bb el_class=\u00a0\u00bbbase_font_color\u00a0\u00bb css=\u00a0\u00bb.vc_custom_1487864991639{margin-bottom: 28px !important;}\u00a0\u00bb][vc_column_text]ALGRA S.p.A., en cinquante ans d\u2019activit\u00e9, rejoint des positions de leader dans l\u2019usinage de precision, travaillant en partenariat avec les leaders mondiaux les plus importants dans les\" \/>\n<meta property=\"og:url\" content=\"https:\/\/algra.it\/fr\/notre-entreprise\/\" \/>\n<meta property=\"og:site_name\" content=\"M\u00e9canique de pr\u00e9cision | Algra\" \/>\n<meta property=\"article:modified_time\" content=\"2024-12-04T16:03:17+00:00\" \/>\n<meta name=\"twitter:card\" content=\"summary\" \/>\n<meta name=\"twitter:label1\" content=\"Dur\u00e9e de lecture est.\" \/>\n\t<meta name=\"twitter:data1\" content=\"4 minutes\" \/>\n<script type=\"application\/ld+json\" class=\"yoast-schema-graph\">{\"@context\":\"https:\/\/schema.org\",\"@graph\":[{\"@type\":\"WebSite\",\"@id\":\"https:\/\/algra.it\/#website\",\"url\":\"https:\/\/algra.it\/\",\"name\":\"M\\u00e9canique de pr\\u00e9cision | Algra\",\"description\":\"Lavorazioni meccaniche di precisione, accessori per torni, portautensili speciali, alberi mandrino\",\"potentialAction\":[{\"@type\":\"SearchAction\",\"target\":{\"@type\":\"EntryPoint\",\"urlTemplate\":\"https:\/\/algra.it\/?s={search_term_string}\"},\"query-input\":\"required name=search_term_string\"}],\"inLanguage\":\"fr-FR\"},{\"@type\":\"WebPage\",\"@id\":\"https:\/\/algra.it\/fr\/notre-entreprise\/#webpage\",\"url\":\"https:\/\/algra.it\/fr\/notre-entreprise\/\",\"name\":\"Notre Entreprise - M\\u00e9canique de pr\\u00e9cision | Algra\",\"isPartOf\":{\"@id\":\"https:\/\/algra.it\/#website\"},\"datePublished\":\"2017-02-23T00:54:15+00:00\",\"dateModified\":\"2024-12-04T16:03:17+00:00\",\"breadcrumb\":{\"@id\":\"https:\/\/algra.it\/fr\/notre-entreprise\/#breadcrumb\"},\"inLanguage\":\"fr-FR\",\"potentialAction\":[{\"@type\":\"ReadAction\",\"target\":[\"https:\/\/algra.it\/fr\/notre-entreprise\/\"]}]},{\"@type\":\"BreadcrumbList\",\"@id\":\"https:\/\/algra.it\/fr\/notre-entreprise\/#breadcrumb\",\"itemListElement\":[{\"@type\":\"ListItem\",\"position\":1,\"name\":\"Home\",\"item\":\"https:\/\/algra.it\/fr\/\"},{\"@type\":\"ListItem\",\"position\":2,\"name\":\"Notre Entreprise\"}]}]}<\/script>\n<!-- \/ Yoast SEO plugin. -->","_links":{"self":[{"href":"https:\/\/algra.it\/fr\/wp-json\/wp\/v2\/pages\/2506"}],"collection":[{"href":"https:\/\/algra.it\/fr\/wp-json\/wp\/v2\/pages"}],"about":[{"href":"https:\/\/algra.it\/fr\/wp-json\/wp\/v2\/types\/page"}],"author":[{"embeddable":true,"href":"https:\/\/algra.it\/fr\/wp-json\/wp\/v2\/users\/1"}],"replies":[{"embeddable":true,"href":"https:\/\/algra.it\/fr\/wp-json\/wp\/v2\/comments?post=2506"}],"version-history":[{"count":30,"href":"https:\/\/algra.it\/fr\/wp-json\/wp\/v2\/pages\/2506\/revisions"}],"predecessor-version":[{"id":17735,"href":"https:\/\/algra.it\/fr\/wp-json\/wp\/v2\/pages\/2506\/revisions\/17735"}],"wp:attachment":[{"href":"https:\/\/algra.it\/fr\/wp-json\/wp\/v2\/media?parent=2506"}],"curies":[{"name":"wp","href":"https:\/\/api.w.org\/{rel}","templated":true}]}}