{"id":2510,"date":"2017-02-23T15:23:58","date_gmt":"2017-02-23T14:23:58","guid":{"rendered":"http:\/\/algra.it\/?page_id=2510\/"},"modified":"2025-02-05T09:40:48","modified_gmt":"2025-02-05T08:40:48","slug":"production-ingenierie","status":"publish","type":"page","link":"https:\/\/algra.it\/fr\/production-ingenierie\/","title":{"rendered":"Production"},"content":{"rendered":"<p>[vc_row full_width=\u00a0\u00bbstretch_row_content_no_spaces\u00a0\u00bb parallax=\u00a0\u00bbcontent-moving\u00a0\u00bb css=\u00a0\u00bb.vc_custom_1476927093140{margin-bottom: 0px !important;}\u00a0\u00bb][vc_column offset=\u00a0\u00bbvc_hidden-xs\u00a0\u00bb][vc_single_image image=\u00a0\u00bb1281&Prime; img_size=\u00a0\u00bbfull\u00a0\u00bb alignment=\u00a0\u00bbcenter\u00a0\u00bb][\/vc_column][\/vc_row][vc_row full_width=\u00a0\u00bbstretch_row\u00a0\u00bb css=\u00a0\u00bb.vc_custom_1476927317136{margin-top: 0px !important;padding-top: 40px !important;padding-bottom: 70px !important;background-color: #f2f2f2 !important;}\u00a0\u00bb][vc_column][vc_custom_heading text=\u00a0\u00bbProduction: Technique, Innovation et Pr\u00e9cision\u00a0\u00bb font_container=\u00a0\u00bbtag:h2|font_size:45px|text_align:center|line_height:60px\u00a0\u00bb use_theme_fonts=\u00a0\u00bbyes\u00a0\u00bb el_class=\u00a0\u00bbbase_font_color\u00a0\u00bb css=\u00a0\u00bb.vc_custom_1488370804636{margin-bottom: 28px !important;}\u00a0\u00bb][vc_column_text]L\u2019ensemble de la production est effectu\u00e9 dans l\u2019usine d\u2019Almenno San Salvatore. Le montage et assemblage des groupes compl\u00eats sont quant \u00e0 eux \u00e9ffectu\u00e9s dans l\u2019usine de Val Brembilla (Bergamo). La production s\u2019effectue sur un cycle de 24heures, avec l&rsquo;utilisation de machines CNC constamment mis \u00e0 jour aux nouvelles technologies et sont en mesure de r\u00e9aliser les travaux d&rsquo;usinage les plus complexes.<br \/>\nLe cycle de production se developpe avec un contr\u00f4le minutieux et efficace sur des machines et instruments de contr\u00f4le les plus sophistiqu\u00e9s.<br \/>\nLa capacit\u00e9 de production dimensionnelle peut atteindre jusqu&rsquo;\u00e0 2.100mm.[\/vc_column_text][vc_separator css=\u00a0\u00bb.vc_custom_1476927619221{margin-top: 20px !important;margin-bottom: 40px !important;}\u00a0\u00bb][vc_row_inner css=\u00a0\u00bb.vc_custom_1455871593995{margin-bottom: 30px !important;}\u00a0\u00bb][vc_column_inner width=\u00a0\u00bb1\/3&Prime;][stm_icon_box hide_title_line=\u00a0\u00bbhide_title_line\u00a0\u00bb enable_hexagon=\u00a0\u00bbenable\u00a0\u00bb enable_hexagon_animation=\u00a0\u00bbenable\u00a0\u00bb icon=\u00a0\u00bbstm-stm14_country\u00a0\u00bb style=\u00a0\u00bbicon_left\u00a0\u00bb icon_size=\u00a0\u00bb15&Prime; icon_width=\u00a0\u00bb78&Prime; title=\u00a0\u00bbTournage Horizontal<br \/>\net Verticale\u00a0\u00bb]Tournage horizontal : Diam\u00e8tre tournant sur banc \u00d8820, Diam\u00e8tre tournant rotatif sur le chariot transversal : 560mm. Tournage vertical : \u00d81400 \u00d7 1000[\/stm_icon_box][\/vc_column_inner][vc_column_inner width=\u00a0\u00bb1\/3&Prime;][stm_icon_box hide_title_line=\u00a0\u00bbhide_title_line\u00a0\u00bb enable_hexagon=\u00a0\u00bbenable\u00a0\u00bb enable_hexagon_animation=\u00a0\u00bbenable\u00a0\u00bb icon=\u00a0\u00bbstm-stm14_country\u00a0\u00bb style=\u00a0\u00bbicon_left\u00a0\u00bb icon_size=\u00a0\u00bb15&Prime; icon_width=\u00a0\u00bb78&Prime; title=\u00a0\u00bbFraisage universel<br \/>\n5 axes\u00a0\u00bb]Courses disponibles X=1800; Y=2100; Z=1250.[\/stm_icon_box][\/vc_column_inner][vc_column_inner width=\u00a0\u00bb1\/3&Prime;][stm_icon_box hide_title_line=\u00a0\u00bbhide_title_line\u00a0\u00bb enable_hexagon=\u00a0\u00bbenable\u00a0\u00bb enable_hexagon_animation=\u00a0\u00bbenable\u00a0\u00bb icon=\u00a0\u00bbstm-stm14_country\u00a0\u00bb style=\u00a0\u00bbicon_left\u00a0\u00bb icon_size=\u00a0\u00bb15&Prime; icon_width=\u00a0\u00bb78&Prime; title=\u00a0\u00bbFraisage<br \/>\nTournage\u00a0\u00bb]Courses disponibles : \u00d81400\u00d71000.[\/stm_icon_box][\/vc_column_inner][\/vc_row_inner][vc_row_inner][vc_column_inner width=\u00a0\u00bb1\/3&Prime;][stm_icon_box hide_title_line=\u00a0\u00bbhide_title_line\u00a0\u00bb enable_hexagon=\u00a0\u00bbenable\u00a0\u00bb enable_hexagon_animation=\u00a0\u00bbenable\u00a0\u00bb icon=\u00a0\u00bbstm-stm14_country\u00a0\u00bb style=\u00a0\u00bbicon_left\u00a0\u00bb icon_size=\u00a0\u00bb15&Prime; icon_width=\u00a0\u00bb78&Prime; title=\u00a0\u00bbRodeuse pour les trous<br \/>\net pour plat\u00a0\u00bb]Rodeuse pour plat (Plan \u00d81000) et rodeuse pour les trous jusqu&rsquo;au \u00d8350.[\/stm_icon_box][\/vc_column_inner][vc_column_inner width=\u00a0\u00bb1\/3&Prime;][stm_icon_box hide_title_line=\u00a0\u00bbhide_title_line\u00a0\u00bb enable_hexagon=\u00a0\u00bbenable\u00a0\u00bb enable_hexagon_animation=\u00a0\u00bbenable\u00a0\u00bb icon=\u00a0\u00bbstm-stm14_country\u00a0\u00bb style=\u00a0\u00bbicon_left\u00a0\u00bb icon_size=\u00a0\u00bb15&Prime; icon_width=\u00a0\u00bb78&Prime; title=\u00a0\u00bbRectifieuse cylindrique \u00e0<br \/>\nl&rsquo;int\u00e9rieur et \u00e0 l&rsquo;ext\u00e9rieur\u00a0\u00bb]Hauteur de pointes 250mm. Longueur max entre pointe 1600mm.[\/stm_icon_box][\/vc_column_inner][vc_column_inner width=\u00a0\u00bb1\/3&Prime;][stm_icon_box hide_title_line=\u00a0\u00bbhide_title_line\u00a0\u00bb enable_hexagon=\u00a0\u00bbenable\u00a0\u00bb enable_hexagon_animation=\u00a0\u00bbenable\u00a0\u00bb icon=\u00a0\u00bbstm-stm14_country\u00a0\u00bb style=\u00a0\u00bbicon_left\u00a0\u00bb icon_size=\u00a0\u00bb15&Prime; icon_width=\u00a0\u00bb78&Prime; title=\u00a0\u00bbRectifieuse<br \/>\ntangenciel\u00a0\u00bb]Courses disponibles 700&#215;1600 et de table rotative \u00d81200.[\/stm_icon_box][\/vc_column_inner][\/vc_row_inner][vc_empty_space height=\u00a0\u00bb80px\u00a0\u00bb][vc_row_inner][vc_column_inner width=\u00a0\u00bb1\/4&Prime;][\/vc_column_inner][vc_column_inner width=\u00a0\u00bb1\/4&Prime;][vc_btn title=\u00a0\u00bbTravaux m\u00e9caniques\u00a0\u00bb color=\u00a0\u00bbblack\u00a0\u00bb align=\u00a0\u00bbcenter\u00a0\u00bb link=\u00a0\u00bburl:%2Ffr%2Ftravaux-dusinage%2F||\u00a0\u00bb][\/vc_column_inner][vc_column_inner width=\u00a0\u00bb1\/4&Prime;][vc_btn title=\u00a0\u00bbAccessoires pour tours\u00a0\u00bb color=\u00a0\u00bbblack\u00a0\u00bb align=\u00a0\u00bbcenter\u00a0\u00bb link=\u00a0\u00bburl:%2Ffr%2Faccessoires-pour-tours%2F||\u00a0\u00bb][\/vc_column_inner][vc_column_inner width=\u00a0\u00bb1\/4&Prime;][\/vc_column_inner][\/vc_row_inner][\/vc_column][\/vc_row][vc_row full_width=\u00a0\u00bbstretch_row\u00a0\u00bb el_class=\u00a0\u00bbthird_bg_color\u00a0\u00bb css=\u00a0\u00bb.vc_custom_1484919941367{margin-bottom: 0px !important;padding-top: 12px !important;padding-bottom: 12px !important;}\u00a0\u00bb][vc_column][vc_cta h2=\u00a0\u00bbContactez-nous pour plus d&rsquo;informations sur nos produits.\u00a0\u00bb h2_font_container=\u00a0\u00bbfont_size:20px|color:%23000000|line_height:24px\u00a0\u00bb h2_use_theme_fonts=\u00a0\u00bbyes\u00a0\u00bb shape=\u00a0\u00bbsquare\u00a0\u00bb style=\u00a0\u00bbflat\u00a0\u00bb add_button=\u00a0\u00bbright\u00a0\u00bb btn_title=\u00a0\u00bbCONTACTEZ-NOUS\u00a0\u00bb btn_style=\u00a0\u00bbflat\u00a0\u00bb btn_color=\u00a0\u00bbtheme_style_2&Prime; btn_align=\u00a0\u00bbright\u00a0\u00bb btn_i_align=\u00a0\u00bbright\u00a0\u00bb btn_i_icon_fontawesome=\u00a0\u00bbfa fa-chevron-right\u00a0\u00bb btn_css_animation=\u00a0\u00bbright-to-left\u00a0\u00bb use_custom_fonts_h2=\u00a0\u00bbtrue\u00a0\u00bb btn_button_block=\u00a0\u00bbtrue\u00a0\u00bb btn_add_icon=\u00a0\u00bbtrue\u00a0\u00bb el_class=\u00a0\u00bbthird_bg_color\u00a0\u00bb css=\u00a0\u00bb.vc_custom_1488371419242{margin-bottom: 0px !important;}\u00a0\u00bb btn_link=\u00a0\u00bburl:%2Ffr%2Fcontacts%2F||\u00a0\u00bb][\/vc_cta][\/vc_column][\/vc_row][vc_row full_width=\u00a0\u00bbstretch_row\u00a0\u00bb el_class=\u00a0\u00bboverlay fixed_bg\u00a0\u00bb css=\u00a0\u00bb.vc_custom_1484609729527{margin-bottom: 0px !important;padding-top: 110px !important;padding-bottom: 81px !important;background-image: url(http:\/\/algra.it\/wp-content\/uploads\/algra-machine-tool-accessories.jpg?id=2117) !important;background-position: center !important;background-repeat: no-repeat !important;background-size: cover !important;}\u00a0\u00bb][vc_column][vc_row_inner][vc_column_inner][vc_custom_heading icon=\u00a0\u00bbstm-check\u00a0\u00bb icon_size=\u00a0\u00bb67&Prime; text=\u00a0\u00bb<mark>Un catalogue produit<\/mark><br \/>\ncomplet et exhaustif.\u00a0\u00bb font_container=\u00a0\u00bbtag:h4|font_size:45px|text_align:left|color:%23ffffff|line_height:45px\u00a0\u00bb google_fonts=\u00a0\u00bbfont_family:Poppins%3A300%2Cregular%2C500%2C600%2C700|font_style:700%20bold%3A700%3Anormal\u00a0\u00bb custom_icon=\u00a0\u00bbstm-check\u00a0\u00bb css=\u00a0\u00bb.vc_custom_1487894888062{margin-bottom: 61px !important;}\u00a0\u00bb el_class=\u00a0\u00bbno_stripe\u00a0\u00bb][\/vc_column_inner][\/vc_row_inner][vc_row_inner][vc_column_inner width=\u00a0\u00bb1\/6&Prime;][\/vc_column_inner][vc_column_inner width=\u00a0\u00bb1\/6&Prime;][stm_stats_counter counter_value=\u00a0\u00bb32&Prime; title=\u00a0\u00bbConstructeur de machine\u00a0\u00bb][\/vc_column_inner][vc_column_inner width=\u00a0\u00bb1\/6&Prime;][stm_stats_counter counter_value=\u00a0\u00bb211&Prime; title=\u00a0\u00bbMod\u00e8le de machine\u00a0\u00bb][\/vc_column_inner][vc_column_inner width=\u00a0\u00bb1\/6&Prime;][stm_stats_counter counter_value=\u00a0\u00bb58&Prime; title=\u00a0\u00bbAccouplements disponibles\u00a0\u00bb][\/vc_column_inner][vc_column_inner width=\u00a0\u00bb1\/6&Prime;][stm_stats_counter counter_value=\u00a0\u00bb100&Prime; counter_value_suf=\u00a0\u00bb%\u00a0\u00bb title=\u00a0\u00bbQualit\u00e9\u00a0\u00bb][\/vc_column_inner][vc_column_inner width=\u00a0\u00bb1\/6&Prime;][\/vc_column_inner][\/vc_row_inner][vc_empty_space height=\u00a0\u00bb80px\u00a0\u00bb][vc_btn title=\u00a0\u00bbRegardez notre catalogue\u00a0\u00bb align=\u00a0\u00bbcenter\u00a0\u00bb link=\u00a0\u00bburl:https%3A%2F%2Ftc.algra.it%2F|||\u00a0\u00bb][\/vc_column][\/vc_row]<\/p>\n","protected":false},"excerpt":{"rendered":"<p>[vc_row full_width=\u00a0\u00bbstretch_row_content_no_spaces\u00a0\u00bb parallax=\u00a0\u00bbcontent-moving\u00a0\u00bb css=\u00a0\u00bb.vc_custom_1476927093140{margin-bottom: 0px !important;}\u00a0\u00bb][vc_column offset=\u00a0\u00bbvc_hidden-xs\u00a0\u00bb][vc_single_image image=\u00a0\u00bb1281&Prime; img_size=\u00a0\u00bbfull\u00a0\u00bb alignment=\u00a0\u00bbcenter\u00a0\u00bb][\/vc_column][\/vc_row][vc_row full_width=\u00a0\u00bbstretch_row\u00a0\u00bb css=\u00a0\u00bb.vc_custom_1476927317136{margin-top: 0px !important;padding-top: 40px !important;padding-bottom: 70px !important;background-color: #f2f2f2 !important;}\u00a0\u00bb][vc_column][vc_custom_heading text=\u00a0\u00bbProduction: Technique, Innovation et Pr\u00e9cision\u00a0\u00bb font_container=\u00a0\u00bbtag:h2|font_size:45px|text_align:center|line_height:60px\u00a0\u00bb use_theme_fonts=\u00a0\u00bbyes\u00a0\u00bb el_class=\u00a0\u00bbbase_font_color\u00a0\u00bb css=\u00a0\u00bb.vc_custom_1488370804636{margin-bottom: 28px !important;}\u00a0\u00bb][vc_column_text]L\u2019ensemble de la production est effectu\u00e9 dans l\u2019usine d\u2019Almenno San Salvatore. Le montage et assemblage des groupes compl\u00eats sont quant \u00e0 eux \u00e9ffectu\u00e9s dans l\u2019usine<\/p>\n","protected":false},"author":1,"featured_media":0,"parent":0,"menu_order":12,"comment_status":"closed","ping_status":"closed","template":"","meta":[],"yoast_head":"<!-- This site is optimized with the Yoast SEO plugin v16.6.1 - https:\/\/yoast.com\/wordpress\/plugins\/seo\/ -->\n<title>Production - M\u00e9canique de pr\u00e9cision | Algra<\/title>\n<meta name=\"robots\" content=\"index, follow, max-snippet:-1, max-image-preview:large, max-video-preview:-1\" \/>\n<link rel=\"canonical\" href=\"https:\/\/algra.it\/fr\/production-ingenierie\/\" \/>\n<meta property=\"og:locale\" content=\"fr_FR\" \/>\n<meta property=\"og:type\" content=\"article\" \/>\n<meta property=\"og:title\" content=\"Production - M\u00e9canique de pr\u00e9cision | Algra\" \/>\n<meta property=\"og:description\" content=\"[vc_row full_width=\u00a0\u00bbstretch_row_content_no_spaces\u00a0\u00bb parallax=\u00a0\u00bbcontent-moving\u00a0\u00bb css=\u00a0\u00bb.vc_custom_1476927093140{margin-bottom: 0px !important;}\u00a0\u00bb][vc_column offset=\u00a0\u00bbvc_hidden-xs\u00a0\u00bb][vc_single_image image=\u00a0\u00bb1281&Prime; img_size=\u00a0\u00bbfull\u00a0\u00bb alignment=\u00a0\u00bbcenter\u00a0\u00bb][\/vc_column][\/vc_row][vc_row full_width=\u00a0\u00bbstretch_row\u00a0\u00bb css=\u00a0\u00bb.vc_custom_1476927317136{margin-top: 0px !important;padding-top: 40px !important;padding-bottom: 70px !important;background-color: #f2f2f2 !important;}\u00a0\u00bb][vc_column][vc_custom_heading text=\u00a0\u00bbProduction: Technique, Innovation et Pr\u00e9cision\u00a0\u00bb font_container=\u00a0\u00bbtag:h2|font_size:45px|text_align:center|line_height:60px\u00a0\u00bb use_theme_fonts=\u00a0\u00bbyes\u00a0\u00bb el_class=\u00a0\u00bbbase_font_color\u00a0\u00bb css=\u00a0\u00bb.vc_custom_1488370804636{margin-bottom: 28px !important;}\u00a0\u00bb][vc_column_text]L\u2019ensemble de la production est effectu\u00e9 dans l\u2019usine d\u2019Almenno San Salvatore. Le montage et assemblage des groupes compl\u00eats sont quant \u00e0 eux \u00e9ffectu\u00e9s dans l\u2019usine\" \/>\n<meta property=\"og:url\" content=\"https:\/\/algra.it\/fr\/production-ingenierie\/\" \/>\n<meta property=\"og:site_name\" content=\"M\u00e9canique de pr\u00e9cision | Algra\" \/>\n<meta property=\"article:modified_time\" content=\"2025-02-05T08:40:48+00:00\" \/>\n<meta name=\"twitter:card\" content=\"summary\" \/>\n<meta name=\"twitter:label1\" content=\"Dur\u00e9e de lecture est.\" \/>\n\t<meta name=\"twitter:data1\" content=\"2 minutes\" \/>\n<script type=\"application\/ld+json\" class=\"yoast-schema-graph\">{\"@context\":\"https:\/\/schema.org\",\"@graph\":[{\"@type\":\"WebSite\",\"@id\":\"https:\/\/algra.it\/#website\",\"url\":\"https:\/\/algra.it\/\",\"name\":\"M\\u00e9canique de pr\\u00e9cision | Algra\",\"description\":\"Lavorazioni meccaniche di precisione, accessori per torni, portautensili speciali, alberi mandrino\",\"potentialAction\":[{\"@type\":\"SearchAction\",\"target\":{\"@type\":\"EntryPoint\",\"urlTemplate\":\"https:\/\/algra.it\/?s={search_term_string}\"},\"query-input\":\"required name=search_term_string\"}],\"inLanguage\":\"fr-FR\"},{\"@type\":\"WebPage\",\"@id\":\"https:\/\/algra.it\/fr\/production-ingenierie\/#webpage\",\"url\":\"https:\/\/algra.it\/fr\/production-ingenierie\/\",\"name\":\"Production - M\\u00e9canique de pr\\u00e9cision | Algra\",\"isPartOf\":{\"@id\":\"https:\/\/algra.it\/#website\"},\"datePublished\":\"2017-02-23T14:23:58+00:00\",\"dateModified\":\"2025-02-05T08:40:48+00:00\",\"breadcrumb\":{\"@id\":\"https:\/\/algra.it\/fr\/production-ingenierie\/#breadcrumb\"},\"inLanguage\":\"fr-FR\",\"potentialAction\":[{\"@type\":\"ReadAction\",\"target\":[\"https:\/\/algra.it\/fr\/production-ingenierie\/\"]}]},{\"@type\":\"BreadcrumbList\",\"@id\":\"https:\/\/algra.it\/fr\/production-ingenierie\/#breadcrumb\",\"itemListElement\":[{\"@type\":\"ListItem\",\"position\":1,\"name\":\"Home\",\"item\":\"https:\/\/algra.it\/fr\/\"},{\"@type\":\"ListItem\",\"position\":2,\"name\":\"Production\"}]}]}<\/script>\n<!-- \/ Yoast SEO plugin. -->","_links":{"self":[{"href":"https:\/\/algra.it\/fr\/wp-json\/wp\/v2\/pages\/2510"}],"collection":[{"href":"https:\/\/algra.it\/fr\/wp-json\/wp\/v2\/pages"}],"about":[{"href":"https:\/\/algra.it\/fr\/wp-json\/wp\/v2\/types\/page"}],"author":[{"embeddable":true,"href":"https:\/\/algra.it\/fr\/wp-json\/wp\/v2\/users\/1"}],"replies":[{"embeddable":true,"href":"https:\/\/algra.it\/fr\/wp-json\/wp\/v2\/comments?post=2510"}],"version-history":[{"count":12,"href":"https:\/\/algra.it\/fr\/wp-json\/wp\/v2\/pages\/2510\/revisions"}],"predecessor-version":[{"id":18198,"href":"https:\/\/algra.it\/fr\/wp-json\/wp\/v2\/pages\/2510\/revisions\/18198"}],"wp:attachment":[{"href":"https:\/\/algra.it\/fr\/wp-json\/wp\/v2\/media?parent=2510"}],"curies":[{"name":"wp","href":"https:\/\/api.w.org\/{rel}","templated":true}]}}