{"id":2513,"date":"2017-02-23T15:28:26","date_gmt":"2017-02-23T14:28:26","guid":{"rendered":"http:\/\/algra.it\/?page_id=2513\/"},"modified":"2025-09-02T15:35:28","modified_gmt":"2025-09-02T13:35:28","slug":"mecanique-de-precision-de-la-qualite","status":"publish","type":"page","link":"https:\/\/algra.it\/fr\/mecanique-de-precision-de-la-qualite\/","title":{"rendered":"Qualit\u00e9"},"content":{"rendered":"<p>[vc_row full_width=\u00a0\u00bbstretch_row_content_no_spaces\u00a0\u00bb parallax=\u00a0\u00bbcontent-moving\u00a0\u00bb css=\u00a0\u00bb.vc_custom_1476927093140{margin-bottom: 0px !important;}\u00a0\u00bb][vc_column offset=\u00a0\u00bbvc_hidden-xs\u00a0\u00bb][vc_single_image image=\u00a0\u00bb19757&Prime; img_size=\u00a0\u00bbfull\u00a0\u00bb alignment=\u00a0\u00bbcenter\u00a0\u00bb][\/vc_column][\/vc_row][vc_row full_width=\u00a0\u00bbstretch_row\u00a0\u00bb css=\u00a0\u00bb.vc_custom_1476928430910{margin-top: 0px !important;padding-top: 40px !important;padding-bottom: 70px !important;}\u00a0\u00bb][vc_column][vc_custom_heading text=\u00a0\u00bbQualit\u00e9 certifi\u00e9e\u00a0\u00bb font_container=\u00a0\u00bbtag:h2|font_size:45px|text_align:center|line_height:60px\u00a0\u00bb use_theme_fonts=\u00a0\u00bbyes\u00a0\u00bb el_class=\u00a0\u00bbbase_font_color\u00a0\u00bb css=\u00a0\u00bb.vc_custom_1488371517805{margin-bottom: 28px !important;}\u00a0\u00bb][vc_column_text]La technologie avanc\u00e9e joue un r\u00f4le cl\u00e9 dans l\u2019objectif d\u2019ALGRA de d\u00e9velopper sa propre valeur, des propres produits, des services, et la capacit\u00e9 du personnel, en op\u00e9rant dans le respect des normes <strong>UNI EN ISO 9001:2015 et ISO 14001:2015.<\/strong><\/p>\n<p>Notre syst\u00e8me de qualit\u00e9 est certifi\u00e9 depuis l&rsquo;ann\u00e9e 1993, conform\u00e9ment \u00e0 la norme <strong>UNI EN ISO 9001: 2015<\/strong>; Le syst\u00e8me de gestion de l&rsquo;environnement est certifi\u00e9 selon la norme <strong>ISO 14001: 2015.<\/strong><\/p>\n<p>En outre, ALGRA est titulaire de la licence <strong>TULPS (texte unique de la loi sur la s\u00e9curit\u00e9 publique)<\/strong> ex ART.28 pour la fabrication de mat\u00e9riel destin\u00e9 \u00e0 l\u2019\u00e9quipement des forces arm\u00e9es et de la police.<\/p>\n<p>ALGRA est \u00e9galement membre du<strong> LAC (Lombardia Aerospace Cluster)<\/strong>, un syst\u00e8me int\u00e9gr\u00e9 d\u2019entreprises, d\u2019universit\u00e9s et de centres de recherche dot\u00e9 de comp\u00e9tences technologiques et de capacit\u00e9s scientifiques de pointe.[\/vc_column_text][vc_column_text css=\u00a0\u00bb.vc_custom_1488371558727{margin-bottom: 34px !important;}\u00a0\u00bb]<\/p>\n<blockquote><p>Le niveau \u00e9lev\u00e9 de sensibilit\u00e9 au respect des r\u00e8gles de s\u00e9curit\u00e9 et d&rsquo;environnement est pr\u00e9sent et imm\u00e9diatement ressenti dans toutes les installations de l&rsquo;entreprise.<\/p><\/blockquote>\n<p>[\/vc_column_text][vc_separator css=\u00a0\u00bb.vc_custom_1476927619221{margin-top: 20px !important;margin-bottom: 40px !important;}\u00a0\u00bb][vc_row_inner][vc_column_inner width=\u00a0\u00bb1\/4&Prime;][vc_single_image image=\u00a0\u00bb13583&Prime; img_size=\u00a0\u00bbfull\u00a0\u00bb alignment=\u00a0\u00bbcenter\u00a0\u00bb style=\u00a0\u00bbvc_box_shadow\u00a0\u00bb onclick=\u00a0\u00bblink_image\u00a0\u00bb][\/vc_column_inner][vc_column_inner width=\u00a0\u00bb1\/4&Prime;][vc_single_image image=\u00a0\u00bb8469&Prime; img_size=\u00a0\u00bbfull\u00a0\u00bb alignment=\u00a0\u00bbcenter\u00a0\u00bb style=\u00a0\u00bbvc_box_shadow\u00a0\u00bb onclick=\u00a0\u00bblink_image\u00a0\u00bb][\/vc_column_inner][vc_column_inner width=\u00a0\u00bb1\/4&Prime;][vc_single_image image=\u00a0\u00bb18014&Prime; img_size=\u00a0\u00bbfull\u00a0\u00bb alignment=\u00a0\u00bbcenter\u00a0\u00bb style=\u00a0\u00bbvc_box_shadow\u00a0\u00bb onclick=\u00a0\u00bblink_image\u00a0\u00bb][\/vc_column_inner][vc_column_inner width=\u00a0\u00bb1\/4&Prime;][vc_single_image image=\u00a0\u00bb14447&Prime; img_size=\u00a0\u00bbfull\u00a0\u00bb alignment=\u00a0\u00bbcenter\u00a0\u00bb style=\u00a0\u00bbvc_box_shadow\u00a0\u00bb onclick=\u00a0\u00bblink_image\u00a0\u00bb][\/vc_column_inner][\/vc_row_inner][vc_empty_space height=\u00a0\u00bb30px\u00a0\u00bb][vc_row_inner][vc_column_inner width=\u00a0\u00bb1\/4&Prime;][vc_single_image image=\u00a0\u00bb16888&Prime; img_size=\u00a0\u00bbfull\u00a0\u00bb alignment=\u00a0\u00bbcenter\u00a0\u00bb style=\u00a0\u00bbvc_box_shadow\u00a0\u00bb onclick=\u00a0\u00bblink_image\u00a0\u00bb][\/vc_column_inner][vc_column_inner width=\u00a0\u00bb1\/4&Prime;][\/vc_column_inner][vc_column_inner width=\u00a0\u00bb1\/4&Prime;][\/vc_column_inner][vc_column_inner width=\u00a0\u00bb1\/4&Prime;][\/vc_column_inner][\/vc_row_inner][\/vc_column][\/vc_row][vc_row full_width=\u00a0\u00bbstretch_row\u00a0\u00bb el_class=\u00a0\u00bbthird_bg_color\u00a0\u00bb css=\u00a0\u00bb.vc_custom_1484919957331{margin-bottom: 0px !important;padding-top: 12px !important;padding-bottom: 12px !important;}\u00a0\u00bb][vc_column][vc_cta h2=\u00a0\u00bbContactez-nous pour plus d&rsquo;informations.\u00a0\u00bb h2_font_container=\u00a0\u00bbfont_size:20px|color:%23000000|line_height:24px\u00a0\u00bb h2_use_theme_fonts=\u00a0\u00bbyes\u00a0\u00bb shape=\u00a0\u00bbsquare\u00a0\u00bb style=\u00a0\u00bbflat\u00a0\u00bb add_button=\u00a0\u00bbright\u00a0\u00bb btn_title=\u00a0\u00bbCONTACTEZ-NOUS \u00a0\u00bb btn_style=\u00a0\u00bbflat\u00a0\u00bb btn_color=\u00a0\u00bbtheme_style_2&Prime; btn_align=\u00a0\u00bbright\u00a0\u00bb btn_i_align=\u00a0\u00bbright\u00a0\u00bb btn_i_icon_fontawesome=\u00a0\u00bbfa fa-chevron-right\u00a0\u00bb btn_css_animation=\u00a0\u00bbright-to-left\u00a0\u00bb use_custom_fonts_h2=\u00a0\u00bbtrue\u00a0\u00bb btn_button_block=\u00a0\u00bbtrue\u00a0\u00bb btn_add_icon=\u00a0\u00bbtrue\u00a0\u00bb el_class=\u00a0\u00bbthird_bg_color\u00a0\u00bb css=\u00a0\u00bb.vc_custom_1488371623503{margin-bottom: 0px !important;}\u00a0\u00bb btn_link=\u00a0\u00bburl:%2Ffr%2Fcontacts%2F||\u00a0\u00bb][\/vc_cta][\/vc_column][\/vc_row]<\/p>\n","protected":false},"excerpt":{"rendered":"<p>[vc_row full_width=\u00a0\u00bbstretch_row_content_no_spaces\u00a0\u00bb parallax=\u00a0\u00bbcontent-moving\u00a0\u00bb css=\u00a0\u00bb.vc_custom_1476927093140{margin-bottom: 0px !important;}\u00a0\u00bb][vc_column offset=\u00a0\u00bbvc_hidden-xs\u00a0\u00bb][vc_single_image image=\u00a0\u00bb19757&Prime; img_size=\u00a0\u00bbfull\u00a0\u00bb alignment=\u00a0\u00bbcenter\u00a0\u00bb][\/vc_column][\/vc_row][vc_row full_width=\u00a0\u00bbstretch_row\u00a0\u00bb css=\u00a0\u00bb.vc_custom_1476928430910{margin-top: 0px !important;padding-top: 40px !important;padding-bottom: 70px !important;}\u00a0\u00bb][vc_column][vc_custom_heading text=\u00a0\u00bbQualit\u00e9 certifi\u00e9e\u00a0\u00bb font_container=\u00a0\u00bbtag:h2|font_size:45px|text_align:center|line_height:60px\u00a0\u00bb use_theme_fonts=\u00a0\u00bbyes\u00a0\u00bb el_class=\u00a0\u00bbbase_font_color\u00a0\u00bb css=\u00a0\u00bb.vc_custom_1488371517805{margin-bottom: 28px !important;}\u00a0\u00bb][vc_column_text]La technologie avanc\u00e9e joue un r\u00f4le cl\u00e9 dans l\u2019objectif d\u2019ALGRA de d\u00e9velopper sa propre valeur, des propres produits, des services, et la capacit\u00e9 du personnel, en op\u00e9rant dans le respect<\/p>\n","protected":false},"author":1,"featured_media":0,"parent":0,"menu_order":14,"comment_status":"closed","ping_status":"closed","template":"","meta":[],"yoast_head":"<!-- This site is optimized with the Yoast SEO plugin v16.6.1 - https:\/\/yoast.com\/wordpress\/plugins\/seo\/ -->\n<title>Qualit\u00e9 - M\u00e9canique de pr\u00e9cision | Algra<\/title>\n<meta name=\"robots\" content=\"index, follow, max-snippet:-1, max-image-preview:large, max-video-preview:-1\" \/>\n<link rel=\"canonical\" href=\"https:\/\/algra.it\/fr\/mecanique-de-precision-de-la-qualite\/\" \/>\n<meta property=\"og:locale\" content=\"fr_FR\" \/>\n<meta property=\"og:type\" content=\"article\" \/>\n<meta property=\"og:title\" content=\"Qualit\u00e9 - M\u00e9canique de pr\u00e9cision | Algra\" \/>\n<meta property=\"og:description\" content=\"[vc_row full_width=\u00a0\u00bbstretch_row_content_no_spaces\u00a0\u00bb parallax=\u00a0\u00bbcontent-moving\u00a0\u00bb css=\u00a0\u00bb.vc_custom_1476927093140{margin-bottom: 0px !important;}\u00a0\u00bb][vc_column offset=\u00a0\u00bbvc_hidden-xs\u00a0\u00bb][vc_single_image image=\u00a0\u00bb19757&Prime; img_size=\u00a0\u00bbfull\u00a0\u00bb alignment=\u00a0\u00bbcenter\u00a0\u00bb][\/vc_column][\/vc_row][vc_row full_width=\u00a0\u00bbstretch_row\u00a0\u00bb css=\u00a0\u00bb.vc_custom_1476928430910{margin-top: 0px !important;padding-top: 40px !important;padding-bottom: 70px !important;}\u00a0\u00bb][vc_column][vc_custom_heading text=\u00a0\u00bbQualit\u00e9 certifi\u00e9e\u00a0\u00bb font_container=\u00a0\u00bbtag:h2|font_size:45px|text_align:center|line_height:60px\u00a0\u00bb use_theme_fonts=\u00a0\u00bbyes\u00a0\u00bb el_class=\u00a0\u00bbbase_font_color\u00a0\u00bb css=\u00a0\u00bb.vc_custom_1488371517805{margin-bottom: 28px !important;}\u00a0\u00bb][vc_column_text]La technologie avanc\u00e9e joue un r\u00f4le cl\u00e9 dans l\u2019objectif d\u2019ALGRA de d\u00e9velopper sa propre valeur, des propres produits, des services, et la capacit\u00e9 du personnel, en op\u00e9rant dans le respect\" \/>\n<meta property=\"og:url\" content=\"https:\/\/algra.it\/fr\/mecanique-de-precision-de-la-qualite\/\" \/>\n<meta property=\"og:site_name\" content=\"M\u00e9canique de pr\u00e9cision | Algra\" \/>\n<meta property=\"article:modified_time\" content=\"2025-09-02T13:35:28+00:00\" \/>\n<meta name=\"twitter:card\" content=\"summary\" \/>\n<meta name=\"twitter:label1\" content=\"Dur\u00e9e de lecture est.\" \/>\n\t<meta name=\"twitter:data1\" content=\"2 minutes\" \/>\n<script type=\"application\/ld+json\" class=\"yoast-schema-graph\">{\"@context\":\"https:\/\/schema.org\",\"@graph\":[{\"@type\":\"WebSite\",\"@id\":\"https:\/\/algra.it\/#website\",\"url\":\"https:\/\/algra.it\/\",\"name\":\"M\\u00e9canique de pr\\u00e9cision | Algra\",\"description\":\"Lavorazioni meccaniche di precisione, accessori per torni, portautensili speciali, alberi mandrino\",\"potentialAction\":[{\"@type\":\"SearchAction\",\"target\":{\"@type\":\"EntryPoint\",\"urlTemplate\":\"https:\/\/algra.it\/?s={search_term_string}\"},\"query-input\":\"required name=search_term_string\"}],\"inLanguage\":\"fr-FR\"},{\"@type\":\"WebPage\",\"@id\":\"https:\/\/algra.it\/fr\/mecanique-de-precision-de-la-qualite\/#webpage\",\"url\":\"https:\/\/algra.it\/fr\/mecanique-de-precision-de-la-qualite\/\",\"name\":\"Qualit\\u00e9 - M\\u00e9canique de pr\\u00e9cision | Algra\",\"isPartOf\":{\"@id\":\"https:\/\/algra.it\/#website\"},\"datePublished\":\"2017-02-23T14:28:26+00:00\",\"dateModified\":\"2025-09-02T13:35:28+00:00\",\"breadcrumb\":{\"@id\":\"https:\/\/algra.it\/fr\/mecanique-de-precision-de-la-qualite\/#breadcrumb\"},\"inLanguage\":\"fr-FR\",\"potentialAction\":[{\"@type\":\"ReadAction\",\"target\":[\"https:\/\/algra.it\/fr\/mecanique-de-precision-de-la-qualite\/\"]}]},{\"@type\":\"BreadcrumbList\",\"@id\":\"https:\/\/algra.it\/fr\/mecanique-de-precision-de-la-qualite\/#breadcrumb\",\"itemListElement\":[{\"@type\":\"ListItem\",\"position\":1,\"name\":\"Home\",\"item\":\"https:\/\/algra.it\/fr\/\"},{\"@type\":\"ListItem\",\"position\":2,\"name\":\"Qualit\\u00e9\"}]}]}<\/script>\n<!-- \/ Yoast SEO plugin. -->","_links":{"self":[{"href":"https:\/\/algra.it\/fr\/wp-json\/wp\/v2\/pages\/2513"}],"collection":[{"href":"https:\/\/algra.it\/fr\/wp-json\/wp\/v2\/pages"}],"about":[{"href":"https:\/\/algra.it\/fr\/wp-json\/wp\/v2\/types\/page"}],"author":[{"embeddable":true,"href":"https:\/\/algra.it\/fr\/wp-json\/wp\/v2\/users\/1"}],"replies":[{"embeddable":true,"href":"https:\/\/algra.it\/fr\/wp-json\/wp\/v2\/comments?post=2513"}],"version-history":[{"count":18,"href":"https:\/\/algra.it\/fr\/wp-json\/wp\/v2\/pages\/2513\/revisions"}],"predecessor-version":[{"id":20089,"href":"https:\/\/algra.it\/fr\/wp-json\/wp\/v2\/pages\/2513\/revisions\/20089"}],"wp:attachment":[{"href":"https:\/\/algra.it\/fr\/wp-json\/wp\/v2\/media?parent=2513"}],"curies":[{"name":"wp","href":"https:\/\/api.w.org\/{rel}","templated":true}]}}