{"id":2524,"date":"2017-02-23T15:42:40","date_gmt":"2017-02-23T14:42:40","guid":{"rendered":"http:\/\/algra.it\/?page_id=2524\/"},"modified":"2017-02-23T16:22:28","modified_gmt":"2017-02-23T15:22:28","slug":"presence-evenements","status":"publish","type":"page","link":"https:\/\/algra.it\/fr\/presence-evenements\/","title":{"rendered":"Pr\u00e9sence \u00e9v\u00e9nements"},"content":{"rendered":"<p>[vc_row][vc_column][vc_custom_heading source=\u00a0\u00bbpost_title\u00a0\u00bb font_container=\u00a0\u00bbtag:h2|text_align:center\u00a0\u00bb use_theme_fonts=\u00a0\u00bbyes\u00a0\u00bb][vc_separator color=\u00a0\u00bbwhite\u00a0\u00bb][\/vc_column][\/vc_row][vc_row][vc_column][stm_news loop=\u00a0\u00bbsize:All|order_by:date|post_type:post\u00a0\u00bb posts_per_row=\u00a0\u00bb4&Prime;][\/vc_column][\/vc_row]<\/p>\n","protected":false},"excerpt":{"rendered":"<p>[vc_row][vc_column][vc_custom_heading source=\u00a0\u00bbpost_title\u00a0\u00bb font_container=\u00a0\u00bbtag:h2|text_align:center\u00a0\u00bb use_theme_fonts=\u00a0\u00bbyes\u00a0\u00bb][vc_separator color=\u00a0\u00bbwhite\u00a0\u00bb][\/vc_column][\/vc_row][vc_row][vc_column][stm_news loop=\u00a0\u00bbsize:All|order_by:date|post_type:post\u00a0\u00bb posts_per_row=\u00a0\u00bb4&Prime;][\/vc_column][\/vc_row]<\/p>\n","protected":false},"author":1,"featured_media":0,"parent":0,"menu_order":40,"comment_status":"closed","ping_status":"closed","template":"","meta":[],"yoast_head":"<!-- This site is optimized with the Yoast SEO plugin v16.6.1 - https:\/\/yoast.com\/wordpress\/plugins\/seo\/ -->\n<title>Pr\u00e9sence \u00e9v\u00e9nements - M\u00e9canique de pr\u00e9cision | Algra<\/title>\n<meta name=\"robots\" content=\"index, follow, max-snippet:-1, max-image-preview:large, max-video-preview:-1\" \/>\n<link rel=\"canonical\" href=\"https:\/\/algra.it\/fr\/presence-evenements\/\" \/>\n<meta property=\"og:locale\" content=\"fr_FR\" \/>\n<meta property=\"og:type\" content=\"article\" \/>\n<meta property=\"og:title\" content=\"Pr\u00e9sence \u00e9v\u00e9nements - M\u00e9canique de pr\u00e9cision | Algra\" \/>\n<meta property=\"og:description\" content=\"[vc_row][vc_column][vc_custom_heading source=\u00a0\u00bbpost_title\u00a0\u00bb font_container=\u00a0\u00bbtag:h2|text_align:center\u00a0\u00bb use_theme_fonts=\u00a0\u00bbyes\u00a0\u00bb][vc_separator color=\u00a0\u00bbwhite\u00a0\u00bb][\/vc_column][\/vc_row][vc_row][vc_column][stm_news loop=\u00a0\u00bbsize:All|order_by:date|post_type:post\u00a0\u00bb posts_per_row=\u00a0\u00bb4&Prime;][\/vc_column][\/vc_row]\" \/>\n<meta property=\"og:url\" content=\"https:\/\/algra.it\/fr\/presence-evenements\/\" \/>\n<meta property=\"og:site_name\" content=\"M\u00e9canique de pr\u00e9cision | Algra\" \/>\n<meta property=\"article:modified_time\" content=\"2017-02-23T15:22:28+00:00\" \/>\n<meta name=\"twitter:card\" content=\"summary\" \/>\n<script type=\"application\/ld+json\" class=\"yoast-schema-graph\">{\"@context\":\"https:\/\/schema.org\",\"@graph\":[{\"@type\":\"WebSite\",\"@id\":\"https:\/\/algra.it\/#website\",\"url\":\"https:\/\/algra.it\/\",\"name\":\"M\\u00e9canique de pr\\u00e9cision | Algra\",\"description\":\"Lavorazioni meccaniche di precisione, accessori per torni, portautensili speciali, alberi mandrino\",\"potentialAction\":[{\"@type\":\"SearchAction\",\"target\":{\"@type\":\"EntryPoint\",\"urlTemplate\":\"https:\/\/algra.it\/?s={search_term_string}\"},\"query-input\":\"required name=search_term_string\"}],\"inLanguage\":\"fr-FR\"},{\"@type\":\"WebPage\",\"@id\":\"https:\/\/algra.it\/fr\/presence-evenements\/#webpage\",\"url\":\"https:\/\/algra.it\/fr\/presence-evenements\/\",\"name\":\"Pr\\u00e9sence \\u00e9v\\u00e9nements - M\\u00e9canique de pr\\u00e9cision | Algra\",\"isPartOf\":{\"@id\":\"https:\/\/algra.it\/#website\"},\"datePublished\":\"2017-02-23T14:42:40+00:00\",\"dateModified\":\"2017-02-23T15:22:28+00:00\",\"breadcrumb\":{\"@id\":\"https:\/\/algra.it\/fr\/presence-evenements\/#breadcrumb\"},\"inLanguage\":\"fr-FR\",\"potentialAction\":[{\"@type\":\"ReadAction\",\"target\":[\"https:\/\/algra.it\/fr\/presence-evenements\/\"]}]},{\"@type\":\"BreadcrumbList\",\"@id\":\"https:\/\/algra.it\/fr\/presence-evenements\/#breadcrumb\",\"itemListElement\":[{\"@type\":\"ListItem\",\"position\":1,\"name\":\"Home\",\"item\":\"https:\/\/algra.it\/fr\/\"},{\"@type\":\"ListItem\",\"position\":2,\"name\":\"Pr\\u00e9sence \\u00e9v\\u00e9nements\"}]}]}<\/script>\n<!-- \/ Yoast SEO plugin. -->","_links":{"self":[{"href":"https:\/\/algra.it\/fr\/wp-json\/wp\/v2\/pages\/2524"}],"collection":[{"href":"https:\/\/algra.it\/fr\/wp-json\/wp\/v2\/pages"}],"about":[{"href":"https:\/\/algra.it\/fr\/wp-json\/wp\/v2\/types\/page"}],"author":[{"embeddable":true,"href":"https:\/\/algra.it\/fr\/wp-json\/wp\/v2\/users\/1"}],"replies":[{"embeddable":true,"href":"https:\/\/algra.it\/fr\/wp-json\/wp\/v2\/comments?post=2524"}],"version-history":[{"count":2,"href":"https:\/\/algra.it\/fr\/wp-json\/wp\/v2\/pages\/2524\/revisions"}],"predecessor-version":[{"id":2530,"href":"https:\/\/algra.it\/fr\/wp-json\/wp\/v2\/pages\/2524\/revisions\/2530"}],"wp:attachment":[{"href":"https:\/\/algra.it\/fr\/wp-json\/wp\/v2\/media?parent=2524"}],"curies":[{"name":"wp","href":"https:\/\/api.w.org\/{rel}","templated":true}]}}