{"id":2525,"date":"2017-02-23T16:24:00","date_gmt":"2017-02-23T15:24:00","guid":{"rendered":"http:\/\/algra.it\/?page_id=2525\/"},"modified":"2025-11-12T16:37:37","modified_gmt":"2025-11-12T15:37:37","slug":"les-prochains-evenements","status":"publish","type":"page","link":"https:\/\/algra.it\/fr\/les-prochains-evenements\/","title":{"rendered":"Les prochains \u00e9v\u00e9nements"},"content":{"rendered":"<p>[vc_row][vc_column][vc_custom_heading source=\u00a0\u00bbpost_title\u00a0\u00bb font_container=\u00a0\u00bbtag:h2|text_align:center\u00a0\u00bb use_theme_fonts=\u00a0\u00bbyes\u00a0\u00bb][vc_column_text]<\/p>\n<p style=\"text-align: center;\">Restez \u00e0 jour sur tous les \u00e9v\u00e9nements auxquels nous allons participer. Venez nous rendre visite, nous vous attendons.<\/p>\n<p>[\/vc_column_text][vc_separator color=\u00a0\u00bbwhite\u00a0\u00bb][\/vc_column][\/vc_row][vc_row][vc_column][vc_tta_accordion shape=\u00a0\u00bbsquare\u00a0\u00bb color=\u00a0\u00bbblack\u00a0\u00bb c_position=\u00a0\u00bbright\u00a0\u00bb active_section=\u00a0\u00bb\u00a0\u00bb collapsible_all=\u00a0\u00bbtrue\u00a0\u00bb][vc_tta_section title=\u00a0\u00bbOPEN HOUSE DN SOLUTIONS 2025 (2.12.2025-3.12.2025)\u00a0\u00bb tab_id=\u00a0\u00bb1759739751178-eee6738b-72cf\u00a0\u00bb][vc_column_text]<strong>OPEN HOUSE DN SOLUTIONS <\/strong><br \/>\n<em>2.12.2025-3.12.2025<\/em><br \/>\nDormagen (DE)[\/vc_column_text][\/vc_tta_section][vc_tta_section title=\u00a0\u00bbAEROSPACE &amp; DEFENSE MEETINGS 2025 (2.12.2025-4.12.2025)\u00a0\u00bb tab_id=\u00a0\u00bb1759737783259-7289c3d1-28a8&Prime;][vc_column_text]<strong>AEROSPACE &amp; DEFENSE MEETINGS<\/strong><br \/>\n<em>2.12.2025-4.12.2025<\/em><br \/>\nTorino (Italia)[\/vc_column_text][\/vc_tta_section][\/vc_tta_accordion][\/vc_column][\/vc_row]<\/p>\n","protected":false},"excerpt":{"rendered":"<p>[vc_row][vc_column][vc_custom_heading source=\u00a0\u00bbpost_title\u00a0\u00bb font_container=\u00a0\u00bbtag:h2|text_align:center\u00a0\u00bb use_theme_fonts=\u00a0\u00bbyes\u00a0\u00bb][vc_column_text] Restez \u00e0 jour sur tous les \u00e9v\u00e9nements auxquels nous allons participer. Venez nous rendre visite, nous vous attendons. [\/vc_column_text][vc_separator color=\u00a0\u00bbwhite\u00a0\u00bb][\/vc_column][\/vc_row][vc_row][vc_column][vc_tta_accordion shape=\u00a0\u00bbsquare\u00a0\u00bb color=\u00a0\u00bbblack\u00a0\u00bb c_position=\u00a0\u00bbright\u00a0\u00bb active_section=\u00a0\u00bb\u00a0\u00bb collapsible_all=\u00a0\u00bbtrue\u00a0\u00bb][vc_tta_section title=\u00a0\u00bbOPEN HOUSE DN SOLUTIONS 2025 (2.12.2025-3.12.2025)\u00a0\u00bb tab_id=\u00a0\u00bb1759739751178-eee6738b-72cf\u00a0\u00bb][vc_column_text]OPEN HOUSE DN SOLUTIONS 2.12.2025-3.12.2025 Dormagen (DE)[\/vc_column_text][\/vc_tta_section][vc_tta_section title=\u00a0\u00bbAEROSPACE &amp; DEFENSE MEETINGS 2025 (2.12.2025-4.12.2025)\u00a0\u00bb tab_id=\u00a0\u00bb1759737783259-7289c3d1-28a8&Prime;][vc_column_text]AEROSPACE &amp; DEFENSE MEETINGS 2.12.2025-4.12.2025 Torino (Italia)[\/vc_column_text][\/vc_tta_section][\/vc_tta_accordion][\/vc_column][\/vc_row]<\/p>\n","protected":false},"author":1,"featured_media":0,"parent":0,"menu_order":42,"comment_status":"closed","ping_status":"closed","template":"","meta":[],"yoast_head":"<!-- This site is optimized with the Yoast SEO plugin v16.6.1 - https:\/\/yoast.com\/wordpress\/plugins\/seo\/ -->\n<title>Les prochains \u00e9v\u00e9nements - M\u00e9canique de pr\u00e9cision | Algra<\/title>\n<meta name=\"robots\" content=\"index, follow, max-snippet:-1, max-image-preview:large, max-video-preview:-1\" \/>\n<link rel=\"canonical\" href=\"https:\/\/algra.it\/fr\/les-prochains-evenements\/\" \/>\n<meta property=\"og:locale\" content=\"fr_FR\" \/>\n<meta property=\"og:type\" content=\"article\" \/>\n<meta property=\"og:title\" content=\"Les prochains \u00e9v\u00e9nements - M\u00e9canique de pr\u00e9cision | Algra\" \/>\n<meta property=\"og:description\" content=\"[vc_row][vc_column][vc_custom_heading source=\u00a0\u00bbpost_title\u00a0\u00bb font_container=\u00a0\u00bbtag:h2|text_align:center\u00a0\u00bb use_theme_fonts=\u00a0\u00bbyes\u00a0\u00bb][vc_column_text] Restez \u00e0 jour sur tous les \u00e9v\u00e9nements auxquels nous allons participer. Venez nous rendre visite, nous vous attendons. [\/vc_column_text][vc_separator color=\u00a0\u00bbwhite\u00a0\u00bb][\/vc_column][\/vc_row][vc_row][vc_column][vc_tta_accordion shape=\u00a0\u00bbsquare\u00a0\u00bb color=\u00a0\u00bbblack\u00a0\u00bb c_position=\u00a0\u00bbright\u00a0\u00bb active_section=\u00a0\u00bb\u00a0\u00bb collapsible_all=\u00a0\u00bbtrue\u00a0\u00bb][vc_tta_section title=\u00a0\u00bbOPEN HOUSE DN SOLUTIONS 2025 (2.12.2025-3.12.2025)\u00a0\u00bb tab_id=\u00a0\u00bb1759739751178-eee6738b-72cf\u00a0\u00bb][vc_column_text]OPEN HOUSE DN SOLUTIONS 2.12.2025-3.12.2025 Dormagen (DE)[\/vc_column_text][\/vc_tta_section][vc_tta_section title=\u00a0\u00bbAEROSPACE &amp; DEFENSE MEETINGS 2025 (2.12.2025-4.12.2025)\u00a0\u00bb tab_id=\u00a0\u00bb1759737783259-7289c3d1-28a8&Prime;][vc_column_text]AEROSPACE &amp; DEFENSE MEETINGS 2.12.2025-4.12.2025 Torino (Italia)[\/vc_column_text][\/vc_tta_section][\/vc_tta_accordion][\/vc_column][\/vc_row]\" \/>\n<meta property=\"og:url\" content=\"https:\/\/algra.it\/fr\/les-prochains-evenements\/\" \/>\n<meta property=\"og:site_name\" content=\"M\u00e9canique de pr\u00e9cision | Algra\" \/>\n<meta property=\"article:modified_time\" content=\"2025-11-12T15:37:37+00:00\" \/>\n<meta name=\"twitter:card\" content=\"summary\" \/>\n<meta name=\"twitter:label1\" content=\"Dur\u00e9e de lecture est.\" \/>\n\t<meta name=\"twitter:data1\" content=\"1 minute\" \/>\n<script type=\"application\/ld+json\" class=\"yoast-schema-graph\">{\"@context\":\"https:\/\/schema.org\",\"@graph\":[{\"@type\":\"WebSite\",\"@id\":\"https:\/\/algra.it\/#website\",\"url\":\"https:\/\/algra.it\/\",\"name\":\"M\\u00e9canique de pr\\u00e9cision | Algra\",\"description\":\"Lavorazioni meccaniche di precisione, accessori per torni, portautensili speciali, alberi mandrino\",\"potentialAction\":[{\"@type\":\"SearchAction\",\"target\":{\"@type\":\"EntryPoint\",\"urlTemplate\":\"https:\/\/algra.it\/?s={search_term_string}\"},\"query-input\":\"required name=search_term_string\"}],\"inLanguage\":\"fr-FR\"},{\"@type\":\"WebPage\",\"@id\":\"https:\/\/algra.it\/fr\/les-prochains-evenements\/#webpage\",\"url\":\"https:\/\/algra.it\/fr\/les-prochains-evenements\/\",\"name\":\"Les prochains \\u00e9v\\u00e9nements - M\\u00e9canique de pr\\u00e9cision | Algra\",\"isPartOf\":{\"@id\":\"https:\/\/algra.it\/#website\"},\"datePublished\":\"2017-02-23T15:24:00+00:00\",\"dateModified\":\"2025-11-12T15:37:37+00:00\",\"breadcrumb\":{\"@id\":\"https:\/\/algra.it\/fr\/les-prochains-evenements\/#breadcrumb\"},\"inLanguage\":\"fr-FR\",\"potentialAction\":[{\"@type\":\"ReadAction\",\"target\":[\"https:\/\/algra.it\/fr\/les-prochains-evenements\/\"]}]},{\"@type\":\"BreadcrumbList\",\"@id\":\"https:\/\/algra.it\/fr\/les-prochains-evenements\/#breadcrumb\",\"itemListElement\":[{\"@type\":\"ListItem\",\"position\":1,\"name\":\"Home\",\"item\":\"https:\/\/algra.it\/fr\/\"},{\"@type\":\"ListItem\",\"position\":2,\"name\":\"Les prochains \\u00e9v\\u00e9nements\"}]}]}<\/script>\n<!-- \/ Yoast SEO plugin. -->","_links":{"self":[{"href":"https:\/\/algra.it\/fr\/wp-json\/wp\/v2\/pages\/2525"}],"collection":[{"href":"https:\/\/algra.it\/fr\/wp-json\/wp\/v2\/pages"}],"about":[{"href":"https:\/\/algra.it\/fr\/wp-json\/wp\/v2\/types\/page"}],"author":[{"embeddable":true,"href":"https:\/\/algra.it\/fr\/wp-json\/wp\/v2\/users\/1"}],"replies":[{"embeddable":true,"href":"https:\/\/algra.it\/fr\/wp-json\/wp\/v2\/comments?post=2525"}],"version-history":[{"count":168,"href":"https:\/\/algra.it\/fr\/wp-json\/wp\/v2\/pages\/2525\/revisions"}],"predecessor-version":[{"id":20799,"href":"https:\/\/algra.it\/fr\/wp-json\/wp\/v2\/pages\/2525\/revisions\/20799"}],"wp:attachment":[{"href":"https:\/\/algra.it\/fr\/wp-json\/wp\/v2\/media?parent=2525"}],"curies":[{"name":"wp","href":"https:\/\/api.w.org\/{rel}","templated":true}]}}