{"id":2528,"date":"2017-02-23T16:27:29","date_gmt":"2017-02-23T15:27:29","guid":{"rendered":"http:\/\/algra.it\/?page_id=2528\/"},"modified":"2017-02-24T01:30:23","modified_gmt":"2017-02-24T00:30:23","slug":"politique-de-confidentialite","status":"publish","type":"page","link":"https:\/\/algra.it\/fr\/politique-de-confidentialite\/","title":{"rendered":"Politique de Confidentialit\u00e9"},"content":{"rendered":"<p>[vc_row][vc_column][vc_custom_heading source=\u00a0\u00bbpost_title\u00a0\u00bb font_container=\u00a0\u00bbtag:h2|text_align:center\u00a0\u00bb use_theme_fonts=\u00a0\u00bbyes\u00a0\u00bb][vc_separator color=\u00a0\u00bbwhite\u00a0\u00bb][\/vc_column][\/vc_row][vc_row][vc_column][vc_column_text]Ce Site utilise des cookies afin de rendre ses services plus efficaces et plus simples \u00e0 utiliser, D\u00e8s lors, lorsqu\u2019on visite le Site, une quantit\u00e9 minimale d\u2019informations est ins\u00e9r\u00e9e dans le dispositif de l\u2019Utilisateur, sous forme de petites cha\u00eenes de texte, appel\u00e9es \u00ab\u00accookies\u00ac\u00bb, lesquels sont enregistr\u00e9s dans le r\u00e9pertoire du navigateur Web de l\u2019Utilisateur. Il existe diff\u00e9rents types de cookies et leur objectif principal est de faire fonctionner le Site plus efficacement et d\u2019activer des fonctions pr\u00e9cises.<\/p>\n<p style=\"text-align: justify;\">Les cookies sont utilis\u00e9s pour am\u00e9liorer la navigation globale de l\u2019Utilisateur. En particulier:<\/p>\n<ul style=\"text-align: justify;\">\n<li>Ils permettent de surfer d\u2019une mani\u00e8re efficace d\u2019une page \u00e0 l\u2019autre du Site Internet.<\/li>\n<li>Ils enregistrent le nom de l\u2019utilisateur et les pr\u00e9f\u00e9rences introduites.<\/li>\n<li>Ils \u00e9vitent de saisir les m\u00eames informations (telles que le nom d\u2019utilisateur et le mot de passe) plusieurs fois pendant la visite.<\/li>\n<li>Ils \u00e9valuent l\u2019utilisation des services de la part des Utilisateurs, afin d\u2019optimiser la navigation et ces m\u00eames services.<\/li>\n<li>Ils pr\u00e9sentent des informations publicitaires cibl\u00e9es selon les int\u00e9r\u00eats et le comportement manifest\u00e9 par l\u2019Utilisateur lors de sa consultation.<\/li>\n<\/ul>\n<p style=\"text-align: justify;\"><strong>Comment emp\u00eacher l\u2019enregistrement de cookies sur mon ordinateur?<\/strong><br \/>\nIl faut configurer les pr\u00e9f\u00e9rences pour les cookies sur chaque navigateur (Internet Explorer, Google Chrome, Mozilla Firefox ou Safari). Il existe diff\u00e9rentes mani\u00e8res de g\u00e9rer les cookies, par exemple: activer ou d\u00e9sactiver compl\u00e8tement les cookies; \u00e9liminer des cookies sp\u00e9cifiques qui n\u2019ont pas encore \u00e9t\u00e9 enregistr\u00e9s \u00e0 l\u2019int\u00e9rieur du navigateur; bloquer l\u2019enregistrement de cookies sur votre ordinateur de la part de sites Internet; ou bien bloquer les cookies de tiers (lorsqu\u2019au cours de la navigation sur un site Internet, les cookies sont enregistr\u00e9s sur votre ordinateur par un autre site Internet).<\/p>\n<p style=\"text-align: justify;\"><strong>Comment supprimer\/g\u00e9rer les cookies sur mon ordinateur?<\/strong><br \/>\nSi vous avez des doutes ou des probl\u00e8mes quant \u00e0 l\u2019utilisation des cookies, vous pouvez toujours intervenir pour emp\u00eacher leur configuration et leur lecture; par exemple, en modifiant les param\u00e8tres sur la protection de la vie priv\u00e9e \u00e0 l\u2019int\u00e9rieur de votre navigateur afin de bloquer certains types ou bien en utilisant l\u2019\u00abOutil\u00bb que nous mettons \u00e0 votre disposition dans cette note d\u2019information.<\/p>\n<p>Pour supprimer les cookies sur votre ordinateur, veuillez consulter ces sites Internet:<\/p>\n<ul style=\"text-align: justify;\">\n<li><a title=\"Your Online Choices\" href=\"http:\/\/www.youronlinechoices.com\/\" target=\"blank\">Your Online Choices<\/a><\/li>\n<li><a title=\"www.cookiepedia.co.uk\" href=\"http:\/\/cookiepedia.co.uk\/how-to-manage-cookies\" target=\"blank\">www.cookiepedia.co.uk<\/a><\/li>\n<\/ul>\n<p style=\"text-align: justify;\"><strong>Pour la gestion des cookies sur les principaux navigateurs, veuillez visiter les liens suivants:<\/strong><\/p>\n<ul style=\"text-align: justify;\">\n<li><a title=\"Internet Explorer\" href=\"http:\/\/windows.microsoft.com\/it-IT\/windows7\/How-to-manage-cookies-in-Internet-Explorer-9\" target=\"blank\">Internet Explorer<\/a><\/li>\n<li><a title=\"Google Chrome\" href=\"https:\/\/support.google.com\/chrome\/answer\/95647?hl=it&amp;p=cpn_cookies\" target=\"blank\">Google Chrome<\/a><\/li>\n<li><a title=\"Firefox\" href=\"https:\/\/support.mozilla.org\/it\/kb\/Gestione%20dei%20cookie?redirectlocale=en-US&amp;redirectslug=Cookies\" target=\"blank\">Firefox<\/a><\/li>\n<li><a title=\"Safari\" href=\"http:\/\/www.apple.com\/support\/?path=Safari\/3.0\/en\/9277.html\" target=\"blank\">Safari<\/a><\/li>\n<\/ul>\n<p style=\"text-align: justify;\"><strong>Responsable du traitement des donn\u00e9es<\/strong><br \/>\n<em>Algra S.p.A.<\/em><\/p>\n<p style=\"text-align: justify;\">\u00c0 partir du moment o\u00f9 l\u2019installation de cookies et d\u2019autres syst\u00e8mes de tra\u00e7age effectu\u00e9e par des parties tierces, par le biais des services utilis\u00e9s \u00e0 l\u2019int\u00e9rieur de cet espace en ligne, ne peut pas \u00eatre techniquement contr\u00f4l\u00e9e par le Responsable, toute r\u00e9f\u00e9rence sp\u00e9cifique aux cookies et aux syst\u00e8mes de tra\u00e7age install\u00e9s par des tiers, ne peut \u00eatre retenue qu\u2019\u00e0 titre indicatif. Afin d\u2019obtenir des informations compl\u00e8tes, veuillez consulter la politique de confidentialit\u00e9 des \u00e9ventuels services tiers, list\u00e9s dans ce document.<\/p>\n<p style=\"text-align: justify;\">Vu la complexit\u00e9 objective inh\u00e9rente \u00e0 l\u2019identification des technologies bas\u00e9es sur les Cookies et \u00e0 leur int\u00e9gration tr\u00e8s \u00e9troitement li\u00e9e au fonctionnement d\u2019Internet, l\u2019Utilisateur est pri\u00e9 de contacter le Responsable, s\u2019il veut recevoir des informations plus pr\u00e9cises quant \u00e0 l\u2019utilisation de ces Cookies et aux utilisations \u00e9ventuelles de ceux-ci \u2013 par exemple, par des tiers \u2013 effectu\u00e9es \u00e0 travers ce site.<\/p>\n<p style=\"text-align: justify;\">Le pr\u00e9sent document se r\u00e9f\u00e8re \u00e0 tous les espaces en ligne (sites, plates-formes, outils Internet, etc.) appartenant au Responsable. Afin d\u2019obtenir de plus amples informations sur les outils relatifs \u00e0 un espace sp\u00e9cifique, l\u2019Utilisateur est pri\u00e9 de contacter le Responsable gr\u00e2ce aux r\u00e9f\u00e9rences fournies dans le pr\u00e9sent document.<\/p>\n<p style=\"text-align: justify;\"><strong>Types de cookies<\/strong><br \/>\nIl existe diff\u00e9rents types de cookies. Ci dessous, nous indiquons les types de cookies qui peuvent \u00eatre utilis\u00e9s sur le Site, accompagn\u00e9s d\u2019une description de la finalit\u00e9 li\u00e9e \u00e0 l\u2019utilisation.<\/p>\n<p style=\"text-align: justify;\">Attention! Cette liste pourrait ne pas \u00eatre compl\u00e8te, en raison des modifications aux services de parties tierces. Veuillez consulter les Politiques de Confidentialit\u00e9 correspondantes pour de plus amples informations.<\/p>\n<p style=\"text-align: justify;\"><strong>Cookies techniques<\/strong><br \/>\nLes cookies de ce type sont n\u00e9cessaires au bon fonctionnement de certains espaces du site. Les cookies de cette cat\u00e9gorie comprennent, \u00e0 la fois, les cookies persistants et les cookies de session. Sans ce type de cookies, le site ou certaines de ses sections pourraient ne pas fonctionner correctement. D\u00e8s lors, ils sont toujours utilis\u00e9s, ind\u00e9pendamment des pr\u00e9f\u00e9rences de l\u2019utilisateur. Les cookies de cette cat\u00e9gorie sont toujours envoy\u00e9s par notre domaine.<\/p>\n<p style=\"text-align: justify;\"><strong>Cookies analytiques<\/strong><br \/>\nLes cookies de ce type sont utilis\u00e9s pour collecter des informations sur l\u2019utilisation du site. Le Responsable a recours \u00e0 ces informations pour des analyses statistiques, en vue d\u2019am\u00e9liorer le site et de simplifier son utilisation, ainsi que de surveiller son bon fonctionnement. Ce type de cookies collecte des informations sous FORME ANONYME quant \u00e0 l\u2019activit\u00e9 des utilisateurs sur le site et quant \u00e0 la mani\u00e8re dont ils sont arriv\u00e9s sur le Site et aux pages visit\u00e9es. Les cookies de cette cat\u00e9gorie sont envoy\u00e9s par le Site ou par des domaines de parties tierces.<br \/>\n<em>Vous trouverez, ci-apr\u00e8s, une liste des services de tiers activ\u00e9s sur ce site:<\/em><\/p>\n<ul style=\"text-align: justify;\">\n<li><strong>Google Analytics (Google Inc.)<\/strong>\u00a0Il est utilis\u00e9 pour le comptage des visites sur notre site Internet et pour des statistiques sur son utilisation. Il sert \u00e0 am\u00e9liorer le service offert.<br \/>\nSur ce site, Google Analytics a \u00e9t\u00e9 configur\u00e9 pour rendre les IP anonymes, nous ne pourrons donc voir que des informations agr\u00e9g\u00e9es et qui ne sont pas sp\u00e9cifiques \u00e0 votre cas.\u00a0<a href=\"http:\/\/www.google.com\/intl\/en\/policies\/privacy\/\" target=\"_blank\">Politique de Confidentialit\u00e9<\/a>\u00a0\u2013\u00a0<a href=\"http:\/\/tools.google.com\/dlpage\/gaoptout?hl=it\" target=\"_blank\">Opt Out<\/a><\/li>\n<\/ul>\n<ul style=\"text-align: justify;\">\n<li><strong>Bouton +1 et widget social de Google+ (Google Inc.)<\/strong>\u00a0<a href=\"http:\/\/www.google.com\/intl\/it\/policies\/privacy\/\" target=\"_blank\">Politique de Confidentialit\u00e9<\/a><\/li>\n<\/ul>\n<ul>\n<li style=\"text-align: justify;\"><strong>Bouton J\u2019aime et widget social de Facebook (Facebook, Inc.) <\/strong><a href=\"http:\/\/www.facebook.com\/privacy\/explanation.php\" target=\"_blank\">Politique de Confidentialit\u00e9<\/a>\u00a0\u2013\u00a0<a href=\"https:\/\/it-it.facebook.com\/help\/cookies\/\" target=\"_blank\">Politique Cookies<\/a><\/li>\n<\/ul>\n<p>[\/vc_column_text][\/vc_column][\/vc_row]<\/p>\n","protected":false},"excerpt":{"rendered":"<p>[vc_row][vc_column][vc_custom_heading source=\u00a0\u00bbpost_title\u00a0\u00bb font_container=\u00a0\u00bbtag:h2|text_align:center\u00a0\u00bb use_theme_fonts=\u00a0\u00bbyes\u00a0\u00bb][vc_separator color=\u00a0\u00bbwhite\u00a0\u00bb][\/vc_column][\/vc_row][vc_row][vc_column][vc_column_text]Ce Site utilise des cookies afin de rendre ses services plus efficaces et plus simples \u00e0 utiliser, D\u00e8s lors, lorsqu\u2019on visite le Site, une quantit\u00e9 minimale d\u2019informations est ins\u00e9r\u00e9e dans le dispositif de l\u2019Utilisateur, sous forme de petites cha\u00eenes de texte, appel\u00e9es \u00ab\u00accookies\u00ac\u00bb, lesquels sont enregistr\u00e9s dans le r\u00e9pertoire du navigateur<\/p>\n","protected":false},"author":1,"featured_media":0,"parent":0,"menu_order":99,"comment_status":"closed","ping_status":"closed","template":"","meta":[],"yoast_head":"<!-- This site is optimized with the Yoast SEO plugin v16.6.1 - https:\/\/yoast.com\/wordpress\/plugins\/seo\/ -->\n<title>Politique de Confidentialit\u00e9 - M\u00e9canique de pr\u00e9cision | Algra<\/title>\n<meta name=\"robots\" content=\"index, follow, max-snippet:-1, max-image-preview:large, max-video-preview:-1\" \/>\n<link rel=\"canonical\" href=\"https:\/\/algra.it\/fr\/politique-de-confidentialite\/\" \/>\n<meta property=\"og:locale\" content=\"fr_FR\" \/>\n<meta property=\"og:type\" content=\"article\" \/>\n<meta property=\"og:title\" content=\"Politique de Confidentialit\u00e9 - M\u00e9canique de pr\u00e9cision | Algra\" \/>\n<meta property=\"og:description\" content=\"[vc_row][vc_column][vc_custom_heading source=\u00a0\u00bbpost_title\u00a0\u00bb font_container=\u00a0\u00bbtag:h2|text_align:center\u00a0\u00bb use_theme_fonts=\u00a0\u00bbyes\u00a0\u00bb][vc_separator color=\u00a0\u00bbwhite\u00a0\u00bb][\/vc_column][\/vc_row][vc_row][vc_column][vc_column_text]Ce Site utilise des cookies afin de rendre ses services plus efficaces et plus simples \u00e0 utiliser, D\u00e8s lors, lorsqu\u2019on visite le Site, une quantit\u00e9 minimale d\u2019informations est ins\u00e9r\u00e9e dans le dispositif de l\u2019Utilisateur, sous forme de petites cha\u00eenes de texte, appel\u00e9es \u00ab\u00accookies\u00ac\u00bb, lesquels sont enregistr\u00e9s dans le r\u00e9pertoire du navigateur\" \/>\n<meta property=\"og:url\" content=\"https:\/\/algra.it\/fr\/politique-de-confidentialite\/\" \/>\n<meta property=\"og:site_name\" content=\"M\u00e9canique de pr\u00e9cision | Algra\" \/>\n<meta property=\"article:modified_time\" content=\"2017-02-24T00:30:23+00:00\" \/>\n<meta name=\"twitter:card\" content=\"summary\" \/>\n<meta name=\"twitter:label1\" content=\"Dur\u00e9e de lecture est.\" \/>\n\t<meta name=\"twitter:data1\" content=\"5 minutes\" \/>\n<script type=\"application\/ld+json\" class=\"yoast-schema-graph\">{\"@context\":\"https:\/\/schema.org\",\"@graph\":[{\"@type\":\"WebSite\",\"@id\":\"https:\/\/algra.it\/#website\",\"url\":\"https:\/\/algra.it\/\",\"name\":\"M\\u00e9canique de pr\\u00e9cision | Algra\",\"description\":\"Lavorazioni meccaniche di precisione, accessori per torni, portautensili speciali, alberi mandrino\",\"potentialAction\":[{\"@type\":\"SearchAction\",\"target\":{\"@type\":\"EntryPoint\",\"urlTemplate\":\"https:\/\/algra.it\/?s={search_term_string}\"},\"query-input\":\"required name=search_term_string\"}],\"inLanguage\":\"fr-FR\"},{\"@type\":\"WebPage\",\"@id\":\"https:\/\/algra.it\/fr\/politique-de-confidentialite\/#webpage\",\"url\":\"https:\/\/algra.it\/fr\/politique-de-confidentialite\/\",\"name\":\"Politique de Confidentialit\\u00e9 - M\\u00e9canique de pr\\u00e9cision | Algra\",\"isPartOf\":{\"@id\":\"https:\/\/algra.it\/#website\"},\"datePublished\":\"2017-02-23T15:27:29+00:00\",\"dateModified\":\"2017-02-24T00:30:23+00:00\",\"breadcrumb\":{\"@id\":\"https:\/\/algra.it\/fr\/politique-de-confidentialite\/#breadcrumb\"},\"inLanguage\":\"fr-FR\",\"potentialAction\":[{\"@type\":\"ReadAction\",\"target\":[\"https:\/\/algra.it\/fr\/politique-de-confidentialite\/\"]}]},{\"@type\":\"BreadcrumbList\",\"@id\":\"https:\/\/algra.it\/fr\/politique-de-confidentialite\/#breadcrumb\",\"itemListElement\":[{\"@type\":\"ListItem\",\"position\":1,\"name\":\"Home\",\"item\":\"https:\/\/algra.it\/fr\/\"},{\"@type\":\"ListItem\",\"position\":2,\"name\":\"Politique de Confidentialit\\u00e9\"}]}]}<\/script>\n<!-- \/ Yoast SEO plugin. -->","_links":{"self":[{"href":"https:\/\/algra.it\/fr\/wp-json\/wp\/v2\/pages\/2528"}],"collection":[{"href":"https:\/\/algra.it\/fr\/wp-json\/wp\/v2\/pages"}],"about":[{"href":"https:\/\/algra.it\/fr\/wp-json\/wp\/v2\/types\/page"}],"author":[{"embeddable":true,"href":"https:\/\/algra.it\/fr\/wp-json\/wp\/v2\/users\/1"}],"replies":[{"embeddable":true,"href":"https:\/\/algra.it\/fr\/wp-json\/wp\/v2\/comments?post=2528"}],"version-history":[{"count":3,"href":"https:\/\/algra.it\/fr\/wp-json\/wp\/v2\/pages\/2528\/revisions"}],"predecessor-version":[{"id":2583,"href":"https:\/\/algra.it\/fr\/wp-json\/wp\/v2\/pages\/2528\/revisions\/2583"}],"wp:attachment":[{"href":"https:\/\/algra.it\/fr\/wp-json\/wp\/v2\/media?parent=2528"}],"curies":[{"name":"wp","href":"https:\/\/api.w.org\/{rel}","templated":true}]}}