{"id":4568,"date":"2016-10-20T03:20:38","date_gmt":"2016-10-20T01:20:38","guid":{"rendered":"http:\/\/algra.it\/azienda\/"},"modified":"2024-10-28T09:13:27","modified_gmt":"2024-10-28T08:13:27","slug":"firma","status":"publish","type":"page","link":"https:\/\/algra.it\/pl\/firma\/","title":{"rendered":"KIM JESTE\u015aMY"},"content":{"rendered":"<p>[vc_row full_width=&#8221;stretch_row_content_no_spaces&#8221; parallax=&#8221;content-moving&#8221; css=&#8221;.vc_custom_1476927093140{margin-bottom: 0px !important;}&#8221;][vc_column offset=&#8221;vc_hidden-xs&#8221;][vc_single_image image=&#8221;17047&#8243; img_size=&#8221;full&#8221; alignment=&#8221;center&#8221;][\/vc_column][\/vc_row][vc_row full_width=&#8221;stretch_row&#8221; css=&#8221;.vc_custom_1476929544406{margin-top: 0px !important;padding-top: 40px !important;padding-bottom: 40px !important;}&#8221;][vc_column][vc_custom_heading text=&#8221;Profesjonalny partner&#8221; font_container=&#8221;tag:h2|font_size:45px|text_align:center|line_height:60px&#8221; use_theme_fonts=&#8221;yes&#8221; el_class=&#8221;base_font_color&#8221; css=&#8221;.vc_custom_1548596470536{margin-bottom: 28px !important;}&#8221;][vc_column_text]<strong>ALGRA S.p.A.<\/strong> w ci\u0105gu pi\u0119\u0107dziesi\u0119ciu lat dzia\u0142alno\u015bci, zdoby\u0142a wysok\u0105 pozycj\u0119 w dziedzinie precyzyjnej obr\u00f3bki mechanicznej, wsp\u00f3\u0142pracuj\u0105c jako partner z najwa\u017cniejszymi firmami, b\u0119d\u0105cymi \u015bwiatowymi liderami w sektorach energetycznym, oprzyrz\u0105dowania i mechaniki narz\u0119dziowej. Sta\u0142a aktualizacja technologii i ci\u0105g\u0142e ulepszanie systemu funkcjonowania firmy pozwalaj\u0105 zagwarantowa\u0107 naszym klientom elastyczno\u015b\u0107, jako\u015b\u0107, precyzj\u0119 i niezawodno\u015b\u0107.[\/vc_column_text][vc_column_text]<\/p>\n<blockquote><p><strong>Algra S.p.A.<\/strong> jest firm\u0105 o kapitale za\u0142o\u017cycielskim \u20ac 2.200.000 i obrotach przesz\u0142o 25 milion\u00f3w euro rocznie, pracuje w niej 100 os\u00f3b.<br \/>\nZa\u0142o\u017cyciel firmy, Alberto Pesenti jest jej aktualnym prezesem i administratorem.<\/p><\/blockquote>\n<p>[\/vc_column_text][vc_gallery images=&#8221;7127,16923&#8243; img_size=&#8221;full&#8221;][\/vc_column][\/vc_row][vc_row full_width=&#8221;stretch_row&#8221; el_class=&#8221;third_bg_color&#8221; css=&#8221;.vc_custom_1484919913185{margin-bottom: 0px !important;padding-top: 12px !important;padding-bottom: 12px !important;}&#8221;][vc_column][vc_cta h2=&#8221;Skontaktuj si\u0119 z nami, aby uzyska\u0107 wi\u0119cej informacji o naszych produktach&#8221; h2_font_container=&#8221;font_size:20px|color:%23000000|line_height:24px&#8221; h2_use_theme_fonts=&#8221;yes&#8221; shape=&#8221;square&#8221; style=&#8221;flat&#8221; add_button=&#8221;right&#8221; btn_title=&#8221;Skontaktuj si\u0119 z nami&#8221; btn_style=&#8221;flat&#8221; btn_color=&#8221;theme_style_2&#8243; btn_align=&#8221;right&#8221; btn_i_align=&#8221;right&#8221; btn_i_icon_fontawesome=&#8221;fa fa-chevron-right&#8221; btn_css_animation=&#8221;right-to-left&#8221; use_custom_fonts_h2=&#8221;true&#8221; btn_button_block=&#8221;true&#8221; btn_add_icon=&#8221;true&#8221; el_class=&#8221;third_bg_color&#8221; css=&#8221;.vc_custom_1548600383825{margin-bottom: 0px !important;}&#8221; btn_link=&#8221;url:http%3A%2F%2Falgra.it%2Fpl%2Fskontaktuj-sie-z-nami%2F|||&#8221;][\/vc_cta][\/vc_column][\/vc_row][vc_row full_width=&#8221;stretch_row&#8221; css=&#8221;.vc_custom_1476929544406{margin-top: 0px !important;padding-top: 40px !important;padding-bottom: 40px !important;}&#8221;][vc_column][vc_custom_heading text=&#8221;\u2026 kilka s\u0142\u00f3w o pocz\u0105tkach&#8221; font_container=&#8221;tag:h2|font_size:45px|text_align:center|line_height:60px&#8221; use_theme_fonts=&#8221;yes&#8221; el_class=&#8221;base_font_color&#8221; css=&#8221;.vc_custom_1548596657083{margin-bottom: 28px !important;}&#8221;][stm_company_history][stm_company_history_item year=&#8221;1974&#8243; title=&#8221;Alberto Pesenti zaczyna dzia\u0142alno\u015b\u0107&#8221; description=&#8221;na u\u017cywanej tokarce w gara\u017cu w\u0142asnego domu w Brembilla (ma\u0142e miasteczko znajduj\u0105ce si\u0119 20 km od Bergamo).<br \/>\nJest to wsp\u00f3lny pocz\u0105tek historii wielu niewielkich firm produkcyjnych, znajduj\u0105cych si\u0119 w dolinie, w kt\u00f3rej mie\u015bci si\u0119 tak\u017ce nasza fabryka.&#8221;][stm_company_history_item year=&#8221;1976&#8243; title=&#8221;W pocz\u0105tku tego roku zostaje za\u0142o\u017cona sp\u00f3\u0142ka cywilna AL.GRA &#8211; jest to akronim imion braci Pesenti &#8211; za\u0142o\u017cycieli przedsi\u0119biorstwa&#8221; description=&#8221;Pocz\u0105tkowo jest to firma rodzinna, zatrudniaj\u0105ca dw\u00f3ch pracownik\u00f3w.<br \/>\nAlberto Pesenti pragnie od samego pocz\u0105tku nada\u0107 firmie charakter przemys\u0142owy: k\u0142adzie szczeg\u00f3lny nacisk na polepszenie jako\u015bci w sektorze obr\u00f3bek mechanicznych na zlecenie.&#8221;][stm_company_history_item year=&#8221;Anni &#8217;80&#8221; title=&#8221;Dzi\u0119ki takiej strategii firma si\u0119 rozwija, zaczyna si\u0119 wyr\u00f3\u017cnia\u0107 dzi\u0119ki zdolno\u015bciom, determinacji w osi\u0105ganiu wyznaczonych cel\u00f3w, podejmowaniu wyzwa\u0144 i swojej kulturze biznesu.&#8221; description=&#8221;Powstaje pierwsza fabryka w Brembilla (dzisiaj Val Brembilla), pierwotnie o powierzchni 500 m2, nast\u0119pnie rozbudowana do 2000 m2.<br \/>\nPo ponad 10 latach od za\u0142o\u017cenia, ma\u0142a firma warsztatowa zostaje przekszta\u0142cona w sp\u00f3\u0142k\u0119 akcyjn\u0105 ALGRA S.p.A.&#8221;][stm_company_history_item year=&#8221;Lata 90-te&#8221; title=&#8221;Wielokierunkowy, mi\u0119dzynarodowy rozw\u00f3j dzia\u0142alno\u015bci, potrzeba konkurencyjno\u015bci i szybkiej odpowiedzi na wyzwania, prowadzi do zr\u00f3\u017cnicowania produkcji na produkty wykonywane na zlecenie oraz na produkcj\u0119 akcesori\u00f3w i uchwyt\u00f3w katalogowych pod nazw\u0105 ALGRA &#8221; description=&#8221;Powstanie nowej fabryki, b\u0119d\u0105cej wa\u017cnym krokiem w rozwoju firmy, w Almenno San Salvatore (kilka kilometr\u00f3w na p\u00f3\u0142noc od Bergamo). Jest to nowoczesna, dobrze zorganizowana struktura, znajduj\u0105ca si\u0119 w mi\u0142ym otoczeniu. Dzi\u015b w\u0142a\u015bnie tu znajduje si\u0119 g\u0142\u00f3wna siedziba firmy, produkcja i biura.&#8221;][stm_company_history_item year=&#8221;Lata 2018-2019&#8243; title=&#8221;Zaawansowane systemy produkcyjne parku maszynowego s\u0105 powi\u0119kszane o nowe maszyny w celu opracowania modeli produkcyjnych z zaawansowan\u0105 i najnowocze\u015bniejsz\u0105 technologi\u0105&#8221; description=&#8221;Nabycie nowego zak\u0142adu o powierzchni 1000 metr\u00f3w kwadratowych, s\u0105siaduj\u0105cego z ju\u017c dzia\u0142aj\u0105c\u0105 siedzib\u0105 w Val Brembilla, pozwoli\u0142o na rozbudow\u0119 obecnego zak\u0142adu przeznaczonego do monta\u017cu w celu bardziej nowoczesnej i technologicznej organizacji produkcji.<br \/>\nNowy zak\u0142ad o powierzchni ponad 5000 metr\u00f3w kwadratowych, zlokalizowany w du\u017cym obszarze przemys\u0142owym Mapello-Presezzo, zosta\u0142 zakupiony w celu coraz bardziej efektywnego zarz\u0105dzania, maj\u0105cego na celu optymalizacj\u0119 zakup\u00f3w. Zak\u0142ad zlokalizowany jest pod adresem:<br \/>\n\u2022 15 min od zjazdu z autostrady Bergamo,<br \/>\n\u2022 10 minut od zjazdu z autostrady Dalmine<br \/>\n\u2022 15 minut od lotniska Orio al Serio (BGY)<br \/>\n\u2022 Bezpo\u015brednio po\u0142\u0105czony z autostrad\u0105.<\/p>\n<p>&#8222;][stm_company_history_item year=&#8221;Dzisiaj&#8221; title=&#8221;G\u0142\u00f3wna dzia\u0142alno\u015b\u0107 firmy koncentruje si\u0119 w zak\u0142adzie w Almenno San Salvatore. Siedziba zajmuje powierzchni\u0119 oko\u0142o 13 000 m2, z ponad 100-osobow\u0105 za\u0142og\u0105. W\u0142asne zaplecze w Val Brembilla e Presezzo jest logistycznym wsparciem produkcji.&#8221; description=&#8221; Wyr\u00f3\u017cnia nas innowacyjno\u015b\u0107, dzi\u0119ki czemu firma jest stabilna oraz nieustannie si\u0119 rozwija.<br \/>\nOsi\u0105gni\u0119cie wielu po\u015brednich cel\u00f3w pozwoli\u0142o stworzy\u0107 du\u017c\u0105 firm\u0119, b\u0119d\u0105c\u0105 liderem we w\u0142asnym sektorze. Wszyscy pracownicy czynnie uczestnicz\u0105 we wsp\u00f3lnym okre\u015bleniu oraz osi\u0105gni\u0119ciu cel\u00f3w i warto\u015bci takich jak: innowacja, ci\u0105g\u0142e podnoszenie kwalifikacji, jako\u015b\u0107, bezpiecze\u0144stwo i stabilno\u015b\u0107.&#8221;][\/stm_company_history][\/vc_column][\/vc_row][vc_row full_width=&#8221;stretch_row&#8221; el_class=&#8221;overlay fixed_bg&#8221; css=&#8221;.vc_custom_1484590182520{margin-bottom: 0px !important;padding-top: 110px !important;padding-bottom: 81px !important;background-image: url(http:\/\/algra.it\/wp-content\/uploads\/algra-machine-tool-accessories.jpg?id=2117) !important;background-position: center !important;background-repeat: no-repeat !important;background-size: cover !important;}&#8221;][vc_column][vc_row_inner][vc_column_inner][vc_custom_heading icon=&#8221;stm-check&#8221; icon_size=&#8221;67&#8243; text=&#8221;Kompletny<br \/>\n<mark>katalog produkt\u00f3w<\/mark>&#8221; font_container=&#8221;tag:h4|font_size:45px|text_align:left|color:%23ffffff|line_height:45px&#8221; google_fonts=&#8221;font_family:Poppins%3A300%2Cregular%2C500%2C600%2C700|font_style:700%20bold%3A700%3Anormal&#8221; custom_icon=&#8221;stm-check&#8221; css=&#8221;.vc_custom_1548596110200{margin-bottom: 61px !important;}&#8221; el_class=&#8221;no_stripe&#8221;][\/vc_column_inner][\/vc_row_inner][vc_row_inner][vc_column_inner width=&#8221;1\/6&#8243;][\/vc_column_inner][vc_column_inner width=&#8221;1\/6&#8243;][stm_stats_counter counter_value=&#8221;75&#8243; title=&#8221;R\u00f3\u017cnych producent\u00f3w obrabiarek&#8221;][\/vc_column_inner][vc_column_inner width=&#8221;1\/6&#8243;][stm_stats_counter counter_value=&#8221;400&#8243; title=&#8221;Modeli obrabiarek&#8221;][\/vc_column_inner][vc_column_inner width=&#8221;1\/6&#8243;][stm_stats_counter counter_value=&#8221;60&#8243; title=&#8221;Dost\u0119pnych typ\u00f3w po\u0142\u0105cze\u0144&#8221;][\/vc_column_inner][vc_column_inner width=&#8221;1\/6&#8243;][stm_stats_counter counter_value=&#8221;100&#8243; counter_value_suf=&#8221;%&#8221; title=&#8221;Jako\u015bci&#8221;][\/vc_column_inner][vc_column_inner width=&#8221;1\/6&#8243;][\/vc_column_inner][\/vc_row_inner][vc_empty_space height=&#8221;80px&#8221;][vc_btn title=&#8221;Przejrzyj katalog produkt\u00f3w&#8221; align=&#8221;center&#8221; link=&#8221;url:http%3A%2F%2Falgra.it%2Fpl%2Fkatalog-produktow%2F|||&#8221;][\/vc_column][\/vc_row]<\/p>\n","protected":false},"excerpt":{"rendered":"<p>[vc_row full_width=&#8221;stretch_row_content_no_spaces&#8221; parallax=&#8221;content-moving&#8221; css=&#8221;.vc_custom_1476927093140{margin-bottom: 0px !important;}&#8221;][vc_column offset=&#8221;vc_hidden-xs&#8221;][vc_single_image image=&#8221;17047&#8243; img_size=&#8221;full&#8221; alignment=&#8221;center&#8221;][\/vc_column][\/vc_row][vc_row full_width=&#8221;stretch_row&#8221; css=&#8221;.vc_custom_1476929544406{margin-top: 0px !important;padding-top: 40px !important;padding-bottom: 40px !important;}&#8221;][vc_column][vc_custom_heading text=&#8221;Profesjonalny partner&#8221; font_container=&#8221;tag:h2|font_size:45px|text_align:center|line_height:60px&#8221; use_theme_fonts=&#8221;yes&#8221; el_class=&#8221;base_font_color&#8221; css=&#8221;.vc_custom_1548596470536{margin-bottom: 28px !important;}&#8221;][vc_column_text]ALGRA S.p.A. w ci\u0105gu pi\u0119\u0107dziesi\u0119ciu lat dzia\u0142alno\u015bci, zdoby\u0142a wysok\u0105 pozycj\u0119 w dziedzinie precyzyjnej obr\u00f3bki mechanicznej, wsp\u00f3\u0142pracuj\u0105c jako partner z najwa\u017cniejszymi firmami, b\u0119d\u0105cymi \u015bwiatowymi liderami w sektorach energetycznym, oprzyrz\u0105dowania i mechaniki<\/p>\n","protected":false},"author":1,"featured_media":0,"parent":0,"menu_order":10,"comment_status":"closed","ping_status":"closed","template":"","meta":[],"yoast_head":"<!-- This site is optimized with the Yoast SEO plugin v16.6.1 - https:\/\/yoast.com\/wordpress\/plugins\/seo\/ -->\n<title>KIM JESTE\u015aMY - Precyzyjna mechanika | Algra<\/title>\n<meta name=\"robots\" content=\"index, follow, max-snippet:-1, max-image-preview:large, max-video-preview:-1\" \/>\n<link rel=\"canonical\" href=\"https:\/\/algra.it\/pl\/firma\/\" \/>\n<meta property=\"og:locale\" content=\"pl_PL\" \/>\n<meta property=\"og:type\" content=\"article\" \/>\n<meta property=\"og:title\" content=\"KIM JESTE\u015aMY - Precyzyjna mechanika | Algra\" \/>\n<meta property=\"og:description\" content=\"[vc_row full_width=&#8221;stretch_row_content_no_spaces&#8221; parallax=&#8221;content-moving&#8221; css=&#8221;.vc_custom_1476927093140{margin-bottom: 0px !important;}&#8221;][vc_column offset=&#8221;vc_hidden-xs&#8221;][vc_single_image image=&#8221;17047&#8243; img_size=&#8221;full&#8221; alignment=&#8221;center&#8221;][\/vc_column][\/vc_row][vc_row full_width=&#8221;stretch_row&#8221; css=&#8221;.vc_custom_1476929544406{margin-top: 0px !important;padding-top: 40px !important;padding-bottom: 40px !important;}&#8221;][vc_column][vc_custom_heading text=&#8221;Profesjonalny partner&#8221; font_container=&#8221;tag:h2|font_size:45px|text_align:center|line_height:60px&#8221; use_theme_fonts=&#8221;yes&#8221; el_class=&#8221;base_font_color&#8221; css=&#8221;.vc_custom_1548596470536{margin-bottom: 28px !important;}&#8221;][vc_column_text]ALGRA S.p.A. w ci\u0105gu pi\u0119\u0107dziesi\u0119ciu lat dzia\u0142alno\u015bci, zdoby\u0142a wysok\u0105 pozycj\u0119 w dziedzinie precyzyjnej obr\u00f3bki mechanicznej, wsp\u00f3\u0142pracuj\u0105c jako partner z najwa\u017cniejszymi firmami, b\u0119d\u0105cymi \u015bwiatowymi liderami w sektorach energetycznym, oprzyrz\u0105dowania i mechaniki\" \/>\n<meta property=\"og:url\" content=\"https:\/\/algra.it\/pl\/firma\/\" \/>\n<meta property=\"og:site_name\" content=\"Precyzyjna mechanika | Algra\" \/>\n<meta property=\"article:modified_time\" content=\"2024-10-28T08:13:27+00:00\" \/>\n<meta name=\"twitter:card\" content=\"summary\" \/>\n<meta name=\"twitter:label1\" content=\"Szacowany czas czytania\" \/>\n\t<meta name=\"twitter:data1\" content=\"3 minuty\" \/>\n<script type=\"application\/ld+json\" class=\"yoast-schema-graph\">{\"@context\":\"https:\/\/schema.org\",\"@graph\":[{\"@type\":\"WebSite\",\"@id\":\"https:\/\/algra.it\/#website\",\"url\":\"https:\/\/algra.it\/\",\"name\":\"Precyzyjna mechanika | Algra\",\"description\":\"Lavorazioni meccaniche di precisione, accessori per torni, portautensili speciali, alberi mandrino\",\"potentialAction\":[{\"@type\":\"SearchAction\",\"target\":{\"@type\":\"EntryPoint\",\"urlTemplate\":\"https:\/\/algra.it\/?s={search_term_string}\"},\"query-input\":\"required name=search_term_string\"}],\"inLanguage\":\"pl-PL\"},{\"@type\":\"WebPage\",\"@id\":\"https:\/\/algra.it\/pl\/firma\/#webpage\",\"url\":\"https:\/\/algra.it\/pl\/firma\/\",\"name\":\"KIM JESTE\\u015aMY - Precyzyjna mechanika | Algra\",\"isPartOf\":{\"@id\":\"https:\/\/algra.it\/#website\"},\"datePublished\":\"2016-10-20T01:20:38+00:00\",\"dateModified\":\"2024-10-28T08:13:27+00:00\",\"breadcrumb\":{\"@id\":\"https:\/\/algra.it\/pl\/firma\/#breadcrumb\"},\"inLanguage\":\"pl-PL\",\"potentialAction\":[{\"@type\":\"ReadAction\",\"target\":[\"https:\/\/algra.it\/pl\/firma\/\"]}]},{\"@type\":\"BreadcrumbList\",\"@id\":\"https:\/\/algra.it\/pl\/firma\/#breadcrumb\",\"itemListElement\":[{\"@type\":\"ListItem\",\"position\":1,\"name\":\"Home\",\"item\":\"https:\/\/algra.it\/pl\/\"},{\"@type\":\"ListItem\",\"position\":2,\"name\":\"KIM JESTE\\u015aMY\"}]}]}<\/script>\n<!-- \/ Yoast SEO plugin. -->","_links":{"self":[{"href":"https:\/\/algra.it\/pl\/wp-json\/wp\/v2\/pages\/4568"}],"collection":[{"href":"https:\/\/algra.it\/pl\/wp-json\/wp\/v2\/pages"}],"about":[{"href":"https:\/\/algra.it\/pl\/wp-json\/wp\/v2\/types\/page"}],"author":[{"embeddable":true,"href":"https:\/\/algra.it\/pl\/wp-json\/wp\/v2\/users\/1"}],"replies":[{"embeddable":true,"href":"https:\/\/algra.it\/pl\/wp-json\/wp\/v2\/comments?post=4568"}],"version-history":[{"count":11,"href":"https:\/\/algra.it\/pl\/wp-json\/wp\/v2\/pages\/4568\/revisions"}],"predecessor-version":[{"id":17053,"href":"https:\/\/algra.it\/pl\/wp-json\/wp\/v2\/pages\/4568\/revisions\/17053"}],"wp:attachment":[{"href":"https:\/\/algra.it\/pl\/wp-json\/wp\/v2\/media?parent=4568"}],"curies":[{"name":"wp","href":"https:\/\/api.w.org\/{rel}","templated":true}]}}