{"id":4573,"date":"2016-11-25T18:02:47","date_gmt":"2016-11-25T17:02:47","guid":{"rendered":"http:\/\/algra.it\/produzione-meccanica\/"},"modified":"2025-02-05T09:40:23","modified_gmt":"2025-02-05T08:40:23","slug":"produkcja","status":"publish","type":"page","link":"https:\/\/algra.it\/pl\/produkcja\/","title":{"rendered":"PRODUKCJA"},"content":{"rendered":"<p>[vc_row full_width=&#8221;stretch_row_content_no_spaces&#8221; parallax=&#8221;content-moving&#8221; css=&#8221;.vc_custom_1476927093140{margin-bottom: 0px !important;}&#8221;][vc_column offset=&#8221;vc_hidden-xs&#8221;][vc_single_image image=&#8221;1281&#8243; img_size=&#8221;full&#8221; alignment=&#8221;center&#8221;][\/vc_column][\/vc_row][vc_row full_width=&#8221;stretch_row&#8221; css=&#8221;.vc_custom_1476927317136{margin-top: 0px !important;padding-top: 40px !important;padding-bottom: 70px !important;background-color: #f2f2f2 !important;}&#8221;][vc_column][vc_custom_heading text=&#8221;Produkcja: technika, innowacja i precyzja&#8221; font_container=&#8221;tag:h2|font_size:45px|text_align:center|line_height:60px&#8221; use_theme_fonts=&#8221;yes&#8221; el_class=&#8221;base_font_color&#8221; css=&#8221;.vc_custom_1548597163803{margin-bottom: 28px !important;}&#8221;][vc_column_text]Produkcja odbywa si\u0119 w nowoczesnym zak\u0142adzie w Almenno San Salvatore, natomiast oddzia\u0142 w Val Brembilla (Bergamo) zajmuje si\u0119 monta\u017cem oprawek i urz\u0105dze\u0144.<\/p>\n<p>Produkcja odbywa si\u0119 w cyklu 24h przy wykorzystaniu urz\u0105dze\u0144 i obrabiarek CNC, wyposa\u017conych w najnowsze technologie i pozwalaj\u0105cych na wykonywanie najbardziej skomplikowanych obr\u00f3bek mechanicznych.<br \/>\nBardzo dok\u0142adna i wydajna kontrola jako\u015bci w spos\u00f3b ci\u0105g\u0142y monitoruje cykl produkcji wyrobu, wykorzystuj\u0105c najnowocze\u015bniejsze urz\u0105dzenia pomiarowe.<br \/>\nMaksymalna obrabiana \u015brednica to 2100 mm.[\/vc_column_text][vc_separator css=&#8221;.vc_custom_1476927619221{margin-top: 20px !important;margin-bottom: 40px !important;}&#8221;][vc_row_inner css=&#8221;.vc_custom_1455871593995{margin-bottom: 30px !important;}&#8221;][vc_column_inner width=&#8221;1\/3&#8243;][stm_icon_box hide_title_line=&#8221;hide_title_line&#8221; enable_hexagon=&#8221;enable&#8221; enable_hexagon_animation=&#8221;enable&#8221; icon=&#8221;stm-stm14_country&#8221; style=&#8221;icon_left&#8221; icon_size=&#8221;15&#8243; icon_width=&#8221;78&#8243; title=&#8221;Toczenie w poziomie<br \/>\ni w pionie&#8221;]Toczenie poziome: \u015brednica obrotowa na stole \u00d8820, \u015brednica obrotowa w uchwycie \u00d8560, d\u0142ugo\u015b\u0107 toczenia 2500. Toczenie pionowe: \u00d81400\u00d71000[\/stm_icon_box][\/vc_column_inner][vc_column_inner width=&#8221;1\/3&#8243;][stm_icon_box hide_title_line=&#8221;hide_title_line&#8221; enable_hexagon=&#8221;enable&#8221; enable_hexagon_animation=&#8221;enable&#8221; icon=&#8221;stm-stm14_country&#8221; style=&#8221;icon_left&#8221; icon_size=&#8221;15&#8243; icon_width=&#8221;78&#8243; title=&#8221;Frezowanie uniwersalne<br \/>\nw pi\u0119ciu osiach&#8221;]Maksymalne przesuwy w poszczeg\u00f3lnych osiach: do X=1800; Y=2100; Z=1250.[\/stm_icon_box][\/vc_column_inner][vc_column_inner width=&#8221;1\/3&#8243;][stm_icon_box hide_title_line=&#8221;hide_title_line&#8221; enable_hexagon=&#8221;enable&#8221; enable_hexagon_animation=&#8221;enable&#8221; icon=&#8221;stm-stm14_country&#8221; style=&#8221;icon_left&#8221; icon_size=&#8221;15&#8243; icon_width=&#8221;78&#8243; title=&#8221;Frezowanie i<br \/>\ntoczenie&#8221;]Maksymalna \u015brednica do \u00d81400 i d\u0142ugo\u015b\u0107 do 1000mm.[\/stm_icon_box][\/vc_column_inner][\/vc_row_inner][vc_row_inner][vc_column_inner width=&#8221;1\/3&#8243;][stm_icon_box hide_title_line=&#8221;hide_title_line&#8221; enable_hexagon=&#8221;enable&#8221; enable_hexagon_animation=&#8221;enable&#8221; icon=&#8221;stm-stm14_country&#8221; style=&#8221;icon_left&#8221; icon_size=&#8221;15&#8243; icon_width=&#8221;78&#8243; title=&#8221;Polerowanie otwor\u00f3w<br \/>\ni powierzchni&#8221;]Polerowanie na powierzchniach (powierzchnia do \u00d81000) i polerowanie otwor\u00f3w do \u00d8350.[\/stm_icon_box][\/vc_column_inner][vc_column_inner width=&#8221;1\/3&#8243;][stm_icon_box hide_title_line=&#8221;hide_title_line&#8221; enable_hexagon=&#8221;enable&#8221; enable_hexagon_animation=&#8221;enable&#8221; icon=&#8221;stm-stm14_country&#8221; style=&#8221;icon_left&#8221; icon_size=&#8221;15&#8243; icon_width=&#8221;78&#8243; title=&#8221;Szlifowanie na okr\u0105g\u0142o<br \/>\n(wewn\u0119trzne i zewn\u0119trzne)&#8221;]Maksymalna \u015brednica 250mm na d\u0142ugo\u015bci do 1600mm pomi\u0119dzy k\u0142ami tokarki.[\/stm_icon_box][\/vc_column_inner][vc_column_inner width=&#8221;1\/3&#8243;][stm_icon_box hide_title_line=&#8221;hide_title_line&#8221; enable_hexagon=&#8221;enable&#8221; enable_hexagon_animation=&#8221;enable&#8221; icon=&#8221;stm-stm14_country&#8221; style=&#8221;icon_left&#8221; icon_size=&#8221;15&#8243; icon_width=&#8221;78&#8243; title=&#8221;Szlifowanie<br \/>\npowierzchni&#8221;]Dost\u0119pne gabaryty do 700\u00d71600 i na stole obrotowym do \u00d81200.[\/stm_icon_box][\/vc_column_inner][\/vc_row_inner][vc_empty_space height=&#8221;80px&#8221;][vc_row_inner][vc_column_inner width=&#8221;1\/4&#8243;][\/vc_column_inner][vc_column_inner width=&#8221;1\/4&#8243;][vc_btn title=&#8221;OBR\u00d3BKA MECHANICZNA&#8221; color=&#8221;black&#8221; align=&#8221;center&#8221; link=&#8221;url:http%3A%2F%2Falgra.it%2Fpl%2Fobrobka-mechaniczna%2F|||&#8221;][\/vc_column_inner][vc_column_inner width=&#8221;1\/4&#8243;][vc_btn title=&#8221;AKCESORIA DO OBRABIAREK&#8221; color=&#8221;black&#8221; align=&#8221;center&#8221; link=&#8221;url:http%3A%2F%2Falgra.it%2Fpl%2Fakcesoria-do-obrabiarek%2F|||&#8221;][\/vc_column_inner][vc_column_inner width=&#8221;1\/4&#8243;][\/vc_column_inner][\/vc_row_inner][\/vc_column][\/vc_row][vc_row full_width=&#8221;stretch_row&#8221; el_class=&#8221;third_bg_color&#8221; css=&#8221;.vc_custom_1484919941367{margin-bottom: 0px !important;padding-top: 12px !important;padding-bottom: 12px !important;}&#8221;][vc_column][vc_cta h2=&#8221;Skontaktuj si\u0119 z nami, aby uzyska\u0107 wi\u0119cej informacji o naszych produktach&#8221; h2_font_container=&#8221;font_size:20px|color:%23000000|line_height:24px&#8221; h2_use_theme_fonts=&#8221;yes&#8221; shape=&#8221;square&#8221; style=&#8221;flat&#8221; add_button=&#8221;right&#8221; btn_title=&#8221;Skontaktuj si\u0119 z nami&#8221; btn_style=&#8221;flat&#8221; btn_color=&#8221;theme_style_2&#8243; btn_align=&#8221;right&#8221; btn_i_align=&#8221;right&#8221; btn_i_icon_fontawesome=&#8221;fa fa-chevron-right&#8221; btn_css_animation=&#8221;right-to-left&#8221; use_custom_fonts_h2=&#8221;true&#8221; btn_button_block=&#8221;true&#8221; btn_add_icon=&#8221;true&#8221; el_class=&#8221;third_bg_color&#8221; css=&#8221;.vc_custom_1548600508801{margin-bottom: 0px !important;}&#8221; btn_link=&#8221;url:http%3A%2F%2Falgra.it%2Fpl%2Fskontaktuj-sie-z-nami%2F|||&#8221;][\/vc_cta][\/vc_column][\/vc_row][vc_row full_width=&#8221;stretch_row&#8221; el_class=&#8221;overlay fixed_bg&#8221; css=&#8221;.vc_custom_1484590182520{margin-bottom: 0px !important;padding-top: 110px !important;padding-bottom: 81px !important;background-image: url(http:\/\/algra.it\/wp-content\/uploads\/algra-machine-tool-accessories.jpg?id=2117) !important;background-position: center !important;background-repeat: no-repeat !important;background-size: cover !important;}&#8221;][vc_column][vc_row_inner][vc_column_inner][vc_custom_heading icon=&#8221;stm-check&#8221; icon_size=&#8221;67&#8243; text=&#8221;Kompletny<br \/>\n<mark>katalog produkt\u00f3w<\/mark>&#8221; font_container=&#8221;tag:h4|font_size:45px|text_align:left|color:%23ffffff|line_height:45px&#8221; google_fonts=&#8221;font_family:Poppins%3A300%2Cregular%2C500%2C600%2C700|font_style:700%20bold%3A700%3Anormal&#8221; custom_icon=&#8221;stm-check&#8221; css=&#8221;.vc_custom_1548596110200{margin-bottom: 61px !important;}&#8221; el_class=&#8221;no_stripe&#8221;][\/vc_column_inner][\/vc_row_inner][vc_row_inner][vc_column_inner width=&#8221;1\/6&#8243;][\/vc_column_inner][vc_column_inner width=&#8221;1\/6&#8243;][stm_stats_counter counter_value=&#8221;32&#8243; title=&#8221;R\u00f3\u017cnych producent\u00f3w obrabiarek&#8221;][\/vc_column_inner][vc_column_inner width=&#8221;1\/6&#8243;][stm_stats_counter counter_value=&#8221;211&#8243; title=&#8221;Modeli obrabiarek&#8221;][\/vc_column_inner][vc_column_inner width=&#8221;1\/6&#8243;][stm_stats_counter counter_value=&#8221;58&#8243; title=&#8221;Dost\u0119pnych typ\u00f3w po\u0142\u0105cze\u0144&#8221;][\/vc_column_inner][vc_column_inner width=&#8221;1\/6&#8243;][stm_stats_counter counter_value=&#8221;100&#8243; counter_value_suf=&#8221;%&#8221; title=&#8221;Jako\u015bci&#8221;][\/vc_column_inner][vc_column_inner width=&#8221;1\/6&#8243;][\/vc_column_inner][\/vc_row_inner][vc_empty_space height=&#8221;80px&#8221;][vc_btn title=&#8221;Przejrzyj katalog produkt\u00f3w&#8221; align=&#8221;center&#8221; link=&#8221;url:https%3A%2F%2Ftc.algra.it%2F|||&#8221;][\/vc_column][\/vc_row]<\/p>\n","protected":false},"excerpt":{"rendered":"<p>[vc_row full_width=&#8221;stretch_row_content_no_spaces&#8221; parallax=&#8221;content-moving&#8221; css=&#8221;.vc_custom_1476927093140{margin-bottom: 0px !important;}&#8221;][vc_column offset=&#8221;vc_hidden-xs&#8221;][vc_single_image image=&#8221;1281&#8243; img_size=&#8221;full&#8221; alignment=&#8221;center&#8221;][\/vc_column][\/vc_row][vc_row full_width=&#8221;stretch_row&#8221; css=&#8221;.vc_custom_1476927317136{margin-top: 0px !important;padding-top: 40px !important;padding-bottom: 70px !important;background-color: #f2f2f2 !important;}&#8221;][vc_column][vc_custom_heading text=&#8221;Produkcja: technika, innowacja i precyzja&#8221; font_container=&#8221;tag:h2|font_size:45px|text_align:center|line_height:60px&#8221; use_theme_fonts=&#8221;yes&#8221; el_class=&#8221;base_font_color&#8221; css=&#8221;.vc_custom_1548597163803{margin-bottom: 28px !important;}&#8221;][vc_column_text]Produkcja odbywa si\u0119 w nowoczesnym zak\u0142adzie w Almenno San Salvatore, natomiast oddzia\u0142 w Val Brembilla (Bergamo) zajmuje si\u0119 monta\u017cem oprawek i urz\u0105dze\u0144. Produkcja odbywa si\u0119<\/p>\n","protected":false},"author":1,"featured_media":0,"parent":0,"menu_order":12,"comment_status":"closed","ping_status":"closed","template":"","meta":[],"yoast_head":"<!-- This site is optimized with the Yoast SEO plugin v16.6.1 - https:\/\/yoast.com\/wordpress\/plugins\/seo\/ -->\n<title>PRODUKCJA - Precyzyjna mechanika | Algra<\/title>\n<meta name=\"robots\" content=\"index, follow, max-snippet:-1, max-image-preview:large, max-video-preview:-1\" \/>\n<link rel=\"canonical\" href=\"https:\/\/algra.it\/pl\/produkcja\/\" \/>\n<meta property=\"og:locale\" content=\"pl_PL\" \/>\n<meta property=\"og:type\" content=\"article\" \/>\n<meta property=\"og:title\" content=\"PRODUKCJA - Precyzyjna mechanika | Algra\" \/>\n<meta property=\"og:description\" content=\"[vc_row full_width=&#8221;stretch_row_content_no_spaces&#8221; parallax=&#8221;content-moving&#8221; css=&#8221;.vc_custom_1476927093140{margin-bottom: 0px !important;}&#8221;][vc_column offset=&#8221;vc_hidden-xs&#8221;][vc_single_image image=&#8221;1281&#8243; img_size=&#8221;full&#8221; alignment=&#8221;center&#8221;][\/vc_column][\/vc_row][vc_row full_width=&#8221;stretch_row&#8221; css=&#8221;.vc_custom_1476927317136{margin-top: 0px !important;padding-top: 40px !important;padding-bottom: 70px !important;background-color: #f2f2f2 !important;}&#8221;][vc_column][vc_custom_heading text=&#8221;Produkcja: technika, innowacja i precyzja&#8221; font_container=&#8221;tag:h2|font_size:45px|text_align:center|line_height:60px&#8221; use_theme_fonts=&#8221;yes&#8221; el_class=&#8221;base_font_color&#8221; css=&#8221;.vc_custom_1548597163803{margin-bottom: 28px !important;}&#8221;][vc_column_text]Produkcja odbywa si\u0119 w nowoczesnym zak\u0142adzie w Almenno San Salvatore, natomiast oddzia\u0142 w Val Brembilla (Bergamo) zajmuje si\u0119 monta\u017cem oprawek i urz\u0105dze\u0144. Produkcja odbywa si\u0119\" \/>\n<meta property=\"og:url\" content=\"https:\/\/algra.it\/pl\/produkcja\/\" \/>\n<meta property=\"og:site_name\" content=\"Precyzyjna mechanika | Algra\" \/>\n<meta property=\"article:modified_time\" content=\"2025-02-05T08:40:23+00:00\" \/>\n<meta name=\"twitter:card\" content=\"summary\" \/>\n<meta name=\"twitter:label1\" content=\"Szacowany czas czytania\" \/>\n\t<meta name=\"twitter:data1\" content=\"2 minuty\" \/>\n<script type=\"application\/ld+json\" class=\"yoast-schema-graph\">{\"@context\":\"https:\/\/schema.org\",\"@graph\":[{\"@type\":\"WebSite\",\"@id\":\"https:\/\/algra.it\/#website\",\"url\":\"https:\/\/algra.it\/\",\"name\":\"Precyzyjna mechanika | Algra\",\"description\":\"Lavorazioni meccaniche di precisione, accessori per torni, portautensili speciali, alberi mandrino\",\"potentialAction\":[{\"@type\":\"SearchAction\",\"target\":{\"@type\":\"EntryPoint\",\"urlTemplate\":\"https:\/\/algra.it\/?s={search_term_string}\"},\"query-input\":\"required name=search_term_string\"}],\"inLanguage\":\"pl-PL\"},{\"@type\":\"WebPage\",\"@id\":\"https:\/\/algra.it\/pl\/produkcja\/#webpage\",\"url\":\"https:\/\/algra.it\/pl\/produkcja\/\",\"name\":\"PRODUKCJA - Precyzyjna mechanika | Algra\",\"isPartOf\":{\"@id\":\"https:\/\/algra.it\/#website\"},\"datePublished\":\"2016-11-25T17:02:47+00:00\",\"dateModified\":\"2025-02-05T08:40:23+00:00\",\"breadcrumb\":{\"@id\":\"https:\/\/algra.it\/pl\/produkcja\/#breadcrumb\"},\"inLanguage\":\"pl-PL\",\"potentialAction\":[{\"@type\":\"ReadAction\",\"target\":[\"https:\/\/algra.it\/pl\/produkcja\/\"]}]},{\"@type\":\"BreadcrumbList\",\"@id\":\"https:\/\/algra.it\/pl\/produkcja\/#breadcrumb\",\"itemListElement\":[{\"@type\":\"ListItem\",\"position\":1,\"name\":\"Home\",\"item\":\"https:\/\/algra.it\/pl\/\"},{\"@type\":\"ListItem\",\"position\":2,\"name\":\"PRODUKCJA\"}]}]}<\/script>\n<!-- \/ Yoast SEO plugin. -->","_links":{"self":[{"href":"https:\/\/algra.it\/pl\/wp-json\/wp\/v2\/pages\/4573"}],"collection":[{"href":"https:\/\/algra.it\/pl\/wp-json\/wp\/v2\/pages"}],"about":[{"href":"https:\/\/algra.it\/pl\/wp-json\/wp\/v2\/types\/page"}],"author":[{"embeddable":true,"href":"https:\/\/algra.it\/pl\/wp-json\/wp\/v2\/users\/1"}],"replies":[{"embeddable":true,"href":"https:\/\/algra.it\/pl\/wp-json\/wp\/v2\/comments?post=4573"}],"version-history":[{"count":4,"href":"https:\/\/algra.it\/pl\/wp-json\/wp\/v2\/pages\/4573\/revisions"}],"predecessor-version":[{"id":18197,"href":"https:\/\/algra.it\/pl\/wp-json\/wp\/v2\/pages\/4573\/revisions\/18197"}],"wp:attachment":[{"href":"https:\/\/algra.it\/pl\/wp-json\/wp\/v2\/media?parent=4573"}],"curies":[{"name":"wp","href":"https:\/\/api.w.org\/{rel}","templated":true}]}}