{"id":4577,"date":"2017-03-06T14:26:25","date_gmt":"2017-03-06T13:26:25","guid":{"rendered":"http:\/\/algra.it\/mechanical-quality-precision\/"},"modified":"2025-09-02T15:52:14","modified_gmt":"2025-09-02T13:52:14","slug":"jakosc","status":"publish","type":"page","link":"https:\/\/algra.it\/pl\/jakosc\/","title":{"rendered":"JAKO\u015a\u0106"},"content":{"rendered":"<p>[vc_row full_width=&#8221;stretch_row_content_no_spaces&#8221; parallax=&#8221;content-moving&#8221; css=&#8221;.vc_custom_1476927093140{margin-bottom: 0px !important;}&#8221;][vc_column offset=&#8221;vc_hidden-xs&#8221;][vc_single_image image=&#8221;19759&#8243; img_size=&#8221;full&#8221; alignment=&#8221;center&#8221;][\/vc_column][\/vc_row][vc_row full_width=&#8221;stretch_row&#8221; css=&#8221;.vc_custom_1476928430910{margin-top: 0px !important;padding-top: 40px !important;padding-bottom: 70px !important;}&#8221;][vc_column][vc_custom_heading text=&#8221;Jako\u015b\u0107 potwierdzona certyfikatami&#8221; font_container=&#8221;tag:h2|font_size:45px|text_align:center|line_height:60px&#8221; use_theme_fonts=&#8221;yes&#8221; el_class=&#8221;base_font_color&#8221; css=&#8221;.vc_custom_1548597570645{margin-bottom: 28px !important;}&#8221;][vc_column_text]Dzi\u0119ki najnowszym technologiom, pracuj\u0105c zgodnie z normami<strong> UNI EN ISO 9001:2015 i ISO14001:2015<\/strong>\u00a0oraz nieustannie podnosz\u0105c kwalifikacje personelu, zwi\u0119kszamy warto\u015b\u0107 naszych produkt\u00f3w i us\u0142ug.<\/p>\n<p>System Zapewnienia Jako\u015bci zosta\u0142 certyfikowany ju\u017c w roku 1993, zgodnie z norm\u0105 <strong>UNIEN ISO 9001:2015<\/strong>. System zarz\u0105dzania \u015brodowiskiem jest zgodny z norm\u0105<strong> ISO 14001:2015.<\/strong><\/p>\n<p>Ponadto ALGRA posiada licencj\u0119 <strong>TULPS (Skonsolidowana Ustawa o Bezpiecze\u0144stwie Publicznym)<\/strong> na podstawie ART.28 na produkcj\u0119 materia\u0142\u00f3w przeznaczonych na wyposa\u017cenie Si\u0142 Zbrojnych i Policji.<\/p>\n<p>ALGRA jest tak\u017ce cz\u0142onkiem <strong>LAC (Lombardy Aerospace Cluster)<\/strong>, zintegrowanego systemu firm, uniwersytet\u00f3w i o\u015brodk\u00f3w badawczych, wyposa\u017conego w umiej\u0119tno\u015bci technologiczne i najnowocze\u015bniejsze mo\u017cliwo\u015bci naukowe.[\/vc_column_text][vc_column_text css=&#8221;.vc_custom_1548597604606{margin-bottom: 34px !important;}&#8221;]<\/p>\n<blockquote><p>Ca\u0142a organizacja przywi\u0105zuje bardzo du\u017c\u0105 wag\u0119 do bezpiecze\u0144stwa i ochrony \u015brodowiska.<\/p><\/blockquote>\n<p>[\/vc_column_text][vc_separator css=&#8221;.vc_custom_1476927619221{margin-top: 20px !important;margin-bottom: 40px !important;}&#8221;][vc_row_inner][vc_column_inner width=&#8221;1\/4&#8243;][vc_single_image image=&#8221;13585&#8243; img_size=&#8221;full&#8221; alignment=&#8221;center&#8221; style=&#8221;vc_box_shadow&#8221; onclick=&#8221;link_image&#8221;][\/vc_column_inner][vc_column_inner width=&#8221;1\/4&#8243;][vc_single_image image=&#8221;8472&#8243; img_size=&#8221;full&#8221; alignment=&#8221;center&#8221; style=&#8221;vc_box_shadow&#8221; onclick=&#8221;link_image&#8221;][\/vc_column_inner][vc_column_inner width=&#8221;1\/4&#8243;][vc_single_image image=&#8221;18016&#8243; img_size=&#8221;full&#8221; alignment=&#8221;center&#8221; style=&#8221;vc_box_shadow&#8221; onclick=&#8221;link_image&#8221;][\/vc_column_inner][vc_column_inner width=&#8221;1\/4&#8243;][vc_single_image image=&#8221;14449&#8243; img_size=&#8221;full&#8221; alignment=&#8221;center&#8221; style=&#8221;vc_box_shadow&#8221; onclick=&#8221;link_image&#8221;][\/vc_column_inner][\/vc_row_inner][vc_empty_space height=&#8221;30px&#8221;][vc_row_inner][vc_column_inner width=&#8221;1\/4&#8243;][vc_single_image image=&#8221;16891&#8243; img_size=&#8221;full&#8221; alignment=&#8221;center&#8221; style=&#8221;vc_box_shadow&#8221; onclick=&#8221;link_image&#8221;][\/vc_column_inner][vc_column_inner width=&#8221;1\/4&#8243;][\/vc_column_inner][vc_column_inner width=&#8221;1\/4&#8243;][\/vc_column_inner][vc_column_inner width=&#8221;1\/4&#8243;][\/vc_column_inner][\/vc_row_inner][\/vc_column][\/vc_row][vc_row full_width=&#8221;stretch_row&#8221; el_class=&#8221;third_bg_color&#8221; css=&#8221;.vc_custom_1484919957331{margin-bottom: 0px !important;padding-top: 12px !important;padding-bottom: 12px !important;}&#8221;][vc_column][vc_cta h2=&#8221;Skontaktuj si\u0119 z nami, aby uzyska\u0107 wi\u0119cej informacji&#8221; h2_font_container=&#8221;font_size:20px|color:%23000000|line_height:24px&#8221; h2_use_theme_fonts=&#8221;yes&#8221; shape=&#8221;square&#8221; style=&#8221;flat&#8221; add_button=&#8221;right&#8221; btn_title=&#8221;Skontaktuj si\u0119 z nami&#8221; btn_style=&#8221;flat&#8221; btn_color=&#8221;theme_style_2&#8243; btn_align=&#8221;right&#8221; btn_i_align=&#8221;right&#8221; btn_i_icon_fontawesome=&#8221;fa fa-chevron-right&#8221; btn_css_animation=&#8221;right-to-left&#8221; use_custom_fonts_h2=&#8221;true&#8221; btn_button_block=&#8221;true&#8221; btn_add_icon=&#8221;true&#8221; el_class=&#8221;third_bg_color&#8221; css=&#8221;.vc_custom_1548600630024{margin-bottom: 0px !important;}&#8221; btn_link=&#8221;url:http%3A%2F%2Falgra.it%2Fpl%2Fskontaktuj-sie-z-nami%2F|||&#8221;][\/vc_cta][\/vc_column][\/vc_row]<\/p>\n","protected":false},"excerpt":{"rendered":"<p>[vc_row full_width=&#8221;stretch_row_content_no_spaces&#8221; parallax=&#8221;content-moving&#8221; css=&#8221;.vc_custom_1476927093140{margin-bottom: 0px !important;}&#8221;][vc_column offset=&#8221;vc_hidden-xs&#8221;][vc_single_image image=&#8221;19759&#8243; img_size=&#8221;full&#8221; alignment=&#8221;center&#8221;][\/vc_column][\/vc_row][vc_row full_width=&#8221;stretch_row&#8221; css=&#8221;.vc_custom_1476928430910{margin-top: 0px !important;padding-top: 40px !important;padding-bottom: 70px !important;}&#8221;][vc_column][vc_custom_heading text=&#8221;Jako\u015b\u0107 potwierdzona certyfikatami&#8221; font_container=&#8221;tag:h2|font_size:45px|text_align:center|line_height:60px&#8221; use_theme_fonts=&#8221;yes&#8221; el_class=&#8221;base_font_color&#8221; css=&#8221;.vc_custom_1548597570645{margin-bottom: 28px !important;}&#8221;][vc_column_text]Dzi\u0119ki najnowszym technologiom, pracuj\u0105c zgodnie z normami UNI EN ISO 9001:2015 i ISO14001:2015\u00a0oraz nieustannie podnosz\u0105c kwalifikacje personelu, zwi\u0119kszamy warto\u015b\u0107 naszych produkt\u00f3w i us\u0142ug. System Zapewnienia Jako\u015bci zosta\u0142 certyfikowany ju\u017c<\/p>\n","protected":false},"author":1,"featured_media":0,"parent":0,"menu_order":14,"comment_status":"closed","ping_status":"closed","template":"","meta":[],"yoast_head":"<!-- This site is optimized with the Yoast SEO plugin v16.6.1 - https:\/\/yoast.com\/wordpress\/plugins\/seo\/ -->\n<title>JAKO\u015a\u0106 - Precyzyjna mechanika | Algra<\/title>\n<meta name=\"robots\" content=\"index, follow, max-snippet:-1, max-image-preview:large, max-video-preview:-1\" \/>\n<link rel=\"canonical\" href=\"https:\/\/algra.it\/pl\/jakosc\/\" \/>\n<meta property=\"og:locale\" content=\"pl_PL\" \/>\n<meta property=\"og:type\" content=\"article\" \/>\n<meta property=\"og:title\" content=\"JAKO\u015a\u0106 - Precyzyjna mechanika | Algra\" \/>\n<meta property=\"og:description\" content=\"[vc_row full_width=&#8221;stretch_row_content_no_spaces&#8221; parallax=&#8221;content-moving&#8221; css=&#8221;.vc_custom_1476927093140{margin-bottom: 0px !important;}&#8221;][vc_column offset=&#8221;vc_hidden-xs&#8221;][vc_single_image image=&#8221;19759&#8243; img_size=&#8221;full&#8221; alignment=&#8221;center&#8221;][\/vc_column][\/vc_row][vc_row full_width=&#8221;stretch_row&#8221; css=&#8221;.vc_custom_1476928430910{margin-top: 0px !important;padding-top: 40px !important;padding-bottom: 70px !important;}&#8221;][vc_column][vc_custom_heading text=&#8221;Jako\u015b\u0107 potwierdzona certyfikatami&#8221; font_container=&#8221;tag:h2|font_size:45px|text_align:center|line_height:60px&#8221; use_theme_fonts=&#8221;yes&#8221; el_class=&#8221;base_font_color&#8221; css=&#8221;.vc_custom_1548597570645{margin-bottom: 28px !important;}&#8221;][vc_column_text]Dzi\u0119ki najnowszym technologiom, pracuj\u0105c zgodnie z normami UNI EN ISO 9001:2015 i ISO14001:2015\u00a0oraz nieustannie podnosz\u0105c kwalifikacje personelu, zwi\u0119kszamy warto\u015b\u0107 naszych produkt\u00f3w i us\u0142ug. System Zapewnienia Jako\u015bci zosta\u0142 certyfikowany ju\u017c\" \/>\n<meta property=\"og:url\" content=\"https:\/\/algra.it\/pl\/jakosc\/\" \/>\n<meta property=\"og:site_name\" content=\"Precyzyjna mechanika | Algra\" \/>\n<meta property=\"article:modified_time\" content=\"2025-09-02T13:52:14+00:00\" \/>\n<meta name=\"twitter:card\" content=\"summary\" \/>\n<meta name=\"twitter:label1\" content=\"Szacowany czas czytania\" \/>\n\t<meta name=\"twitter:data1\" content=\"1 minuta\" \/>\n<script type=\"application\/ld+json\" class=\"yoast-schema-graph\">{\"@context\":\"https:\/\/schema.org\",\"@graph\":[{\"@type\":\"WebSite\",\"@id\":\"https:\/\/algra.it\/#website\",\"url\":\"https:\/\/algra.it\/\",\"name\":\"Precyzyjna mechanika | Algra\",\"description\":\"Lavorazioni meccaniche di precisione, accessori per torni, portautensili speciali, alberi mandrino\",\"potentialAction\":[{\"@type\":\"SearchAction\",\"target\":{\"@type\":\"EntryPoint\",\"urlTemplate\":\"https:\/\/algra.it\/?s={search_term_string}\"},\"query-input\":\"required name=search_term_string\"}],\"inLanguage\":\"pl-PL\"},{\"@type\":\"WebPage\",\"@id\":\"https:\/\/algra.it\/pl\/jakosc\/#webpage\",\"url\":\"https:\/\/algra.it\/pl\/jakosc\/\",\"name\":\"JAKO\\u015a\\u0106 - Precyzyjna mechanika | Algra\",\"isPartOf\":{\"@id\":\"https:\/\/algra.it\/#website\"},\"datePublished\":\"2017-03-06T13:26:25+00:00\",\"dateModified\":\"2025-09-02T13:52:14+00:00\",\"breadcrumb\":{\"@id\":\"https:\/\/algra.it\/pl\/jakosc\/#breadcrumb\"},\"inLanguage\":\"pl-PL\",\"potentialAction\":[{\"@type\":\"ReadAction\",\"target\":[\"https:\/\/algra.it\/pl\/jakosc\/\"]}]},{\"@type\":\"BreadcrumbList\",\"@id\":\"https:\/\/algra.it\/pl\/jakosc\/#breadcrumb\",\"itemListElement\":[{\"@type\":\"ListItem\",\"position\":1,\"name\":\"Home\",\"item\":\"https:\/\/algra.it\/pl\/\"},{\"@type\":\"ListItem\",\"position\":2,\"name\":\"JAKO\\u015a\\u0106\"}]}]}<\/script>\n<!-- \/ Yoast SEO plugin. -->","_links":{"self":[{"href":"https:\/\/algra.it\/pl\/wp-json\/wp\/v2\/pages\/4577"}],"collection":[{"href":"https:\/\/algra.it\/pl\/wp-json\/wp\/v2\/pages"}],"about":[{"href":"https:\/\/algra.it\/pl\/wp-json\/wp\/v2\/types\/page"}],"author":[{"embeddable":true,"href":"https:\/\/algra.it\/pl\/wp-json\/wp\/v2\/users\/1"}],"replies":[{"embeddable":true,"href":"https:\/\/algra.it\/pl\/wp-json\/wp\/v2\/comments?post=4577"}],"version-history":[{"count":16,"href":"https:\/\/algra.it\/pl\/wp-json\/wp\/v2\/pages\/4577\/revisions"}],"predecessor-version":[{"id":20093,"href":"https:\/\/algra.it\/pl\/wp-json\/wp\/v2\/pages\/4577\/revisions\/20093"}],"wp:attachment":[{"href":"https:\/\/algra.it\/pl\/wp-json\/wp\/v2\/media?parent=4577"}],"curies":[{"name":"wp","href":"https:\/\/api.w.org\/{rel}","templated":true}]}}