{"id":4585,"date":"2016-11-02T01:09:10","date_gmt":"2016-11-02T00:09:10","guid":{"rendered":"http:\/\/algra.it\/lavorazioni-meccaniche\/"},"modified":"2019-01-27T15:51:47","modified_gmt":"2019-01-27T14:51:47","slug":"obrobka-mechaniczna","status":"publish","type":"page","link":"https:\/\/algra.it\/pl\/obrobka-mechaniczna\/","title":{"rendered":"OBR\u00d3BKA MECHANICZNA"},"content":{"rendered":"<p>[vc_row full_width=&#8221;stretch_row&#8221; css=&#8221;.vc_custom_1476929544406{margin-top: 0px !important;padding-top: 40px !important;padding-bottom: 40px !important;}&#8221;][vc_column][vc_custom_heading text=&#8221;OBR\u00d3BKA MECHANICZNA&#8221; font_container=&#8221;tag:h2|font_size:45px|text_align:center|line_height:60px&#8221; use_theme_fonts=&#8221;yes&#8221; el_class=&#8221;base_font_color&#8221; css=&#8221;.vc_custom_1548597908678{margin-bottom: 28px !important;}&#8221;][\/vc_column][\/vc_row][vc_row full_width=&#8221;stretch_row&#8221; css=&#8221;.vc_custom_1476929544406{margin-top: 0px !important;padding-top: 40px !important;padding-bottom: 40px !important;}&#8221;][vc_column][vc_row_inner css=&#8221;.vc_custom_1480094199842{margin-bottom: 20px !important;}&#8221;][vc_column_inner width=&#8221;1\/3&#8243;][vc_images_carousel images=&#8221;1468,2227,2228,2229,2254,2255,2256&#8243; img_size=&#8221;full&#8221;][\/vc_column_inner][vc_column_inner width=&#8221;2\/3&#8243;][vc_column_text]<\/p>\n<h4>Dzia\u0142 energetyczny<\/h4>\n<p>Produkcja i wykonywanie specjalnych komponent\u00f3w turbin. Dzi\u0119ki rozbudowanemu parkowi maszynowemu, ALGRA jest w stanie wykona\u0107 elementy o bardzo skomplikowanych kszta\u0142tach z r\u00f3\u017cnorodnych materia\u0142\u00f3w, takich jak stale specjalne, inconel, \u017celiwo, stopy lekkie, tworzywa sztuczne.[\/vc_column_text][\/vc_column_inner][\/vc_row_inner][\/vc_column][\/vc_row][vc_row full_width=&#8221;stretch_row&#8221; css=&#8221;.vc_custom_1484612912130{margin-top: 0px !important;padding-top: 40px !important;padding-bottom: 40px !important;background-color: #f1f1f1 !important;}&#8221;][vc_column][vc_row_inner css=&#8221;.vc_custom_1480094446217{margin-bottom: 20px !important;}&#8221;][vc_column_inner width=&#8221;2\/3&#8243;][vc_column_text]<\/p>\n<h4>Dzia\u0142 oprzyrz\u0105dowania<\/h4>\n<p>Produkcja i monta\u017c zespo\u0142\u00f3w i podzespo\u0142\u00f3w pomp pr\u00f3\u017cniowych.[\/vc_column_text][\/vc_column_inner][vc_column_inner width=&#8221;1\/3&#8243;][vc_images_carousel images=&#8221;2789,1480,1481,1482,1483&#8243; img_size=&#8221;full&#8221;][\/vc_column_inner][\/vc_row_inner][\/vc_column][\/vc_row][vc_row full_width=&#8221;stretch_row&#8221; css=&#8221;.vc_custom_1476929544406{margin-top: 0px !important;padding-top: 40px !important;padding-bottom: 40px !important;}&#8221;][vc_column][vc_row_inner css=&#8221;.vc_custom_1480094459198{margin-bottom: 20px !important;}&#8221;][vc_column_inner width=&#8221;1\/3&#8243;][vc_images_carousel images=&#8221;1496,2230,2235&#8243; img_size=&#8221;full&#8221;][\/vc_column_inner][vc_column_inner width=&#8221;2\/3&#8243;][vc_column_text]<\/p>\n<h4>Elementy obrabiarek<\/h4>\n<p>\u2022 Tarcze rewolwer\u00f3w do tokarek o r\u00f3\u017cnych typach pod\u0142\u0105cze\u0144 i sposob\u00f3w blokowania: VDI, BMT, HSK, Capto, CDI, KM.<br \/>\n\u2022 Wa\u0142y wrzecion zgodne z ISO, ASA, HSK, KomLoc\u00ae.<br \/>\n\u2022 Sanie.<br \/>\n\u2022 Kolumny.<br \/>\n\u2022 Zespo\u0142y g\u0142owic i konik\u00f3w.<\/p>\n<p>Wszystkie dostarczane przez nas elementy posiadaj\u0105 certyfikat zgodno\u015bci oraz odpowiedni raport.[\/vc_column_text][\/vc_column_inner][\/vc_row_inner][\/vc_column][\/vc_row][vc_row full_width=&#8221;stretch_row&#8221; el_class=&#8221;third_bg_color&#8221; css=&#8221;.vc_custom_1484919990964{margin-bottom: 0px !important;padding-top: 12px !important;padding-bottom: 12px !important;}&#8221;][vc_column][vc_cta h2=&#8221;Skontaktuj si\u0119 z nami, aby uzyska\u0107 wi\u0119cej informacji o naszych produktach&#8221; h2_font_container=&#8221;font_size:20px|color:%23000000|line_height:24px&#8221; h2_use_theme_fonts=&#8221;yes&#8221; shape=&#8221;square&#8221; style=&#8221;flat&#8221; add_button=&#8221;right&#8221; btn_title=&#8221;Skontaktuj si\u0119 z nami&#8221; btn_style=&#8221;flat&#8221; btn_color=&#8221;theme_style_2&#8243; btn_align=&#8221;right&#8221; btn_i_align=&#8221;right&#8221; btn_i_icon_fontawesome=&#8221;fa fa-chevron-right&#8221; btn_css_animation=&#8221;right-to-left&#8221; use_custom_fonts_h2=&#8221;true&#8221; btn_button_block=&#8221;true&#8221; btn_add_icon=&#8221;true&#8221; el_class=&#8221;third_bg_color&#8221; css=&#8221;.vc_custom_1548600700593{margin-bottom: 0px !important;}&#8221; btn_link=&#8221;url:http%3A%2F%2Falgra.it%2Fpl%2Fskontaktuj-sie-z-nami%2F|||&#8221;][\/vc_cta][\/vc_column][\/vc_row]<\/p>\n","protected":false},"excerpt":{"rendered":"<p>[vc_row full_width=&#8221;stretch_row&#8221; css=&#8221;.vc_custom_1476929544406{margin-top: 0px !important;padding-top: 40px !important;padding-bottom: 40px !important;}&#8221;][vc_column][vc_custom_heading text=&#8221;OBR\u00d3BKA MECHANICZNA&#8221; font_container=&#8221;tag:h2|font_size:45px|text_align:center|line_height:60px&#8221; use_theme_fonts=&#8221;yes&#8221; el_class=&#8221;base_font_color&#8221; css=&#8221;.vc_custom_1548597908678{margin-bottom: 28px !important;}&#8221;][\/vc_column][\/vc_row][vc_row full_width=&#8221;stretch_row&#8221; css=&#8221;.vc_custom_1476929544406{margin-top: 0px !important;padding-top: 40px !important;padding-bottom: 40px !important;}&#8221;][vc_column][vc_row_inner css=&#8221;.vc_custom_1480094199842{margin-bottom: 20px !important;}&#8221;][vc_column_inner width=&#8221;1\/3&#8243;][vc_images_carousel images=&#8221;1468,2227,2228,2229,2254,2255,2256&#8243; img_size=&#8221;full&#8221;][\/vc_column_inner][vc_column_inner width=&#8221;2\/3&#8243;][vc_column_text] Dzia\u0142 energetyczny Produkcja i wykonywanie specjalnych komponent\u00f3w turbin. Dzi\u0119ki rozbudowanemu parkowi maszynowemu, ALGRA jest w stanie wykona\u0107 elementy o bardzo skomplikowanych kszta\u0142tach z<\/p>\n","protected":false},"author":1,"featured_media":0,"parent":0,"menu_order":30,"comment_status":"closed","ping_status":"closed","template":"","meta":[],"yoast_head":"<!-- This site is optimized with the Yoast SEO plugin v16.6.1 - https:\/\/yoast.com\/wordpress\/plugins\/seo\/ -->\n<title>OBR\u00d3BKA MECHANICZNA - Precyzyjna mechanika | Algra<\/title>\n<meta name=\"robots\" content=\"index, follow, max-snippet:-1, max-image-preview:large, max-video-preview:-1\" \/>\n<link rel=\"canonical\" href=\"https:\/\/algra.it\/pl\/obrobka-mechaniczna\/\" \/>\n<meta property=\"og:locale\" content=\"pl_PL\" \/>\n<meta property=\"og:type\" content=\"article\" \/>\n<meta property=\"og:title\" content=\"OBR\u00d3BKA MECHANICZNA - Precyzyjna mechanika | Algra\" \/>\n<meta property=\"og:description\" content=\"[vc_row full_width=&#8221;stretch_row&#8221; css=&#8221;.vc_custom_1476929544406{margin-top: 0px !important;padding-top: 40px !important;padding-bottom: 40px !important;}&#8221;][vc_column][vc_custom_heading text=&#8221;OBR\u00d3BKA MECHANICZNA&#8221; font_container=&#8221;tag:h2|font_size:45px|text_align:center|line_height:60px&#8221; use_theme_fonts=&#8221;yes&#8221; el_class=&#8221;base_font_color&#8221; css=&#8221;.vc_custom_1548597908678{margin-bottom: 28px !important;}&#8221;][\/vc_column][\/vc_row][vc_row full_width=&#8221;stretch_row&#8221; css=&#8221;.vc_custom_1476929544406{margin-top: 0px !important;padding-top: 40px !important;padding-bottom: 40px !important;}&#8221;][vc_column][vc_row_inner css=&#8221;.vc_custom_1480094199842{margin-bottom: 20px !important;}&#8221;][vc_column_inner width=&#8221;1\/3&#8243;][vc_images_carousel images=&#8221;1468,2227,2228,2229,2254,2255,2256&#8243; img_size=&#8221;full&#8221;][\/vc_column_inner][vc_column_inner width=&#8221;2\/3&#8243;][vc_column_text] Dzia\u0142 energetyczny Produkcja i wykonywanie specjalnych komponent\u00f3w turbin. Dzi\u0119ki rozbudowanemu parkowi maszynowemu, ALGRA jest w stanie wykona\u0107 elementy o bardzo skomplikowanych kszta\u0142tach z\" \/>\n<meta property=\"og:url\" content=\"https:\/\/algra.it\/pl\/obrobka-mechaniczna\/\" \/>\n<meta property=\"og:site_name\" content=\"Precyzyjna mechanika | Algra\" \/>\n<meta property=\"article:modified_time\" content=\"2019-01-27T14:51:47+00:00\" \/>\n<meta name=\"twitter:card\" content=\"summary\" \/>\n<meta name=\"twitter:label1\" content=\"Szacowany czas czytania\" \/>\n\t<meta name=\"twitter:data1\" content=\"2 minuty\" \/>\n<script type=\"application\/ld+json\" class=\"yoast-schema-graph\">{\"@context\":\"https:\/\/schema.org\",\"@graph\":[{\"@type\":\"WebSite\",\"@id\":\"https:\/\/algra.it\/#website\",\"url\":\"https:\/\/algra.it\/\",\"name\":\"Precyzyjna mechanika | Algra\",\"description\":\"Lavorazioni meccaniche di precisione, accessori per torni, portautensili speciali, alberi mandrino\",\"potentialAction\":[{\"@type\":\"SearchAction\",\"target\":{\"@type\":\"EntryPoint\",\"urlTemplate\":\"https:\/\/algra.it\/?s={search_term_string}\"},\"query-input\":\"required name=search_term_string\"}],\"inLanguage\":\"pl-PL\"},{\"@type\":\"WebPage\",\"@id\":\"https:\/\/algra.it\/pl\/obrobka-mechaniczna\/#webpage\",\"url\":\"https:\/\/algra.it\/pl\/obrobka-mechaniczna\/\",\"name\":\"OBR\\u00d3BKA MECHANICZNA - Precyzyjna mechanika | Algra\",\"isPartOf\":{\"@id\":\"https:\/\/algra.it\/#website\"},\"datePublished\":\"2016-11-02T00:09:10+00:00\",\"dateModified\":\"2019-01-27T14:51:47+00:00\",\"breadcrumb\":{\"@id\":\"https:\/\/algra.it\/pl\/obrobka-mechaniczna\/#breadcrumb\"},\"inLanguage\":\"pl-PL\",\"potentialAction\":[{\"@type\":\"ReadAction\",\"target\":[\"https:\/\/algra.it\/pl\/obrobka-mechaniczna\/\"]}]},{\"@type\":\"BreadcrumbList\",\"@id\":\"https:\/\/algra.it\/pl\/obrobka-mechaniczna\/#breadcrumb\",\"itemListElement\":[{\"@type\":\"ListItem\",\"position\":1,\"name\":\"Home\",\"item\":\"https:\/\/algra.it\/pl\/\"},{\"@type\":\"ListItem\",\"position\":2,\"name\":\"OBR\\u00d3BKA MECHANICZNA\"}]}]}<\/script>\n<!-- \/ Yoast SEO plugin. -->","_links":{"self":[{"href":"https:\/\/algra.it\/pl\/wp-json\/wp\/v2\/pages\/4585"}],"collection":[{"href":"https:\/\/algra.it\/pl\/wp-json\/wp\/v2\/pages"}],"about":[{"href":"https:\/\/algra.it\/pl\/wp-json\/wp\/v2\/types\/page"}],"author":[{"embeddable":true,"href":"https:\/\/algra.it\/pl\/wp-json\/wp\/v2\/users\/1"}],"replies":[{"embeddable":true,"href":"https:\/\/algra.it\/pl\/wp-json\/wp\/v2\/comments?post=4585"}],"version-history":[{"count":3,"href":"https:\/\/algra.it\/pl\/wp-json\/wp\/v2\/pages\/4585\/revisions"}],"predecessor-version":[{"id":4621,"href":"https:\/\/algra.it\/pl\/wp-json\/wp\/v2\/pages\/4585\/revisions\/4621"}],"wp:attachment":[{"href":"https:\/\/algra.it\/pl\/wp-json\/wp\/v2\/media?parent=4585"}],"curies":[{"name":"wp","href":"https:\/\/api.w.org\/{rel}","templated":true}]}}