{"id":4589,"date":"2016-11-02T01:34:22","date_gmt":"2016-11-02T00:34:22","guid":{"rendered":"http:\/\/algra.it\/accessori-per-torni\/"},"modified":"2025-02-21T14:27:56","modified_gmt":"2025-02-21T13:27:56","slug":"akcesoria-do-obrabiarek","status":"publish","type":"page","link":"https:\/\/algra.it\/pl\/akcesoria-do-obrabiarek\/","title":{"rendered":"AKCESORIA DO OBRABIAREK"},"content":{"rendered":"<p>[vc_row full_width=&#8221;stretch_row&#8221; css=&#8221;.vc_custom_1476929544406{margin-top: 0px !important;padding-top: 40px !important;padding-bottom: 40px !important;}&#8221;][vc_column][vc_custom_heading text=&#8221;AKCESORIA DO OBRABIAREK&#8221; font_container=&#8221;tag:h2|font_size:45px|text_align:center|line_height:60px&#8221; use_theme_fonts=&#8221;yes&#8221; el_class=&#8221;base_font_color&#8221; css=&#8221;.vc_custom_1548598355683{margin-bottom: 28px !important;}&#8221;][\/vc_column][\/vc_row][vc_row full_width=&#8221;stretch_row&#8221; css=&#8221;.vc_custom_1476929544406{margin-top: 0px !important;padding-top: 40px !important;padding-bottom: 40px !important;}&#8221;][vc_column][vc_row_inner css=&#8221;.vc_custom_1480094503200{margin-bottom: 20px !important;}&#8221;][vc_column_inner width=&#8221;1\/3&#8243;][vc_images_carousel images=&#8221;6630,6636,6635,6632,6634,6633,6631,2246,3342,2248,2249,2259&#8243; img_size=&#8221;full&#8221;][\/vc_column_inner][vc_column_inner width=&#8221;2\/3&#8243;][vc_column_text]<\/p>\n<h4>Obrotowe oprawki narz\u0119dziowe<\/h4>\n<p>Projekt i produkcja obrotowych oprawek narz\u0119dziowych dla g\u0142\u00f3wnych producent\u00f3w tokarek sterowanych numerycznie: Accuway, Biglia, CMZ, DMG MORI, Ecoca, Doosan, Emag, EMCO, Famar, Focus CNC, Force One, Gildemeister, Goodway, Haas, Hardinge, HURCO, Hwacheon, Hyundai WIA, Jyoti, LEADWELL, Mazak, Miyano, Nakamura-Tome, Okuma, ROMI, Samsung (SMEC), Spinner, Tsugami, Victor, YCM.[\/vc_column_text][\/vc_column_inner][\/vc_row_inner][\/vc_column][\/vc_row][vc_row full_width=&#8221;stretch_row&#8221; css=&#8221;.vc_custom_1484612467009{margin-top: 0px !important;padding-top: 40px !important;padding-bottom: 40px !important;background-color: #f1f1f1 !important;}&#8221;][vc_column][vc_row_inner css=&#8221;.vc_custom_1480094509308{margin-bottom: 20px !important;}&#8221;][vc_column_inner width=&#8221;2\/3&#8243;][vc_column_text]<strong>Sta\u0142e uchwyty narz\u0119dziowe<\/strong><\/p>\n<p>Nasza oferta obejmuje szerok\u0105 gam\u0119 oprawek narz\u0119dziowych z po\u0142\u0105czeniami VDI i BMT. Opr\u00f3cz standardowych modeli wykonujemy r\u00f3wnie\u017c sto\u017cki bazowe, takie jak Capto, HSK, KM.<br \/>\nOferujemy r\u00f3wnie\u017c pryzmatyczne uchwyty narz\u0119dziowe zgodnie z DIN 69881 (VDI3425 Bl.3) we wszystkich wymiarach (zakres ALGRA 736).[\/vc_column_text][\/vc_column_inner][vc_column_inner width=&#8221;1\/3&#8243;][vc_images_carousel images=&#8221;6641,6640,6639,6638&#8243; img_size=&#8221;full&#8221;][\/vc_column_inner][\/vc_row_inner][\/vc_column][\/vc_row][vc_row full_width=&#8221;stretch_row&#8221; css=&#8221;.vc_custom_1476929544406{margin-top: 0px !important;padding-top: 40px !important;padding-bottom: 40px !important;}&#8221;][vc_column][vc_row_inner css=&#8221;.vc_custom_1480094516283{margin-bottom: 20px !important;}&#8221;][vc_column_inner width=&#8221;1\/3&#8243;][vc_images_carousel images=&#8221;2225&#8243; img_size=&#8221;full&#8221;][\/vc_column_inner][vc_column_inner width=&#8221;2\/3&#8243;][vc_column_text]<\/p>\n<h4>Akcesoria do tokarek tradycyjnych<\/h4>\n<p>Produkcja obrotowych wie\u017c narz\u0119dziowych (seria ALGRA 500), obrotowych uchwyt\u00f3w narz\u0119dziowych 24-pozycyjnych (seria ALGRA 1000), obrot\u00f3wek Multifix (seria ALGRA 700) i powi\u0105zanych akcesori\u00f3w.[\/vc_column_text][\/vc_column_inner][\/vc_row_inner][\/vc_column][\/vc_row][vc_row full_width=&#8221;stretch_row&#8221; el_class=&#8221;third_bg_color&#8221; css=&#8221;.vc_custom_1484920004930{margin-bottom: 0px !important;padding-top: 12px !important;padding-bottom: 12px !important;}&#8221;][vc_column][vc_cta h2=&#8221;Sprawd\u017a nasz katalog produkt\u00f3w.&#8221; h2_font_container=&#8221;font_size:20px|color:%23000000|line_height:24px&#8221; h2_use_theme_fonts=&#8221;yes&#8221; shape=&#8221;square&#8221; style=&#8221;flat&#8221; add_button=&#8221;right&#8221; btn_title=&#8221;KATALOG PRODUKT\u00d3W&#8221; btn_style=&#8221;flat&#8221; btn_color=&#8221;theme_style_2&#8243; btn_align=&#8221;right&#8221; btn_i_align=&#8221;right&#8221; btn_i_icon_fontawesome=&#8221;fa fa-chevron-right&#8221; btn_css_animation=&#8221;right-to-left&#8221; use_custom_fonts_h2=&#8221;true&#8221; btn_button_block=&#8221;true&#8221; btn_add_icon=&#8221;true&#8221; el_class=&#8221;third_bg_color&#8221; css=&#8221;.vc_custom_1740144471112{margin-bottom: 0px !important;}&#8221; btn_link=&#8221;url:https%3A%2F%2Ftc.algra.it%2F|||&#8221;][\/vc_cta][\/vc_column][\/vc_row][vc_row full_width=&#8221;stretch_row&#8221; el_class=&#8221;overlay fixed_bg&#8221; css=&#8221;.vc_custom_1484590182520{margin-bottom: 0px !important;padding-top: 110px !important;padding-bottom: 81px !important;background-image: url(http:\/\/algra.it\/wp-content\/uploads\/algra-machine-tool-accessories.jpg?id=2117) !important;background-position: center !important;background-repeat: no-repeat !important;background-size: cover !important;}&#8221;][vc_column][vc_row_inner][vc_column_inner][vc_custom_heading icon=&#8221;stm-check&#8221; icon_size=&#8221;67&#8243; text=&#8221;Kompletny<br \/>\n<mark>katalog produkt\u00f3w<\/mark>&#8221; font_container=&#8221;tag:h4|font_size:45px|text_align:left|color:%23ffffff|line_height:45px&#8221; google_fonts=&#8221;font_family:Poppins%3A300%2Cregular%2C500%2C600%2C700|font_style:700%20bold%3A700%3Anormal&#8221; custom_icon=&#8221;stm-check&#8221; css=&#8221;.vc_custom_1548596110200{margin-bottom: 61px !important;}&#8221; el_class=&#8221;no_stripe&#8221;][\/vc_column_inner][\/vc_row_inner][vc_row_inner][vc_column_inner width=&#8221;1\/6&#8243;][\/vc_column_inner][vc_column_inner width=&#8221;1\/6&#8243;][stm_stats_counter counter_value=&#8221;32&#8243; title=&#8221;R\u00f3\u017cnych producent\u00f3w obrabiarek&#8221;][\/vc_column_inner][vc_column_inner width=&#8221;1\/6&#8243;][stm_stats_counter counter_value=&#8221;211&#8243; title=&#8221;Modeli obrabiarek&#8221;][\/vc_column_inner][vc_column_inner width=&#8221;1\/6&#8243;][stm_stats_counter counter_value=&#8221;58&#8243; title=&#8221;Dost\u0119pnych typ\u00f3w po\u0142\u0105cze\u0144&#8221;][\/vc_column_inner][vc_column_inner width=&#8221;1\/6&#8243;][stm_stats_counter counter_value=&#8221;100&#8243; counter_value_suf=&#8221;%&#8221; title=&#8221;Jako\u015bci&#8221;][\/vc_column_inner][vc_column_inner width=&#8221;1\/6&#8243;][\/vc_column_inner][\/vc_row_inner][vc_empty_space height=&#8221;80px&#8221;][vc_btn title=&#8221;Przejrzyj katalog produkt\u00f3w&#8221; align=&#8221;center&#8221; link=&#8221;url:https%3A%2F%2Ftc.algra.it%2F|||&#8221;][\/vc_column][\/vc_row]<\/p>\n","protected":false},"excerpt":{"rendered":"<p>[vc_row full_width=&#8221;stretch_row&#8221; css=&#8221;.vc_custom_1476929544406{margin-top: 0px !important;padding-top: 40px !important;padding-bottom: 40px !important;}&#8221;][vc_column][vc_custom_heading text=&#8221;AKCESORIA DO OBRABIAREK&#8221; font_container=&#8221;tag:h2|font_size:45px|text_align:center|line_height:60px&#8221; use_theme_fonts=&#8221;yes&#8221; el_class=&#8221;base_font_color&#8221; css=&#8221;.vc_custom_1548598355683{margin-bottom: 28px !important;}&#8221;][\/vc_column][\/vc_row][vc_row full_width=&#8221;stretch_row&#8221; css=&#8221;.vc_custom_1476929544406{margin-top: 0px !important;padding-top: 40px !important;padding-bottom: 40px !important;}&#8221;][vc_column][vc_row_inner css=&#8221;.vc_custom_1480094503200{margin-bottom: 20px !important;}&#8221;][vc_column_inner width=&#8221;1\/3&#8243;][vc_images_carousel images=&#8221;6630,6636,6635,6632,6634,6633,6631,2246,3342,2248,2249,2259&#8243; img_size=&#8221;full&#8221;][\/vc_column_inner][vc_column_inner width=&#8221;2\/3&#8243;][vc_column_text] Obrotowe oprawki narz\u0119dziowe Projekt i produkcja obrotowych oprawek narz\u0119dziowych dla g\u0142\u00f3wnych producent\u00f3w tokarek sterowanych numerycznie: Accuway, Biglia, CMZ, DMG MORI, Ecoca, Doosan,<\/p>\n","protected":false},"author":1,"featured_media":0,"parent":0,"menu_order":32,"comment_status":"closed","ping_status":"closed","template":"","meta":[],"yoast_head":"<!-- This site is optimized with the Yoast SEO plugin v16.6.1 - https:\/\/yoast.com\/wordpress\/plugins\/seo\/ -->\n<title>AKCESORIA DO OBRABIAREK - Precyzyjna mechanika | Algra<\/title>\n<meta name=\"robots\" content=\"index, follow, max-snippet:-1, max-image-preview:large, max-video-preview:-1\" \/>\n<link rel=\"canonical\" href=\"https:\/\/algra.it\/pl\/akcesoria-do-obrabiarek\/\" \/>\n<meta property=\"og:locale\" content=\"pl_PL\" \/>\n<meta property=\"og:type\" content=\"article\" \/>\n<meta property=\"og:title\" content=\"AKCESORIA DO OBRABIAREK - Precyzyjna mechanika | Algra\" \/>\n<meta property=\"og:description\" content=\"[vc_row full_width=&#8221;stretch_row&#8221; css=&#8221;.vc_custom_1476929544406{margin-top: 0px !important;padding-top: 40px !important;padding-bottom: 40px !important;}&#8221;][vc_column][vc_custom_heading text=&#8221;AKCESORIA DO OBRABIAREK&#8221; font_container=&#8221;tag:h2|font_size:45px|text_align:center|line_height:60px&#8221; use_theme_fonts=&#8221;yes&#8221; el_class=&#8221;base_font_color&#8221; css=&#8221;.vc_custom_1548598355683{margin-bottom: 28px !important;}&#8221;][\/vc_column][\/vc_row][vc_row full_width=&#8221;stretch_row&#8221; css=&#8221;.vc_custom_1476929544406{margin-top: 0px !important;padding-top: 40px !important;padding-bottom: 40px !important;}&#8221;][vc_column][vc_row_inner css=&#8221;.vc_custom_1480094503200{margin-bottom: 20px !important;}&#8221;][vc_column_inner width=&#8221;1\/3&#8243;][vc_images_carousel images=&#8221;6630,6636,6635,6632,6634,6633,6631,2246,3342,2248,2249,2259&#8243; img_size=&#8221;full&#8221;][\/vc_column_inner][vc_column_inner width=&#8221;2\/3&#8243;][vc_column_text] Obrotowe oprawki narz\u0119dziowe Projekt i produkcja obrotowych oprawek narz\u0119dziowych dla g\u0142\u00f3wnych producent\u00f3w tokarek sterowanych numerycznie: Accuway, Biglia, CMZ, DMG MORI, Ecoca, Doosan,\" \/>\n<meta property=\"og:url\" content=\"https:\/\/algra.it\/pl\/akcesoria-do-obrabiarek\/\" \/>\n<meta property=\"og:site_name\" content=\"Precyzyjna mechanika | Algra\" \/>\n<meta property=\"article:modified_time\" content=\"2025-02-21T13:27:56+00:00\" \/>\n<meta name=\"twitter:card\" content=\"summary\" \/>\n<meta name=\"twitter:label1\" content=\"Szacowany czas czytania\" \/>\n\t<meta name=\"twitter:data1\" content=\"2 minuty\" \/>\n<script type=\"application\/ld+json\" class=\"yoast-schema-graph\">{\"@context\":\"https:\/\/schema.org\",\"@graph\":[{\"@type\":\"WebSite\",\"@id\":\"https:\/\/algra.it\/#website\",\"url\":\"https:\/\/algra.it\/\",\"name\":\"Precyzyjna mechanika | Algra\",\"description\":\"Lavorazioni meccaniche di precisione, accessori per torni, portautensili speciali, alberi mandrino\",\"potentialAction\":[{\"@type\":\"SearchAction\",\"target\":{\"@type\":\"EntryPoint\",\"urlTemplate\":\"https:\/\/algra.it\/?s={search_term_string}\"},\"query-input\":\"required name=search_term_string\"}],\"inLanguage\":\"pl-PL\"},{\"@type\":\"WebPage\",\"@id\":\"https:\/\/algra.it\/pl\/akcesoria-do-obrabiarek\/#webpage\",\"url\":\"https:\/\/algra.it\/pl\/akcesoria-do-obrabiarek\/\",\"name\":\"AKCESORIA DO OBRABIAREK - Precyzyjna mechanika | Algra\",\"isPartOf\":{\"@id\":\"https:\/\/algra.it\/#website\"},\"datePublished\":\"2016-11-02T00:34:22+00:00\",\"dateModified\":\"2025-02-21T13:27:56+00:00\",\"breadcrumb\":{\"@id\":\"https:\/\/algra.it\/pl\/akcesoria-do-obrabiarek\/#breadcrumb\"},\"inLanguage\":\"pl-PL\",\"potentialAction\":[{\"@type\":\"ReadAction\",\"target\":[\"https:\/\/algra.it\/pl\/akcesoria-do-obrabiarek\/\"]}]},{\"@type\":\"BreadcrumbList\",\"@id\":\"https:\/\/algra.it\/pl\/akcesoria-do-obrabiarek\/#breadcrumb\",\"itemListElement\":[{\"@type\":\"ListItem\",\"position\":1,\"name\":\"Home\",\"item\":\"https:\/\/algra.it\/pl\/\"},{\"@type\":\"ListItem\",\"position\":2,\"name\":\"AKCESORIA DO OBRABIAREK\"}]}]}<\/script>\n<!-- \/ Yoast SEO plugin. -->","_links":{"self":[{"href":"https:\/\/algra.it\/pl\/wp-json\/wp\/v2\/pages\/4589"}],"collection":[{"href":"https:\/\/algra.it\/pl\/wp-json\/wp\/v2\/pages"}],"about":[{"href":"https:\/\/algra.it\/pl\/wp-json\/wp\/v2\/types\/page"}],"author":[{"embeddable":true,"href":"https:\/\/algra.it\/pl\/wp-json\/wp\/v2\/users\/1"}],"replies":[{"embeddable":true,"href":"https:\/\/algra.it\/pl\/wp-json\/wp\/v2\/comments?post=4589"}],"version-history":[{"count":9,"href":"https:\/\/algra.it\/pl\/wp-json\/wp\/v2\/pages\/4589\/revisions"}],"predecessor-version":[{"id":18302,"href":"https:\/\/algra.it\/pl\/wp-json\/wp\/v2\/pages\/4589\/revisions\/18302"}],"wp:attachment":[{"href":"https:\/\/algra.it\/pl\/wp-json\/wp\/v2\/media?parent=4589"}],"curies":[{"name":"wp","href":"https:\/\/api.w.org\/{rel}","templated":true}]}}