{"id":4605,"date":"2017-03-06T14:41:50","date_gmt":"2017-03-06T13:41:50","guid":{"rendered":"http:\/\/algra.it\/upcoming-events\/"},"modified":"2026-04-20T11:57:14","modified_gmt":"2026-04-20T09:57:14","slug":"nadchodzace-wydarzenia","status":"publish","type":"page","link":"https:\/\/algra.it\/pl\/nadchodzace-wydarzenia\/","title":{"rendered":"Nadchodz\u0105ce wydarzenia"},"content":{"rendered":"<p>[vc_row][vc_column][vc_custom_heading source=&#8221;post_title&#8221; font_container=&#8221;tag:h2|text_align:center&#8221; use_theme_fonts=&#8221;yes&#8221;][vc_column_text]<\/p>\n<p style=\"margin: 0cm; text-align: center; line-height: 19.5pt; background: white;\" align=\"center\"><span lang=\"IT\" style=\"font-size: 10.5pt; font-family: Roboto; color: #222222;\">B\u0105d\u017a na bie\u017c\u0105co we wszystkich wydarzeniach, w kt\u00f3rych b\u0119dziemy uczestniczy\u0107. Odwied\u017a nas, czekamy.<\/span><\/p>\n<p>[\/vc_column_text][vc_separator color=&#8221;white&#8221;][\/vc_column][\/vc_row][vc_row][vc_column][vc_tta_accordion shape=&#8221;square&#8221; color=&#8221;black&#8221; c_position=&#8221;right&#8221; active_section=&#8221;&#8221; collapsible_all=&#8221;true&#8221;][vc_tta_section title=&#8221;SIAMS 2026 (21.04.2026-24.04.2026)&#8221; tab_id=&#8221;1759740479695-8a042b87-6bce&#8221;][vc_column_text]<strong>SIAMS<\/strong><br \/>\n<em>21.04.2026-24.04.2026<\/em><br \/>\nMoutier (CH)[\/vc_column_text][\/vc_tta_section][vc_tta_section title=&#8221;SPACE MEETINGS VENETO 2026 (11.05.2026-13.05.2026)&#8221; tab_id=&#8221;1776678992610-f4714b89-c5f1&#8243;][vc_column_text]<strong>SPACE MEETINGS VENETO<\/strong><br \/>\n<em>11.05.2026-13.05.2026<\/em><br \/>\nVenezia (IT)[\/vc_column_text][\/vc_tta_section][vc_tta_section title=&#8221;WMD EVENT 2026 (14.05.2026-16.05.2026)&#8221; tab_id=&#8221;1776667148723-d9e49a01-a8b9&#8243;][vc_column_text]<strong>WMD<\/strong><br \/>\n<em>14.05.2026-16.05.2026<\/em><br \/>\nNapoli (IT)[\/vc_column_text][\/vc_tta_section][vc_tta_section title=&#8221;AEROSPACE &amp; DEFENSE MEETINGS SEVILLA 2026 (19.05.2026-21.05.2026)&#8221; tab_id=&#8221;1759738860860-9f50c5a0-d871&#8243;][vc_column_text]<strong>AEROSPACE &amp; DEFENSE MEETINGS<\/strong><br \/>\n<em>19.05.2026-21.05.2026<\/em><br \/>\nSevilla (ES)[\/vc_column_text][\/vc_tta_section][vc_tta_section title=&#8221;FARNBOROUGH INTERNATIONAL AIRSHOW 2026 (20.07.2026-24.07.2026)&#8221; tab_id=&#8221;1776667231557-87d93d1c-a725&#8243;][vc_column_text]<strong>FARNBOROUGH INTERNATIONAL AIRSHOW<\/strong><br \/>\n<em>20.07.2026-24.07.2026<\/em><br \/>\nFarnborough (UK)[\/vc_column_text][\/vc_tta_section][\/vc_tta_accordion][\/vc_column][\/vc_row]<\/p>\n","protected":false},"excerpt":{"rendered":"<p>[vc_row][vc_column][vc_custom_heading source=&#8221;post_title&#8221; font_container=&#8221;tag:h2|text_align:center&#8221; use_theme_fonts=&#8221;yes&#8221;][vc_column_text] B\u0105d\u017a na bie\u017c\u0105co we wszystkich wydarzeniach, w kt\u00f3rych b\u0119dziemy uczestniczy\u0107. Odwied\u017a nas, czekamy. [\/vc_column_text][vc_separator color=&#8221;white&#8221;][\/vc_column][\/vc_row][vc_row][vc_column][vc_tta_accordion shape=&#8221;square&#8221; color=&#8221;black&#8221; c_position=&#8221;right&#8221; active_section=&#8221;&#8221; collapsible_all=&#8221;true&#8221;][vc_tta_section title=&#8221;SIAMS 2026 (21.04.2026-24.04.2026)&#8221; tab_id=&#8221;1759740479695-8a042b87-6bce&#8221;][vc_column_text]SIAMS 21.04.2026-24.04.2026 Moutier (CH)[\/vc_column_text][\/vc_tta_section][vc_tta_section title=&#8221;SPACE MEETINGS VENETO 2026 (11.05.2026-13.05.2026)&#8221; tab_id=&#8221;1776678992610-f4714b89-c5f1&#8243;][vc_column_text]SPACE MEETINGS VENETO 11.05.2026-13.05.2026 Venezia (IT)[\/vc_column_text][\/vc_tta_section][vc_tta_section title=&#8221;WMD EVENT 2026 (14.05.2026-16.05.2026)&#8221; tab_id=&#8221;1776667148723-d9e49a01-a8b9&#8243;][vc_column_text]WMD 14.05.2026-16.05.2026 Napoli (IT)[\/vc_column_text][\/vc_tta_section][vc_tta_section title=&#8221;AEROSPACE &amp; DEFENSE MEETINGS SEVILLA<\/p>\n","protected":false},"author":1,"featured_media":0,"parent":0,"menu_order":42,"comment_status":"closed","ping_status":"closed","template":"","meta":[],"yoast_head":"<!-- This site is optimized with the Yoast SEO plugin v16.6.1 - https:\/\/yoast.com\/wordpress\/plugins\/seo\/ -->\n<title>Nadchodz\u0105ce wydarzenia - Precyzyjna mechanika | Algra<\/title>\n<meta name=\"robots\" content=\"index, follow, max-snippet:-1, max-image-preview:large, max-video-preview:-1\" \/>\n<link rel=\"canonical\" href=\"https:\/\/algra.it\/pl\/nadchodzace-wydarzenia\/\" \/>\n<meta property=\"og:locale\" content=\"pl_PL\" \/>\n<meta property=\"og:type\" content=\"article\" \/>\n<meta property=\"og:title\" content=\"Nadchodz\u0105ce wydarzenia - Precyzyjna mechanika | Algra\" \/>\n<meta property=\"og:description\" content=\"[vc_row][vc_column][vc_custom_heading source=&#8221;post_title&#8221; font_container=&#8221;tag:h2|text_align:center&#8221; use_theme_fonts=&#8221;yes&#8221;][vc_column_text] B\u0105d\u017a na bie\u017c\u0105co we wszystkich wydarzeniach, w kt\u00f3rych b\u0119dziemy uczestniczy\u0107. Odwied\u017a nas, czekamy. [\/vc_column_text][vc_separator color=&#8221;white&#8221;][\/vc_column][\/vc_row][vc_row][vc_column][vc_tta_accordion shape=&#8221;square&#8221; color=&#8221;black&#8221; c_position=&#8221;right&#8221; active_section=&#8221;&#8221; collapsible_all=&#8221;true&#8221;][vc_tta_section title=&#8221;SIAMS 2026 (21.04.2026-24.04.2026)&#8221; tab_id=&#8221;1759740479695-8a042b87-6bce&#8221;][vc_column_text]SIAMS 21.04.2026-24.04.2026 Moutier (CH)[\/vc_column_text][\/vc_tta_section][vc_tta_section title=&#8221;SPACE MEETINGS VENETO 2026 (11.05.2026-13.05.2026)&#8221; tab_id=&#8221;1776678992610-f4714b89-c5f1&#8243;][vc_column_text]SPACE MEETINGS VENETO 11.05.2026-13.05.2026 Venezia (IT)[\/vc_column_text][\/vc_tta_section][vc_tta_section title=&#8221;WMD EVENT 2026 (14.05.2026-16.05.2026)&#8221; tab_id=&#8221;1776667148723-d9e49a01-a8b9&#8243;][vc_column_text]WMD 14.05.2026-16.05.2026 Napoli (IT)[\/vc_column_text][\/vc_tta_section][vc_tta_section title=&#8221;AEROSPACE &amp; DEFENSE MEETINGS SEVILLA\" \/>\n<meta property=\"og:url\" content=\"https:\/\/algra.it\/pl\/nadchodzace-wydarzenia\/\" \/>\n<meta property=\"og:site_name\" content=\"Precyzyjna mechanika | Algra\" \/>\n<meta property=\"article:modified_time\" content=\"2026-04-20T09:57:14+00:00\" \/>\n<meta name=\"twitter:card\" content=\"summary\" \/>\n<meta name=\"twitter:label1\" content=\"Szacowany czas czytania\" \/>\n\t<meta name=\"twitter:data1\" content=\"1 minuta\" \/>\n<script type=\"application\/ld+json\" class=\"yoast-schema-graph\">{\"@context\":\"https:\/\/schema.org\",\"@graph\":[{\"@type\":\"WebSite\",\"@id\":\"https:\/\/algra.it\/#website\",\"url\":\"https:\/\/algra.it\/\",\"name\":\"Precyzyjna mechanika | Algra\",\"description\":\"Lavorazioni meccaniche di precisione, accessori per torni, portautensili speciali, alberi mandrino\",\"potentialAction\":[{\"@type\":\"SearchAction\",\"target\":{\"@type\":\"EntryPoint\",\"urlTemplate\":\"https:\/\/algra.it\/?s={search_term_string}\"},\"query-input\":\"required name=search_term_string\"}],\"inLanguage\":\"pl-PL\"},{\"@type\":\"WebPage\",\"@id\":\"https:\/\/algra.it\/pl\/nadchodzace-wydarzenia\/#webpage\",\"url\":\"https:\/\/algra.it\/pl\/nadchodzace-wydarzenia\/\",\"name\":\"Nadchodz\\u0105ce wydarzenia - Precyzyjna mechanika | Algra\",\"isPartOf\":{\"@id\":\"https:\/\/algra.it\/#website\"},\"datePublished\":\"2017-03-06T13:41:50+00:00\",\"dateModified\":\"2026-04-20T09:57:14+00:00\",\"breadcrumb\":{\"@id\":\"https:\/\/algra.it\/pl\/nadchodzace-wydarzenia\/#breadcrumb\"},\"inLanguage\":\"pl-PL\",\"potentialAction\":[{\"@type\":\"ReadAction\",\"target\":[\"https:\/\/algra.it\/pl\/nadchodzace-wydarzenia\/\"]}]},{\"@type\":\"BreadcrumbList\",\"@id\":\"https:\/\/algra.it\/pl\/nadchodzace-wydarzenia\/#breadcrumb\",\"itemListElement\":[{\"@type\":\"ListItem\",\"position\":1,\"name\":\"Home\",\"item\":\"https:\/\/algra.it\/pl\/\"},{\"@type\":\"ListItem\",\"position\":2,\"name\":\"Nadchodz\\u0105ce wydarzenia\"}]}]}<\/script>\n<!-- \/ Yoast SEO plugin. -->","_links":{"self":[{"href":"https:\/\/algra.it\/pl\/wp-json\/wp\/v2\/pages\/4605"}],"collection":[{"href":"https:\/\/algra.it\/pl\/wp-json\/wp\/v2\/pages"}],"about":[{"href":"https:\/\/algra.it\/pl\/wp-json\/wp\/v2\/types\/page"}],"author":[{"embeddable":true,"href":"https:\/\/algra.it\/pl\/wp-json\/wp\/v2\/users\/1"}],"replies":[{"embeddable":true,"href":"https:\/\/algra.it\/pl\/wp-json\/wp\/v2\/comments?post=4605"}],"version-history":[{"count":148,"href":"https:\/\/algra.it\/pl\/wp-json\/wp\/v2\/pages\/4605\/revisions"}],"predecessor-version":[{"id":21390,"href":"https:\/\/algra.it\/pl\/wp-json\/wp\/v2\/pages\/4605\/revisions\/21390"}],"wp:attachment":[{"href":"https:\/\/algra.it\/pl\/wp-json\/wp\/v2\/media?parent=4605"}],"curies":[{"name":"wp","href":"https:\/\/api.w.org\/{rel}","templated":true}]}}