{"id":4614,"date":"2017-03-06T14:45:07","date_gmt":"2017-03-06T13:45:07","guid":{"rendered":"http:\/\/algra.it\/contacts\/"},"modified":"2019-01-27T15:40:47","modified_gmt":"2019-01-27T14:40:47","slug":"skontaktuj-sie-z-nami","status":"publish","type":"page","link":"https:\/\/algra.it\/pl\/skontaktuj-sie-z-nami\/","title":{"rendered":"Skontaktuj si\u0119 z nami"},"content":{"rendered":"<p>[vc_row css=&#8221;.vc_custom_1476926215483{padding-top: 20px !important;padding-bottom: 40px !important;}&#8221;][vc_column][vc_custom_heading text=&#8221;Skontaktuj si\u0119 z nami&#8221; font_container=&#8221;tag:h2|font_size:45px|text_align:center|line_height:60px&#8221; use_theme_fonts=&#8221;yes&#8221; el_class=&#8221;base_font_color&#8221;][vc_column_text]<\/p>\n<p style=\"text-align: center;\">Skontaktuj si\u0119 z nami, aby otrzymywa\u0107 najnowsze informacje o naszych produktach i us\u0142ugach. Jeste\u015bmy do Twojej dyspozycji.<\/p>\n<p>[\/vc_column_text][\/vc_column][\/vc_row][vc_row][vc_column][vc_row_inner css=&#8221;.vc_custom_1452504967583{margin-bottom: 33px !important;}&#8221;][vc_column_inner width=&#8221;2\/3&#8243;][vc_single_image image=&#8221;1219&#8243; img_size=&#8221;full&#8221;][\/vc_column_inner][vc_column_inner width=&#8221;1\/3&#8243;][stm_contacts_widget class=&#8221;overlay_3&#8243; title=&#8221;Siedziba i fabryka&#8221; address=&#8221;Via Manzoni 41, I-24031<br \/>\nAlmenno S.Salvatore (BG)&#8221; phone=&#8221;+39 035 643131&#8243; email=&#8221;algraspa@algra.it&#8221; css=&#8221;.vc_custom_1548599988144{padding-top: 46px !important;padding-right: 50px !important;padding-bottom: 46px !important;padding-left: 50px !important;background-image: url(http:\/\/algra\/wp-content\/uploads\/placeholder.gif?id=493) !important;}&#8221;][stm_contacts_widget class=&#8221;overlay_3&#8243; title=&#8221;Oddzia\u0142 narz\u0119dziowy&#8221; address=&#8221;Via Manzoni 41, I-24031<br \/>\nAlmenno S.Salvatore (BG)&#8221; phone=&#8221;+39 035 642051&#8243; email=&#8221;algra.accessori@algra.it&#8221; css=&#8221;.vc_custom_1548600002449{padding-top: 46px !important;padding-right: 50px !important;padding-bottom: 46px !important;padding-left: 50px !important;background-image: url(http:\/\/algra\/wp-content\/uploads\/placeholder.gif?id=493) !important;}&#8221;][\/vc_column_inner][\/vc_row_inner][vc_row_inner][vc_column_inner][vc_custom_heading text=&#8221;Pro\u015bba o informacje&#8221; font_container=&#8221;tag:h4|text_align:left&#8221; use_theme_fonts=&#8221;yes&#8221; css=&#8221;.vc_custom_1548600032191{margin-bottom: 30px !important;}&#8221;]<script type=\"text\/javascript\">var gform;gform||(document.addEventListener(\"gform_main_scripts_loaded\",function(){gform.scriptsLoaded=!0}),window.addEventListener(\"DOMContentLoaded\",function(){gform.domLoaded=!0}),gform={domLoaded:!1,scriptsLoaded:!1,initializeOnLoaded:function(o){gform.domLoaded&&gform.scriptsLoaded?o():!gform.domLoaded&&gform.scriptsLoaded?window.addEventListener(\"DOMContentLoaded\",o):document.addEventListener(\"gform_main_scripts_loaded\",o)},hooks:{action:{},filter:{}},addAction:function(o,n,r,t){gform.addHook(\"action\",o,n,r,t)},addFilter:function(o,n,r,t){gform.addHook(\"filter\",o,n,r,t)},doAction:function(o){gform.doHook(\"action\",o,arguments)},applyFilters:function(o){return gform.doHook(\"filter\",o,arguments)},removeAction:function(o,n){gform.removeHook(\"action\",o,n)},removeFilter:function(o,n,r){gform.removeHook(\"filter\",o,n,r)},addHook:function(o,n,r,t,i){null==gform.hooks[o][n]&&(gform.hooks[o][n]=[]);var e=gform.hooks[o][n];null==i&&(i=n+\"_\"+e.length),gform.hooks[o][n].push({tag:i,callable:r,priority:t=null==t?10:t})},doHook:function(n,o,r){var t;if(r=Array.prototype.slice.call(r,1),null!=gform.hooks[n][o]&&((o=gform.hooks[n][o]).sort(function(o,n){return o.priority-n.priority}),o.forEach(function(o){\"function\"!=typeof(t=o.callable)&&(t=window[t]),\"action\"==n?t.apply(null,r):r[0]=t.apply(null,r)})),\"filter\"==n)return r[0]},removeHook:function(o,n,t,i){var r;null!=gform.hooks[o][n]&&(r=(r=gform.hooks[o][n]).filter(function(o,n,r){return!!(null!=i&&i!=o.tag||null!=t&&t!=o.priority)}),gform.hooks[o][n]=r)}});<\/script>\n                <div class='gf_browser_gecko gform_wrapper gform_legacy_markup_wrapper' id='gform_wrapper_8' ><form method='post' enctype='multipart\/form-data'  id='gform_8'  action='\/pl\/wp-json\/wp\/v2\/pages\/4614' >\n                        <div class='gform_body gform-body'><ul id='gform_fields_8' class='gform_fields top_label form_sublabel_below description_below'><li id=\"field_8_6\" class=\"gfield gfield_contains_required field_sublabel_below field_description_below gfield_visibility_visible\" ><label class='gfield_label' for='input_8_6' >Przedmiot<span class=\"gfield_required\"><span class=\"gfield_required gfield_required_asterisk\">*<\/span><\/span><\/label><div class='ginput_container ginput_container_select'><select name='input_6' id='input_8_6' class='medium gfield_select'    aria-required=\"true\" aria-invalid=\"false\" ><option value='Main spindle' >Main spindle<\/option><option value='Tool holders disks' >Tool holders disks<\/option><option value='Fixed tool holder' >Fixed tool holder<\/option><option value='Rotating tool holder' >Rotating tool holder<\/option><option value='Energy sector Products' >Energy sector Products<\/option><option value='Instruments Products' >Instruments Products<\/option><option value='Toolposts for traditional lathes' >Toolposts for traditional lathes<\/option><option value='Other...' >Other...<\/option><\/select><\/div><\/li><li id=\"field_8_1\" class=\"gfield gf_left_half gfield_contains_required field_sublabel_below field_description_below gfield_visibility_visible\" ><label class='gfield_label' for='input_8_1' >Imi\u0119 i nazwisko<span class=\"gfield_required\"><span class=\"gfield_required gfield_required_asterisk\">*<\/span><\/span><\/label><div class='ginput_container ginput_container_text'><input name='input_1' id='input_8_1' type='text' value='' class='large'     aria-required=\"true\" aria-invalid=\"false\"   \/> <\/div><\/li><li id=\"field_8_2\" class=\"gfield gf_right_half gfield_contains_required field_sublabel_below field_description_below gfield_visibility_visible\" ><label class='gfield_label' for='input_8_2' >Firma<span class=\"gfield_required\"><span class=\"gfield_required gfield_required_asterisk\">*<\/span><\/span><\/label><div class='ginput_container ginput_container_text'><input name='input_2' id='input_8_2' type='text' value='' class='large'     aria-required=\"true\" aria-invalid=\"false\"   \/> <\/div><\/li><li id=\"field_8_3\" class=\"gfield gf_left_half gfield_contains_required field_sublabel_below field_description_below gfield_visibility_visible\" ><label class='gfield_label' for='input_8_3' >Email<span class=\"gfield_required\"><span class=\"gfield_required gfield_required_asterisk\">*<\/span><\/span><\/label><div class='ginput_container ginput_container_email'>\n                            <input name='input_3' id='input_8_3' type='text' value='' class='large'    aria-required=\"true\" aria-invalid=\"false\"  \/>\n                        <\/div><\/li><li id=\"field_8_4\" class=\"gfield gf_right_half gfield_contains_required field_sublabel_below field_description_below gfield_visibility_visible\" ><label class='gfield_label' for='input_8_4' >Telefon<span class=\"gfield_required\"><span class=\"gfield_required gfield_required_asterisk\">*<\/span><\/span><\/label><div class='ginput_container ginput_container_phone'><input name='input_4' id='input_8_4' type='text' value='' class='large'   aria-required=\"true\" aria-invalid=\"false\"   \/><\/div><\/li><li id=\"field_8_7\" class=\"gfield gf_right_half gfield_contains_required field_sublabel_below field_description_below gfield_visibility_visible\" ><label class='gfield_label' for='input_8_7' >Kraj<span class=\"gfield_required\"><span class=\"gfield_required gfield_required_asterisk\">*<\/span><\/span><\/label><div class='ginput_container ginput_container_select'><select name='input_7' id='input_8_7' class='large gfield_select'    aria-required=\"true\" aria-invalid=\"false\" ><option value='' selected='selected'><\/option><option value='Afghanistan' >Afghanistan<\/option><option value='Albania' >Albania<\/option><option value='Algeria' >Algeria<\/option><option value='Samoa americane' >Samoa americane<\/option><option value='Andorra' >Andorra<\/option><option value='Angola' >Angola<\/option><option value='Antigua e Barbuda' >Antigua e Barbuda<\/option><option value='Argentina' >Argentina<\/option><option value='Armenia' >Armenia<\/option><option value='Australia' >Australia<\/option><option value='Austria' >Austria<\/option><option value='Azerbaijan' >Azerbaijan<\/option><option value='Bahamas' >Bahamas<\/option><option value='Bahrain' >Bahrain<\/option><option value='Bangladesh' >Bangladesh<\/option><option value='Barbados' >Barbados<\/option><option value='Bielorussia' >Bielorussia<\/option><option value='Belgio' >Belgio<\/option><option value='Belize' >Belize<\/option><option value='Benin' >Benin<\/option><option value='Bermuda' >Bermuda<\/option><option value='Bhutan' >Bhutan<\/option><option value='Bolivia' >Bolivia<\/option><option value='Bosnia-Erzegovina' >Bosnia-Erzegovina<\/option><option value='Botswana' >Botswana<\/option><option value='Brasile' >Brasile<\/option><option value='Brunei' >Brunei<\/option><option value='Bulgaria' >Bulgaria<\/option><option value='Burkina Faso' >Burkina Faso<\/option><option value='Burundi' >Burundi<\/option><option value='Cambogia' >Cambogia<\/option><option value='Camerun' >Camerun<\/option><option value='Canada' >Canada<\/option><option value='Capo Verde' >Capo Verde<\/option><option value='Isole Cayman' >Isole Cayman<\/option><option value='Repubblica Centrafricana' >Repubblica Centrafricana<\/option><option value='Chad' >Chad<\/option><option value='Cile' >Cile<\/option><option value='Cina' >Cina<\/option><option value='Colombia' >Colombia<\/option><option value='Comore' >Comore<\/option><option value='Congo, Repubblica Democratica del' >Congo, Repubblica Democratica del<\/option><option value='Congo, Repubblica del' >Congo, Repubblica del<\/option><option value='Costa Rica' >Costa Rica<\/option><option value='Costa d&#039;Avorio' >Costa d&#039;Avorio<\/option><option value='Croazia' >Croazia<\/option><option value='Cuba' >Cuba<\/option><option value='Cura\u00e7ao' >Cura\u00e7ao<\/option><option value='Cipro' >Cipro<\/option><option value='Repubblica Ceca' >Repubblica Ceca<\/option><option value='Danimarca' >Danimarca<\/option><option value='Gibuti' >Gibuti<\/option><option value='Dominica' >Dominica<\/option><option value='Repubblica Dominicana' >Repubblica Dominicana<\/option><option value='Timor Est' >Timor Est<\/option><option value='Ecuador' >Ecuador<\/option><option value='Egitto' >Egitto<\/option><option value='El Salvador' >El Salvador<\/option><option value='Guinea Equatoriale' >Guinea Equatoriale<\/option><option value='Eritrea' >Eritrea<\/option><option value='Estonia' >Estonia<\/option><option value='Etiopia' >Etiopia<\/option><option value='Isole Faroe' >Isole Faroe<\/option><option value='Fiji' >Fiji<\/option><option value='Finlandia' >Finlandia<\/option><option value='Francia' >Francia<\/option><option value='Polynesia Francese' >Polynesia Francese<\/option><option value='Gabon' >Gabon<\/option><option value='Gambia' >Gambia<\/option><option value='Georgia' >Georgia<\/option><option value='Germania' >Germania<\/option><option value='Ghana' >Ghana<\/option><option value='Grecia' >Grecia<\/option><option value='Groenlandia' >Groenlandia<\/option><option value='Grenada' >Grenada<\/option><option value='Guam' >Guam<\/option><option value='Guatemala' >Guatemala<\/option><option value='Guinea' >Guinea<\/option><option value='Guinea-Bissau' >Guinea-Bissau<\/option><option value='Guyana' >Guyana<\/option><option value='Haiti' >Haiti<\/option><option value='Honduras' >Honduras<\/option><option value='Hong Kong' >Hong Kong<\/option><option value='Ungheria' >Ungheria<\/option><option value='Islanda' >Islanda<\/option><option value='India' >India<\/option><option value='Indonesia' >Indonesia<\/option><option value='Iran' >Iran<\/option><option value='Iraq' >Iraq<\/option><option value='Irlanda' >Irlanda<\/option><option value='Israele' >Israele<\/option><option value='Italia' >Italia<\/option><option value='Giamaica' >Giamaica<\/option><option value='Giappone' >Giappone<\/option><option value='Giordania' >Giordania<\/option><option value='Kazakistan' >Kazakistan<\/option><option value='Kenya' >Kenya<\/option><option value='Kiribati' >Kiribati<\/option><option value='Corea del Nord' >Corea del Nord<\/option><option value='Corea del Sud' >Corea del Sud<\/option><option value='Kossovo' >Kossovo<\/option><option value='Kuwait' >Kuwait<\/option><option value='Kirghizistan' >Kirghizistan<\/option><option value='Laos' >Laos<\/option><option value='Lettonia' >Lettonia<\/option><option value='Libano' >Libano<\/option><option value='Lesotho' >Lesotho<\/option><option value='Liberia' >Liberia<\/option><option value='Libia' >Libia<\/option><option value='Liechtenstein' >Liechtenstein<\/option><option value='Lituania' >Lituania<\/option><option value='Lussemburgo' >Lussemburgo<\/option><option value='Macedonia' >Macedonia<\/option><option value='Madagascar' >Madagascar<\/option><option value='Malawi' >Malawi<\/option><option value='Malesia' >Malesia<\/option><option value='Maldive' >Maldive<\/option><option value='Mali' >Mali<\/option><option value='Malta' >Malta<\/option><option value='Isole Marshall' >Isole Marshall<\/option><option value='Mauritania' >Mauritania<\/option><option value='Mauritius' >Mauritius<\/option><option value='Messico' >Messico<\/option><option value='Micronesia' >Micronesia<\/option><option value='Moldavia' >Moldavia<\/option><option value='Monaco' >Monaco<\/option><option value='Mongolia' >Mongolia<\/option><option value='Montenegro' >Montenegro<\/option><option value='Marocco' >Marocco<\/option><option value='Mozambico' >Mozambico<\/option><option value='Birmania' >Birmania<\/option><option value='Namibia' >Namibia<\/option><option value='Nauru' >Nauru<\/option><option value='Nepal' >Nepal<\/option><option value='Paesi Bassi' >Paesi Bassi<\/option><option value='Nuova Zelanda' >Nuova Zelanda<\/option><option value='Nicaragua' >Nicaragua<\/option><option value='Niger' >Niger<\/option><option value='Nigeria' >Nigeria<\/option><option value='Isole Marianne Settentrionali' >Isole Marianne Settentrionali<\/option><option value='Norvegia' >Norvegia<\/option><option value='Oman' >Oman<\/option><option value='Pakistan' >Pakistan<\/option><option value='Palau' >Palau<\/option><option value='Stato della Palestina' >Stato della Palestina<\/option><option value='Panama' >Panama<\/option><option value='Papua Nuova Guinea' >Papua Nuova Guinea<\/option><option value='Paraguay' >Paraguay<\/option><option value='Peru' >Peru<\/option><option value='Filippine' >Filippine<\/option><option value='Polonia' >Polonia<\/option><option value='Portogallo' >Portogallo<\/option><option value='Porto Rico' >Porto Rico<\/option><option value='Qatar' >Qatar<\/option><option value='Romania' >Romania<\/option><option value='Russia' >Russia<\/option><option value='Ruanda' >Ruanda<\/option><option value='Saint Kitts e Nevis' >Saint Kitts e Nevis<\/option><option value='Santa Lucia' >Santa Lucia<\/option><option value='Saint Vincent e Grenadine' >Saint Vincent e Grenadine<\/option><option value='Saint-Martin' >Saint-Martin<\/option><option value='Samoa' >Samoa<\/option><option value='San Marino' >San Marino<\/option><option value='Sao Tome e Pr\u00edncipe' >Sao Tome e Pr\u00edncipe<\/option><option value='Arabia Saudita' >Arabia Saudita<\/option><option value='Senegal' >Senegal<\/option><option value='Serbia' >Serbia<\/option><option value='Seychelles' >Seychelles<\/option><option value='Sierra Leone' >Sierra Leone<\/option><option value='Singapore' >Singapore<\/option><option value='Sint Maarten' >Sint Maarten<\/option><option value='Slovacchia' >Slovacchia<\/option><option value='Slovenia' >Slovenia<\/option><option value='Isole Salomone' >Isole Salomone<\/option><option value='Somalia' >Somalia<\/option><option value='Sudafrica' >Sudafrica<\/option><option value='Spagna' >Spagna<\/option><option value='Sri Lanka' >Sri Lanka<\/option><option value='Sudan' >Sudan<\/option><option value='Sudan, del Sud' >Sudan, del Sud<\/option><option value='Suriname' >Suriname<\/option><option value='Swaziland' >Swaziland<\/option><option value='Svezia' >Svezia<\/option><option value='Svizzera' >Svizzera<\/option><option value='Siria' >Siria<\/option><option value='Taiwan' >Taiwan<\/option><option value='Tagikistan' >Tagikistan<\/option><option value='Tanzania' >Tanzania<\/option><option value='Thailandia' >Thailandia<\/option><option value='Togo' >Togo<\/option><option value='Tonga' >Tonga<\/option><option value='Trinidad e Tobago' >Trinidad e Tobago<\/option><option value='Tunisia' >Tunisia<\/option><option value='Turchia' >Turchia<\/option><option value='Turkmenistan' >Turkmenistan<\/option><option value='Tuvalu' >Tuvalu<\/option><option value='Uganda' >Uganda<\/option><option value='Ucraina' >Ucraina<\/option><option value='Emirati Arabi Uniti' >Emirati Arabi Uniti<\/option><option value='Regno Unito' >Regno Unito<\/option><option value='Stati Uniti' >Stati Uniti<\/option><option value='Uruguay' >Uruguay<\/option><option value='Uzbekistan' >Uzbekistan<\/option><option value='Vanuatu' >Vanuatu<\/option><option value='Citt\u00e0 del Vaticano' >Citt\u00e0 del Vaticano<\/option><option value='Venezuela' >Venezuela<\/option><option value='Vietnam' >Vietnam<\/option><option value='Isole Vergini britanniche' >Isole Vergini britanniche<\/option><option value='Isole vergini americane' >Isole vergini americane<\/option><option value='Yemen' >Yemen<\/option><option value='Zambia' >Zambia<\/option><option value='Zimbabwe' >Zimbabwe<\/option><\/select><\/div><\/li><li id=\"field_8_5\" class=\"gfield gfield_contains_required field_sublabel_below field_description_below gfield_visibility_visible\" ><label class='gfield_label' for='input_8_5' >Wiadomo\u015b\u0107<span class=\"gfield_required\"><span class=\"gfield_required gfield_required_asterisk\">*<\/span><\/span><\/label><div class='ginput_container ginput_container_textarea'><textarea name='input_5' id='input_8_5' class='textarea medium'     aria-required=\"true\" aria-invalid=\"false\"   rows='10' cols='50'><\/textarea><\/div><\/li><\/ul><\/div>\n        <div class='gform_footer top_label'> <input type='submit' id='gform_submit_button_8' class='gform_button button' value='Wy\u015blij wiadomo\u015b\u0107'  onclick='if(window[\"gf_submitting_8\"]){return false;}  window[\"gf_submitting_8\"]=true;  ' onkeypress='if( event.keyCode == 13 ){ if(window[\"gf_submitting_8\"]){return false;} window[\"gf_submitting_8\"]=true;  jQuery(\"#gform_8\").trigger(\"submit\",[true]); }' \/> \n            <input type='hidden' class='gform_hidden' name='is_submit_8' value='1' \/>\n            <input type='hidden' class='gform_hidden' name='gform_submit' value='8' \/>\n            \n            <input type='hidden' class='gform_hidden' name='gform_unique_id' value='' \/>\n            <input type='hidden' class='gform_hidden' name='state_8' value='WyJbXSIsIjc4ZmViOTQ4Yjc1NzNhMWU1MDIxMjg4MDA2NjllYTVhIl0=' \/>\n            <input type='hidden' class='gform_hidden' name='gform_target_page_number_8' id='gform_target_page_number_8' value='0' \/>\n            <input type='hidden' class='gform_hidden' name='gform_source_page_number_8' id='gform_source_page_number_8' value='1' \/>\n            <input type='hidden' name='gform_field_values' value='' \/>\n            \n        <\/div>\n                        <\/form>\n                        <\/div>[\/vc_column_inner][\/vc_row_inner][\/vc_column][\/vc_row]<\/p>\n","protected":false},"excerpt":{"rendered":"<p>[vc_row css=&#8221;.vc_custom_1476926215483{padding-top: 20px !important;padding-bottom: 40px !important;}&#8221;][vc_column][vc_custom_heading text=&#8221;Skontaktuj si\u0119 z nami&#8221; font_container=&#8221;tag:h2|font_size:45px|text_align:center|line_height:60px&#8221; use_theme_fonts=&#8221;yes&#8221; el_class=&#8221;base_font_color&#8221;][vc_column_text] Skontaktuj si\u0119 z nami, aby otrzymywa\u0107 najnowsze informacje o naszych produktach i us\u0142ugach. Jeste\u015bmy do Twojej dyspozycji. [\/vc_column_text][\/vc_column][\/vc_row][vc_row][vc_column][vc_row_inner css=&#8221;.vc_custom_1452504967583{margin-bottom: 33px !important;}&#8221;][vc_column_inner width=&#8221;2\/3&#8243;][vc_single_image image=&#8221;1219&#8243; img_size=&#8221;full&#8221;][\/vc_column_inner][vc_column_inner width=&#8221;1\/3&#8243;][stm_contacts_widget class=&#8221;overlay_3&#8243; title=&#8221;Siedziba i fabryka&#8221; address=&#8221;Via Manzoni 41, I-24031 Almenno S.Salvatore (BG)&#8221; phone=&#8221;+39 035 643131&#8243; email=&#8221;algraspa@algra.it&#8221; css=&#8221;.vc_custom_1548599988144{padding-top: 46px<\/p>\n","protected":false},"author":1,"featured_media":0,"parent":0,"menu_order":60,"comment_status":"closed","ping_status":"closed","template":"","meta":[],"yoast_head":"<!-- This site is optimized with the Yoast SEO plugin v16.6.1 - https:\/\/yoast.com\/wordpress\/plugins\/seo\/ -->\n<title>Skontaktuj si\u0119 z nami - Precyzyjna mechanika | Algra<\/title>\n<meta name=\"robots\" content=\"index, follow, max-snippet:-1, max-image-preview:large, max-video-preview:-1\" \/>\n<link rel=\"canonical\" href=\"https:\/\/algra.it\/pl\/skontaktuj-sie-z-nami\/\" \/>\n<meta property=\"og:locale\" content=\"pl_PL\" \/>\n<meta property=\"og:type\" content=\"article\" \/>\n<meta property=\"og:title\" content=\"Skontaktuj si\u0119 z nami - Precyzyjna mechanika | Algra\" \/>\n<meta property=\"og:description\" content=\"[vc_row css=&#8221;.vc_custom_1476926215483{padding-top: 20px !important;padding-bottom: 40px !important;}&#8221;][vc_column][vc_custom_heading text=&#8221;Skontaktuj si\u0119 z nami&#8221; font_container=&#8221;tag:h2|font_size:45px|text_align:center|line_height:60px&#8221; use_theme_fonts=&#8221;yes&#8221; el_class=&#8221;base_font_color&#8221;][vc_column_text] Skontaktuj si\u0119 z nami, aby otrzymywa\u0107 najnowsze informacje o naszych produktach i us\u0142ugach. Jeste\u015bmy do Twojej dyspozycji. [\/vc_column_text][\/vc_column][\/vc_row][vc_row][vc_column][vc_row_inner css=&#8221;.vc_custom_1452504967583{margin-bottom: 33px !important;}&#8221;][vc_column_inner width=&#8221;2\/3&#8243;][vc_single_image image=&#8221;1219&#8243; img_size=&#8221;full&#8221;][\/vc_column_inner][vc_column_inner width=&#8221;1\/3&#8243;][stm_contacts_widget class=&#8221;overlay_3&#8243; title=&#8221;Siedziba i fabryka&#8221; address=&#8221;Via Manzoni 41, I-24031 Almenno S.Salvatore (BG)&#8221; phone=&#8221;+39 035 643131&#8243; email=&#8221;algraspa@algra.it&#8221; css=&#8221;.vc_custom_1548599988144{padding-top: 46px\" \/>\n<meta property=\"og:url\" content=\"https:\/\/algra.it\/pl\/skontaktuj-sie-z-nami\/\" \/>\n<meta property=\"og:site_name\" content=\"Precyzyjna mechanika | Algra\" \/>\n<meta property=\"article:modified_time\" content=\"2019-01-27T14:40:47+00:00\" \/>\n<meta name=\"twitter:card\" content=\"summary\" \/>\n<meta name=\"twitter:label1\" content=\"Szacowany czas czytania\" \/>\n\t<meta name=\"twitter:data1\" content=\"1 minuta\" \/>\n<script type=\"application\/ld+json\" class=\"yoast-schema-graph\">{\"@context\":\"https:\/\/schema.org\",\"@graph\":[{\"@type\":\"WebSite\",\"@id\":\"https:\/\/algra.it\/#website\",\"url\":\"https:\/\/algra.it\/\",\"name\":\"Precyzyjna mechanika | Algra\",\"description\":\"Lavorazioni meccaniche di precisione, accessori per torni, portautensili speciali, alberi mandrino\",\"potentialAction\":[{\"@type\":\"SearchAction\",\"target\":{\"@type\":\"EntryPoint\",\"urlTemplate\":\"https:\/\/algra.it\/?s={search_term_string}\"},\"query-input\":\"required name=search_term_string\"}],\"inLanguage\":\"pl-PL\"},{\"@type\":\"WebPage\",\"@id\":\"https:\/\/algra.it\/pl\/skontaktuj-sie-z-nami\/#webpage\",\"url\":\"https:\/\/algra.it\/pl\/skontaktuj-sie-z-nami\/\",\"name\":\"Skontaktuj si\\u0119 z nami - Precyzyjna mechanika | Algra\",\"isPartOf\":{\"@id\":\"https:\/\/algra.it\/#website\"},\"datePublished\":\"2017-03-06T13:45:07+00:00\",\"dateModified\":\"2019-01-27T14:40:47+00:00\",\"breadcrumb\":{\"@id\":\"https:\/\/algra.it\/pl\/skontaktuj-sie-z-nami\/#breadcrumb\"},\"inLanguage\":\"pl-PL\",\"potentialAction\":[{\"@type\":\"ReadAction\",\"target\":[\"https:\/\/algra.it\/pl\/skontaktuj-sie-z-nami\/\"]}]},{\"@type\":\"BreadcrumbList\",\"@id\":\"https:\/\/algra.it\/pl\/skontaktuj-sie-z-nami\/#breadcrumb\",\"itemListElement\":[{\"@type\":\"ListItem\",\"position\":1,\"name\":\"Home\",\"item\":\"https:\/\/algra.it\/pl\/\"},{\"@type\":\"ListItem\",\"position\":2,\"name\":\"Skontaktuj si\\u0119 z nami\"}]}]}<\/script>\n<!-- \/ Yoast SEO plugin. -->","_links":{"self":[{"href":"https:\/\/algra.it\/pl\/wp-json\/wp\/v2\/pages\/4614"}],"collection":[{"href":"https:\/\/algra.it\/pl\/wp-json\/wp\/v2\/pages"}],"about":[{"href":"https:\/\/algra.it\/pl\/wp-json\/wp\/v2\/types\/page"}],"author":[{"embeddable":true,"href":"https:\/\/algra.it\/pl\/wp-json\/wp\/v2\/users\/1"}],"replies":[{"embeddable":true,"href":"https:\/\/algra.it\/pl\/wp-json\/wp\/v2\/comments?post=4614"}],"version-history":[{"count":2,"href":"https:\/\/algra.it\/pl\/wp-json\/wp\/v2\/pages\/4614\/revisions"}],"predecessor-version":[{"id":4616,"href":"https:\/\/algra.it\/pl\/wp-json\/wp\/v2\/pages\/4614\/revisions\/4616"}],"wp:attachment":[{"href":"https:\/\/algra.it\/pl\/wp-json\/wp\/v2\/media?parent=4614"}],"curies":[{"name":"wp","href":"https:\/\/api.w.org\/{rel}","templated":true}]}}