{"id":3057,"date":"2016-11-02T01:44:40","date_gmt":"2016-11-02T00:44:40","guid":{"rendered":"http:\/\/algra.it\/?page_id=3057\/"},"modified":"2026-04-27T16:54:17","modified_gmt":"2026-04-27T14:54:17","slug":"proximos-eventos","status":"publish","type":"page","link":"https:\/\/algra.it\/pt-pt\/proximos-eventos\/","title":{"rendered":"Pr\u00f3ximos eventos"},"content":{"rendered":"<p>[vc_row][vc_column][vc_custom_heading source=&#8221;post_title&#8221; font_container=&#8221;tag:h2|text_align:center&#8221; use_theme_fonts=&#8221;yes&#8221;][vc_column_text]<\/p>\n<p style=\"margin: 0cm; text-align: center; line-height: 19.5pt; background: white;\" align=\"center\"><span lang=\"IT\" style=\"font-size: 10.5pt; font-family: Roboto; color: #222222;\">Fique atualizado sobre todos os eventos em que participaremos. Venha nos visitar, estamos esperando.<\/span><\/p>\n<p>[\/vc_column_text][vc_separator color=&#8221;white&#8221;][\/vc_column][\/vc_row][vc_row][vc_column][vc_tta_accordion shape=&#8221;square&#8221; color=&#8221;black&#8221; c_position=&#8221;right&#8221; active_section=&#8221;&#8221; collapsible_all=&#8221;true&#8221;][vc_tta_section title=&#8221;SPACE MEETINGS VENETO (11.05.2026-13.05.2026)&#8221; tab_id=&#8221;1776679112169-4df49250-9968&#8243;][vc_column_text]<b>SPACE MEETINGS<\/b><br \/>\n<em>11.05.2026-13.05.2026<\/em><br \/>\nVenezia(IT)[\/vc_column_text][\/vc_tta_section][vc_tta_section title=&#8221;WMD EVENT 2026 (14.05.2026-16.05.2026)&#8221; tab_id=&#8221;1759737397411-a87e29bd-eeb8&#8243;][vc_column_text]<strong>WMD <\/strong><br \/>\n<em>14.05.2026-16.05.2026<\/em><br \/>\nNapoli (IT)[\/vc_column_text][\/vc_tta_section][vc_tta_section title=&#8221;AEROSPACE &amp; DEFENSE MEETINGS SEVILLA 2026 (19.05.2026-21.05.2026)&#8221; tab_id=&#8221;1776437967171-21a1d0c2-093d&#8221;][vc_column_text]<b>AEROSPACE &amp; DEFENSE MEETINGS<\/b><br \/>\n<em>19.05.2026-21.05.2026<\/em><br \/>\nSevilla (ES)[\/vc_column_text][\/vc_tta_section][vc_tta_section title=&#8221;FARNBOROUGH INTERNATIONAL AIRSHOW 2026 (20.07.2026-24.07.2026)&#8221; tab_id=&#8221;1776438383743-09835fea-6f32&#8243;][vc_column_text]<b>FARNBOROUGH INTERNATIONAL AIRSHOW<\/b><br \/>\n<em>20.07.2026-24.07.2026<\/em><br \/>\nFarnborough (UK)[\/vc_column_text][\/vc_tta_section][\/vc_tta_accordion][\/vc_column][\/vc_row][vc_row][vc_column][vc_column_text]<\/p>\n<p>[\/vc_column_text][\/vc_column][\/vc_row]<\/p>\n","protected":false},"excerpt":{"rendered":"<p>[vc_row][vc_column][vc_custom_heading source=&#8221;post_title&#8221; font_container=&#8221;tag:h2|text_align:center&#8221; use_theme_fonts=&#8221;yes&#8221;][vc_column_text] Fique atualizado sobre todos os eventos em que participaremos. Venha nos visitar, estamos esperando. [\/vc_column_text][vc_separator color=&#8221;white&#8221;][\/vc_column][\/vc_row][vc_row][vc_column][vc_tta_accordion shape=&#8221;square&#8221; color=&#8221;black&#8221; c_position=&#8221;right&#8221; active_section=&#8221;&#8221; collapsible_all=&#8221;true&#8221;][vc_tta_section title=&#8221;SPACE MEETINGS VENETO (11.05.2026-13.05.2026)&#8221; tab_id=&#8221;1776679112169-4df49250-9968&#8243;][vc_column_text]SPACE MEETINGS 11.05.2026-13.05.2026 Venezia(IT)[\/vc_column_text][\/vc_tta_section][vc_tta_section title=&#8221;WMD EVENT 2026 (14.05.2026-16.05.2026)&#8221; tab_id=&#8221;1759737397411-a87e29bd-eeb8&#8243;][vc_column_text]WMD 14.05.2026-16.05.2026 Napoli (IT)[\/vc_column_text][\/vc_tta_section][vc_tta_section title=&#8221;AEROSPACE &amp; DEFENSE MEETINGS SEVILLA 2026 (19.05.2026-21.05.2026)&#8221; tab_id=&#8221;1776437967171-21a1d0c2-093d&#8221;][vc_column_text]AEROSPACE &amp; DEFENSE MEETINGS 19.05.2026-21.05.2026 Sevilla (ES)[\/vc_column_text][\/vc_tta_section][vc_tta_section<\/p>\n","protected":false},"author":1,"featured_media":0,"parent":0,"menu_order":42,"comment_status":"closed","ping_status":"closed","template":"","meta":[],"yoast_head":"<!-- This site is optimized with the Yoast SEO plugin v16.6.1 - https:\/\/yoast.com\/wordpress\/plugins\/seo\/ -->\n<title>Pr\u00f3ximos eventos - Mec\u00e2nica de precis\u00e3o | Algra<\/title>\n<meta name=\"robots\" content=\"index, follow, max-snippet:-1, max-image-preview:large, max-video-preview:-1\" \/>\n<link rel=\"canonical\" href=\"https:\/\/algra.it\/pt-pt\/proximos-eventos\/\" \/>\n<meta property=\"og:locale\" content=\"pt_PT\" \/>\n<meta property=\"og:type\" content=\"article\" \/>\n<meta property=\"og:title\" content=\"Pr\u00f3ximos eventos - Mec\u00e2nica de precis\u00e3o | Algra\" \/>\n<meta property=\"og:description\" content=\"[vc_row][vc_column][vc_custom_heading source=&#8221;post_title&#8221; font_container=&#8221;tag:h2|text_align:center&#8221; use_theme_fonts=&#8221;yes&#8221;][vc_column_text] Fique atualizado sobre todos os eventos em que participaremos. Venha nos visitar, estamos esperando. [\/vc_column_text][vc_separator color=&#8221;white&#8221;][\/vc_column][\/vc_row][vc_row][vc_column][vc_tta_accordion shape=&#8221;square&#8221; color=&#8221;black&#8221; c_position=&#8221;right&#8221; active_section=&#8221;&#8221; collapsible_all=&#8221;true&#8221;][vc_tta_section title=&#8221;SPACE MEETINGS VENETO (11.05.2026-13.05.2026)&#8221; tab_id=&#8221;1776679112169-4df49250-9968&#8243;][vc_column_text]SPACE MEETINGS 11.05.2026-13.05.2026 Venezia(IT)[\/vc_column_text][\/vc_tta_section][vc_tta_section title=&#8221;WMD EVENT 2026 (14.05.2026-16.05.2026)&#8221; tab_id=&#8221;1759737397411-a87e29bd-eeb8&#8243;][vc_column_text]WMD 14.05.2026-16.05.2026 Napoli (IT)[\/vc_column_text][\/vc_tta_section][vc_tta_section title=&#8221;AEROSPACE &amp; DEFENSE MEETINGS SEVILLA 2026 (19.05.2026-21.05.2026)&#8221; tab_id=&#8221;1776437967171-21a1d0c2-093d&#8221;][vc_column_text]AEROSPACE &amp; DEFENSE MEETINGS 19.05.2026-21.05.2026 Sevilla (ES)[\/vc_column_text][\/vc_tta_section][vc_tta_section\" \/>\n<meta property=\"og:url\" content=\"https:\/\/algra.it\/pt-pt\/proximos-eventos\/\" \/>\n<meta property=\"og:site_name\" content=\"Mec\u00e2nica de precis\u00e3o | Algra\" \/>\n<meta property=\"article:modified_time\" content=\"2026-04-27T14:54:17+00:00\" \/>\n<meta name=\"twitter:card\" content=\"summary\" \/>\n<meta name=\"twitter:label1\" content=\"Tempo estimado de leitura\" \/>\n\t<meta name=\"twitter:data1\" content=\"1 minuto\" \/>\n<script type=\"application\/ld+json\" class=\"yoast-schema-graph\">{\"@context\":\"https:\/\/schema.org\",\"@graph\":[{\"@type\":\"WebSite\",\"@id\":\"https:\/\/algra.it\/#website\",\"url\":\"https:\/\/algra.it\/\",\"name\":\"Mec\\u00e2nica de precis\\u00e3o | Algra\",\"description\":\"Lavorazioni meccaniche di precisione, accessori per torni, portautensili speciali, alberi mandrino\",\"potentialAction\":[{\"@type\":\"SearchAction\",\"target\":{\"@type\":\"EntryPoint\",\"urlTemplate\":\"https:\/\/algra.it\/?s={search_term_string}\"},\"query-input\":\"required name=search_term_string\"}],\"inLanguage\":\"pt-PT\"},{\"@type\":\"WebPage\",\"@id\":\"https:\/\/algra.it\/pt-pt\/proximos-eventos\/#webpage\",\"url\":\"https:\/\/algra.it\/pt-pt\/proximos-eventos\/\",\"name\":\"Pr\\u00f3ximos eventos - Mec\\u00e2nica de precis\\u00e3o | Algra\",\"isPartOf\":{\"@id\":\"https:\/\/algra.it\/#website\"},\"datePublished\":\"2016-11-02T00:44:40+00:00\",\"dateModified\":\"2026-04-27T14:54:17+00:00\",\"breadcrumb\":{\"@id\":\"https:\/\/algra.it\/pt-pt\/proximos-eventos\/#breadcrumb\"},\"inLanguage\":\"pt-PT\",\"potentialAction\":[{\"@type\":\"ReadAction\",\"target\":[\"https:\/\/algra.it\/pt-pt\/proximos-eventos\/\"]}]},{\"@type\":\"BreadcrumbList\",\"@id\":\"https:\/\/algra.it\/pt-pt\/proximos-eventos\/#breadcrumb\",\"itemListElement\":[{\"@type\":\"ListItem\",\"position\":1,\"name\":\"Home\",\"item\":\"https:\/\/algra.it\/pt-pt\/\"},{\"@type\":\"ListItem\",\"position\":2,\"name\":\"Pr\\u00f3ximos eventos\"}]}]}<\/script>\n<!-- \/ Yoast SEO plugin. -->","_links":{"self":[{"href":"https:\/\/algra.it\/pt-pt\/wp-json\/wp\/v2\/pages\/3057"}],"collection":[{"href":"https:\/\/algra.it\/pt-pt\/wp-json\/wp\/v2\/pages"}],"about":[{"href":"https:\/\/algra.it\/pt-pt\/wp-json\/wp\/v2\/types\/page"}],"author":[{"embeddable":true,"href":"https:\/\/algra.it\/pt-pt\/wp-json\/wp\/v2\/users\/1"}],"replies":[{"embeddable":true,"href":"https:\/\/algra.it\/pt-pt\/wp-json\/wp\/v2\/comments?post=3057"}],"version-history":[{"count":159,"href":"https:\/\/algra.it\/pt-pt\/wp-json\/wp\/v2\/pages\/3057\/revisions"}],"predecessor-version":[{"id":21724,"href":"https:\/\/algra.it\/pt-pt\/wp-json\/wp\/v2\/pages\/3057\/revisions\/21724"}],"wp:attachment":[{"href":"https:\/\/algra.it\/pt-pt\/wp-json\/wp\/v2\/media?parent=3057"}],"curies":[{"name":"wp","href":"https:\/\/api.w.org\/{rel}","templated":true}]}}