{"id":3067,"date":"2017-05-23T12:04:09","date_gmt":"2017-05-23T10:04:09","guid":{"rendered":"http:\/\/algra.it\/?page_id=3067\/"},"modified":"2020-03-10T12:47:12","modified_gmt":"2020-03-10T11:47:12","slug":"presenca-de-eventos","status":"publish","type":"page","link":"https:\/\/algra.it\/pt-pt\/presenca-de-eventos\/","title":{"rendered":"Presen\u00e7a de eventos"},"content":{"rendered":"<p>[vc_row][vc_column][vc_custom_heading source=&#8221;post_title&#8221; font_container=&#8221;tag:h2|text_align:center&#8221; use_theme_fonts=&#8221;yes&#8221;][vc_separator color=&#8221;white&#8221;][\/vc_column][\/vc_row][vc_row][vc_column][stm_news loop=&#8221;size:All|order_by:date|post_type:post&#8221; posts_per_row=&#8221;4&#8243;][\/vc_column][\/vc_row][vc_row][vc_column][vc_tta_accordion shape=&#8221;square&#8221; color=&#8221;black&#8221; c_position=&#8221;right&#8221; active_section=&#8221;&#8221; collapsible_all=&#8221;true&#8221;][vc_tta_section title=&#8221;MACH &#8211; Birmingham (20.04.2020 &#8211; 24.04.2020)&#8221; tab_id=&#8221;1578401582206-c9ea8b57-877ceb2d-4485&#8243;][vc_column_text]<strong>MACH Birmingham<br \/>\n<\/strong><em>20.04.2020 &#8211; 24.04.2020<br \/>\nBirmingham United Kingdom<\/em><\/p>\n<p><a href=\"https:\/\/www.machexhibition.com\/#\/\" target=\"_blank\" rel=\"noopener\">https:\/\/www.machexhibition.com\/#\/<\/a>[\/vc_column_text][\/vc_tta_section][vc_tta_section title=&#8221;OPEN HOUSE DMG MORI TAIWAN -Taichung (22.04.2020 &#8211; 24.04.2020)&#8221; tab_id=&#8221;1582794440000-e8313314-6ae9eb2d-4485&#8243;][vc_column_text]<strong>OPEN HOUSE DMG MORI TAIWAN Taichung<br \/>\n<\/strong><em>22.04.2020 &#8211; 24.04.2020<br \/>\nTaichung Taiwan<\/em><\/p>\n<p><a href=\"https:\/\/en.dmgmori.com\/\" target=\"_blank\" rel=\"noopener\">DMGMORI.COM<\/a>[\/vc_column_text][\/vc_tta_section][vc_tta_section title=&#8221;OPEN HOUSE TAJMAC-ZPS &#8211; Zlin (23.04.2020 &#8211; 24.04.2020)&#8221; tab_id=&#8221;1582794749268-dee0a909-e62ceb2d-4485&#8243;][vc_column_text]<strong>OPEN HOUSE TAJMAC-ZPS Zlin<br \/>\n<\/strong><em>23-24\/04\/2020<br \/>\nZlin-Czech Republic<br \/>\n<\/em><\/p>\n<p><a href=\"https:\/\/www.tajmac-zps.cz\/homepage\" target=\"_blank\" rel=\"noopener\">TAJMAC-ZPS.CZ<\/a>[\/vc_column_text][\/vc_tta_section][vc_tta_section title=&#8221;ELMIA &#8211; J\u00f6nk\u00f6ping (12.05.2020 &#8211; 15.05.2020)&#8221; tab_id=&#8221;1576077301569-a5bfc5eb-8390eb2d-4485&#8243;][vc_column_text]<strong>ELMIA\u00a0J\u00f6nk\u00f6ping<\/strong><strong><br \/>\n<\/strong><em>12.05.2020 &#8211; 15.05.2020<br \/>\n<\/em><\/p>\n<p><em>J\u00f6nk\u00f6ping\u00a0Sweden<\/em><\/p>\n<p><a href=\"https:\/\/www.elmia.se\/en\/plat\/\" target=\"_blank\" rel=\"noopener\">https:\/\/www.elmia.se\/en\/plat\/<\/a>[\/vc_column_text][\/vc_tta_section][vc_tta_section title=&#8221;METALLOOBRABOTKA &#8211; Mosca (25.05.2020 &#8211; 29.05.2020)&#8221; tab_id=&#8221;1578401860722-d1cf6888-bfa3eb2d-4485&#8243;][vc_column_text]<strong>METALLOOBRABOTKA Mosca<\/strong><strong><br \/>\n<\/strong><em>25.05.2020 &#8211; 29.05.2020<br \/>\n<\/em><\/p>\n<p><em>Mosca Russia<\/em><\/p>\n<p><a href=\"https:\/\/www.metobr-expo.ru\/en\/\" target=\"_blank\" rel=\"noopener\">https:\/\/https:\/\/www.metobr-expo.ru\/en\/<\/a><\/p>\n<p>[\/vc_column_text][\/vc_tta_section][vc_tta_section title=&#8221;MECSPE &#8211; Parma (18.06.2020 &#8211; 20.06.2020)&#8221; tab_id=&#8221;1570436250728-6bf9daf3-2cd82348-40fe2b32-2c48eb2d-4485&#8243;][vc_column_text]<strong>MECSPE Parma<br \/>\n<\/strong><em>18.06.2020 &#8211; 20.06.2020<br \/>\nParma Italy<\/em><\/p>\n<p><a href=\"https:\/\/www.mecspe.com\/it\/\" target=\"_blank\" rel=\"noopener\">https:\/\/www.mecspe.com\/it\/<\/a>[\/vc_column_text][\/vc_tta_section][vc_tta_section title=&#8221;INDUSTRIE &#8211; Paris (23.06.2020 &#8211; 26.06.2020)&#8221; tab_id=&#8221;1576076361454-249750ad-c85deb2d-4485&#8243;][vc_column_text]<strong>INDUSTRIE Paris<br \/>\n<\/strong><em>23.06.2020 &#8211; 26.06.2020<br \/>\nParis France<\/em><\/p>\n<p><a href=\"https:\/\/global-industrie.com\/it\/\" target=\"_blank\" rel=\"noopener\">https:\/\/global-industrie.com\/it\/<\/a>[\/vc_column_text][\/vc_tta_section][vc_tta_section title=&#8221;IMTS &#8211; Chicago (14.09.2020 &#8211; 19.09.2020)&#8221; tab_id=&#8221;1570436359710-c3cdc5db-50642348-40fe2b32-2c48eb2d-4485&#8243;][vc_column_text]<strong>IMTS Chicago<br \/>\n<\/strong><em>14.09.2020 &#8211; 19.09.2020<br \/>\nChicago USA<\/em><\/p>\n<p><a href=\"https:\/\/www.imts.com\/\" target=\"_blank\" rel=\"noopener\">https:\/\/www.imts.com\/<\/a><\/p>\n<p>[\/vc_column_text][\/vc_tta_section][vc_tta_section title=&#8221;AMB &#8211; Stoccarda (15.09.2020 &#8211; 19.09.2020)&#8221; tab_id=&#8221;1578402594369-d1bd1e63-14e4eb2d-4485&#8243;][vc_column_text]<strong>AMB Stoccarda<br \/>\n<\/strong><em>15.09.2020 &#8211; 19.09.2020<br \/>\nStuttgart Germany<\/em><\/p>\n<p><a href=\"https:\/\/www.messe-stuttgart.de\/amb\/\" target=\"_blank\" rel=\"noopener\">https:\/\/www.messe-stuttgart.de\/amb\/<\/a>[\/vc_column_text][\/vc_tta_section][vc_tta_section title=&#8221;SIMTOS &#8211; Goyang (05.10.2020 &#8211; 09.10.2020)&#8221; tab_id=&#8221;1576076098960-5432abce-d5baeb2d-4485&#8243;][vc_column_text]<strong>SIMTOS Goyang<br \/>\n<\/strong><em>05.10.2020 &#8211; 09.10.2020<br \/>\nGoyang South Korea<\/em><\/p>\n<p><a href=\"http:\/\/www.simtos.org\/eng\/main\/main\" target=\"_blank\" rel=\"noopener\">http:\/\/www.simtos.org\/eng\/main\/main<\/a>[\/vc_column_text][\/vc_tta_section][vc_tta_section title=&#8221;MSV &#8211; Brno (05.10.2020 &#8211; 09.10.2020)&#8221; tab_id=&#8221;1575541511409-802b8498-6d3beb2d-4485&#8243;][vc_column_text]<strong>MSV Brno<\/strong><\/p>\n<p><em>05.10.2020 -09.10.2020<\/em><\/p>\n<p>Brno Czech Republic<\/p>\n<p><a href=\"https:\/\/www.bvv.cz\/it\/msv\/\" target=\"_blank\" rel=\"noopener\">https:\/\/www.bvv.cz\/it\/msv\/<\/a><\/p>\n<p>[\/vc_column_text][\/vc_tta_section][vc_tta_section title=&#8221;BIMU &#8211; Milan (14.10.2020 &#8211; 17.10.2020)&#8221; tab_id=&#8221;1578402919338-3278697e-e2aceb2d-4485&#8243;][vc_column_text]<strong>BIMU Milan<br \/>\n<\/strong><em>14.10.2020 &#8211; 17.10.2020<br \/>\nMilan italy<\/em><\/p>\n<p><a href=\"http:\/\/www.bimu.it\/\" target=\"_blank\" rel=\"noopener\">www.bimu.it<\/a>[\/vc_column_text][\/vc_tta_section][vc_tta_section title=&#8221;SIAMS &#8211; Moutier (10.11.2020 &#8211; 13.11.2020)&#8221; tab_id=&#8221;1576077020645-0cd8ca59-0004eb2d-4485&#8243;][vc_column_text]<strong>SIAMS Moutier<br \/>\n<\/strong><em>10.11.2020 &#8211; 13.11.2020<br \/>\nMoutier Switzerland<\/em><\/p>\n<p><a href=\"https:\/\/www.siams.ch\/News\/default.asp\" target=\"_blank\" rel=\"noopener\">https:\/\/www.siams.ch\/News\/default.asp<\/a>[\/vc_column_text][\/vc_tta_section][vc_tta_section title=&#8221;TMTS &#8211; Taichung (10.11.2020 &#8211; 14.11.2020)&#8221; tab_id=&#8221;1578403132137-339675c9-ba74eb2d-4485&#8243;][vc_column_text]<strong>TMTS Taichung<br \/>\n<\/strong><em>10.11.2020 &#8211; 14.11.2020<br \/>\nTaichung Taiwan<\/em><\/p>\n<p><a href=\"https:\/\/www.tmts.tw\/en\" target=\"_blank\" rel=\"noopener\">https:\/\/www.tmts.tw\/en<\/a><\/p>\n<p>[\/vc_column_text][\/vc_tta_section][vc_tta_section title=&#8221;JIMTOF &#8211; Tokyo (07.12.2020 &#8211; 12.12.2020)&#8221; tab_id=&#8221;1576077668243-1571fe05-a160eb2d-4485&#8243;][vc_column_text]<strong>JIMTOF Tokyo<br \/>\n<\/strong><em>07.12.2020 &#8211; 12.12.2020<br \/>\nTokyo Japan<\/em><\/p>\n<p><a href=\"http:\/\/www.jimtof.org\/en\/\" target=\"_blank\" rel=\"noopener\">http:\/\/www.jimtof.org\/en\/<\/a>[\/vc_column_text][\/vc_tta_section][vc_tta_section title=&#8221;TORNITURA SHOW &#8211; Bergamo (18.02.2021 &#8211; 20.02.2021)&#8221; tab_id=&#8221;1575541882774-ccd91837-307deb2d-4485&#8243;][vc_column_text]<strong>TORNITURA SHOW Bergamo<br \/>\n<\/strong><em>18.02.2021 &#8211; 20.02.2021<br \/>\nBergamo Italy<\/em><\/p>\n<p>&nbsp;<\/p>\n<p><a href=\"https:\/\/www.tornitura.show\/\" target=\"_blank\" rel=\"noopener\">https:\/\/www.tornitura.show\/<\/a>[\/vc_column_text][\/vc_tta_section][vc_tta_section title=&#8221;MECSPE &#8211; Bologna (25.03.2021 &#8211; 27.03.2021)&#8221; tab_id=&#8221;1579677991712-479e0b1d-b4b9eb2d-4485&#8243;][vc_column_text]<strong>MECSPE Bologna<br \/>\n<\/strong><em>25.03.2021 &#8211; 27.03.2021<br \/>\nMilan italy<\/em><\/p>\n<p>[\/vc_column_text][\/vc_tta_section][\/vc_tta_accordion][\/vc_column][\/vc_row]<\/p>\n","protected":false},"excerpt":{"rendered":"<p>[vc_row][vc_column][vc_custom_heading source=&#8221;post_title&#8221; font_container=&#8221;tag:h2|text_align:center&#8221; use_theme_fonts=&#8221;yes&#8221;][vc_separator color=&#8221;white&#8221;][\/vc_column][\/vc_row][vc_row][vc_column][stm_news loop=&#8221;size:All|order_by:date|post_type:post&#8221; posts_per_row=&#8221;4&#8243;][\/vc_column][\/vc_row][vc_row][vc_column][vc_tta_accordion shape=&#8221;square&#8221; color=&#8221;black&#8221; c_position=&#8221;right&#8221; active_section=&#8221;&#8221; collapsible_all=&#8221;true&#8221;][vc_tta_section title=&#8221;MACH &#8211; Birmingham (20.04.2020 &#8211; 24.04.2020)&#8221; tab_id=&#8221;1578401582206-c9ea8b57-877ceb2d-4485&#8243;][vc_column_text]MACH Birmingham 20.04.2020 &#8211; 24.04.2020 Birmingham United Kingdom https:\/\/www.machexhibition.com\/#\/[\/vc_column_text][\/vc_tta_section][vc_tta_section title=&#8221;OPEN HOUSE DMG MORI TAIWAN -Taichung (22.04.2020 &#8211; 24.04.2020)&#8221; tab_id=&#8221;1582794440000-e8313314-6ae9eb2d-4485&#8243;][vc_column_text]OPEN HOUSE DMG MORI TAIWAN Taichung 22.04.2020 &#8211; 24.04.2020 Taichung Taiwan DMGMORI.COM[\/vc_column_text][\/vc_tta_section][vc_tta_section title=&#8221;OPEN HOUSE TAJMAC-ZPS &#8211; Zlin (23.04.2020 &#8211;<\/p>\n","protected":false},"author":1,"featured_media":0,"parent":0,"menu_order":40,"comment_status":"closed","ping_status":"closed","template":"","meta":[],"yoast_head":"<!-- This site is optimized with the Yoast SEO plugin v16.6.1 - https:\/\/yoast.com\/wordpress\/plugins\/seo\/ -->\n<title>Presen\u00e7a de eventos - Mec\u00e2nica de precis\u00e3o | Algra<\/title>\n<meta name=\"robots\" content=\"index, follow, max-snippet:-1, max-image-preview:large, max-video-preview:-1\" \/>\n<link rel=\"canonical\" href=\"https:\/\/algra.it\/pt-pt\/presenca-de-eventos\/\" \/>\n<meta property=\"og:locale\" content=\"pt_PT\" \/>\n<meta property=\"og:type\" content=\"article\" \/>\n<meta property=\"og:title\" content=\"Presen\u00e7a de eventos - Mec\u00e2nica de precis\u00e3o | Algra\" \/>\n<meta property=\"og:description\" content=\"[vc_row][vc_column][vc_custom_heading source=&#8221;post_title&#8221; font_container=&#8221;tag:h2|text_align:center&#8221; use_theme_fonts=&#8221;yes&#8221;][vc_separator color=&#8221;white&#8221;][\/vc_column][\/vc_row][vc_row][vc_column][stm_news loop=&#8221;size:All|order_by:date|post_type:post&#8221; posts_per_row=&#8221;4&#8243;][\/vc_column][\/vc_row][vc_row][vc_column][vc_tta_accordion shape=&#8221;square&#8221; color=&#8221;black&#8221; c_position=&#8221;right&#8221; active_section=&#8221;&#8221; collapsible_all=&#8221;true&#8221;][vc_tta_section title=&#8221;MACH &#8211; Birmingham (20.04.2020 &#8211; 24.04.2020)&#8221; tab_id=&#8221;1578401582206-c9ea8b57-877ceb2d-4485&#8243;][vc_column_text]MACH Birmingham 20.04.2020 &#8211; 24.04.2020 Birmingham United Kingdom https:\/\/www.machexhibition.com\/#\/[\/vc_column_text][\/vc_tta_section][vc_tta_section title=&#8221;OPEN HOUSE DMG MORI TAIWAN -Taichung (22.04.2020 &#8211; 24.04.2020)&#8221; tab_id=&#8221;1582794440000-e8313314-6ae9eb2d-4485&#8243;][vc_column_text]OPEN HOUSE DMG MORI TAIWAN Taichung 22.04.2020 &#8211; 24.04.2020 Taichung Taiwan DMGMORI.COM[\/vc_column_text][\/vc_tta_section][vc_tta_section title=&#8221;OPEN HOUSE TAJMAC-ZPS &#8211; Zlin (23.04.2020 &#8211;\" \/>\n<meta property=\"og:url\" content=\"https:\/\/algra.it\/pt-pt\/presenca-de-eventos\/\" \/>\n<meta property=\"og:site_name\" content=\"Mec\u00e2nica de precis\u00e3o | Algra\" \/>\n<meta property=\"article:modified_time\" content=\"2020-03-10T11:47:12+00:00\" \/>\n<meta name=\"twitter:card\" content=\"summary\" \/>\n<meta name=\"twitter:label1\" content=\"Tempo estimado de leitura\" \/>\n\t<meta name=\"twitter:data1\" content=\"3 minutos\" \/>\n<script type=\"application\/ld+json\" class=\"yoast-schema-graph\">{\"@context\":\"https:\/\/schema.org\",\"@graph\":[{\"@type\":\"WebSite\",\"@id\":\"https:\/\/algra.it\/#website\",\"url\":\"https:\/\/algra.it\/\",\"name\":\"Mec\\u00e2nica de precis\\u00e3o | Algra\",\"description\":\"Lavorazioni meccaniche di precisione, accessori per torni, portautensili speciali, alberi mandrino\",\"potentialAction\":[{\"@type\":\"SearchAction\",\"target\":{\"@type\":\"EntryPoint\",\"urlTemplate\":\"https:\/\/algra.it\/?s={search_term_string}\"},\"query-input\":\"required name=search_term_string\"}],\"inLanguage\":\"pt-PT\"},{\"@type\":\"WebPage\",\"@id\":\"https:\/\/algra.it\/pt-pt\/presenca-de-eventos\/#webpage\",\"url\":\"https:\/\/algra.it\/pt-pt\/presenca-de-eventos\/\",\"name\":\"Presen\\u00e7a de eventos - Mec\\u00e2nica de precis\\u00e3o | Algra\",\"isPartOf\":{\"@id\":\"https:\/\/algra.it\/#website\"},\"datePublished\":\"2017-05-23T10:04:09+00:00\",\"dateModified\":\"2020-03-10T11:47:12+00:00\",\"breadcrumb\":{\"@id\":\"https:\/\/algra.it\/pt-pt\/presenca-de-eventos\/#breadcrumb\"},\"inLanguage\":\"pt-PT\",\"potentialAction\":[{\"@type\":\"ReadAction\",\"target\":[\"https:\/\/algra.it\/pt-pt\/presenca-de-eventos\/\"]}]},{\"@type\":\"BreadcrumbList\",\"@id\":\"https:\/\/algra.it\/pt-pt\/presenca-de-eventos\/#breadcrumb\",\"itemListElement\":[{\"@type\":\"ListItem\",\"position\":1,\"name\":\"Home\",\"item\":\"https:\/\/algra.it\/pt-pt\/\"},{\"@type\":\"ListItem\",\"position\":2,\"name\":\"Presen\\u00e7a de eventos\"}]}]}<\/script>\n<!-- \/ Yoast SEO plugin. -->","_links":{"self":[{"href":"https:\/\/algra.it\/pt-pt\/wp-json\/wp\/v2\/pages\/3067"}],"collection":[{"href":"https:\/\/algra.it\/pt-pt\/wp-json\/wp\/v2\/pages"}],"about":[{"href":"https:\/\/algra.it\/pt-pt\/wp-json\/wp\/v2\/types\/page"}],"author":[{"embeddable":true,"href":"https:\/\/algra.it\/pt-pt\/wp-json\/wp\/v2\/users\/1"}],"replies":[{"embeddable":true,"href":"https:\/\/algra.it\/pt-pt\/wp-json\/wp\/v2\/comments?post=3067"}],"version-history":[{"count":3,"href":"https:\/\/algra.it\/pt-pt\/wp-json\/wp\/v2\/pages\/3067\/revisions"}],"predecessor-version":[{"id":6503,"href":"https:\/\/algra.it\/pt-pt\/wp-json\/wp\/v2\/pages\/3067\/revisions\/6503"}],"wp:attachment":[{"href":"https:\/\/algra.it\/pt-pt\/wp-json\/wp\/v2\/media?parent=3067"}],"curies":[{"name":"wp","href":"https:\/\/api.w.org\/{rel}","templated":true}]}}