{"id":3173,"date":"2017-05-23T13:56:16","date_gmt":"2017-05-23T11:56:16","guid":{"rendered":"http:\/\/algra.it\/?page_id=3173\/"},"modified":"2025-09-02T15:53:48","modified_gmt":"2025-09-02T13:53:48","slug":"qualidade","status":"publish","type":"page","link":"https:\/\/algra.it\/pt-pt\/qualidade\/","title":{"rendered":"Qualidade"},"content":{"rendered":"<p>[vc_row full_width=&#8221;stretch_row_content_no_spaces&#8221; parallax=&#8221;content-moving&#8221; css=&#8221;.vc_custom_1476927093140{margin-bottom: 0px !important;}&#8221;][vc_column offset=&#8221;vc_hidden-xs&#8221;][vc_single_image image=&#8221;19760&#8243; img_size=&#8221;full&#8221; alignment=&#8221;center&#8221;][\/vc_column][\/vc_row][vc_row full_width=&#8221;stretch_row&#8221; css=&#8221;.vc_custom_1476928430910{margin-top: 0px !important;padding-top: 40px !important;padding-bottom: 70px !important;}&#8221;][vc_column][vc_custom_heading text=&#8221;Uma qualidade certificada&#8221; font_container=&#8221;tag:h2|font_size:45px|text_align:center|line_height:60px&#8221; use_theme_fonts=&#8221;yes&#8221; el_class=&#8221;base_font_color&#8221; css=&#8221;.vc_custom_1495540448838{margin-bottom: 28px !important;}&#8221;][vc_column_text]Desenvolve uma avan\u00e7ada tecnologia que desempenha um papel fundamental no\u00a0incremento de valor aos seus pr\u00f3prios produtos, servi\u00e7os e capacita\u00e7\u00e3o de seus colaboradores,\u00a0operando em conformidade com UNI EN ISO 9001:2015 e ISO 14001:2015.<\/p>\n<p>O\u00a0sistema de qualidade\u00a0\u00e9 certificado,\u00a0desde\u00a0de 1993, em conformidade com a UNI EN ISO 9001:2015; o\u00a0sistema de gest\u00e3o ambiental \u00e9 certificado de acordo com a norma ISO 14001:2015.<\/p>\n<p>Al\u00e9m disso, a ALGRA det\u00e9m a licen\u00e7a TULPS (Lei Consolidada de Seguran\u00e7a P\u00fablica) sob o ART.28 para fabrica\u00e7\u00e3o de material destinado ao equipamento das For\u00e7as Armadas e da Pol\u00edcia.<\/p>\n<p>ALGRA \u00e9 tamb\u00e9m um membro do LAC (Lombardy Aerospace Cluster) um sistema integrado de empresas, universidades e centros de pesquisa, equipados com habilidades tecnol\u00f3gicas e capacidades cient\u00edficas de ponta.[\/vc_column_text][vc_column_text css=&#8221;.vc_custom_1495540480740{margin-bottom: 34px !important;}&#8221;]<\/p>\n<blockquote><p>A elevada sensibilidade para o cumprimento das normas de seguran\u00e7a e ambientais est\u00e1 fortemente presente, sendo facilmente percebida em todas as instala\u00e7\u00f5es da companhia.<\/p><\/blockquote>\n<p>[\/vc_column_text][vc_separator css=&#8221;.vc_custom_1476927619221{margin-top: 20px !important;margin-bottom: 40px !important;}&#8221;][vc_row_inner][vc_column_inner width=&#8221;1\/4&#8243;][vc_single_image image=&#8221;13586&#8243; img_size=&#8221;full&#8221; alignment=&#8221;center&#8221; style=&#8221;vc_box_shadow&#8221; onclick=&#8221;link_image&#8221;][\/vc_column_inner][vc_column_inner width=&#8221;1\/4&#8243;][vc_single_image image=&#8221;8473&#8243; img_size=&#8221;full&#8221; alignment=&#8221;center&#8221; style=&#8221;vc_box_shadow&#8221; onclick=&#8221;link_image&#8221;][\/vc_column_inner][vc_column_inner width=&#8221;1\/4&#8243;][vc_single_image image=&#8221;18017&#8243; img_size=&#8221;full&#8221; alignment=&#8221;center&#8221; style=&#8221;vc_box_shadow&#8221; onclick=&#8221;link_image&#8221;][\/vc_column_inner][vc_column_inner width=&#8221;1\/4&#8243;][vc_single_image image=&#8221;14450&#8243; img_size=&#8221;full&#8221; alignment=&#8221;center&#8221; style=&#8221;vc_box_shadow&#8221; onclick=&#8221;link_image&#8221;][\/vc_column_inner][\/vc_row_inner][vc_empty_space height=&#8221;30px&#8221;][vc_row_inner][vc_column_inner width=&#8221;1\/4&#8243;][vc_single_image image=&#8221;16892&#8243; img_size=&#8221;full&#8221; alignment=&#8221;center&#8221; style=&#8221;vc_box_shadow&#8221; onclick=&#8221;link_image&#8221;][\/vc_column_inner][vc_column_inner width=&#8221;1\/4&#8243;][\/vc_column_inner][vc_column_inner width=&#8221;1\/4&#8243;][\/vc_column_inner][vc_column_inner width=&#8221;1\/4&#8243;][\/vc_column_inner][\/vc_row_inner][\/vc_column][\/vc_row][vc_row full_width=&#8221;stretch_row&#8221; el_class=&#8221;third_bg_color&#8221; css=&#8221;.vc_custom_1484919957331{margin-bottom: 0px !important;padding-top: 12px !important;padding-bottom: 12px !important;}&#8221;][vc_column][vc_cta h2=&#8221;Entre em contato conosco para obter mais informa\u00e7\u00f5es sobre nossos produtos.&#8221; h2_font_container=&#8221;font_size:20px|color:%23000000|line_height:24px&#8221; h2_use_theme_fonts=&#8221;yes&#8221; shape=&#8221;square&#8221; style=&#8221;flat&#8221; add_button=&#8221;right&#8221; btn_title=&#8221;CONTATE-NOS&#8221; btn_style=&#8221;flat&#8221; btn_color=&#8221;theme_style_2&#8243; btn_align=&#8221;right&#8221; btn_i_align=&#8221;right&#8221; btn_i_icon_fontawesome=&#8221;fa fa-chevron-right&#8221; btn_css_animation=&#8221;right-to-left&#8221; use_custom_fonts_h2=&#8221;true&#8221; btn_button_block=&#8221;true&#8221; btn_add_icon=&#8221;true&#8221; el_class=&#8221;third_bg_color&#8221; css=&#8221;.vc_custom_1495540566547{margin-bottom: 0px !important;}&#8221; btn_link=&#8221;url:%2Fpt-pt%2Fcontatos%2F|||&#8221;][\/vc_cta][\/vc_column][\/vc_row]<\/p>\n","protected":false},"excerpt":{"rendered":"<p>[vc_row full_width=&#8221;stretch_row_content_no_spaces&#8221; parallax=&#8221;content-moving&#8221; css=&#8221;.vc_custom_1476927093140{margin-bottom: 0px !important;}&#8221;][vc_column offset=&#8221;vc_hidden-xs&#8221;][vc_single_image image=&#8221;19760&#8243; img_size=&#8221;full&#8221; alignment=&#8221;center&#8221;][\/vc_column][\/vc_row][vc_row full_width=&#8221;stretch_row&#8221; css=&#8221;.vc_custom_1476928430910{margin-top: 0px !important;padding-top: 40px !important;padding-bottom: 70px !important;}&#8221;][vc_column][vc_custom_heading text=&#8221;Uma qualidade certificada&#8221; font_container=&#8221;tag:h2|font_size:45px|text_align:center|line_height:60px&#8221; use_theme_fonts=&#8221;yes&#8221; el_class=&#8221;base_font_color&#8221; css=&#8221;.vc_custom_1495540448838{margin-bottom: 28px !important;}&#8221;][vc_column_text]Desenvolve uma avan\u00e7ada tecnologia que desempenha um papel fundamental no\u00a0incremento de valor aos seus pr\u00f3prios produtos, servi\u00e7os e capacita\u00e7\u00e3o de seus colaboradores,\u00a0operando em conformidade com UNI EN ISO 9001:2015<\/p>\n","protected":false},"author":1,"featured_media":0,"parent":0,"menu_order":14,"comment_status":"closed","ping_status":"closed","template":"","meta":[],"yoast_head":"<!-- This site is optimized with the Yoast SEO plugin v16.6.1 - https:\/\/yoast.com\/wordpress\/plugins\/seo\/ -->\n<title>Qualidade - Mec\u00e2nica de precis\u00e3o | Algra<\/title>\n<meta name=\"robots\" content=\"index, follow, max-snippet:-1, max-image-preview:large, max-video-preview:-1\" \/>\n<link rel=\"canonical\" href=\"https:\/\/algra.it\/pt-pt\/qualidade\/\" \/>\n<meta property=\"og:locale\" content=\"pt_PT\" \/>\n<meta property=\"og:type\" content=\"article\" \/>\n<meta property=\"og:title\" content=\"Qualidade - Mec\u00e2nica de precis\u00e3o | Algra\" \/>\n<meta property=\"og:description\" content=\"[vc_row full_width=&#8221;stretch_row_content_no_spaces&#8221; parallax=&#8221;content-moving&#8221; css=&#8221;.vc_custom_1476927093140{margin-bottom: 0px !important;}&#8221;][vc_column offset=&#8221;vc_hidden-xs&#8221;][vc_single_image image=&#8221;19760&#8243; img_size=&#8221;full&#8221; alignment=&#8221;center&#8221;][\/vc_column][\/vc_row][vc_row full_width=&#8221;stretch_row&#8221; css=&#8221;.vc_custom_1476928430910{margin-top: 0px !important;padding-top: 40px !important;padding-bottom: 70px !important;}&#8221;][vc_column][vc_custom_heading text=&#8221;Uma qualidade certificada&#8221; font_container=&#8221;tag:h2|font_size:45px|text_align:center|line_height:60px&#8221; use_theme_fonts=&#8221;yes&#8221; el_class=&#8221;base_font_color&#8221; css=&#8221;.vc_custom_1495540448838{margin-bottom: 28px !important;}&#8221;][vc_column_text]Desenvolve uma avan\u00e7ada tecnologia que desempenha um papel fundamental no\u00a0incremento de valor aos seus pr\u00f3prios produtos, servi\u00e7os e capacita\u00e7\u00e3o de seus colaboradores,\u00a0operando em conformidade com UNI EN ISO 9001:2015\" \/>\n<meta property=\"og:url\" content=\"https:\/\/algra.it\/pt-pt\/qualidade\/\" \/>\n<meta property=\"og:site_name\" content=\"Mec\u00e2nica de precis\u00e3o | Algra\" \/>\n<meta property=\"article:modified_time\" content=\"2025-09-02T13:53:48+00:00\" \/>\n<meta name=\"twitter:card\" content=\"summary\" \/>\n<meta name=\"twitter:label1\" content=\"Tempo estimado de leitura\" \/>\n\t<meta name=\"twitter:data1\" content=\"2 minutos\" \/>\n<script type=\"application\/ld+json\" class=\"yoast-schema-graph\">{\"@context\":\"https:\/\/schema.org\",\"@graph\":[{\"@type\":\"WebSite\",\"@id\":\"https:\/\/algra.it\/#website\",\"url\":\"https:\/\/algra.it\/\",\"name\":\"Mec\\u00e2nica de precis\\u00e3o | Algra\",\"description\":\"Lavorazioni meccaniche di precisione, accessori per torni, portautensili speciali, alberi mandrino\",\"potentialAction\":[{\"@type\":\"SearchAction\",\"target\":{\"@type\":\"EntryPoint\",\"urlTemplate\":\"https:\/\/algra.it\/?s={search_term_string}\"},\"query-input\":\"required name=search_term_string\"}],\"inLanguage\":\"pt-PT\"},{\"@type\":\"WebPage\",\"@id\":\"https:\/\/algra.it\/pt-pt\/qualidade\/#webpage\",\"url\":\"https:\/\/algra.it\/pt-pt\/qualidade\/\",\"name\":\"Qualidade - Mec\\u00e2nica de precis\\u00e3o | Algra\",\"isPartOf\":{\"@id\":\"https:\/\/algra.it\/#website\"},\"datePublished\":\"2017-05-23T11:56:16+00:00\",\"dateModified\":\"2025-09-02T13:53:48+00:00\",\"breadcrumb\":{\"@id\":\"https:\/\/algra.it\/pt-pt\/qualidade\/#breadcrumb\"},\"inLanguage\":\"pt-PT\",\"potentialAction\":[{\"@type\":\"ReadAction\",\"target\":[\"https:\/\/algra.it\/pt-pt\/qualidade\/\"]}]},{\"@type\":\"BreadcrumbList\",\"@id\":\"https:\/\/algra.it\/pt-pt\/qualidade\/#breadcrumb\",\"itemListElement\":[{\"@type\":\"ListItem\",\"position\":1,\"name\":\"Home\",\"item\":\"https:\/\/algra.it\/pt-pt\/\"},{\"@type\":\"ListItem\",\"position\":2,\"name\":\"Qualidade\"}]}]}<\/script>\n<!-- \/ Yoast SEO plugin. -->","_links":{"self":[{"href":"https:\/\/algra.it\/pt-pt\/wp-json\/wp\/v2\/pages\/3173"}],"collection":[{"href":"https:\/\/algra.it\/pt-pt\/wp-json\/wp\/v2\/pages"}],"about":[{"href":"https:\/\/algra.it\/pt-pt\/wp-json\/wp\/v2\/types\/page"}],"author":[{"embeddable":true,"href":"https:\/\/algra.it\/pt-pt\/wp-json\/wp\/v2\/users\/1"}],"replies":[{"embeddable":true,"href":"https:\/\/algra.it\/pt-pt\/wp-json\/wp\/v2\/comments?post=3173"}],"version-history":[{"count":15,"href":"https:\/\/algra.it\/pt-pt\/wp-json\/wp\/v2\/pages\/3173\/revisions"}],"predecessor-version":[{"id":20094,"href":"https:\/\/algra.it\/pt-pt\/wp-json\/wp\/v2\/pages\/3173\/revisions\/20094"}],"wp:attachment":[{"href":"https:\/\/algra.it\/pt-pt\/wp-json\/wp\/v2\/media?parent=3173"}],"curies":[{"name":"wp","href":"https:\/\/api.w.org\/{rel}","templated":true}]}}