{"id":3179,"date":"2017-05-23T14:17:48","date_gmt":"2017-05-23T12:17:48","guid":{"rendered":"http:\/\/algra.it\/?page_id=3179\/"},"modified":"2025-02-05T09:39:36","modified_gmt":"2025-02-05T08:39:36","slug":"producao","status":"publish","type":"page","link":"https:\/\/algra.it\/pt-pt\/producao\/","title":{"rendered":"Produ\u00e7\u00e3o"},"content":{"rendered":"<p>[vc_row full_width=&#8221;stretch_row_content_no_spaces&#8221; parallax=&#8221;content-moving&#8221; css=&#8221;.vc_custom_1476927093140{margin-bottom: 0px !important;}&#8221;][vc_column offset=&#8221;vc_hidden-xs&#8221;][vc_single_image image=&#8221;1281&#8243; img_size=&#8221;full&#8221; alignment=&#8221;center&#8221;][\/vc_column][\/vc_row][vc_row full_width=&#8221;stretch_row&#8221; css=&#8221;.vc_custom_1476927317136{margin-top: 0px !important;padding-top: 40px !important;padding-bottom: 70px !important;background-color: #f2f2f2 !important;}&#8221;][vc_column][vc_custom_heading text=&#8221;Produ\u00e7\u00e3o: tecnologia, inova\u00e7\u00e3o e precis\u00e3o&#8221; font_container=&#8221;tag:h2|font_size:45px|text_align:center|line_height:60px&#8221; use_theme_fonts=&#8221;yes&#8221; el_class=&#8221;base_font_color&#8221; css=&#8221;.vc_custom_1495541347990{margin-bottom: 28px !important;}&#8221;][vc_column_text]A produ\u00e7\u00e3o \u00e9 realizada na\u00a0moderna planta\u00a0de Almenno San Salvatore, enquanto as plantas industriais de Val Brembilla (Bergamo)\u00a0executam a montagem\u00a0de grupos completos.<\/p>\n<p>As opera\u00e7\u00f5es de produ\u00e7\u00e3o\u00a0s\u00e3o desenvolvidas\u00a0considerando um ciclo\u00a0de\u00a0ventila\u00e7\u00e3o, incluindo instala\u00e7\u00f5es de climatizadores\u00a0e m\u00e1quinas CNC constantemente atualizadas com novas tecnologias, capazes de desenvolver as mais complexas usinagens.<br \/>\nUm eficiente\u00a0controle de qualidade inspeciona constantemente o ciclo de produ\u00e7\u00e3o, por meio das mais modernas\u00a0m\u00e1quinas de medi\u00e7\u00e3o CNC e instrumenta\u00e7\u00f5es sofisticadas.\u00a0A capacidade de produ\u00e7\u00e3o dimensional \u00e9 de no m\u00e1ximo de 2.100 mm.[\/vc_column_text][vc_separator css=&#8221;.vc_custom_1476927619221{margin-top: 20px !important;margin-bottom: 40px !important;}&#8221;][vc_row_inner css=&#8221;.vc_custom_1455871593995{margin-bottom: 30px !important;}&#8221;][vc_column_inner width=&#8221;1\/3&#8243;][stm_icon_box hide_title_line=&#8221;hide_title_line&#8221; enable_hexagon=&#8221;enable&#8221; enable_hexagon_animation=&#8221;enable&#8221; icon=&#8221;stm-stm14_country&#8221; style=&#8221;icon_left&#8221; icon_size=&#8221;15&#8243; icon_width=&#8221;78&#8243; title=&#8221;Torneamento horizontal<br \/>\ne vertical&#8221;]Torneamento horizontal: di\u00e2metro de rota\u00e7\u00e3o sobre o banco \u00d8820, di\u00e2metro de rota\u00e7\u00e3o sobre o carro transversal 560, comprimento de torneamento 2500. Torneamento vertical: \u00d81400 \u00d7 1000.[\/stm_icon_box][\/vc_column_inner][vc_column_inner width=&#8221;1\/3&#8243;][stm_icon_box hide_title_line=&#8221;hide_title_line&#8221; enable_hexagon=&#8221;enable&#8221; enable_hexagon_animation=&#8221;enable&#8221; icon=&#8221;stm-stm14_country&#8221; style=&#8221;icon_left&#8221; icon_size=&#8221;15&#8243; icon_width=&#8221;78&#8243; title=&#8221;Fresamento universal<br \/>\n5 eixos&#8221;]Curso dispon\u00edvel at\u00e9 X = 1800; Y = 2100; Z = 1250.[\/stm_icon_box][\/vc_column_inner][vc_column_inner width=&#8221;1\/3&#8243;][stm_icon_box hide_title_line=&#8221;hide_title_line&#8221; enable_hexagon=&#8221;enable&#8221; enable_hexagon_animation=&#8221;enable&#8221; icon=&#8221;stm-stm14_country&#8221; style=&#8221;icon_left&#8221; icon_size=&#8221;15&#8243; icon_width=&#8221;78&#8243; title=&#8221;Fresamento e<br \/>\ntorneamento&#8221;]Curso dispon\u00edvel at\u00e9 \u00d81400 \u00d7 1000.[\/stm_icon_box][\/vc_column_inner][\/vc_row_inner][vc_row_inner][vc_column_inner width=&#8221;1\/3&#8243;][stm_icon_box hide_title_line=&#8221;hide_title_line&#8221; enable_hexagon=&#8221;enable&#8221; enable_hexagon_animation=&#8221;enable&#8221; icon=&#8221;stm-stm14_country&#8221; style=&#8221;icon_left&#8221; icon_size=&#8221;15&#8243; icon_width=&#8221;78&#8243; title=&#8221;Lapida\u00e7\u00e3o de furos<br \/>\ne planos&#8221;]Lapida\u00e7\u00e3o de planos (plano \u00d81000) e lapida\u00e7\u00e3o para furos at\u00e9 \u00d8350.[\/stm_icon_box][\/vc_column_inner][vc_column_inner width=&#8221;1\/3&#8243;][stm_icon_box hide_title_line=&#8221;hide_title_line&#8221; enable_hexagon=&#8221;enable&#8221; enable_hexagon_animation=&#8221;enable&#8221; icon=&#8221;stm-stm14_country&#8221; style=&#8221;icon_left&#8221; icon_size=&#8221;15&#8243; icon_width=&#8221;78&#8243; title=&#8221;Ret\u00edfca cil\u00edndrica interna<br \/>\ne externa&#8221;]Centro de altura 250 e comprimento m\u00e1ximo entre os centros de 1600.[\/stm_icon_box][\/vc_column_inner][vc_column_inner width=&#8221;1\/3&#8243;][stm_icon_box hide_title_line=&#8221;hide_title_line&#8221; enable_hexagon=&#8221;enable&#8221; enable_hexagon_animation=&#8221;enable&#8221; icon=&#8221;stm-stm14_country&#8221; style=&#8221;icon_left&#8221; icon_size=&#8221;15&#8243; icon_width=&#8221;78&#8243; title=&#8221;Ret\u00edfica em<br \/>\ntangencial&#8221;]Curso at\u00e9 700\u00d71600 e sobre a mesa rotativa \u00d81200.[\/stm_icon_box][\/vc_column_inner][\/vc_row_inner][vc_empty_space height=&#8221;80px&#8221;][vc_row_inner][vc_column_inner width=&#8221;1\/4&#8243;][\/vc_column_inner][vc_column_inner width=&#8221;1\/4&#8243;][vc_btn title=&#8221;Usinagem&#8221; color=&#8221;black&#8221; align=&#8221;center&#8221; link=&#8221;url:%2Fpt-pt%2Fusinagem%2F|||&#8221;][\/vc_column_inner][vc_column_inner width=&#8221;1\/4&#8243;][vc_btn title=&#8221;Acess\u00f3rios para m\u00e1quinas-ferramenta&#8221; color=&#8221;black&#8221; align=&#8221;center&#8221; link=&#8221;url:%2Fpt-pt%2Facessorios-para-maquinas-ferramenta%2F|||&#8221;][\/vc_column_inner][vc_column_inner width=&#8221;1\/4&#8243;][\/vc_column_inner][\/vc_row_inner][\/vc_column][\/vc_row][vc_row full_width=&#8221;stretch_row&#8221; el_class=&#8221;third_bg_color&#8221; css=&#8221;.vc_custom_1484919941367{margin-bottom: 0px !important;padding-top: 12px !important;padding-bottom: 12px !important;}&#8221;][vc_column][vc_cta h2=&#8221;Entre em contato conosco para obter mais informa\u00e7\u00f5es sobre nossos produtos.&#8221; h2_font_container=&#8221;font_size:20px|color:%23000000|line_height:24px&#8221; h2_use_theme_fonts=&#8221;yes&#8221; shape=&#8221;square&#8221; style=&#8221;flat&#8221; add_button=&#8221;right&#8221; btn_title=&#8221;CONTATE-NOS&#8221; btn_style=&#8221;flat&#8221; btn_color=&#8221;theme_style_2&#8243; btn_align=&#8221;right&#8221; btn_i_align=&#8221;right&#8221; btn_i_icon_fontawesome=&#8221;fa fa-chevron-right&#8221; btn_css_animation=&#8221;right-to-left&#8221; use_custom_fonts_h2=&#8221;true&#8221; btn_button_block=&#8221;true&#8221; btn_add_icon=&#8221;true&#8221; el_class=&#8221;third_bg_color&#8221; css=&#8221;.vc_custom_1495541661675{margin-bottom: 0px !important;}&#8221; btn_link=&#8221;url:%2Fpt-pt%2Fcontatos%2F|||&#8221;][\/vc_cta][\/vc_column][\/vc_row][vc_row full_width=&#8221;stretch_row&#8221; el_class=&#8221;overlay fixed_bg&#8221; css=&#8221;.vc_custom_1484609729527{margin-bottom: 0px !important;padding-top: 110px !important;padding-bottom: 81px !important;background-image: url(http:\/\/algra.it\/wp-content\/uploads\/algra-machine-tool-accessories.jpg?id=2117) !important;background-position: center !important;background-repeat: no-repeat !important;background-size: cover !important;}&#8221;][vc_column][vc_row_inner][vc_column_inner][vc_custom_heading icon=&#8221;stm-check&#8221; icon_size=&#8221;67&#8243; text=&#8221;<mark>Um cat\u00e1logo de produtos<\/mark><br \/>\ncompletos e abrangentes.&#8221; font_container=&#8221;tag:h4|font_size:45px|text_align:left|color:%23ffffff|line_height:45px&#8221; google_fonts=&#8221;font_family:Poppins%3A300%2Cregular%2C500%2C600%2C700|font_style:700%20bold%3A700%3Anormal&#8221; custom_icon=&#8221;stm-check&#8221; css=&#8221;.vc_custom_1495541780408{margin-bottom: 61px !important;}&#8221; el_class=&#8221;no_stripe&#8221;][\/vc_column_inner][\/vc_row_inner][vc_row_inner][vc_column_inner width=&#8221;1\/6&#8243;][\/vc_column_inner][vc_column_inner width=&#8221;1\/6&#8243;][stm_stats_counter counter_value=&#8221;32&#8243; title=&#8221;Fabricantes de m\u00e1quinas&#8221;][\/vc_column_inner][vc_column_inner width=&#8221;1\/6&#8243;][stm_stats_counter counter_value=&#8221;211&#8243; title=&#8221;Modelos de m\u00e1quinas&#8221;][\/vc_column_inner][vc_column_inner width=&#8221;1\/6&#8243;][stm_stats_counter counter_value=&#8221;58&#8243; title=&#8221;Fixa\u00e7\u00f5es dispon\u00edveis&#8221;][\/vc_column_inner][vc_column_inner width=&#8221;1\/6&#8243;][stm_stats_counter counter_value=&#8221;100&#8243; counter_value_suf=&#8221;%&#8221; title=&#8221;Qualidade&#8221;][\/vc_column_inner][vc_column_inner width=&#8221;1\/6&#8243;][\/vc_column_inner][\/vc_row_inner][vc_empty_space height=&#8221;80px&#8221;][vc_btn title=&#8221;Consulte o cat\u00e1logo de produtos&#8221; align=&#8221;center&#8221; link=&#8221;url:https%3A%2F%2Ftc.algra.it%2F|||&#8221;][\/vc_column][\/vc_row]<\/p>\n","protected":false},"excerpt":{"rendered":"<p>[vc_row full_width=&#8221;stretch_row_content_no_spaces&#8221; parallax=&#8221;content-moving&#8221; css=&#8221;.vc_custom_1476927093140{margin-bottom: 0px !important;}&#8221;][vc_column offset=&#8221;vc_hidden-xs&#8221;][vc_single_image image=&#8221;1281&#8243; img_size=&#8221;full&#8221; alignment=&#8221;center&#8221;][\/vc_column][\/vc_row][vc_row full_width=&#8221;stretch_row&#8221; css=&#8221;.vc_custom_1476927317136{margin-top: 0px !important;padding-top: 40px !important;padding-bottom: 70px !important;background-color: #f2f2f2 !important;}&#8221;][vc_column][vc_custom_heading text=&#8221;Produ\u00e7\u00e3o: tecnologia, inova\u00e7\u00e3o e precis\u00e3o&#8221; font_container=&#8221;tag:h2|font_size:45px|text_align:center|line_height:60px&#8221; use_theme_fonts=&#8221;yes&#8221; el_class=&#8221;base_font_color&#8221; css=&#8221;.vc_custom_1495541347990{margin-bottom: 28px !important;}&#8221;][vc_column_text]A produ\u00e7\u00e3o \u00e9 realizada na\u00a0moderna planta\u00a0de Almenno San Salvatore, enquanto as plantas industriais de Val Brembilla (Bergamo)\u00a0executam a montagem\u00a0de grupos completos. As opera\u00e7\u00f5es de produ\u00e7\u00e3o\u00a0s\u00e3o<\/p>\n","protected":false},"author":1,"featured_media":0,"parent":0,"menu_order":12,"comment_status":"closed","ping_status":"closed","template":"","meta":[],"yoast_head":"<!-- This site is optimized with the Yoast SEO plugin v16.6.1 - https:\/\/yoast.com\/wordpress\/plugins\/seo\/ -->\n<title>Produ\u00e7\u00e3o - Mec\u00e2nica de precis\u00e3o | Algra<\/title>\n<meta name=\"robots\" content=\"index, follow, max-snippet:-1, max-image-preview:large, max-video-preview:-1\" \/>\n<link rel=\"canonical\" href=\"https:\/\/algra.it\/pt-pt\/producao\/\" \/>\n<meta property=\"og:locale\" content=\"pt_PT\" \/>\n<meta property=\"og:type\" content=\"article\" \/>\n<meta property=\"og:title\" content=\"Produ\u00e7\u00e3o - Mec\u00e2nica de precis\u00e3o | Algra\" \/>\n<meta property=\"og:description\" content=\"[vc_row full_width=&#8221;stretch_row_content_no_spaces&#8221; parallax=&#8221;content-moving&#8221; css=&#8221;.vc_custom_1476927093140{margin-bottom: 0px !important;}&#8221;][vc_column offset=&#8221;vc_hidden-xs&#8221;][vc_single_image image=&#8221;1281&#8243; img_size=&#8221;full&#8221; alignment=&#8221;center&#8221;][\/vc_column][\/vc_row][vc_row full_width=&#8221;stretch_row&#8221; css=&#8221;.vc_custom_1476927317136{margin-top: 0px !important;padding-top: 40px !important;padding-bottom: 70px !important;background-color: #f2f2f2 !important;}&#8221;][vc_column][vc_custom_heading text=&#8221;Produ\u00e7\u00e3o: tecnologia, inova\u00e7\u00e3o e precis\u00e3o&#8221; font_container=&#8221;tag:h2|font_size:45px|text_align:center|line_height:60px&#8221; use_theme_fonts=&#8221;yes&#8221; el_class=&#8221;base_font_color&#8221; css=&#8221;.vc_custom_1495541347990{margin-bottom: 28px !important;}&#8221;][vc_column_text]A produ\u00e7\u00e3o \u00e9 realizada na\u00a0moderna planta\u00a0de Almenno San Salvatore, enquanto as plantas industriais de Val Brembilla (Bergamo)\u00a0executam a montagem\u00a0de grupos completos. As opera\u00e7\u00f5es de produ\u00e7\u00e3o\u00a0s\u00e3o\" \/>\n<meta property=\"og:url\" content=\"https:\/\/algra.it\/pt-pt\/producao\/\" \/>\n<meta property=\"og:site_name\" content=\"Mec\u00e2nica de precis\u00e3o | Algra\" \/>\n<meta property=\"article:modified_time\" content=\"2025-02-05T08:39:36+00:00\" \/>\n<meta name=\"twitter:card\" content=\"summary\" \/>\n<meta name=\"twitter:label1\" content=\"Tempo estimado de leitura\" \/>\n\t<meta name=\"twitter:data1\" content=\"2 minutos\" \/>\n<script type=\"application\/ld+json\" class=\"yoast-schema-graph\">{\"@context\":\"https:\/\/schema.org\",\"@graph\":[{\"@type\":\"WebSite\",\"@id\":\"https:\/\/algra.it\/#website\",\"url\":\"https:\/\/algra.it\/\",\"name\":\"Mec\\u00e2nica de precis\\u00e3o | Algra\",\"description\":\"Lavorazioni meccaniche di precisione, accessori per torni, portautensili speciali, alberi mandrino\",\"potentialAction\":[{\"@type\":\"SearchAction\",\"target\":{\"@type\":\"EntryPoint\",\"urlTemplate\":\"https:\/\/algra.it\/?s={search_term_string}\"},\"query-input\":\"required name=search_term_string\"}],\"inLanguage\":\"pt-PT\"},{\"@type\":\"WebPage\",\"@id\":\"https:\/\/algra.it\/pt-pt\/producao\/#webpage\",\"url\":\"https:\/\/algra.it\/pt-pt\/producao\/\",\"name\":\"Produ\\u00e7\\u00e3o - Mec\\u00e2nica de precis\\u00e3o | Algra\",\"isPartOf\":{\"@id\":\"https:\/\/algra.it\/#website\"},\"datePublished\":\"2017-05-23T12:17:48+00:00\",\"dateModified\":\"2025-02-05T08:39:36+00:00\",\"breadcrumb\":{\"@id\":\"https:\/\/algra.it\/pt-pt\/producao\/#breadcrumb\"},\"inLanguage\":\"pt-PT\",\"potentialAction\":[{\"@type\":\"ReadAction\",\"target\":[\"https:\/\/algra.it\/pt-pt\/producao\/\"]}]},{\"@type\":\"BreadcrumbList\",\"@id\":\"https:\/\/algra.it\/pt-pt\/producao\/#breadcrumb\",\"itemListElement\":[{\"@type\":\"ListItem\",\"position\":1,\"name\":\"Home\",\"item\":\"https:\/\/algra.it\/pt-pt\/\"},{\"@type\":\"ListItem\",\"position\":2,\"name\":\"Produ\\u00e7\\u00e3o\"}]}]}<\/script>\n<!-- \/ Yoast SEO plugin. -->","_links":{"self":[{"href":"https:\/\/algra.it\/pt-pt\/wp-json\/wp\/v2\/pages\/3179"}],"collection":[{"href":"https:\/\/algra.it\/pt-pt\/wp-json\/wp\/v2\/pages"}],"about":[{"href":"https:\/\/algra.it\/pt-pt\/wp-json\/wp\/v2\/types\/page"}],"author":[{"embeddable":true,"href":"https:\/\/algra.it\/pt-pt\/wp-json\/wp\/v2\/users\/1"}],"replies":[{"embeddable":true,"href":"https:\/\/algra.it\/pt-pt\/wp-json\/wp\/v2\/comments?post=3179"}],"version-history":[{"count":2,"href":"https:\/\/algra.it\/pt-pt\/wp-json\/wp\/v2\/pages\/3179\/revisions"}],"predecessor-version":[{"id":18195,"href":"https:\/\/algra.it\/pt-pt\/wp-json\/wp\/v2\/pages\/3179\/revisions\/18195"}],"wp:attachment":[{"href":"https:\/\/algra.it\/pt-pt\/wp-json\/wp\/v2\/media?parent=3179"}],"curies":[{"name":"wp","href":"https:\/\/api.w.org\/{rel}","templated":true}]}}