{"id":3185,"date":"2017-05-23T14:38:17","date_gmt":"2017-05-23T12:38:17","guid":{"rendered":"http:\/\/algra.it\/?page_id=3185\/"},"modified":"2024-12-11T12:01:39","modified_gmt":"2024-12-11T11:01:39","slug":"quem-somos","status":"publish","type":"page","link":"https:\/\/algra.it\/pt-pt\/quem-somos\/","title":{"rendered":"Quem Somos"},"content":{"rendered":"<p>[vc_row full_width=&#8221;stretch_row_content_no_spaces&#8221; parallax=&#8221;content-moving&#8221; css=&#8221;.vc_custom_1476927093140{margin-bottom: 0px !important;}&#8221;][vc_column offset=&#8221;vc_hidden-xs&#8221;][vc_single_image image=&#8221;17731&#8243; img_size=&#8221;full&#8221; alignment=&#8221;center&#8221;][\/vc_column][\/vc_row][vc_row full_width=&#8221;stretch_row&#8221; css=&#8221;.vc_custom_1476929544406{margin-top: 0px !important;padding-top: 40px !important;padding-bottom: 40px !important;}&#8221;][vc_column][vc_custom_heading text=&#8221;Um parceiro experiente e com alta precis\u00e3o&#8221; font_container=&#8221;tag:h2|font_size:45px|text_align:center|line_height:60px&#8221; use_theme_fonts=&#8221;yes&#8221; el_class=&#8221;base_font_color&#8221; css=&#8221;.vc_custom_1495542714547{margin-bottom: 28px !important;}&#8221;][vc_column_text]<strong>ALGRA S.p.A.,<\/strong> em cinquenta anos de atividade, adquiriu posi\u00e7\u00f5es de destaque na usinagem mec\u00e2nica de precis\u00e3o, colaborando no papel de parceiro com as empresas l\u00edderes mundiais nos sectores da energia, instrumenta\u00e7\u00e3o e m\u00e1quinas-ferramenta.<\/p>\n<p>A empresa construiu <strong>uma excelente reputa\u00e7\u00e3o internacional<\/strong>, gra\u00e7as \u00e0 sua capacidade de oferecer solu\u00e7\u00f5es inovadoras, personalizadas e de alto desempenho, respondendo prontamente \u00e0s necessidades de um mercado em constante mudan\u00e7a.<\/p>\n<p>A ALGRA S.p.A. \u00e9 uma empresa s\u00f3lida e bem organizada, com um volume de neg\u00f3cios anual superior a 25 milh\u00f5es de euros. A empresa emprega uma <strong>equipa altamente qualificada<\/strong> de cerca de 100 profissionais, trabalhando numa \u00e1rea de produ\u00e7\u00e3o e escrit\u00f3rios que cobre uma \u00e1rea de 18.000 metros quadrados.[\/vc_column_text][vc_column_text]<\/p>\n<blockquote><p>Fundada por <strong>Alberto Pesenti,<\/strong> atualmente Presidente e Diretor Geral, a ALGRA S.p.A. continua a crescer sob a orienta\u00e7\u00e3o de uma lideran\u00e7a experiente e estrat\u00e9gica.<\/p><\/blockquote>\n<p>[\/vc_column_text][vc_gallery images=&#8221;17853,17839&#8243; img_size=&#8221;full&#8221;][\/vc_column][\/vc_row][vc_row full_width=&#8221;stretch_row&#8221; el_class=&#8221;third_bg_color&#8221; css=&#8221;.vc_custom_1484919913185{margin-bottom: 0px !important;padding-top: 12px !important;padding-bottom: 12px !important;}&#8221;][vc_column][vc_cta h2=&#8221;Entre em contato conosco para obter mais informa\u00e7\u00f5es sobre nossos produtos.&#8221; h2_font_container=&#8221;font_size:20px|color:%23000000|line_height:24px&#8221; h2_use_theme_fonts=&#8221;yes&#8221; shape=&#8221;square&#8221; style=&#8221;flat&#8221; add_button=&#8221;right&#8221; btn_title=&#8221;CONTATE-NOS&#8221; btn_style=&#8221;flat&#8221; btn_color=&#8221;theme_style_2&#8243; btn_align=&#8221;right&#8221; btn_i_align=&#8221;right&#8221; btn_i_icon_fontawesome=&#8221;fa fa-chevron-right&#8221; btn_css_animation=&#8221;right-to-left&#8221; use_custom_fonts_h2=&#8221;true&#8221; btn_button_block=&#8221;true&#8221; btn_add_icon=&#8221;true&#8221; el_class=&#8221;third_bg_color&#8221; css=&#8221;.vc_custom_1495542809572{margin-bottom: 0px !important;}&#8221; btn_link=&#8221;url:%2Fpt-pt%2Fcontatos%2F|||&#8221;][\/vc_cta][\/vc_column][\/vc_row][vc_row full_width=&#8221;stretch_row&#8221; css=&#8221;.vc_custom_1476929544406{margin-top: 0px !important;padding-top: 40px !important;padding-bottom: 40px !important;}&#8221;][vc_column][vc_custom_heading text=&#8221;&#8230; um olhar para as origens&#8221; font_container=&#8221;tag:h2|font_size:45px|text_align:center|line_height:60px&#8221; use_theme_fonts=&#8221;yes&#8221; el_class=&#8221;base_font_color&#8221; css=&#8221;.vc_custom_1495542920457{margin-bottom: 28px !important;}&#8221;][stm_company_history][stm_company_history_item year=&#8221;1974&#8243; title=&#8221;Por conta pr\u00f3pria, Alberto Pesenti realizou as primeiras opera\u00e7\u00f5es&#8221; description=&#8221;Com um torno usado na garagem de sua casa em Brembilla, uma pequena cidade localizada a 20 km de Bergamo.<br \/>\nIniciou-se uma hist\u00f3ria comum para diversas pequenas empresas artesanais no vale.&#8221;][stm_company_history_item year=&#8221;1976&#8243; title=&#8221;\u00c9 criada a AL.GRA S.n.c., um acr\u00f3nimo dos nomes dos irm\u00e3os Pesenti&#8221; description=&#8221;Tornou-se uma empresa familiar, com dois funcion\u00e1rios.<br \/>\nAlberto Pesenti logo estabeleceu uma miss\u00e3o para os neg\u00f3cios: trabalhar para o crescimento da qualidade no mundo de usinagem para terceiros.&#8221;][stm_company_history_item year=&#8221;anos 80&#8243; title=&#8221;Aquisi\u00e7\u00e3o da primeira f\u00e1brica em Val Brembilla&#8221; description=&#8221;A empresa continua a crescer, come\u00e7ando a delinear a sua pr\u00f3pria marca, feita de compet\u00eancias, determina\u00e7\u00e3o em atingir objectivos, desafios e cultura empresarial.<br \/>\nA primeira f\u00e1brica foi criada em Val Brembilla: uma estrutura funcional de 500 metros quadrados, mais tarde alargada para uma superf\u00edcie de 2000 metros quadrados.<br \/>\nPouco mais de dez anos ap\u00f3s a sua funda\u00e7\u00e3o, a pequena oficina artesanal transformou a sua forma societ\u00e1ria numa sociedade an\u00f3nima, a ALGRA S.p.a.&#8221;][stm_company_history_item year=&#8221;anos 90&#8243; title=&#8221;A expans\u00e3o dos neg\u00f3cios em diversas \u00e1reas do mercado, inclusive o internacional, aliado \u00e0 necessidade de responder rapidamente aos desafios e \u00e0 competi\u00e7\u00e3o dos mercados fizeram a empresa se estruturar diferenciando a produ\u00e7\u00e3o de produtos para terceiros com a produ\u00e7\u00e3o da marca ALGRA de acess\u00f3rios e porta ferramentas de cat\u00e1logo.&#8221; description=&#8221;A nova f\u00e1brica em Almenno San Salvatore &#8211; uma instala\u00e7\u00e3o de ponta, bem organizada e situada em uma \u00e1rea agrad\u00e1vel (a poucos quil\u00f4metros ao norte de Bergamo), onde hoje \u00e9 a principal sede de manufatura e escrit\u00f3rio, marcou um passo importante na jornada da empresa.&#8221;][stm_company_history_item year=&#8221;Anos 2018-2019&#8243; title=&#8221;Os avan\u00e7ados sistemas de produ\u00e7\u00e3o da frota de m\u00e1quinas s\u00e3o aumentados com novas m\u00e1quinas, a fim de desenvolver modelos de produ\u00e7\u00e3o de tecnologia avan\u00e7ada e de ponta&#8221; description=&#8221;A aquisi\u00e7\u00e3o da nova f\u00e1brica, estendida por uma \u00e1rea de 1000 metros quadrados adjacente \u00e0 j\u00e1 operacional sede em Val Brembilla, permitiu a expans\u00e3o da atual f\u00e1brica destinada a opera\u00e7\u00f5es de montagem com o objetivo de uma organiza\u00e7\u00e3o produtiva mais moderna e tecnol\u00f3gica.<br \/>\nUma nova planta, com uma \u00e1rea superior a 5.000 metros quadrados, localizada na grande \u00e1rea industrial de Mapello-Presezzo foi adquirida com o objetivo de uma gest\u00e3o cada vez mais eficiente, visando otimizar o abastecimento. A planta est\u00e1 localizada em:<br \/>\n\u2022 15 minutos da sa\u00edda da autoestrada de Bergamo,<br \/>\n\u2022 10 min da sa\u00edda da autoestrada Dalmine<br \/>\n\u2022 15 minutos do aeroporto Orio al Serio (BGY)<br \/>\n\u2022 Conectado diretamente \u00e0 rodovia.<br \/>\n&#8220;][stm_company_history_item year=&#8221;Hoje&#8221; title=&#8221;As opera\u00e7\u00f5es acontecem na f\u00e1brica de Almenno San Salvatore, que conta com uma ampla e moderna \u00e1rea de aproximadamente 13 mil m2, com uma equipe de mais de 100 pessoas. As plantas de Val Brembilla e Presezzo agregam grande valor no suporte \u00e0 log\u00edstica de produ\u00e7\u00e3o.&#8221; description=&#8221;A inova\u00e7\u00e3o cont\u00ednua distingue a evolu\u00e7\u00e3o e o futuro desta hist\u00f3ria.<br \/>\nMuitos resultados de sucesso contribu\u00edram para construir uma empresa com uma vanguarda t\u00e3o relevante no seu setor. Toda a companhia mant\u00e9m na conquista de objetivos e valores comuns: a inova\u00e7\u00e3o, melhoria cont\u00ednua, qualidade, seguran\u00e7a e sustentabilidade.&#8221;][\/stm_company_history][\/vc_column][\/vc_row][vc_row full_width=&#8221;stretch_row&#8221; el_class=&#8221;overlay fixed_bg&#8221; css=&#8221;.vc_custom_1484609646893{margin-bottom: 0px !important;padding-top: 110px !important;padding-bottom: 81px !important;background-image: url(http:\/\/algra.it\/wp-content\/uploads\/algra-machine-tool-accessories.jpg?id=2117) !important;background-position: center !important;background-repeat: no-repeat !important;background-size: cover !important;}&#8221;][vc_column][vc_row_inner][vc_column_inner][vc_custom_heading icon=&#8221;stm-check&#8221; icon_size=&#8221;67&#8243; text=&#8221;<mark>Um cat\u00e1logo de produtos<\/mark><br \/>\ncompletos e abrangentes.&#8221; font_container=&#8221;tag:h4|font_size:45px|text_align:left|color:%23ffffff|line_height:45px&#8221; google_fonts=&#8221;font_family:Poppins%3A300%2Cregular%2C500%2C600%2C700|font_style:700%20bold%3A700%3Anormal&#8221; custom_icon=&#8221;stm-check&#8221; css=&#8221;.vc_custom_1495542841211{margin-bottom: 61px !important;}&#8221; el_class=&#8221;no_stripe&#8221;][\/vc_column_inner][\/vc_row_inner][vc_row_inner][vc_column_inner width=&#8221;1\/6&#8243;][\/vc_column_inner][vc_column_inner width=&#8221;1\/6&#8243;][stm_stats_counter counter_value=&#8221;75&#8243; title=&#8221;Fabricantes de m\u00e1quinas&#8221;][\/vc_column_inner][vc_column_inner width=&#8221;1\/6&#8243;][stm_stats_counter counter_value=&#8221;400&#8243; title=&#8221;Modelos de m\u00e1quinas&#8221;][\/vc_column_inner][vc_column_inner width=&#8221;1\/6&#8243;][stm_stats_counter counter_value=&#8221;60&#8243; title=&#8221;Fixa\u00e7\u00f5es dispon\u00edveis&#8221;][\/vc_column_inner][vc_column_inner width=&#8221;1\/6&#8243;][stm_stats_counter counter_value=&#8221;100&#8243; counter_value_suf=&#8221;%&#8221; title=&#8221;Qualidade&#8221;][\/vc_column_inner][vc_column_inner width=&#8221;1\/6&#8243;][\/vc_column_inner][\/vc_row_inner][vc_empty_space height=&#8221;80px&#8221;][vc_btn title=&#8221;Consulte o cat\u00e1logo de produtos&#8221; align=&#8221;center&#8221; link=&#8221;url:https%3A%2F%2Ftc.algra.it%2F|||&#8221;][\/vc_column][\/vc_row]<\/p>\n","protected":false},"excerpt":{"rendered":"<p>[vc_row full_width=&#8221;stretch_row_content_no_spaces&#8221; parallax=&#8221;content-moving&#8221; css=&#8221;.vc_custom_1476927093140{margin-bottom: 0px !important;}&#8221;][vc_column offset=&#8221;vc_hidden-xs&#8221;][vc_single_image image=&#8221;17731&#8243; img_size=&#8221;full&#8221; alignment=&#8221;center&#8221;][\/vc_column][\/vc_row][vc_row full_width=&#8221;stretch_row&#8221; css=&#8221;.vc_custom_1476929544406{margin-top: 0px !important;padding-top: 40px !important;padding-bottom: 40px !important;}&#8221;][vc_column][vc_custom_heading text=&#8221;Um parceiro experiente e com alta precis\u00e3o&#8221; font_container=&#8221;tag:h2|font_size:45px|text_align:center|line_height:60px&#8221; use_theme_fonts=&#8221;yes&#8221; el_class=&#8221;base_font_color&#8221; css=&#8221;.vc_custom_1495542714547{margin-bottom: 28px !important;}&#8221;][vc_column_text]ALGRA S.p.A., em cinquenta anos de atividade, adquiriu posi\u00e7\u00f5es de destaque na usinagem mec\u00e2nica de precis\u00e3o, colaborando no papel de parceiro com as empresas l\u00edderes<\/p>\n","protected":false},"author":1,"featured_media":0,"parent":0,"menu_order":10,"comment_status":"closed","ping_status":"closed","template":"","meta":[],"yoast_head":"<!-- This site is optimized with the Yoast SEO plugin v16.6.1 - https:\/\/yoast.com\/wordpress\/plugins\/seo\/ -->\n<title>Quem Somos - Mec\u00e2nica de precis\u00e3o | Algra<\/title>\n<meta name=\"robots\" content=\"index, follow, max-snippet:-1, max-image-preview:large, max-video-preview:-1\" \/>\n<link rel=\"canonical\" href=\"https:\/\/algra.it\/pt-pt\/quem-somos\/\" \/>\n<meta property=\"og:locale\" content=\"pt_PT\" \/>\n<meta property=\"og:type\" content=\"article\" \/>\n<meta property=\"og:title\" content=\"Quem Somos - Mec\u00e2nica de precis\u00e3o | Algra\" \/>\n<meta property=\"og:description\" content=\"[vc_row full_width=&#8221;stretch_row_content_no_spaces&#8221; parallax=&#8221;content-moving&#8221; css=&#8221;.vc_custom_1476927093140{margin-bottom: 0px !important;}&#8221;][vc_column offset=&#8221;vc_hidden-xs&#8221;][vc_single_image image=&#8221;17731&#8243; img_size=&#8221;full&#8221; alignment=&#8221;center&#8221;][\/vc_column][\/vc_row][vc_row full_width=&#8221;stretch_row&#8221; css=&#8221;.vc_custom_1476929544406{margin-top: 0px !important;padding-top: 40px !important;padding-bottom: 40px !important;}&#8221;][vc_column][vc_custom_heading text=&#8221;Um parceiro experiente e com alta precis\u00e3o&#8221; font_container=&#8221;tag:h2|font_size:45px|text_align:center|line_height:60px&#8221; use_theme_fonts=&#8221;yes&#8221; el_class=&#8221;base_font_color&#8221; css=&#8221;.vc_custom_1495542714547{margin-bottom: 28px !important;}&#8221;][vc_column_text]ALGRA S.p.A., em cinquenta anos de atividade, adquiriu posi\u00e7\u00f5es de destaque na usinagem mec\u00e2nica de precis\u00e3o, colaborando no papel de parceiro com as empresas l\u00edderes\" \/>\n<meta property=\"og:url\" content=\"https:\/\/algra.it\/pt-pt\/quem-somos\/\" \/>\n<meta property=\"og:site_name\" content=\"Mec\u00e2nica de precis\u00e3o | Algra\" \/>\n<meta property=\"article:modified_time\" content=\"2024-12-11T11:01:39+00:00\" \/>\n<meta name=\"twitter:card\" content=\"summary\" \/>\n<meta name=\"twitter:label1\" content=\"Tempo estimado de leitura\" \/>\n\t<meta name=\"twitter:data1\" content=\"4 minutos\" \/>\n<script type=\"application\/ld+json\" class=\"yoast-schema-graph\">{\"@context\":\"https:\/\/schema.org\",\"@graph\":[{\"@type\":\"WebSite\",\"@id\":\"https:\/\/algra.it\/#website\",\"url\":\"https:\/\/algra.it\/\",\"name\":\"Mec\\u00e2nica de precis\\u00e3o | Algra\",\"description\":\"Lavorazioni meccaniche di precisione, accessori per torni, portautensili speciali, alberi mandrino\",\"potentialAction\":[{\"@type\":\"SearchAction\",\"target\":{\"@type\":\"EntryPoint\",\"urlTemplate\":\"https:\/\/algra.it\/?s={search_term_string}\"},\"query-input\":\"required name=search_term_string\"}],\"inLanguage\":\"pt-PT\"},{\"@type\":\"WebPage\",\"@id\":\"https:\/\/algra.it\/pt-pt\/quem-somos\/#webpage\",\"url\":\"https:\/\/algra.it\/pt-pt\/quem-somos\/\",\"name\":\"Quem Somos - Mec\\u00e2nica de precis\\u00e3o | Algra\",\"isPartOf\":{\"@id\":\"https:\/\/algra.it\/#website\"},\"datePublished\":\"2017-05-23T12:38:17+00:00\",\"dateModified\":\"2024-12-11T11:01:39+00:00\",\"breadcrumb\":{\"@id\":\"https:\/\/algra.it\/pt-pt\/quem-somos\/#breadcrumb\"},\"inLanguage\":\"pt-PT\",\"potentialAction\":[{\"@type\":\"ReadAction\",\"target\":[\"https:\/\/algra.it\/pt-pt\/quem-somos\/\"]}]},{\"@type\":\"BreadcrumbList\",\"@id\":\"https:\/\/algra.it\/pt-pt\/quem-somos\/#breadcrumb\",\"itemListElement\":[{\"@type\":\"ListItem\",\"position\":1,\"name\":\"Home\",\"item\":\"https:\/\/algra.it\/pt-pt\/\"},{\"@type\":\"ListItem\",\"position\":2,\"name\":\"Quem Somos\"}]}]}<\/script>\n<!-- \/ Yoast SEO plugin. -->","_links":{"self":[{"href":"https:\/\/algra.it\/pt-pt\/wp-json\/wp\/v2\/pages\/3185"}],"collection":[{"href":"https:\/\/algra.it\/pt-pt\/wp-json\/wp\/v2\/pages"}],"about":[{"href":"https:\/\/algra.it\/pt-pt\/wp-json\/wp\/v2\/types\/page"}],"author":[{"embeddable":true,"href":"https:\/\/algra.it\/pt-pt\/wp-json\/wp\/v2\/users\/1"}],"replies":[{"embeddable":true,"href":"https:\/\/algra.it\/pt-pt\/wp-json\/wp\/v2\/comments?post=3185"}],"version-history":[{"count":12,"href":"https:\/\/algra.it\/pt-pt\/wp-json\/wp\/v2\/pages\/3185\/revisions"}],"predecessor-version":[{"id":17864,"href":"https:\/\/algra.it\/pt-pt\/wp-json\/wp\/v2\/pages\/3185\/revisions\/17864"}],"wp:attachment":[{"href":"https:\/\/algra.it\/pt-pt\/wp-json\/wp\/v2\/media?parent=3185"}],"curies":[{"name":"wp","href":"https:\/\/api.w.org\/{rel}","templated":true}]}}