{"id":3192,"date":"2017-05-23T15:19:32","date_gmt":"2017-05-23T13:19:32","guid":{"rendered":"http:\/\/algra.it\/?page_id=3192\/"},"modified":"2025-02-05T09:37:02","modified_gmt":"2025-02-05T08:37:02","slug":"home","status":"publish","type":"page","link":"https:\/\/algra.it\/pt-pt\/","title":{"rendered":"Home"},"content":{"rendered":"<p>[vc_row css=&#8221;.vc_custom_1450677977665{margin-bottom: 0px !important;}&#8221;][vc_column offset=&#8221;vc_hidden-xs&#8221;][rev_slider_vc alias=&#8221;home-pt&#8221;][\/vc_column][\/vc_row][vc_row full_width=&#8221;stretch_row&#8221; el_class=&#8221;third_bg_color&#8221; css=&#8221;.vc_custom_1484919746119{margin-bottom: 0px !important;padding-top: 12px !important;padding-bottom: 12px !important;}&#8221;][vc_column][vc_cta h2=&#8221;Contate-nos para mais informa\u00e7\u00f5es sobre nossos produtos.&#8221; h2_font_container=&#8221;font_size:20px|color:%23000000|line_height:24px&#8221; h2_use_theme_fonts=&#8221;yes&#8221; shape=&#8221;square&#8221; style=&#8221;flat&#8221; add_button=&#8221;right&#8221; btn_title=&#8221;CONTATE-NOS&#8221; btn_style=&#8221;flat&#8221; btn_color=&#8221;theme_style_2&#8243; btn_align=&#8221;right&#8221; btn_i_align=&#8221;right&#8221; btn_i_icon_fontawesome=&#8221;fa fa-chevron-right&#8221; btn_css_animation=&#8221;right-to-left&#8221; use_custom_fonts_h2=&#8221;true&#8221; btn_button_block=&#8221;true&#8221; btn_add_icon=&#8221;true&#8221; el_class=&#8221;third_bg_color&#8221; css=&#8221;.vc_custom_1495545264777{margin-bottom: 0px !important;}&#8221; btn_link=&#8221;url:%2Fpt-pt%2Fcontatos%2F|||&#8221;][\/vc_cta][\/vc_column][\/vc_row][vc_row full_width=&#8221;stretch_row&#8221; css=&#8221;.vc_custom_1484919464329{margin-top: 0px !important;padding-top: 25px !important;padding-bottom: 70px !important;background-color: #f2f2f2 !important;}&#8221;][vc_column][vc_custom_heading text=&#8221;Tecnologia, inova\u00e7\u00e3o, qualidade e confiabilidade&#8221; font_container=&#8221;tag:h2|font_size:45px|text_align:center|line_height:60px&#8221; use_theme_fonts=&#8221;yes&#8221; el_class=&#8221;base_font_color&#8221; css=&#8221;.vc_custom_1495545333107{margin-bottom: 28px !important;}&#8221; subtitle=&#8221;Conhe\u00e7a os processos de usinagem que nos diferenciam&#8221;][vc_row_inner css=&#8221;.vc_custom_1455871593995{margin-bottom: 30px !important;}&#8221;][vc_column_inner][vc_single_image image=&#8221;6660&#8243; img_size=&#8221;full&#8221; alignment=&#8221;center&#8221;][\/vc_column_inner][\/vc_row_inner][vc_empty_space height=&#8221;20px&#8221;][vc_row_inner][vc_column_inner width=&#8221;1\/4&#8243;][\/vc_column_inner][vc_column_inner width=&#8221;1\/4&#8243;][vc_btn title=&#8221;Usinagem&#8221; color=&#8221;black&#8221; align=&#8221;center&#8221; link=&#8221;url:%2Fpt-pt%2Fusinagem%2F|||&#8221;][\/vc_column_inner][vc_column_inner width=&#8221;1\/4&#8243;][vc_btn title=&#8221;Acess\u00f3rios para m\u00e1quinas-ferramenta&#8221; color=&#8221;black&#8221; align=&#8221;center&#8221; link=&#8221;url:%2Fpt-pt%2Facessorios-para-maquinas-ferramenta%2F|||&#8221;][\/vc_column_inner][vc_column_inner width=&#8221;1\/4&#8243;][\/vc_column_inner][\/vc_row_inner][\/vc_column][\/vc_row][vc_row full_width=&#8221;stretch_row&#8221; el_class=&#8221;overlay fixed_bg&#8221; css=&#8221;.vc_custom_1484590182520{margin-bottom: 0px !important;padding-top: 110px !important;padding-bottom: 81px !important;background-image: url(http:\/\/algra.it\/wp-content\/uploads\/algra-machine-tool-accessories.jpg?id=2117) !important;background-position: center !important;background-repeat: no-repeat !important;background-size: cover !important;}&#8221;][vc_column][vc_row_inner][vc_column_inner][vc_custom_heading icon=&#8221;stm-check&#8221; icon_size=&#8221;67&#8243; text=&#8221;<mark>Um cat\u00e1logo de produtos<\/mark><br \/>\ncompletos e abrangentes.&#8221; font_container=&#8221;tag:h4|font_size:45px|text_align:left|color:%23ffffff|line_height:45px&#8221; google_fonts=&#8221;font_family:Poppins%3A300%2Cregular%2C500%2C600%2C700|font_style:700%20bold%3A700%3Anormal&#8221; custom_icon=&#8221;stm-check&#8221; css=&#8221;.vc_custom_1495545385191{margin-bottom: 61px !important;}&#8221; el_class=&#8221;no_stripe&#8221;][\/vc_column_inner][\/vc_row_inner][vc_row_inner][vc_column_inner width=&#8221;1\/6&#8243;][\/vc_column_inner][vc_column_inner width=&#8221;1\/6&#8243;][stm_stats_counter counter_value=&#8221;75&#8243; title=&#8221;Fabricantes de m\u00e1quinas&#8221;][\/vc_column_inner][vc_column_inner width=&#8221;1\/6&#8243;][stm_stats_counter counter_value=&#8221;400&#8243; title=&#8221;Modelos de m\u00e1quinas&#8221;][\/vc_column_inner][vc_column_inner width=&#8221;1\/6&#8243;][stm_stats_counter counter_value=&#8221;60&#8243; title=&#8221;Fixa\u00e7\u00f5es dispon\u00edveis&#8221;][\/vc_column_inner][vc_column_inner width=&#8221;1\/6&#8243;][stm_stats_counter counter_value=&#8221;100&#8243; counter_value_suf=&#8221;%&#8221; title=&#8221;Qualidade&#8221;][\/vc_column_inner][vc_column_inner width=&#8221;1\/6&#8243;][\/vc_column_inner][\/vc_row_inner][vc_empty_space height=&#8221;80px&#8221;][vc_btn title=&#8221;Consulte o cat\u00e1logo de produtos&#8221; align=&#8221;center&#8221; link=&#8221;url:https%3A%2F%2Ftc.algra.it%2F|||&#8221;][\/vc_column][\/vc_row][vc_row full_width=&#8221;stretch_row&#8221; el_class=&#8221;third_bg_color&#8221; css=&#8221;.vc_custom_1484919757032{margin-bottom: 53px !important;padding-top: 12px !important;padding-bottom: 12px !important;}&#8221;][vc_column][vc_cta h2=&#8221;Contate-nos para mais informa\u00e7\u00f5es sobre nossos produtos.&#8221; h2_font_container=&#8221;font_size:20px|color:%23000000|line_height:24px&#8221; h2_use_theme_fonts=&#8221;yes&#8221; shape=&#8221;square&#8221; style=&#8221;flat&#8221; add_button=&#8221;right&#8221; btn_title=&#8221;CONTACT USCONTATE-NOS&#8221; btn_style=&#8221;flat&#8221; btn_color=&#8221;theme_style_2&#8243; btn_align=&#8221;right&#8221; btn_i_align=&#8221;right&#8221; btn_i_icon_fontawesome=&#8221;fa fa-chevron-right&#8221; btn_css_animation=&#8221;right-to-left&#8221; use_custom_fonts_h2=&#8221;true&#8221; btn_button_block=&#8221;true&#8221; btn_add_icon=&#8221;true&#8221; el_class=&#8221;third_bg_color&#8221; css=&#8221;.vc_custom_1495545274149{margin-bottom: 0px !important;}&#8221; btn_link=&#8221;url:%2Fpt-pt%2Fcontatos%2F|||&#8221;][\/vc_cta][\/vc_column][\/vc_row][vc_row css=&#8221;.vc_custom_1451479401686{margin-bottom: 31px !important;}&#8221;][vc_column][vc_custom_heading text=&#8221;Reuni\u00f5es e eventos&#8221; font_container=&#8221;tag:h2|font_size:45px|text_align:center&#8221; use_theme_fonts=&#8221;yes&#8221;][stm_news posts_per_row=&#8221;4&#8243;][vc_empty_space height=&#8221;20px&#8221;][vc_row_inner][vc_column_inner width=&#8221;1\/4&#8243;][\/vc_column_inner][vc_column_inner width=&#8221;1\/4&#8243;][vc_btn title=&#8221;Pr\u00f3ximos eventos&#8221; style=&#8221;flat&#8221; color=&#8221;black&#8221; align=&#8221;center&#8221; i_icon_fontawesome=&#8221;stm-stm14_calendar&#8221; add_icon=&#8221;true&#8221; link=&#8221;url:%2Fpt-pt%2Fproximos-eventos%2F|||&#8221;][\/vc_column_inner][vc_column_inner width=&#8221;1\/4&#8243;][vc_btn title=&#8221;Presen\u00e7a de eventos&#8221; style=&#8221;outline-custom&#8221; outline_custom_color=&#8221;#333333&#8243; outline_custom_hover_background=&#8221;#333333&#8243; outline_custom_hover_text=&#8221;#ffffff&#8221; align=&#8221;center&#8221; link=&#8221;url:%2Fpt-pt%2Fpresenca-de-eventos%2F|||&#8221;][\/vc_column_inner][vc_column_inner width=&#8221;1\/4&#8243;][\/vc_column_inner][\/vc_row_inner][\/vc_column][\/vc_row]<\/p>\n","protected":false},"excerpt":{"rendered":"<p>[vc_row css=&#8221;.vc_custom_1450677977665{margin-bottom: 0px !important;}&#8221;][vc_column offset=&#8221;vc_hidden-xs&#8221;][rev_slider_vc alias=&#8221;home-pt&#8221;][\/vc_column][\/vc_row][vc_row full_width=&#8221;stretch_row&#8221; el_class=&#8221;third_bg_color&#8221; css=&#8221;.vc_custom_1484919746119{margin-bottom: 0px !important;padding-top: 12px !important;padding-bottom: 12px !important;}&#8221;][vc_column][vc_cta h2=&#8221;Contate-nos para mais informa\u00e7\u00f5es sobre nossos produtos.&#8221; h2_font_container=&#8221;font_size:20px|color:%23000000|line_height:24px&#8221; h2_use_theme_fonts=&#8221;yes&#8221; shape=&#8221;square&#8221; style=&#8221;flat&#8221; add_button=&#8221;right&#8221; btn_title=&#8221;CONTATE-NOS&#8221; btn_style=&#8221;flat&#8221; btn_color=&#8221;theme_style_2&#8243; btn_align=&#8221;right&#8221; btn_i_align=&#8221;right&#8221; btn_i_icon_fontawesome=&#8221;fa fa-chevron-right&#8221; btn_css_animation=&#8221;right-to-left&#8221; use_custom_fonts_h2=&#8221;true&#8221; btn_button_block=&#8221;true&#8221; btn_add_icon=&#8221;true&#8221; el_class=&#8221;third_bg_color&#8221; css=&#8221;.vc_custom_1495545264777{margin-bottom: 0px !important;}&#8221; btn_link=&#8221;url:%2Fpt-pt%2Fcontatos%2F|||&#8221;][\/vc_cta][\/vc_column][\/vc_row][vc_row full_width=&#8221;stretch_row&#8221; css=&#8221;.vc_custom_1484919464329{margin-top: 0px !important;padding-top: 25px !important;padding-bottom: 70px !important;background-color: #f2f2f2 !important;}&#8221;][vc_column][vc_custom_heading text=&#8221;Tecnologia, inova\u00e7\u00e3o,<\/p>\n","protected":false},"author":1,"featured_media":0,"parent":0,"menu_order":0,"comment_status":"closed","ping_status":"closed","template":"","meta":[],"yoast_head":"<!-- This site is optimized with the Yoast SEO plugin v16.6.1 - https:\/\/yoast.com\/wordpress\/plugins\/seo\/ -->\n<title>Home - Mec\u00e2nica de precis\u00e3o | Algra<\/title>\n<meta name=\"robots\" content=\"index, follow, max-snippet:-1, max-image-preview:large, max-video-preview:-1\" \/>\n<link rel=\"canonical\" href=\"https:\/\/algra.it\/pt-pt\/\" \/>\n<meta property=\"og:locale\" content=\"pt_PT\" \/>\n<meta property=\"og:type\" content=\"article\" \/>\n<meta property=\"og:title\" content=\"Home - Mec\u00e2nica de precis\u00e3o | Algra\" \/>\n<meta property=\"og:description\" content=\"[vc_row css=&#8221;.vc_custom_1450677977665{margin-bottom: 0px !important;}&#8221;][vc_column offset=&#8221;vc_hidden-xs&#8221;][rev_slider_vc alias=&#8221;home-pt&#8221;][\/vc_column][\/vc_row][vc_row full_width=&#8221;stretch_row&#8221; el_class=&#8221;third_bg_color&#8221; css=&#8221;.vc_custom_1484919746119{margin-bottom: 0px !important;padding-top: 12px !important;padding-bottom: 12px !important;}&#8221;][vc_column][vc_cta h2=&#8221;Contate-nos para mais informa\u00e7\u00f5es sobre nossos produtos.&#8221; h2_font_container=&#8221;font_size:20px|color:%23000000|line_height:24px&#8221; h2_use_theme_fonts=&#8221;yes&#8221; shape=&#8221;square&#8221; style=&#8221;flat&#8221; add_button=&#8221;right&#8221; btn_title=&#8221;CONTATE-NOS&#8221; btn_style=&#8221;flat&#8221; btn_color=&#8221;theme_style_2&#8243; btn_align=&#8221;right&#8221; btn_i_align=&#8221;right&#8221; btn_i_icon_fontawesome=&#8221;fa fa-chevron-right&#8221; btn_css_animation=&#8221;right-to-left&#8221; use_custom_fonts_h2=&#8221;true&#8221; btn_button_block=&#8221;true&#8221; btn_add_icon=&#8221;true&#8221; el_class=&#8221;third_bg_color&#8221; css=&#8221;.vc_custom_1495545264777{margin-bottom: 0px !important;}&#8221; btn_link=&#8221;url:%2Fpt-pt%2Fcontatos%2F|||&#8221;][\/vc_cta][\/vc_column][\/vc_row][vc_row full_width=&#8221;stretch_row&#8221; css=&#8221;.vc_custom_1484919464329{margin-top: 0px !important;padding-top: 25px !important;padding-bottom: 70px !important;background-color: #f2f2f2 !important;}&#8221;][vc_column][vc_custom_heading text=&#8221;Tecnologia, inova\u00e7\u00e3o,\" \/>\n<meta property=\"og:url\" content=\"https:\/\/algra.it\/pt-pt\/\" \/>\n<meta property=\"og:site_name\" content=\"Mec\u00e2nica de precis\u00e3o | Algra\" \/>\n<meta property=\"article:modified_time\" content=\"2025-02-05T08:37:02+00:00\" \/>\n<meta name=\"twitter:card\" content=\"summary\" \/>\n<meta name=\"twitter:label1\" content=\"Tempo estimado de leitura\" \/>\n\t<meta name=\"twitter:data1\" content=\"1 minuto\" \/>\n<script type=\"application\/ld+json\" class=\"yoast-schema-graph\">{\"@context\":\"https:\/\/schema.org\",\"@graph\":[{\"@type\":\"WebSite\",\"@id\":\"https:\/\/algra.it\/#website\",\"url\":\"https:\/\/algra.it\/\",\"name\":\"Mec\\u00e2nica de precis\\u00e3o | Algra\",\"description\":\"Lavorazioni meccaniche di precisione, accessori per torni, portautensili speciali, alberi mandrino\",\"potentialAction\":[{\"@type\":\"SearchAction\",\"target\":{\"@type\":\"EntryPoint\",\"urlTemplate\":\"https:\/\/algra.it\/?s={search_term_string}\"},\"query-input\":\"required name=search_term_string\"}],\"inLanguage\":\"pt-PT\"},{\"@type\":\"WebPage\",\"@id\":\"https:\/\/algra.it\/pt-pt\/#webpage\",\"url\":\"https:\/\/algra.it\/pt-pt\/\",\"name\":\"Home - Mec\\u00e2nica de precis\\u00e3o | Algra\",\"isPartOf\":{\"@id\":\"https:\/\/algra.it\/#website\"},\"datePublished\":\"2017-05-23T13:19:32+00:00\",\"dateModified\":\"2025-02-05T08:37:02+00:00\",\"breadcrumb\":{\"@id\":\"https:\/\/algra.it\/pt-pt\/#breadcrumb\"},\"inLanguage\":\"pt-PT\",\"potentialAction\":[{\"@type\":\"ReadAction\",\"target\":[\"https:\/\/algra.it\/pt-pt\/\"]}]},{\"@type\":\"BreadcrumbList\",\"@id\":\"https:\/\/algra.it\/pt-pt\/#breadcrumb\",\"itemListElement\":[{\"@type\":\"ListItem\",\"position\":1,\"name\":\"Home\",\"item\":\"https:\/\/algra.it\/pt-pt\/\"},{\"@type\":\"ListItem\",\"position\":2,\"name\":\"Home\"}]}]}<\/script>\n<!-- \/ Yoast SEO plugin. -->","_links":{"self":[{"href":"https:\/\/algra.it\/pt-pt\/wp-json\/wp\/v2\/pages\/3192"}],"collection":[{"href":"https:\/\/algra.it\/pt-pt\/wp-json\/wp\/v2\/pages"}],"about":[{"href":"https:\/\/algra.it\/pt-pt\/wp-json\/wp\/v2\/types\/page"}],"author":[{"embeddable":true,"href":"https:\/\/algra.it\/pt-pt\/wp-json\/wp\/v2\/users\/1"}],"replies":[{"embeddable":true,"href":"https:\/\/algra.it\/pt-pt\/wp-json\/wp\/v2\/comments?post=3192"}],"version-history":[{"count":10,"href":"https:\/\/algra.it\/pt-pt\/wp-json\/wp\/v2\/pages\/3192\/revisions"}],"predecessor-version":[{"id":18194,"href":"https:\/\/algra.it\/pt-pt\/wp-json\/wp\/v2\/pages\/3192\/revisions\/18194"}],"wp:attachment":[{"href":"https:\/\/algra.it\/pt-pt\/wp-json\/wp\/v2\/media?parent=3192"}],"curies":[{"name":"wp","href":"https:\/\/api.w.org\/{rel}","templated":true}]}}